{"id":10069,"date":"2024-07-23T12:56:30","date_gmt":"2024-07-23T10:56:30","guid":{"rendered":"https:\/\/agora-eoi.xtec.cat\/eoiamposta\/?page_id=10069"},"modified":"2024-07-23T12:57:38","modified_gmt":"2024-07-23T10:57:38","slug":"acolliment-digital-3","status":"publish","type":"page","link":"https:\/\/agora-eoi.xtec.cat\/eoiamposta\/acolliment-digital-3\/","title":{"rendered":"Acolliment digital"},"content":{"rendered":"<header class=\"entry-header\">\n<h1 class=\"entry-title\">ACOLLIMENT DIGITAL<\/h1>\n<\/header>\n<div class=\"entry-content\">\n<p>El document que presentem forma part del proc\u00e9s de definici\u00f3 de criteris i orientacions per a configurar el model de centre digital de l\u2019EOI d\u2019Amposta.<\/p>\n<p>T\u00e9 l\u2019objectiu com\u00fa d\u2019unificar criteris d\u2019actuaci\u00f3 per a l\u2019acolliment del nou professorat que s\u2019incorpora al centre en mat\u00e8ria de tecnologies de la informaci\u00f3 i les comunicacions (TIC) i de l\u2019alumnat.<\/p>\n<p>En el moment de la incorporaci\u00f3 al centre la\u00a0<strong>direcci\u00f3<\/strong>\u00a0explicar\u00e0 al nou professor\/a el protocol d\u2019acolliment TAC, les actuacions que es descriuen a continuaci\u00f3 i els responsables a executar-les. Tamb\u00e9 li facilitar\u00e0 una c\u00f2pia del \u201cPla d\u2019acollida digital\u201d.<\/p>\n<p><a href=\"http:\/\/eoiamposta.cat\/wp-content\/uploads\/Acollida_digital_docent_2022.docx.pdf\">Acollida digital docent<\/a><\/p>\n<p><a href=\"http:\/\/eoiamposta.cat\/wp-content\/uploads\/Acollida_digital_alumnes_2023.pdf\">Acollida digital alumnat<\/a><\/p>\n<\/div>\n","protected":false},"excerpt":{"rendered":"<p>ACOLLIMENT DIGITAL El document que presentem forma part del proc\u00e9s de definici\u00f3 de criteris i orientacions per a configurar el model de centre digital de l\u2019EOI d\u2019Amposta. T\u00e9 l\u2019objectiu com\u00fa d\u2019unificar criteris d\u2019actuaci\u00f3 per a l\u2019acolliment del nou professorat que s\u2019incorpora al centre en mat\u00e8ria de tecnologies de la informaci\u00f3 i les comunicacions (TIC) i [&hellip;]<\/p>\n","protected":false},"author":1,"featured_media":0,"parent":0,"menu_order":0,"comment_status":"closed","ping_status":"closed","template":"","meta":{"_bbp_topic_count":0,"_bbp_reply_count":0,"_bbp_total_topic_count":0,"_bbp_total_reply_count":0,"_bbp_voice_count":0,"_bbp_anonymous_reply_count":0,"_bbp_topic_count_hidden":0,"_bbp_reply_count_hidden":0,"_bbp_forum_subforum_count":0,"site-sidebar-layout":"default","site-content-layout":"","ast-site-content-layout":"","site-content-style":"default","site-sidebar-style":"default","ast-global-header-display":"","ast-banner-title-visibility":"","ast-main-header-display":"","ast-hfb-above-header-display":"","ast-hfb-below-header-display":"","ast-hfb-mobile-header-display":"","site-post-title":"","ast-breadcrumbs-content":"","ast-featured-img":"","footer-sml-layout":"","theme-transparent-header-meta":"","adv-header-id-meta":"","stick-header-meta":"","header-above-stick-meta":"","header-main-stick-meta":"","header-below-stick-meta":"","astra-migrate-meta-layouts":"default","ast-page-background-enabled":"default","ast-page-background-meta":{"desktop":{"background-color":"var(--ast-global-color-4)","background-image":"","background-repeat":"repeat","background-position":"center center","background-size":"auto","background-attachment":"scroll","background-type":"","background-media":"","overlay-type":"","overlay-color":"","overlay-opacity":"","overlay-gradient":""},"tablet":{"background-color":"","background-image":"","background-repeat":"repeat","background-position":"center center","background-size":"auto","background-attachment":"scroll","background-type":"","background-media":"","overlay-type":"","overlay-color":"","overlay-opacity":"","overlay-gradient":""},"mobile":{"background-color":"","background-image":"","background-repeat":"repeat","background-position":"center center","background-size":"auto","background-attachment":"scroll","background-type":"","background-media":"","overlay-type":"","overlay-color":"","overlay-opacity":"","overlay-gradient":""}},"ast-content-background-meta":{"desktop":{"background-color":"var(--ast-global-color-5)","background-image":"","background-repeat":"repeat","background-position":"center center","background-size":"auto","background-attachment":"scroll","background-type":"","background-media":"","overlay-type":"","overlay-color":"","overlay-opacity":"","overlay-gradient":""},"tablet":{"background-color":"var(--ast-global-color-5)","background-image":"","background-repeat":"repeat","background-position":"center center","background-size":"auto","background-attachment":"scroll","background-type":"","background-media":"","overlay-type":"","overlay-color":"","overlay-opacity":"","overlay-gradient":""},"mobile":{"background-color":"var(--ast-global-color-5)","background-image":"","background-repeat":"repeat","background-position":"center center","background-size":"auto","background-attachment":"scroll","background-type":"","background-media":"","overlay-type":"","overlay-color":"","overlay-opacity":"","overlay-gradient":""}},"footnotes":""},"class_list":["post-10069","page","type-page","status-publish","hentry"],"post_mailing_queue_ids":[],"_links":{"self":[{"href":"https:\/\/agora-eoi.xtec.cat\/eoiamposta\/wp-json\/wp\/v2\/pages\/10069","targetHints":{"allow":["GET"]}}],"collection":[{"href":"https:\/\/agora-eoi.xtec.cat\/eoiamposta\/wp-json\/wp\/v2\/pages"}],"about":[{"href":"https:\/\/agora-eoi.xtec.cat\/eoiamposta\/wp-json\/wp\/v2\/types\/page"}],"author":[{"embeddable":true,"href":"https:\/\/agora-eoi.xtec.cat\/eoiamposta\/wp-json\/wp\/v2\/users\/1"}],"replies":[{"embeddable":true,"href":"https:\/\/agora-eoi.xtec.cat\/eoiamposta\/wp-json\/wp\/v2\/comments?post=10069"}],"version-history":[{"count":1,"href":"https:\/\/agora-eoi.xtec.cat\/eoiamposta\/wp-json\/wp\/v2\/pages\/10069\/revisions"}],"predecessor-version":[{"id":10070,"href":"https:\/\/agora-eoi.xtec.cat\/eoiamposta\/wp-json\/wp\/v2\/pages\/10069\/revisions\/10070"}],"wp:attachment":[{"href":"https:\/\/agora-eoi.xtec.cat\/eoiamposta\/wp-json\/wp\/v2\/media?parent=10069"}],"curies":[{"name":"wp","href":"https:\/\/api.w.org\/{rel}","templated":true}]}}