{"id":10060,"date":"2024-07-23T12:37:35","date_gmt":"2024-07-23T10:37:35","guid":{"rendered":"https:\/\/agora-eoi.xtec.cat\/eoiamposta\/?page_id=10060"},"modified":"2026-01-15T12:42:02","modified_gmt":"2026-01-15T11:42:02","slug":"el-consell-escolar","status":"publish","type":"page","link":"https:\/\/agora-eoi.xtec.cat\/eoiamposta\/el-servei-educatiu\/el-consell-escolar\/","title":{"rendered":"El Consell Escolar"},"content":{"rendered":"<p><strong>Constituci\u00f3 actual del Consell Escolar<br \/>\n<\/strong><\/p>\n<p><strong>Presidenta<\/strong><\/p>\n<ul>\n<li>Helena Franch Torres<\/li>\n<\/ul>\n<p><strong>Secret\u00e0ria<\/strong><\/p>\n<ul>\n<li>Cinta Santos Monllau<\/li>\n<\/ul>\n<p><strong>Cap d\u2019Estudis<\/strong><\/p>\n<ul>\n<li>Roberto E. Fern\u00e1ndez Hern\u00e1ndez<\/li>\n<\/ul>\n<p><strong>Representants del Sector Professors<\/strong><\/p>\n<ul>\n<li>Anna Perez<\/li>\n<li>Mireia Blanch<\/li>\n<li>C\u00e9line Arnoux<\/li>\n<li>German Peralta<\/li>\n<li>Laura Rota<\/li>\n<\/ul>\n<p><strong>Representants del Sector Alumnes<\/strong><\/p>\n<ul>\n<li>Oscar Vallejo Henao<\/li>\n<li>Zoraida Codorniu Raga<\/li>\n<li>Maria Dolors Campos Tom\u00e0s<\/li>\n<li>N\u00faria Callarisa Bel<\/li>\n<li>Pilar Bel Calvo<\/li>\n<\/ul>\n<p><strong>Representants de l\u2019Ajuntament<\/strong><\/p>\n<ul>\n<li>N\u00faria Marco Selma<\/li>\n<\/ul>\n<p><strong>Representants del PAS<\/strong><\/p>\n<ul>\n<li>M. Pilar Garcia Bel<\/li>\n<\/ul>\n<p><b>Constituci\u00f3 12\/12\/2026<\/b><\/p>\n","protected":false},"excerpt":{"rendered":"<p>Constituci\u00f3 actual del Consell Escolar Presidenta Helena Franch Torres Secret\u00e0ria Cinta Santos Monllau Cap d\u2019Estudis Roberto E. Fern\u00e1ndez Hern\u00e1ndez Representants del Sector Professors Anna Perez Mireia Blanch C\u00e9line Arnoux German Peralta Laura Rota Representants del Sector Alumnes Oscar Vallejo Henao Zoraida Codorniu Raga Maria Dolors Campos Tom\u00e0s N\u00faria Callarisa Bel Pilar Bel Calvo Representants de [&hellip;]<\/p>\n","protected":false},"author":1,"featured_media":0,"parent":806,"menu_order":0,"comment_status":"closed","ping_status":"closed","template":"","meta":{"_bbp_topic_count":0,"_bbp_reply_count":0,"_bbp_total_topic_count":0,"_bbp_total_reply_count":0,"_bbp_voice_count":0,"_bbp_anonymous_reply_count":0,"_bbp_topic_count_hidden":0,"_bbp_reply_count_hidden":0,"_bbp_forum_subforum_count":0,"site-sidebar-layout":"default","site-content-layout":"","ast-site-content-layout":"default","site-content-style":"default","site-sidebar-style":"default","ast-global-header-display":"","ast-banner-title-visibility":"","ast-main-header-display":"","ast-hfb-above-header-display":"","ast-hfb-below-header-display":"","ast-hfb-mobile-header-display":"","site-post-title":"","ast-breadcrumbs-content":"","ast-featured-img":"","footer-sml-layout":"","theme-transparent-header-meta":"default","adv-header-id-meta":"","stick-header-meta":"","header-above-stick-meta":"","header-main-stick-meta":"","header-below-stick-meta":"","astra-migrate-meta-layouts":"set","ast-page-background-enabled":"default","ast-page-background-meta":{"desktop":{"background-color":"var(--ast-global-color-4)","background-image":"","background-repeat":"repeat","background-position":"center center","background-size":"auto","background-attachment":"scroll","background-type":"","background-media":"","overlay-type":"","overlay-color":"","overlay-opacity":"","overlay-gradient":""},"tablet":{"background-color":"","background-image":"","background-repeat":"repeat","background-position":"center center","background-size":"auto","background-attachment":"scroll","background-type":"","background-media":"","overlay-type":"","overlay-color":"","overlay-opacity":"","overlay-gradient":""},"mobile":{"background-color":"","background-image":"","background-repeat":"repeat","background-position":"center center","background-size":"auto","background-attachment":"scroll","background-type":"","background-media":"","overlay-type":"","overlay-color":"","overlay-opacity":"","overlay-gradient":""}},"ast-content-background-meta":{"desktop":{"background-color":"var(--ast-global-color-5)","background-image":"","background-repeat":"repeat","background-position":"center center","background-size":"auto","background-attachment":"scroll","background-type":"","background-media":"","overlay-type":"","overlay-color":"","overlay-opacity":"","overlay-gradient":""},"tablet":{"background-color":"var(--ast-global-color-5)","background-image":"","background-repeat":"repeat","background-position":"center center","background-size":"auto","background-attachment":"scroll","background-type":"","background-media":"","overlay-type":"","overlay-color":"","overlay-opacity":"","overlay-gradient":""},"mobile":{"background-color":"var(--ast-global-color-5)","background-image":"","background-repeat":"repeat","background-position":"center center","background-size":"auto","background-attachment":"scroll","background-type":"","background-media":"","overlay-type":"","overlay-color":"","overlay-opacity":"","overlay-gradient":""}},"footnotes":""},"class_list":["post-10060","page","type-page","status-publish","hentry"],"post_mailing_queue_ids":[],"_links":{"self":[{"href":"https:\/\/agora-eoi.xtec.cat\/eoiamposta\/wp-json\/wp\/v2\/pages\/10060","targetHints":{"allow":["GET"]}}],"collection":[{"href":"https:\/\/agora-eoi.xtec.cat\/eoiamposta\/wp-json\/wp\/v2\/pages"}],"about":[{"href":"https:\/\/agora-eoi.xtec.cat\/eoiamposta\/wp-json\/wp\/v2\/types\/page"}],"author":[{"embeddable":true,"href":"https:\/\/agora-eoi.xtec.cat\/eoiamposta\/wp-json\/wp\/v2\/users\/1"}],"replies":[{"embeddable":true,"href":"https:\/\/agora-eoi.xtec.cat\/eoiamposta\/wp-json\/wp\/v2\/comments?post=10060"}],"version-history":[{"count":3,"href":"https:\/\/agora-eoi.xtec.cat\/eoiamposta\/wp-json\/wp\/v2\/pages\/10060\/revisions"}],"predecessor-version":[{"id":10460,"href":"https:\/\/agora-eoi.xtec.cat\/eoiamposta\/wp-json\/wp\/v2\/pages\/10060\/revisions\/10460"}],"up":[{"embeddable":true,"href":"https:\/\/agora-eoi.xtec.cat\/eoiamposta\/wp-json\/wp\/v2\/pages\/806"}],"wp:attachment":[{"href":"https:\/\/agora-eoi.xtec.cat\/eoiamposta\/wp-json\/wp\/v2\/media?parent=10060"}],"curies":[{"name":"wp","href":"https:\/\/api.w.org\/{rel}","templated":true}]}}