{"id":797,"date":"2015-11-28T21:06:57","date_gmt":"2015-11-28T20:06:57","guid":{"rendered":"http:\/\/agora-eoi.xtec.cat\/eoialtpenedes\/?page_id=797"},"modified":"2025-09-05T19:37:50","modified_gmt":"2025-09-05T17:37:50","slug":"presentacio","status":"publish","type":"page","link":"https:\/\/agora-eoi.xtec.cat\/eoialtpenedes\/lescola\/presentacio\/","title":{"rendered":"Presentaci\u00f3"},"content":{"rendered":"<p><iframe loading=\"lazy\" title=\"Qu\u00e8 s\u00f3n les escoles oficials d'idiomes?\" src=\"https:\/\/www.youtube.com\/embed\/bUiD0KP5OkU\" width=\"1109\" height=\"447\" frameborder=\"0\" allowfullscreen=\"allowfullscreen\"><span data-mce-type=\"bookmark\" style=\"display: inline-block; width: 0px; overflow: hidden; line-height: 0;\" class=\"mce_SELRES_start\">\ufeff<\/span><\/iframe><\/p>\n<p style=\"text-align: justify;\"><span style=\"color: #800000;\"><strong style=\"font-family: inherit; font-size: 1em;\">Qu\u00e8 s\u00f3n les escoles oficials d&#8217;idiomes (EOI)?<\/strong><\/span><\/p>\n<p style=\"text-align: justify;\">La ciutadania pot estudiar idiomes moderns en r\u00e8gim oficial a les escoles oficials d&#8217;idiomes (EOI) en modalitat presencial o semipresencial i tamb\u00e9 a dist\u00e0ncia a l&#8217;Institut Obert de Catalunya (IOC). La matr\u00edcula oficial a les EOI dona dret a assistir a classe i als ex\u00e0mens, que permeten obtenir els certificats acreditatius corresponents. Aquests certificats tamb\u00e9 es poden obtenir en r\u00e8gim lliure.<\/p>\n<p style=\"text-align: justify;\">La finalitat dels ensenyaments d&#8217;idiomes \u00e9s capacitar l&#8217;alumnat en l&#8217;\u00fas efectiu de l&#8217;idioma com a vehicle de comunicaci\u00f3 general. Aix\u00f2 comporta adquirir les habilitats tant per al llenguatge oral com l&#8217;escrit; desenvolupar estrat\u00e8gies comunicatives en diferents \u00e0rees de comunicaci\u00f3; desenvolupar estrat\u00e8gies per a l&#8217;aprenentatge aut\u00f2nom i continu de lleng\u00fces, que puguin facilitar l&#8217;\u00fas de l&#8217;idioma en l&#8217;exercici d&#8217;activitats professionals i en altres \u00e0mbits de la cultura o d&#8217;inter\u00e8s personal, i desenvolupar actituds positives envers la diversitat ling\u00fc\u00edstica i el pluralisme cultural del m\u00f3n actual.<\/p>\n<p style=\"text-align: justify;\">Actualment hi ha quaranta-cinc EOI repartides per tot Catalunya i onze centres p\u00fablics delegats (CPD) en poblacions m\u00e9s petites. Els CPD s\u00f3n aules externalitzades que depenen d&#8217;una EOI m\u00e9s gran.<\/p>\n<p style=\"text-align: justify;\">Hi ha moltes modalitats de cursos, tant pel que fa a la durada, a la metodologia com als continguts. Hi ha cursos anuals i quadrimestrals. Hi ha cursos intensius, en qu\u00e8 es cobreix el contingut de tot un curs acad\u00e8mic en un sol quadrimestre. Tamb\u00e9 n&#8217;hi ha d&#8217;extensius, en qu\u00e8 el ritme \u00e9s m\u00e9s lent i es cobreix el contingut corresponent a mig curs en tot un any acad\u00e8mic. La modalitat semipresencial permet anar a l&#8217;escola un sol dia i completar el curs amb treball aut\u00f2nom en l\u00ednia.<\/p>\n<p style=\"text-align: justify;\">A les EOI es poden estudiar quinze idiomes diferents, des del nivell A1 fins al C2, en el cas de l&#8217;angl\u00e8s o el catal\u00e0. Consulteu l&#8217;oferta de cada EOI al seu web.<\/p>\n<section class=\"av_textblock_section \">\n<div class=\"avia_textblock \">\n<div class=\"flex_column av_one_full flex_column_div av-zero-column-padding first avia-builder-el-0 el_before_av_one_full avia-builder-el-first \">\n<div class=\"av-special-heading av-special-heading-h3 avia-builder-el-2 el_after_av_heading el_before_av_textblock \">\n<p><span style=\"color: #800000;\"><strong>S&#8217;hi poden obtenir titulacions oficials?<\/strong><\/span><\/p>\n<p style=\"text-align: justify;\">S\u00ed. S&#8217;hi poden obtenir\u00a0<span style=\"color: #800000;\"><strong>certificacions dels nivells A2, B1, B2, C1 i C2<\/strong><\/span> del Marc Europeu Com\u00fa de Refer\u00e8ncia. Les titulacions de les EOI s\u00f3n oficials i estan validades pel Consell d&#8217;Europa. L&#8217;alumnat oficial pot accedir a l&#8217;obtenci\u00f3 de les diferents certificacions aix\u00ed com l&#8217;alumnat lliure pel que fa als nivels B1, B2, C1 i C2.<\/p>\n<p><span style=\"color: #800000;\"><strong>Com s&#8217;ha de fer la preinscripci\u00f3?<\/strong><\/span><\/p>\n<p>El proper per\u00edode de preinscripci\u00f3 ser\u00e0 en l\u00ednia i comen\u00e7ar\u00e0 a principis de setembre.<\/p>\n<div class=\"av-special-heading av-special-heading-h3 avia-builder-el-5 el_before_av_textblock avia-builder-el-first \">\n<p class=\"av-special-heading-tag \"><span style=\"color: #800000;\"><strong>Els ensenyaments d\u2018idiomes a les escoles oficials d\u2019idiomes<\/strong><\/span><\/p>\n<div class=\"special-heading-border\">\n<div class=\"special-heading-inner-border\"><span style=\"font-family: inherit; font-size: 1em;\">Aquests ensenyaments s\u2019estructuren diversos nivells, segons l\u2019idioma (<\/span><a href=\"http:\/\/xtec.gencat.cat\/ca\/curriculum\/idiomes-a-les-eoi\/curriculum\/\">veure\u00a0curr\u00edculum<\/a><span style=\"font-family: inherit; font-size: 1em;\">).<\/span><\/div>\n<div><\/div>\n<\/div>\n<\/div>\n<section class=\"av_textblock_section \">\n<div class=\"avia_textblock \">\n<p style=\"text-align: justify;\">Cada curs t\u00e9 una durada m\u00ednima de 130 hores. En el cas d\u2019idiomes com l\u2019\u00e0rab, el core\u00e0, el japon\u00e8s, el rus i el xin\u00e8s, la durada dels tres nivells \u00e9s superior a cinc anys.<\/p>\n<p style=\"text-align: justify;\">Els ensenyaments d\u2019idiomes que s\u2019imparteixen a les EOI tenen com a finalitat capacitar l\u2019alumnat en l\u2019\u00fas efectiu de l\u2019idioma com a vehicle de comunicaci\u00f3 general i certificar-ne els coneixements.<\/p>\n<p><span style=\"color: #800000;\"><strong>Pla d\u2019estudis de les escoles oficials d\u2019idiomes<\/strong><\/span><\/p>\n<p>El pla d\u2019estudis s\u2019estructura en diversos nivells segons l\u2019idioma:<\/p>\n<ul>\n<li>Nivell b\u00e0sic A1 i A2: 2 cursos<\/li>\n<li>Nivell intermedi B1: 1 curs o 2 cursos (en el cas dels idiomes \u00e0rab, grec, japon\u00e8s, rus i xin\u00e8s)<\/li>\n<li>Nivell intermedi B2: 2 cursos o 1 curs (nom\u00e9s catal\u00e0)<\/li>\n<li>Nivell avan\u00e7at C1: 1 curs<\/li>\n<li>Nivell avan\u00e7at C2: 2 cursos (nom\u00e9s disponible en angl\u00e8s i catal\u00e0)<\/li>\n<\/ul>\n<\/div>\n<\/section>\n<div class=\"special-heading-border\">\n<div><\/div>\n<p><span style=\"color: #800000;\"><strong><span style=\"font-family: inherit; font-size: 1em;\">L&#8217;EOI de l&#8217;Alt Pened\u00e8s<\/span><\/strong><\/span><\/p>\n<p style=\"text-align: justify;\"><span style=\"font-family: inherit; font-size: 1em;\">L\u2019Escola Oficial d\u2019Idiomes de l\u2019Alt Pened\u00e8s \u00e9s un centre p\u00fablic destinat a l\u2019aprenentatge i certificaci\u00f3 de lleng\u00fces depenent del Departament d\u2019Educaci\u00f3 i Formaci\u00f3 Professional de la Generalitat de Catalunya i \u00e9s part de la xarxa de les EOI d\u2019Espanya. El centre va ser creat pel Decret 271\/2005, de 20 de desembre i va iniciar la seva activitat el setembre de 2005. L\u2019escola es troba al municipi de Vilafranca del Pened\u00e8s, al carrer Balc\u00f3 de les Clotes s\/n, i d\u00f3na servei a una \u00e0rea geogr\u00e0fica molt \u00e0mplia que compr\u00e8n tota la comarca de l\u2019Alt Pened\u00e8s i tamb\u00e9, encara que en menor proporci\u00f3, del Garraf, del Baix Pened\u00e8s, de la zona sud de l\u2019Anoia i de la zona nord del Baix Llobregat.<\/span><\/p>\n<p style=\"text-align: justify;\">El centre imparteix tots els nivells d\u2019angl\u00e8s d\u2019A1 a C2 i nom\u00e9s fins al B2 pel que fa als estudis de franc\u00e8s. Actualment l\u2019escola t\u00e9 una oferta de 20 grups (17 impartits en la modalitat de cursos anuals presencials de tarda-vespre i 3 en la modalitat de cursos semipresencials). L\u2019escola participa des de fa alguns anys en el Pla PIA+ i ofereix places per als participants d\u2019aquest programa del Departament d\u2019Educaci\u00f3 i Formaci\u00f3 Professional a B2.1, B2.2, C1 i C2 d\u2019angl\u00e8s i a tots els cursos de franc\u00e8s. L\u2019escola tamb\u00e9 organitza cursos especials d\u2019angl\u00e8s i franc\u00e8s gratu\u00efts adre\u00e7ats al sector enotur\u00edstic. Pel que fa als estudis de C2 d\u2019angl\u00e8s, es tracta de l\u2019\u00fanic centre que l\u2019ofereix al territori.<\/p>\n<p style=\"text-align: justify;\">En la convocat\u00f2ria ordin\u00e0ria hi tenen lloc els certificats de nivell intermedi B1 i B2 per a l\u2019alumnat oficial i lliure tant d\u2019angl\u00e8s i franc\u00e8s i tamb\u00e9 s\u2019hi organitza el certificat de nivell avan\u00e7at C1 i C2 per a l\u2019alumnat oficial i lliure d\u2019angl\u00e8s. Pel que fa a la convocat\u00f2ria extraordin\u00e0ria del febrer, el centre \u00e9s seu de certificaci\u00f3 per a alumnat lliure del nivell intermedi B2 d\u2019angl\u00e8s. El centre tamb\u00e9 disposa de places reservades per a l\u2019obtenci\u00f3 de certificats per a aquell alumnat procedent de centres que formen part del Programa de certificaci\u00f3 dels coneixements de lleng\u00fces estrangeres.<\/p>\n<p>El centre tamb\u00e9 forma part del Programa FP&amp;EOI Together, del Programa Erasmus+ i del Projecte Escuelas Amigas.<\/p>\n<p style=\"text-align: justify;\">Comparteix actualment les instal\u00b7lacions amb l\u2019INS Mil\u00e0 i Fontanals de Vilafranca del Pened\u00e8s. Disposa d\u2019aules lluminoses i amb capacitat per a 30 persones, una sala d\u2019estudi, sales polivalents i biblioteca online amb un gran fons de material de les lleng\u00fces objecte d\u2019estudi (llibres, pel\u00b7l\u00edcules, revistes i diaris). Totes les aules estan equipades per tal d\u2019impartir un ensenyament adaptat a les noves tecnologies amb connexi\u00f3 a Internet per fibra \u00f2ptica, pissarres digitals, ordinadors port\u00e0tils i calefacci\u00f3.<\/p>\n<\/div>\n<\/div>\n<\/div>\n<\/div>\n<\/section>\n<p style=\"text-align: justify;\"><a href=\"https:\/\/educacio.gencat.cat\/web\/.content\/home\/departament\/publicacions\/infografies\/eoi-10-eoi.pdf\">INFOGRAFIA ESCOLES OFICIALS D&#8217;IDIOMES<\/a><\/p>\n<div class=\"avia_textblock \">\n<p style=\"text-align: justify;\">\n<\/div>\n","protected":false},"excerpt":{"rendered":"<p>\ufeff Qu\u00e8 s\u00f3n les escoles oficials d&#8217;idiomes (EOI)? La ciutadania pot estudiar idiomes moderns en r\u00e8gim oficial a les escoles oficials d&#8217;idiomes (EOI) en modalitat presencial o semipresencial i tamb\u00e9 a dist\u00e0ncia a l&#8217;Institut Obert de Catalunya (IOC). La matr\u00edcula oficial a les EOI dona dret a assistir a classe i als ex\u00e0mens, que permeten [&hellip;]<\/p>\n","protected":false},"author":1,"featured_media":0,"parent":11759,"menu_order":10,"comment_status":"closed","ping_status":"closed","template":"","meta":{"_bbp_topic_count":0,"_bbp_reply_count":0,"_bbp_total_topic_count":0,"_bbp_total_reply_count":0,"_bbp_voice_count":0,"_bbp_anonymous_reply_count":0,"_bbp_topic_count_hidden":0,"_bbp_reply_count_hidden":0,"_bbp_forum_subforum_count":0,"site-sidebar-layout":"default","site-content-layout":"","ast-site-content-layout":"default","site-content-style":"default","site-sidebar-style":"default","ast-global-header-display":"","ast-banner-title-visibility":"","ast-main-header-display":"","ast-hfb-above-header-display":"","ast-hfb-below-header-display":"","ast-hfb-mobile-header-display":"","site-post-title":"","ast-breadcrumbs-content":"","ast-featured-img":"","footer-sml-layout":"","theme-transparent-header-meta":"default","adv-header-id-meta":"","stick-header-meta":"","header-above-stick-meta":"","header-main-stick-meta":"","header-below-stick-meta":"","astra-migrate-meta-layouts":"set","ast-page-background-enabled":"default","ast-page-background-meta":{"desktop":{"background-color":"var(--ast-global-color-4)","background-image":"","background-repeat":"repeat","background-position":"center center","background-size":"auto","background-attachment":"scroll","background-type":"","background-media":"","overlay-type":"","overlay-color":"","overlay-opacity":"","overlay-gradient":""},"tablet":{"background-color":"","background-image":"","background-repeat":"repeat","background-position":"center center","background-size":"auto","background-attachment":"scroll","background-type":"","background-media":"","overlay-type":"","overlay-color":"","overlay-opacity":"","overlay-gradient":""},"mobile":{"background-color":"","background-image":"","background-repeat":"repeat","background-position":"center center","background-size":"auto","background-attachment":"scroll","background-type":"","background-media":"","overlay-type":"","overlay-color":"","overlay-opacity":"","overlay-gradient":""}},"ast-content-background-meta":{"desktop":{"background-color":"var(--ast-global-color-5)","background-image":"","background-repeat":"repeat","background-position":"center center","background-size":"auto","background-attachment":"scroll","background-type":"","background-media":"","overlay-type":"","overlay-color":"","overlay-opacity":"","overlay-gradient":""},"tablet":{"background-color":"var(--ast-global-color-5)","background-image":"","background-repeat":"repeat","background-position":"center center","background-size":"auto","background-attachment":"scroll","background-type":"","background-media":"","overlay-type":"","overlay-color":"","overlay-opacity":"","overlay-gradient":""},"mobile":{"background-color":"var(--ast-global-color-5)","background-image":"","background-repeat":"repeat","background-position":"center center","background-size":"auto","background-attachment":"scroll","background-type":"","background-media":"","overlay-type":"","overlay-color":"","overlay-opacity":"","overlay-gradient":""}},"footnotes":""},"class_list":["post-797","page","type-page","status-publish","hentry"],"post_mailing_queue_ids":[],"_links":{"self":[{"href":"https:\/\/agora-eoi.xtec.cat\/eoialtpenedes\/wp-json\/wp\/v2\/pages\/797","targetHints":{"allow":["GET"]}}],"collection":[{"href":"https:\/\/agora-eoi.xtec.cat\/eoialtpenedes\/wp-json\/wp\/v2\/pages"}],"about":[{"href":"https:\/\/agora-eoi.xtec.cat\/eoialtpenedes\/wp-json\/wp\/v2\/types\/page"}],"author":[{"embeddable":true,"href":"https:\/\/agora-eoi.xtec.cat\/eoialtpenedes\/wp-json\/wp\/v2\/users\/1"}],"replies":[{"embeddable":true,"href":"https:\/\/agora-eoi.xtec.cat\/eoialtpenedes\/wp-json\/wp\/v2\/comments?post=797"}],"version-history":[{"count":6,"href":"https:\/\/agora-eoi.xtec.cat\/eoialtpenedes\/wp-json\/wp\/v2\/pages\/797\/revisions"}],"predecessor-version":[{"id":11491,"href":"https:\/\/agora-eoi.xtec.cat\/eoialtpenedes\/wp-json\/wp\/v2\/pages\/797\/revisions\/11491"}],"up":[{"embeddable":true,"href":"https:\/\/agora-eoi.xtec.cat\/eoialtpenedes\/wp-json\/wp\/v2\/pages\/11759"}],"wp:attachment":[{"href":"https:\/\/agora-eoi.xtec.cat\/eoialtpenedes\/wp-json\/wp\/v2\/media?parent=797"}],"curies":[{"name":"wp","href":"https:\/\/api.w.org\/{rel}","templated":true}]}}