{"id":11083,"date":"2024-06-27T22:25:26","date_gmt":"2024-06-27T20:25:26","guid":{"rendered":"https:\/\/agora-eoi.xtec.cat\/eoialtpenedes\/?page_id=11083"},"modified":"2025-11-17T12:04:19","modified_gmt":"2025-11-17T11:04:19","slug":"professorat-2","status":"publish","type":"page","link":"https:\/\/agora-eoi.xtec.cat\/eoialtpenedes\/idiomes\/frances\/professorat-2\/","title":{"rendered":"Professorat franc\u00e8s"},"content":{"rendered":"<div class=\"av-special-heading av-special-heading-h3 avia-builder-el-3 el_before_av_textblock avia-builder-el-first \">\n<div class=\"special-heading-border\">\n<p><span style=\"color: #800000;\"><strong>Agust\u00edn Serrano Barroso<\/strong><\/span><\/p>\n<\/div>\n<\/div>\n<section class=\"av_textblock_section \">\n<div class=\"avia_textblock \">\n<p>Director, responsable Erasmus+ i professor de franc\u00e8s de B1 i B2.2.<\/p>\n<p>Correu electr\u00f2nic: aserr2<span class=\"atwho-query\">@xtec.cat<\/span><\/p>\n<p><span style=\"color: #800000;\"><strong>Lorena Sierra Gallardo<\/strong><\/span><\/p>\n<p>Responsable de franc\u00e8s i professora de franc\u00e8s del nivell A1.<\/p>\n<p>Correu electr\u00f2nic: lsierra7@xtec.cat<\/p>\n<p><span style=\"color: #800000;\"><strong>Jofre Sala Garriga<\/strong><\/span><\/p>\n<p>Professor de franc\u00e8s dels nivells A2 i B2.1.<\/p>\n<p>Correu electr\u00f2nic: jsala23@xtec.cat<\/p>\n<\/div>\n<\/section>\n","protected":false},"excerpt":{"rendered":"<p>Agust\u00edn Serrano Barroso Director, responsable Erasmus+ i professor de franc\u00e8s de B1 i B2.2. Correu electr\u00f2nic: aserr2@xtec.cat Lorena Sierra Gallardo Responsable de franc\u00e8s i professora de franc\u00e8s del nivell A1. Correu electr\u00f2nic: lsierra7@xtec.cat Jofre Sala Garriga Professor de franc\u00e8s dels nivells A2 i B2.1. Correu electr\u00f2nic: jsala23@xtec.cat<\/p>\n","protected":false},"author":1,"featured_media":0,"parent":11785,"menu_order":0,"comment_status":"closed","ping_status":"closed","template":"","meta":{"_bbp_topic_count":0,"_bbp_reply_count":0,"_bbp_total_topic_count":0,"_bbp_total_reply_count":0,"_bbp_voice_count":0,"_bbp_anonymous_reply_count":0,"_bbp_topic_count_hidden":0,"_bbp_reply_count_hidden":0,"_bbp_forum_subforum_count":0,"site-sidebar-layout":"default","site-content-layout":"","ast-site-content-layout":"default","site-content-style":"default","site-sidebar-style":"default","ast-global-header-display":"","ast-banner-title-visibility":"","ast-main-header-display":"","ast-hfb-above-header-display":"","ast-hfb-below-header-display":"","ast-hfb-mobile-header-display":"","site-post-title":"","ast-breadcrumbs-content":"","ast-featured-img":"","footer-sml-layout":"","theme-transparent-header-meta":"default","adv-header-id-meta":"","stick-header-meta":"","header-above-stick-meta":"","header-main-stick-meta":"","header-below-stick-meta":"","astra-migrate-meta-layouts":"set","ast-page-background-enabled":"default","ast-page-background-meta":{"desktop":{"background-color":"var(--ast-global-color-4)","background-image":"","background-repeat":"repeat","background-position":"center center","background-size":"auto","background-attachment":"scroll","background-type":"","background-media":"","overlay-type":"","overlay-color":"","overlay-opacity":"","overlay-gradient":""},"tablet":{"background-color":"","background-image":"","background-repeat":"repeat","background-position":"center center","background-size":"auto","background-attachment":"scroll","background-type":"","background-media":"","overlay-type":"","overlay-color":"","overlay-opacity":"","overlay-gradient":""},"mobile":{"background-color":"","background-image":"","background-repeat":"repeat","background-position":"center center","background-size":"auto","background-attachment":"scroll","background-type":"","background-media":"","overlay-type":"","overlay-color":"","overlay-opacity":"","overlay-gradient":""}},"ast-content-background-meta":{"desktop":{"background-color":"var(--ast-global-color-5)","background-image":"","background-repeat":"repeat","background-position":"center center","background-size":"auto","background-attachment":"scroll","background-type":"","background-media":"","overlay-type":"","overlay-color":"","overlay-opacity":"","overlay-gradient":""},"tablet":{"background-color":"var(--ast-global-color-5)","background-image":"","background-repeat":"repeat","background-position":"center center","background-size":"auto","background-attachment":"scroll","background-type":"","background-media":"","overlay-type":"","overlay-color":"","overlay-opacity":"","overlay-gradient":""},"mobile":{"background-color":"var(--ast-global-color-5)","background-image":"","background-repeat":"repeat","background-position":"center center","background-size":"auto","background-attachment":"scroll","background-type":"","background-media":"","overlay-type":"","overlay-color":"","overlay-opacity":"","overlay-gradient":""}},"footnotes":""},"class_list":["post-11083","page","type-page","status-publish","hentry"],"post_mailing_queue_ids":[],"_links":{"self":[{"href":"https:\/\/agora-eoi.xtec.cat\/eoialtpenedes\/wp-json\/wp\/v2\/pages\/11083","targetHints":{"allow":["GET"]}}],"collection":[{"href":"https:\/\/agora-eoi.xtec.cat\/eoialtpenedes\/wp-json\/wp\/v2\/pages"}],"about":[{"href":"https:\/\/agora-eoi.xtec.cat\/eoialtpenedes\/wp-json\/wp\/v2\/types\/page"}],"author":[{"embeddable":true,"href":"https:\/\/agora-eoi.xtec.cat\/eoialtpenedes\/wp-json\/wp\/v2\/users\/1"}],"replies":[{"embeddable":true,"href":"https:\/\/agora-eoi.xtec.cat\/eoialtpenedes\/wp-json\/wp\/v2\/comments?post=11083"}],"version-history":[{"count":7,"href":"https:\/\/agora-eoi.xtec.cat\/eoialtpenedes\/wp-json\/wp\/v2\/pages\/11083\/revisions"}],"predecessor-version":[{"id":11887,"href":"https:\/\/agora-eoi.xtec.cat\/eoialtpenedes\/wp-json\/wp\/v2\/pages\/11083\/revisions\/11887"}],"up":[{"embeddable":true,"href":"https:\/\/agora-eoi.xtec.cat\/eoialtpenedes\/wp-json\/wp\/v2\/pages\/11785"}],"wp:attachment":[{"href":"https:\/\/agora-eoi.xtec.cat\/eoialtpenedes\/wp-json\/wp\/v2\/media?parent=11083"}],"curies":[{"name":"wp","href":"https:\/\/api.w.org\/{rel}","templated":true}]}}