{"id":10483,"date":"2021-08-11T14:06:50","date_gmt":"2021-08-11T12:06:50","guid":{"rendered":"https:\/\/agora-eoi.xtec.cat\/eoialtpenedes\/?page_id=10483"},"modified":"2025-09-05T19:50:17","modified_gmt":"2025-09-05T17:50:17","slug":"formularis-i-models","status":"publish","type":"page","link":"https:\/\/agora-eoi.xtec.cat\/eoialtpenedes\/gestions\/formularis-i-models\/","title":{"rendered":"Formularis i models"},"content":{"rendered":"<p>En aquest apartat, us podeu descarregar els impresos necessaris per realitzar cada gesti\u00f3 i consultar la documentaci\u00f3 que heu d\u2019adjuntar.<\/p>\n<ul style=\"list-style-type: circle;\">\n<li style=\"list-style-type: none;\">\n<ul style=\"list-style-type: circle;\">\n<li><a href=\"https:\/\/agora-eoi.xtec.cat\/eoialtpenedes\/wp-content\/uploads\/usu2251\/2021\/08\/Sollicitud-de-registre-dentrada.pdf\">Sol\u00b7licitud de registre d&#8217;entrada (inst\u00e0ncia)<\/a><\/li>\n<li><a href=\"https:\/\/agora-eoi.xtec.cat\/eoialtpenedes\/wp-content\/uploads\/usu2251\/2024\/10\/Sollicitud-devolucio-taxa-preu-public-per-renuncia.pdf\">Sol\u00b7licitud de devoluci\u00f3 de taxa\/preu p\u00fablic per ren\u00fancia de matr\u00edcula<\/a><\/li>\n<li><a href=\"https:\/\/agora-eoi.xtec.cat\/eoialtpenedes\/wp-content\/uploads\/usu2251\/2024\/10\/Sollicitud-devolucio-preu-public-acces-plataforma-i-materials-didactics.pdf\">Sol\u00b7licitud de devoluci\u00f3 de preu p\u00fablic d&#8217;acc\u00e9s a la plataforma i materials did\u00e0ctics<\/a><\/li>\n<li><a href=\"https:\/\/agora-eoi.xtec.cat\/eoialtpenedes\/wp-content\/uploads\/usu2251\/2024\/10\/Sollicitud-trasllat-dexpedient.pdf\">Sol\u00b7licitud de trasllat d&#8217;expedient<\/a><\/li>\n<li><a href=\"https:\/\/agora-eoi.xtec.cat\/eoialtpenedes\/wp-content\/uploads\/usu2251\/2024\/10\/Sollicitud-de-renuncia.pdf\">Sol\u00b7licitud de ren\u00fancia de matr\u00edcula<\/a><\/li>\n<\/ul>\n<\/li>\n<\/ul>\n<p>&nbsp;<\/p>\n","protected":false},"excerpt":{"rendered":"<p>En aquest apartat, us podeu descarregar els impresos necessaris per realitzar cada gesti\u00f3 i consultar la documentaci\u00f3 que heu d\u2019adjuntar. Sol\u00b7licitud de registre d&#8217;entrada (inst\u00e0ncia) Sol\u00b7licitud de devoluci\u00f3 de taxa\/preu p\u00fablic per ren\u00fancia de matr\u00edcula Sol\u00b7licitud de devoluci\u00f3 de preu p\u00fablic d&#8217;acc\u00e9s a la plataforma i materials did\u00e0ctics Sol\u00b7licitud de trasllat d&#8217;expedient Sol\u00b7licitud de ren\u00fancia [&hellip;]<\/p>\n","protected":false},"author":1,"featured_media":0,"parent":11768,"menu_order":0,"comment_status":"closed","ping_status":"closed","template":"","meta":{"_bbp_topic_count":0,"_bbp_reply_count":0,"_bbp_total_topic_count":0,"_bbp_total_reply_count":0,"_bbp_voice_count":0,"_bbp_anonymous_reply_count":0,"_bbp_topic_count_hidden":0,"_bbp_reply_count_hidden":0,"_bbp_forum_subforum_count":0,"site-sidebar-layout":"default","site-content-layout":"","ast-site-content-layout":"default","site-content-style":"default","site-sidebar-style":"default","ast-global-header-display":"","ast-banner-title-visibility":"","ast-main-header-display":"","ast-hfb-above-header-display":"","ast-hfb-below-header-display":"","ast-hfb-mobile-header-display":"","site-post-title":"","ast-breadcrumbs-content":"","ast-featured-img":"","footer-sml-layout":"","theme-transparent-header-meta":"default","adv-header-id-meta":"","stick-header-meta":"","header-above-stick-meta":"","header-main-stick-meta":"","header-below-stick-meta":"","astra-migrate-meta-layouts":"set","ast-page-background-enabled":"default","ast-page-background-meta":{"desktop":{"background-color":"var(--ast-global-color-4)","background-image":"","background-repeat":"repeat","background-position":"center center","background-size":"auto","background-attachment":"scroll","background-type":"","background-media":"","overlay-type":"","overlay-color":"","overlay-opacity":"","overlay-gradient":""},"tablet":{"background-color":"","background-image":"","background-repeat":"repeat","background-position":"center center","background-size":"auto","background-attachment":"scroll","background-type":"","background-media":"","overlay-type":"","overlay-color":"","overlay-opacity":"","overlay-gradient":""},"mobile":{"background-color":"","background-image":"","background-repeat":"repeat","background-position":"center center","background-size":"auto","background-attachment":"scroll","background-type":"","background-media":"","overlay-type":"","overlay-color":"","overlay-opacity":"","overlay-gradient":""}},"ast-content-background-meta":{"desktop":{"background-color":"var(--ast-global-color-5)","background-image":"","background-repeat":"repeat","background-position":"center center","background-size":"auto","background-attachment":"scroll","background-type":"","background-media":"","overlay-type":"","overlay-color":"","overlay-opacity":"","overlay-gradient":""},"tablet":{"background-color":"var(--ast-global-color-5)","background-image":"","background-repeat":"repeat","background-position":"center center","background-size":"auto","background-attachment":"scroll","background-type":"","background-media":"","overlay-type":"","overlay-color":"","overlay-opacity":"","overlay-gradient":""},"mobile":{"background-color":"var(--ast-global-color-5)","background-image":"","background-repeat":"repeat","background-position":"center center","background-size":"auto","background-attachment":"scroll","background-type":"","background-media":"","overlay-type":"","overlay-color":"","overlay-opacity":"","overlay-gradient":""}},"footnotes":""},"class_list":["post-10483","page","type-page","status-publish","hentry"],"post_mailing_queue_ids":[],"_links":{"self":[{"href":"https:\/\/agora-eoi.xtec.cat\/eoialtpenedes\/wp-json\/wp\/v2\/pages\/10483","targetHints":{"allow":["GET"]}}],"collection":[{"href":"https:\/\/agora-eoi.xtec.cat\/eoialtpenedes\/wp-json\/wp\/v2\/pages"}],"about":[{"href":"https:\/\/agora-eoi.xtec.cat\/eoialtpenedes\/wp-json\/wp\/v2\/types\/page"}],"author":[{"embeddable":true,"href":"https:\/\/agora-eoi.xtec.cat\/eoialtpenedes\/wp-json\/wp\/v2\/users\/1"}],"replies":[{"embeddable":true,"href":"https:\/\/agora-eoi.xtec.cat\/eoialtpenedes\/wp-json\/wp\/v2\/comments?post=10483"}],"version-history":[{"count":7,"href":"https:\/\/agora-eoi.xtec.cat\/eoialtpenedes\/wp-json\/wp\/v2\/pages\/10483\/revisions"}],"predecessor-version":[{"id":11222,"href":"https:\/\/agora-eoi.xtec.cat\/eoialtpenedes\/wp-json\/wp\/v2\/pages\/10483\/revisions\/11222"}],"up":[{"embeddable":true,"href":"https:\/\/agora-eoi.xtec.cat\/eoialtpenedes\/wp-json\/wp\/v2\/pages\/11768"}],"wp:attachment":[{"href":"https:\/\/agora-eoi.xtec.cat\/eoialtpenedes\/wp-json\/wp\/v2\/media?parent=10483"}],"curies":[{"name":"wp","href":"https:\/\/api.w.org\/{rel}","templated":true}]}}