{"id":10478,"date":"2021-08-10T20:18:23","date_gmt":"2021-08-10T18:18:23","guid":{"rendered":"https:\/\/agora-eoi.xtec.cat\/eoialtpenedes\/?page_id=10478"},"modified":"2025-09-05T19:49:19","modified_gmt":"2025-09-05T17:49:19","slug":"exempcions-i-bonificacions","status":"publish","type":"page","link":"https:\/\/agora-eoi.xtec.cat\/eoialtpenedes\/gestions\/exempcions-i-bonificacions\/","title":{"rendered":"Preus, exempcions i bonificacions"},"content":{"rendered":"<p><span style=\"color: #800000;\"><b>1. PREUS P\u00daBLICS PER ALS CURSOS DE NIVELL B\u00c0SIC (A1 i A2), C1 i C2:<\/b><\/span><\/p>\n<ul>\n<li style=\"font-weight: 400;\" aria-level=\"1\"><span style=\"font-weight: 400;\">Matr\u00edcula per a alumnes oficials del nivell b\u00e0sic i C1, per curs: 275 euros.<\/span><\/li>\n<li style=\"font-weight: 400;\" aria-level=\"1\"><span style=\"font-weight: 400;\">Acc\u00e9s a la plataforma i materials did\u00e0ctics dels ensenyaments d&#8217;idiomes: 30 euros.<\/span><\/li>\n<\/ul>\n<p><span style=\"font-weight: 400;\">En el pagament de l&#8217;import de totes les taxes i els preus p\u00fablics s&#8217;estableixen les bonificacions i exempcions generals seg\u00fcents:<\/span><\/p>\n<p><span style=\"color: #800000;\"><b>Bonificaci\u00f3 del 50%<\/b><\/span><span style=\"font-weight: 400;\"> de l&#8217;import per a:<\/span><\/p>\n<ul>\n<li style=\"font-weight: 400;\" aria-level=\"1\"><span style=\"font-weight: 400;\">membres de fam\u00edlia nombrosa de categoria general i<\/span><\/li>\n<li style=\"font-weight: 400;\" aria-level=\"1\"><span style=\"font-weight: 400;\">membres de fam\u00edlies monoparentals.<\/span><\/li>\n<\/ul>\n<p><span style=\"color: #800000;\"><b>Exempci\u00f3 del 100%<\/b><\/span><span style=\"font-weight: 400;\"> del pagament per a:<\/span><\/p>\n<ul>\n<li style=\"font-weight: 400;\" aria-level=\"1\"><span style=\"font-weight: 400;\">membres de fam\u00edlia nombrosa de categoria especial,<\/span><\/li>\n<li style=\"font-weight: 400;\" aria-level=\"1\"><span style=\"font-weight: 400;\">persones amb discapacitat igual o superior al 33% i<\/span><\/li>\n<li style=\"font-weight: 400;\" aria-level=\"1\"><span style=\"font-weight: 400;\">infants o adolescents en acolliment familiar,<\/span><\/li>\n<li style=\"font-weight: 400;\" aria-level=\"1\"><span style=\"font-weight: 400;\">v\u00edctimes del terrorisme (i els seus c\u00f2njuges i els seus fills i filles).<\/span><\/li>\n<\/ul>\n<p><span style=\"font-weight: 400;\">A m\u00e9s de les<\/span><a href=\"http:\/\/educacio.gencat.cat\/ca\/departament\/normativa\/taxes-preus-publics\/exempcions-bonificacions\/\"> bonificacions i exempcions generals<\/a> <span style=\"font-weight: 400;\">que s&#8217;apliquen a aquests preus p\u00fablics, s&#8217;estableix una <\/span><span style=\"color: #800000;\"><b>bonificaci\u00f3<\/b><\/span><span style=\"font-weight: 400;\"> de l&#8217;import per a les persones seg\u00fcents:<\/span><\/p>\n<ul>\n<li style=\"font-weight: 400;\" aria-level=\"1\"><span style=\"font-weight: 400;\">Els alumnes que tinguin concedida una beca o ajut a l&#8217;estudi en aquests mateixos ensenyaments per part de l&#8217;administraci\u00f3 p\u00fablica competent en la mat\u00e8ria, gaudiran d&#8217;una bonificaci\u00f3 del 50% de l&#8217;import del preu p\u00fablic corresponent, pr\u00e8via acreditaci\u00f3 documental. La bonificaci\u00f3 nom\u00e9s es concedir\u00e0 pel mateix curs acad\u00e8mic pel qual s&#8217;ha concedit la beca.<\/span><span style=\"font-weight: 400;\"><br \/>\n<\/span><span style=\"font-weight: 400;\">En aquests casos, a l&#8217;efecte de formalitzaci\u00f3 de la matr\u00edcula, si l&#8217;alumne no t\u00e9 concedida encara la beca ha d&#8217;abonar l&#8217;import del preu p\u00fablic corresponent. Un cop se li notifiqui la concessi\u00f3 de la beca, podr\u00e0 demanar la devoluci\u00f3 de l&#8217;import, davant de la direcci\u00f3 que els retornar\u00e0 el 50% de l&#8217;import del preu p\u00fablic pagat.<\/span><\/li>\n<li style=\"font-weight: 400;\" aria-level=\"1\"><span style=\"font-weight: 400;\">Els alumnes dels centres sostinguts amb fons p\u00fablics, que es matriculen d&#8217;una segona llengua estrangera en una escola oficial d&#8217;idiomes, diferent a la llengua estrangera obligat\u00f2ria del curr\u00edculum que estudien en el centre educatiu, tenen una bonificaci\u00f3 del 50% del preu p\u00fablic.<\/span><\/li>\n<\/ul>\n<p><span style=\"font-weight: 400;\">Els alumnes matriculats en una escola oficial d&#8217;idiomes que cursen una llengua estrangera i volen estudiar una segona llengua estrangera en la mateixa o una altra escola oficial d&#8217;idiomes, tenen una bonificaci\u00f3 del 50% del preu p\u00fablic en una de les lleng\u00fces que es matriculin.<\/span><span style=\"font-weight: 400;\"><br \/>\n<\/span><\/p>\n<ul>\n<li style=\"font-weight: 400;\" aria-level=\"1\"><span style=\"font-weight: 400;\">Els alumnes matriculats en una escola oficial d&#8217;idiomes, que cursen una llengua estrangera en el nivell de 5\u00e8 (intermedi B2), que es matriculin en una nova llengua estrangera el curs immediatament posterior, tenen una bonificaci\u00f3 del 50% del preu p\u00fablic de la matr\u00edcula de la nova llengua.<\/span><\/li>\n<li style=\"font-weight: 400;\" aria-level=\"1\"><span style=\"font-weight: 400;\">Les persones que es matriculen a un curs de nivell b\u00e0sic A1 o de nivell b\u00e0sic A2 en llengua catalana o en llengua occitana, tenen una bonificaci\u00f3 del 75% del preu p\u00fablic de la matr\u00edcula.<\/span><\/li>\n<li style=\"font-weight: 400;\" aria-level=\"1\"><span style=\"font-weight: 400;\">Les persones que es matriculen a un curs de nivell d&#8217;actualitzaci\u00f3 i especialitzaci\u00f3 C1 o C2 en llengua catalana o en llengua occitana, tenen una bonificaci\u00f3 del 50% del preu p\u00fablic de la matr\u00edcula.<\/span><\/li>\n<li style=\"font-weight: 400;\" aria-level=\"1\"><span style=\"font-weight: 400;\">Els alumnes que cursen una llengua estrangera en una escola oficial d&#8217;idiomes i es matriculin en el servei d&#8217;autoaprenentatge tenen una bonificaci\u00f3 del 50% del preu p\u00fablic de la matr\u00edcula d&#8217;aquest servei.<\/span><\/li>\n<\/ul>\n<p><span style=\"color: #800000;\"><b>Acumulaci\u00f3 de bonificacions:<\/b><\/span><\/p>\n<p><span style=\"font-weight: 400;\">La concurr\u00e8ncia en una mateixa persona de les condicions que donen dret a dues o m\u00e9s bonificacions iguals o superiors al 50%, comportar\u00e0 l&#8217;acumulaci\u00f3 d&#8217;aquestes bonificacions.<\/span><\/p>\n<p><span style=\"font-weight: 400;\">A m\u00e9s de les<\/span><a href=\"http:\/\/educacio.gencat.cat\/ca\/departament\/normativa\/taxes-preus-publics\/exempcions-bonificacions\/\"> bonificacions i exempcions generals<\/a> <span style=\"font-weight: 400;\">que s&#8217;apliquen a aquests preus p\u00fablics, s&#8217;estableix l&#8217;<\/span><span style=\"color: #800000;\"><b>exempci\u00f3<\/b><\/span><span style=\"font-weight: 400;\"> del pagament per a les persones seg\u00fcents:<\/span><\/p>\n<ul>\n<li style=\"font-weight: 400;\" aria-level=\"1\"><span style=\"font-weight: 400;\">persones que tinguin una discapacitat acreditada igual o superior al 33%, els seus c\u00f2njuges i els seus fills o filles que en depenguin econ\u00f2micament.<\/span><\/li>\n<li style=\"font-weight: 400;\" aria-level=\"1\"><span style=\"font-weight: 400;\">persones subjectes a mesures privatives de llibertat,<\/span><\/li>\n<li style=\"font-weight: 400;\" aria-level=\"1\"><span style=\"font-weight: 400;\">persones membres d&#8217;unitats familiars que percebin la renda m\u00ednima d&#8217;inserci\u00f3, la renda activa d&#8217;inserci\u00f3 o la renda garantida de ciutadania,<\/span><\/li>\n<li style=\"font-weight: 400;\" aria-level=\"1\"><span style=\"font-weight: 400;\">aturats de llarga durada que perceben un subsidi equivalent a una renda m\u00ednima d&#8217;inserci\u00f3 o la renda activa d&#8217;inserci\u00f3 o la renda garantida de ciutadania,<\/span><\/li>\n<li style=\"font-weight: 400;\" aria-level=\"1\"><span style=\"font-weight: 400;\">v\u00edctimes de viol\u00e8ncia de g\u00e8nere,<\/span><\/li>\n<li style=\"font-weight: 400;\" aria-level=\"1\"><span style=\"font-weight: 400;\">persones menors tutelades o persones extutelades menors de 21 anys d&#8217;edat. La condici\u00f3 de persona tutelada o extutelada s&#8217;acredita mitjan\u00e7ant el certificat em\u00e8s per la Direcci\u00f3 General d&#8217;Atenci\u00f3 a la Inf\u00e0ncia i l&#8217;Adolesc\u00e8ncia o \u00f2rgan equivalent d&#8217;altres comunitats aut\u00f2nomes.<\/span><\/li>\n<\/ul>\n<p><span style=\"color: #800000;\"><b>Exempcions espec\u00edfiques:<\/b><\/span><\/p>\n<ul>\n<li style=\"font-weight: 400;\" aria-level=\"1\"><span style=\"font-weight: 400;\">persones que en el curs acad\u00e8mic immediatament anterior hagin obtingut matr\u00edcula d&#8217;honor en el batxillerat o el premi extraordinari de batxillerat,<\/span><\/li>\n<li style=\"font-weight: 400;\" aria-level=\"1\"><span style=\"font-weight: 400;\">persones guanyadores del Premi Extraordinari dels ensenyaments de Formaci\u00f3 professional, dels ensenyaments professionals d&#8217;Arts Pl\u00e0stiques i Disseny, dels ensenyaments professionals de M\u00fasica o dels ensenyaments professionals de Dansa, en els termes previstos a la normativa que els estableixi, tenen dret a l&#8217;exempci\u00f3 de l&#8217;import del preu en concepte de matr\u00edcula i serveis, per un sol cop, a triar entre la matr\u00edcula en el nivell B\u00e0sic, el nivell C1 o el nivell C2.<\/span><\/li>\n<\/ul>\n<p><span style=\"color: #800000;\"><b>2. TAXES PER ALS CURSOS DE NIVELL INTERMEDI (B1, B2.1 i B2.2):<\/b><\/span><\/p>\n<ul>\n<li style=\"font-weight: 400;\" aria-level=\"1\"><span style=\"font-weight: 400;\">Matr\u00edcula i serveis per a alumnes oficials<\/span> <span style=\"font-weight: 400;\">per curs: 286,00 euros<\/span><\/li>\n<li style=\"font-weight: 400;\" aria-level=\"1\"><span style=\"font-weight: 400;\">Acc\u00e9s a la plataforma i materials did\u00e0ctics dels ensenyaments d&#8217;idiomes: 30 euros.<\/span><\/li>\n<\/ul>\n<p><span style=\"font-weight: 400;\">A m\u00e9s de les<\/span><a href=\"http:\/\/educacio.gencat.cat\/ca\/departament\/normativa\/taxes-preus-publics\/exempcions-bonificacions\/\"> bonificacions i exempcions generals<\/a> <span style=\"font-weight: 400;\">que s&#8217;apliquen a aquestes taxes, s&#8217;estableixen les <\/span><span style=\"color: #800000;\"><b>exempcions addicionals<\/b><\/span><span style=\"font-weight: 400;\"> seg\u00fcents per a:<\/span><\/p>\n<ul>\n<li style=\"font-weight: 400;\" aria-level=\"1\"><span style=\"font-weight: 400;\">persones subjectes a mesures privatives de llibertat,\u00a0<\/span><\/li>\n<li style=\"font-weight: 400;\" aria-level=\"1\"><span style=\"font-weight: 400;\">membres de fam\u00edlies que perceben la renda m\u00ednima d&#8217;inserci\u00f3 o la renda activa d&#8217;inserci\u00f3,\u00a0<\/span><\/li>\n<li style=\"font-weight: 400;\" aria-level=\"1\"><span style=\"font-weight: 400;\">v\u00edctimes de viol\u00e8ncia de g\u00e8nere,<\/span><\/li>\n<li style=\"font-weight: 400;\" aria-level=\"1\"><span style=\"font-weight: 400;\">alumnes que tinguin concedida una beca per a estudis d&#8217;idiomes per part de l&#8217;Administraci\u00f3 p\u00fablica competent en la mat\u00e8ria. Si un alumne es matricula de dos o m\u00e9s idiomes, l&#8217;exempci\u00f3 nom\u00e9s abasta l&#8217;idioma per al qual s&#8217;ha concedit la beca. L&#8217;exempci\u00f3 nom\u00e9s es concedir\u00e0 per al mateix curs acad\u00e8mic per al qual s&#8217;ha concedit la beca. A l&#8217;efecte de formalitzaci\u00f3 de la matr\u00edcula oficial, l&#8217;alumne ha d&#8217;abonar la taxa si encara no t\u00e9 concedida la beca. Un cop se li notifiqui la concessi\u00f3 de la beca, podr\u00e0 demanar la devoluci\u00f3 de l&#8217;import de la taxa mitjan\u00e7at el procediment de devoluci\u00f3 d&#8217;ingressos indeguts,<\/span><\/li>\n<li style=\"font-weight: 400;\" aria-level=\"1\"><span style=\"font-weight: 400;\">alumnes que en el curs acad\u00e8mic immediatament anterior han obtingut matr\u00edcula d&#8217;honor en el batxillerat o el Premi Extraordinari de Batxillerat (resten exempts de la taxa corresponent a la primera matr\u00edcula),\u00a0<\/span><\/li>\n<li style=\"font-weight: 400;\" aria-level=\"1\"><span style=\"font-weight: 400;\">menors tutelats o extutelats menors de 21 anys d&#8217;edat (la condici\u00f3 de persona tutelada o extutelada s&#8217;acredita per mitj\u00e0 del certificat em\u00e8s per la Direcci\u00f3 General d&#8217;Atenci\u00f3 a la Inf\u00e0ncia i l&#8217;Adolesc\u00e8ncia o l&#8217;\u00f2rgan equivalent d&#8217;altres comunitats aut\u00f2nomes).<\/span><\/li>\n<\/ul>\n<p><span style=\"color: #800000;\"><strong>3<\/strong>. <strong><a style=\"color: #800000;\" href=\"http:\/\/xtec.gencat.cat\/ca\/formacio\/formaciogeneralprofessorat\/llengues\/programa-pia\/\">Cursos adre\u00e7ats al professorat (Programa PIA+)<\/a><\/strong><\/span><\/p>\n<p><span style=\"color: #800000;\"><b>Per a m\u00e9s informaci\u00f3, consulteu el web del Departament d\u2019Educaci\u00f3:\u00a0<\/b><\/span><\/p>\n<ul>\n<li aria-level=\"1\"><span style=\"color: #800000;\"><b>Taxes: <\/b><\/span><a href=\"http:\/\/educacio.gencat.cat\/ca\/departament\/normativa\/taxes-preus-publics\/taxes\/\">http:\/\/educacio.gencat.cat\/ca\/departament\/normativa\/taxes-preus-publics\/taxes\/<\/a><\/li>\n<\/ul>\n<ul>\n<li aria-level=\"1\"><span style=\"color: #800000;\"><b>Preus p\u00fablics: <\/b><\/span><a href=\"http:\/\/educacio.gencat.cat\/ca\/departament\/normativa\/taxes-preus-publics\/preu-public\/\">http:\/\/educacio.gencat.cat\/ca\/departament\/normativa\/taxes-preus-publics\/preu-public\/<\/a><\/li>\n<\/ul>\n<p>&nbsp;<\/p>\n","protected":false},"excerpt":{"rendered":"<p>1. PREUS P\u00daBLICS PER ALS CURSOS DE NIVELL B\u00c0SIC (A1 i A2), C1 i C2: Matr\u00edcula per a alumnes oficials del nivell b\u00e0sic i C1, per curs: 275 euros. Acc\u00e9s a la plataforma i materials did\u00e0ctics dels ensenyaments d&#8217;idiomes: 30 euros. En el pagament de l&#8217;import de totes les taxes i els preus p\u00fablics s&#8217;estableixen [&hellip;]<\/p>\n","protected":false},"author":1,"featured_media":0,"parent":11768,"menu_order":0,"comment_status":"closed","ping_status":"closed","template":"","meta":{"_bbp_topic_count":0,"_bbp_reply_count":0,"_bbp_total_topic_count":0,"_bbp_total_reply_count":0,"_bbp_voice_count":0,"_bbp_anonymous_reply_count":0,"_bbp_topic_count_hidden":0,"_bbp_reply_count_hidden":0,"_bbp_forum_subforum_count":0,"site-sidebar-layout":"default","site-content-layout":"","ast-site-content-layout":"default","site-content-style":"default","site-sidebar-style":"default","ast-global-header-display":"","ast-banner-title-visibility":"","ast-main-header-display":"","ast-hfb-above-header-display":"","ast-hfb-below-header-display":"","ast-hfb-mobile-header-display":"","site-post-title":"","ast-breadcrumbs-content":"","ast-featured-img":"","footer-sml-layout":"","theme-transparent-header-meta":"default","adv-header-id-meta":"","stick-header-meta":"","header-above-stick-meta":"","header-main-stick-meta":"","header-below-stick-meta":"","astra-migrate-meta-layouts":"set","ast-page-background-enabled":"default","ast-page-background-meta":{"desktop":{"background-color":"var(--ast-global-color-4)","background-image":"","background-repeat":"repeat","background-position":"center center","background-size":"auto","background-attachment":"scroll","background-type":"","background-media":"","overlay-type":"","overlay-color":"","overlay-opacity":"","overlay-gradient":""},"tablet":{"background-color":"","background-image":"","background-repeat":"repeat","background-position":"center center","background-size":"auto","background-attachment":"scroll","background-type":"","background-media":"","overlay-type":"","overlay-color":"","overlay-opacity":"","overlay-gradient":""},"mobile":{"background-color":"","background-image":"","background-repeat":"repeat","background-position":"center center","background-size":"auto","background-attachment":"scroll","background-type":"","background-media":"","overlay-type":"","overlay-color":"","overlay-opacity":"","overlay-gradient":""}},"ast-content-background-meta":{"desktop":{"background-color":"var(--ast-global-color-5)","background-image":"","background-repeat":"repeat","background-position":"center center","background-size":"auto","background-attachment":"scroll","background-type":"","background-media":"","overlay-type":"","overlay-color":"","overlay-opacity":"","overlay-gradient":""},"tablet":{"background-color":"var(--ast-global-color-5)","background-image":"","background-repeat":"repeat","background-position":"center center","background-size":"auto","background-attachment":"scroll","background-type":"","background-media":"","overlay-type":"","overlay-color":"","overlay-opacity":"","overlay-gradient":""},"mobile":{"background-color":"var(--ast-global-color-5)","background-image":"","background-repeat":"repeat","background-position":"center center","background-size":"auto","background-attachment":"scroll","background-type":"","background-media":"","overlay-type":"","overlay-color":"","overlay-opacity":"","overlay-gradient":""}},"footnotes":""},"class_list":["post-10478","page","type-page","status-publish","hentry"],"post_mailing_queue_ids":[],"_links":{"self":[{"href":"https:\/\/agora-eoi.xtec.cat\/eoialtpenedes\/wp-json\/wp\/v2\/pages\/10478","targetHints":{"allow":["GET"]}}],"collection":[{"href":"https:\/\/agora-eoi.xtec.cat\/eoialtpenedes\/wp-json\/wp\/v2\/pages"}],"about":[{"href":"https:\/\/agora-eoi.xtec.cat\/eoialtpenedes\/wp-json\/wp\/v2\/types\/page"}],"author":[{"embeddable":true,"href":"https:\/\/agora-eoi.xtec.cat\/eoialtpenedes\/wp-json\/wp\/v2\/users\/1"}],"replies":[{"embeddable":true,"href":"https:\/\/agora-eoi.xtec.cat\/eoialtpenedes\/wp-json\/wp\/v2\/comments?post=10478"}],"version-history":[{"count":6,"href":"https:\/\/agora-eoi.xtec.cat\/eoialtpenedes\/wp-json\/wp\/v2\/pages\/10478\/revisions"}],"predecessor-version":[{"id":11255,"href":"https:\/\/agora-eoi.xtec.cat\/eoialtpenedes\/wp-json\/wp\/v2\/pages\/10478\/revisions\/11255"}],"up":[{"embeddable":true,"href":"https:\/\/agora-eoi.xtec.cat\/eoialtpenedes\/wp-json\/wp\/v2\/pages\/11768"}],"wp:attachment":[{"href":"https:\/\/agora-eoi.xtec.cat\/eoialtpenedes\/wp-json\/wp\/v2\/media?parent=10478"}],"curies":[{"name":"wp","href":"https:\/\/api.w.org\/{rel}","templated":true}]}}