{"id":10444,"date":"2021-07-20T00:25:37","date_gmt":"2021-07-19T22:25:37","guid":{"rendered":"https:\/\/agora-eoi.xtec.cat\/eoialtpenedes\/?page_id=10444"},"modified":"2025-11-17T12:07:25","modified_gmt":"2025-11-17T11:07:25","slug":"consell-escolar","status":"publish","type":"page","link":"https:\/\/agora-eoi.xtec.cat\/eoialtpenedes\/lescola\/consell-escolar\/","title":{"rendered":"Consell escolar"},"content":{"rendered":"<p style=\"text-align: justify;\">El consell escolar del centre \u00e9s l&#8217;<span style=\"color: #800000;\"><strong>\u00f2rgan col\u00b7legiat de participaci\u00f3<\/strong><\/span> de la comunitat escolar en el govern del centre. En els centres p\u00fablics, la funci\u00f3 principal del consell escolar \u00e9s participar en la presa de decisions en relaci\u00f3 amb aquells temes importants per al funcionament i l&#8217;organitzaci\u00f3 del centre: el projecte educatiu, la programaci\u00f3 general i la gesti\u00f3 econ\u00f2mica entre d&#8217;altres. En el consell escolar hi ha representats tots els col\u00b7lectius que intervenen en la comunitat educativa. Els membres del consell escolar s\u00f3n elegits per un per\u00edode de quatre anys i es renoven per meitats cada dos anys.<\/p>\n<p><span style=\"color: #800000;\"><strong>Presid\u00e8ncia<\/strong><\/span><\/p>\n<p>Agust\u00edn Serrano Barroso (director del centre) &#8211; aserr2<span class=\"\"><span class=\"\">@xtec.cat<\/span><\/span><\/p>\n<p><strong><span class=\"\" style=\"color: #800000;\">Secretaria<\/span><\/strong><\/p>\n<p>Jos\u00e9 Miguel Sanchis Alejos (secretari del centre) &#8211; jsanchi5<span class=\"\">@xtec.cat<\/span><\/p>\n<p><strong><span class=\"\" style=\"color: #800000;\">Representants del professorat<\/span><\/strong><\/p>\n<p>Elisa Santos Cerme\u00f1o &#8211; esanto10@xtec.cat<\/p>\n<p><span class=\"\">Lorena Sierra Gallardo &#8211; lsierra7@xtec.cat\u00a0<\/span><\/p>\n<p>Melania Luengo Fern\u00e1ndez &#8211; mluengo8@xtec.cat<\/p>\n<p>Per determinar<\/p>\n<p><strong><span class=\"\" style=\"color: #800000;\">Representants de l&#8217;alumnat <\/span><\/strong><\/p>\n<p><span class=\"\">Tere Soler Font &#8211; tereyul@gmail.com<\/span><\/p>\n<p>Anna Cunill Clua &#8211; annacunill91@gmail.com<\/p>\n<p>Per determinar<\/p>\n<p>Per determinar<\/p>\n<p><strong><span class=\"\" style=\"color: #800000;\">Representants del PAS<\/span><\/strong><\/p>\n<p>\u00c0ngels Bartrol\u00ed Piquemal &#8211; abartol3@xtec.cat<\/p>\n<p><strong><span style=\"color: #800000;\">Representants de l&#8217;ajuntament<\/span><\/strong><\/p>\n<p>Montserrat Mu\u00f1oz Retamal &#8211; mmunoz@vilafranca.org<\/p>\n<p>&nbsp;<\/p>\n<p>&nbsp;<\/p>\n<p>&nbsp;<\/p>\n<p>&nbsp;<\/p>\n<p>&nbsp;<\/p>\n<p>&nbsp;<\/p>\n","protected":false},"excerpt":{"rendered":"<p>El consell escolar del centre \u00e9s l&#8217;\u00f2rgan col\u00b7legiat de participaci\u00f3 de la comunitat escolar en el govern del centre. En els centres p\u00fablics, la funci\u00f3 principal del consell escolar \u00e9s participar en la presa de decisions en relaci\u00f3 amb aquells temes importants per al funcionament i l&#8217;organitzaci\u00f3 del centre: el projecte educatiu, la programaci\u00f3 general [&hellip;]<\/p>\n","protected":false},"author":1,"featured_media":0,"parent":11759,"menu_order":0,"comment_status":"closed","ping_status":"closed","template":"","meta":{"_bbp_topic_count":0,"_bbp_reply_count":0,"_bbp_total_topic_count":0,"_bbp_total_reply_count":0,"_bbp_voice_count":0,"_bbp_anonymous_reply_count":0,"_bbp_topic_count_hidden":0,"_bbp_reply_count_hidden":0,"_bbp_forum_subforum_count":0,"site-sidebar-layout":"default","site-content-layout":"","ast-site-content-layout":"default","site-content-style":"default","site-sidebar-style":"default","ast-global-header-display":"","ast-banner-title-visibility":"","ast-main-header-display":"","ast-hfb-above-header-display":"","ast-hfb-below-header-display":"","ast-hfb-mobile-header-display":"","site-post-title":"","ast-breadcrumbs-content":"","ast-featured-img":"","footer-sml-layout":"","theme-transparent-header-meta":"default","adv-header-id-meta":"","stick-header-meta":"","header-above-stick-meta":"","header-main-stick-meta":"","header-below-stick-meta":"","astra-migrate-meta-layouts":"set","ast-page-background-enabled":"default","ast-page-background-meta":{"desktop":{"background-color":"var(--ast-global-color-4)","background-image":"","background-repeat":"repeat","background-position":"center center","background-size":"auto","background-attachment":"scroll","background-type":"","background-media":"","overlay-type":"","overlay-color":"","overlay-opacity":"","overlay-gradient":""},"tablet":{"background-color":"","background-image":"","background-repeat":"repeat","background-position":"center center","background-size":"auto","background-attachment":"scroll","background-type":"","background-media":"","overlay-type":"","overlay-color":"","overlay-opacity":"","overlay-gradient":""},"mobile":{"background-color":"","background-image":"","background-repeat":"repeat","background-position":"center center","background-size":"auto","background-attachment":"scroll","background-type":"","background-media":"","overlay-type":"","overlay-color":"","overlay-opacity":"","overlay-gradient":""}},"ast-content-background-meta":{"desktop":{"background-color":"var(--ast-global-color-5)","background-image":"","background-repeat":"repeat","background-position":"center center","background-size":"auto","background-attachment":"scroll","background-type":"","background-media":"","overlay-type":"","overlay-color":"","overlay-opacity":"","overlay-gradient":""},"tablet":{"background-color":"var(--ast-global-color-5)","background-image":"","background-repeat":"repeat","background-position":"center center","background-size":"auto","background-attachment":"scroll","background-type":"","background-media":"","overlay-type":"","overlay-color":"","overlay-opacity":"","overlay-gradient":""},"mobile":{"background-color":"var(--ast-global-color-5)","background-image":"","background-repeat":"repeat","background-position":"center center","background-size":"auto","background-attachment":"scroll","background-type":"","background-media":"","overlay-type":"","overlay-color":"","overlay-opacity":"","overlay-gradient":""}},"footnotes":""},"class_list":["post-10444","page","type-page","status-publish","hentry"],"post_mailing_queue_ids":[],"_links":{"self":[{"href":"https:\/\/agora-eoi.xtec.cat\/eoialtpenedes\/wp-json\/wp\/v2\/pages\/10444","targetHints":{"allow":["GET"]}}],"collection":[{"href":"https:\/\/agora-eoi.xtec.cat\/eoialtpenedes\/wp-json\/wp\/v2\/pages"}],"about":[{"href":"https:\/\/agora-eoi.xtec.cat\/eoialtpenedes\/wp-json\/wp\/v2\/types\/page"}],"author":[{"embeddable":true,"href":"https:\/\/agora-eoi.xtec.cat\/eoialtpenedes\/wp-json\/wp\/v2\/users\/1"}],"replies":[{"embeddable":true,"href":"https:\/\/agora-eoi.xtec.cat\/eoialtpenedes\/wp-json\/wp\/v2\/comments?post=10444"}],"version-history":[{"count":7,"href":"https:\/\/agora-eoi.xtec.cat\/eoialtpenedes\/wp-json\/wp\/v2\/pages\/10444\/revisions"}],"predecessor-version":[{"id":11889,"href":"https:\/\/agora-eoi.xtec.cat\/eoialtpenedes\/wp-json\/wp\/v2\/pages\/10444\/revisions\/11889"}],"up":[{"embeddable":true,"href":"https:\/\/agora-eoi.xtec.cat\/eoialtpenedes\/wp-json\/wp\/v2\/pages\/11759"}],"wp:attachment":[{"href":"https:\/\/agora-eoi.xtec.cat\/eoialtpenedes\/wp-json\/wp\/v2\/media?parent=10444"}],"curies":[{"name":"wp","href":"https:\/\/api.w.org\/{rel}","templated":true}]}}