{"id":10372,"date":"2021-07-16T12:19:04","date_gmt":"2021-07-16T10:19:04","guid":{"rendered":"https:\/\/agora-eoi.xtec.cat\/eoialtpenedes\/?page_id=10372"},"modified":"2025-09-05T19:48:47","modified_gmt":"2025-09-05T17:48:47","slug":"cursos-dactualitzacio-dangles-i-frances","status":"publish","type":"page","link":"https:\/\/agora-eoi.xtec.cat\/eoialtpenedes\/gestions\/cursos-dactualitzacio-dangles-i-frances\/","title":{"rendered":"Cursos d&#8217;actualitzaci\u00f3 d&#8217;angl\u00e8s i franc\u00e8s"},"content":{"rendered":"<p><span style=\"color: #800000;\"><strong>Vols actualitzar els teus coneixements?<\/strong><\/span><\/p>\n<p>Si ja has fet un curs amb nosaltres i vas obtenir el certificat, ara pots tornar-te a matricular al mateix nivell o inferior i posar al dia i\/o mantenir els teus coneixements.<\/p>\n<p><span style=\"color: #800000;\"><strong>Procediment:<\/strong><\/span><\/p>\n<ol>\n<li>Consulta els\u00a0<span style=\"color: #800000;\"><strong>nivells<\/strong>\u00a0i\u00a0<strong>horaris<\/strong><\/span>\u00a0de cada idioma d\u2019aquesta escola fent clic\u00a0<a href=\"https:\/\/agora-eoi.xtec.cat\/eoialtpenedes\/wp-content\/uploads\/usu2251\/2025\/06\/Horaris-de-classe-2025-26.pdf\">aqu\u00ed<\/a>.<\/li>\n<\/ol>\n<p>2.\u00a0Consulta els\u00a0<strong><span style=\"color: #993300;\"><a style=\"color: #993300;\" href=\"https:\/\/agora-eoi.xtec.cat\/eoialtpenedes\/taxes-preus-publics-i-beques\/\">preus<\/a><\/span><\/strong>.<\/p>\n<p>3.\u00a0<span style=\"color: #800000;\"><strong>Reserva<\/strong><\/span>\u00a0la teva pla\u00e7a a trav\u00e9s del<strong><span style=\"color: #993300;\">\u00a0<a style=\"color: #993300;\" href=\"https:\/\/docs.google.com\/forms\/d\/e\/1FAIpQLSdV3xE5zgBCJm2FjzUotqsq-Z_R90AgXWg7t4rz4cTLYmo7Gw\/viewform?pli=1\">formulari<\/a><\/span><\/strong>.<\/p>\n<p>4. L\u2019escola es posar\u00e0 en contacte amb tu cap a finals de setembre per formalitzar la\u00a0matr\u00edcula\u00a0presencialment.<\/p>\n","protected":false},"excerpt":{"rendered":"<p>Vols actualitzar els teus coneixements? Si ja has fet un curs amb nosaltres i vas obtenir el certificat, ara pots tornar-te a matricular al mateix nivell o inferior i posar al dia i\/o mantenir els teus coneixements. Procediment: Consulta els\u00a0nivells\u00a0i\u00a0horaris\u00a0de cada idioma d\u2019aquesta escola fent clic\u00a0aqu\u00ed. 2.\u00a0Consulta els\u00a0preus. 3.\u00a0Reserva\u00a0la teva pla\u00e7a a trav\u00e9s del\u00a0formulari. 4. [&hellip;]<\/p>\n","protected":false},"author":1,"featured_media":0,"parent":11768,"menu_order":0,"comment_status":"closed","ping_status":"closed","template":"","meta":{"_bbp_topic_count":0,"_bbp_reply_count":0,"_bbp_total_topic_count":0,"_bbp_total_reply_count":0,"_bbp_voice_count":0,"_bbp_anonymous_reply_count":0,"_bbp_topic_count_hidden":0,"_bbp_reply_count_hidden":0,"_bbp_forum_subforum_count":0,"site-sidebar-layout":"default","site-content-layout":"","ast-site-content-layout":"default","site-content-style":"default","site-sidebar-style":"default","ast-global-header-display":"","ast-banner-title-visibility":"","ast-main-header-display":"","ast-hfb-above-header-display":"","ast-hfb-below-header-display":"","ast-hfb-mobile-header-display":"","site-post-title":"","ast-breadcrumbs-content":"","ast-featured-img":"","footer-sml-layout":"","theme-transparent-header-meta":"default","adv-header-id-meta":"","stick-header-meta":"","header-above-stick-meta":"","header-main-stick-meta":"","header-below-stick-meta":"","astra-migrate-meta-layouts":"set","ast-page-background-enabled":"default","ast-page-background-meta":{"desktop":{"background-color":"var(--ast-global-color-4)","background-image":"","background-repeat":"repeat","background-position":"center center","background-size":"auto","background-attachment":"scroll","background-type":"","background-media":"","overlay-type":"","overlay-color":"","overlay-opacity":"","overlay-gradient":""},"tablet":{"background-color":"","background-image":"","background-repeat":"repeat","background-position":"center center","background-size":"auto","background-attachment":"scroll","background-type":"","background-media":"","overlay-type":"","overlay-color":"","overlay-opacity":"","overlay-gradient":""},"mobile":{"background-color":"","background-image":"","background-repeat":"repeat","background-position":"center center","background-size":"auto","background-attachment":"scroll","background-type":"","background-media":"","overlay-type":"","overlay-color":"","overlay-opacity":"","overlay-gradient":""}},"ast-content-background-meta":{"desktop":{"background-color":"var(--ast-global-color-5)","background-image":"","background-repeat":"repeat","background-position":"center center","background-size":"auto","background-attachment":"scroll","background-type":"","background-media":"","overlay-type":"","overlay-color":"","overlay-opacity":"","overlay-gradient":""},"tablet":{"background-color":"var(--ast-global-color-5)","background-image":"","background-repeat":"repeat","background-position":"center center","background-size":"auto","background-attachment":"scroll","background-type":"","background-media":"","overlay-type":"","overlay-color":"","overlay-opacity":"","overlay-gradient":""},"mobile":{"background-color":"var(--ast-global-color-5)","background-image":"","background-repeat":"repeat","background-position":"center center","background-size":"auto","background-attachment":"scroll","background-type":"","background-media":"","overlay-type":"","overlay-color":"","overlay-opacity":"","overlay-gradient":""}},"footnotes":""},"class_list":["post-10372","page","type-page","status-publish","hentry"],"post_mailing_queue_ids":[],"_links":{"self":[{"href":"https:\/\/agora-eoi.xtec.cat\/eoialtpenedes\/wp-json\/wp\/v2\/pages\/10372","targetHints":{"allow":["GET"]}}],"collection":[{"href":"https:\/\/agora-eoi.xtec.cat\/eoialtpenedes\/wp-json\/wp\/v2\/pages"}],"about":[{"href":"https:\/\/agora-eoi.xtec.cat\/eoialtpenedes\/wp-json\/wp\/v2\/types\/page"}],"author":[{"embeddable":true,"href":"https:\/\/agora-eoi.xtec.cat\/eoialtpenedes\/wp-json\/wp\/v2\/users\/1"}],"replies":[{"embeddable":true,"href":"https:\/\/agora-eoi.xtec.cat\/eoialtpenedes\/wp-json\/wp\/v2\/comments?post=10372"}],"version-history":[{"count":6,"href":"https:\/\/agora-eoi.xtec.cat\/eoialtpenedes\/wp-json\/wp\/v2\/pages\/10372\/revisions"}],"predecessor-version":[{"id":11485,"href":"https:\/\/agora-eoi.xtec.cat\/eoialtpenedes\/wp-json\/wp\/v2\/pages\/10372\/revisions\/11485"}],"up":[{"embeddable":true,"href":"https:\/\/agora-eoi.xtec.cat\/eoialtpenedes\/wp-json\/wp\/v2\/pages\/11768"}],"wp:attachment":[{"href":"https:\/\/agora-eoi.xtec.cat\/eoialtpenedes\/wp-json\/wp\/v2\/media?parent=10372"}],"curies":[{"name":"wp","href":"https:\/\/api.w.org\/{rel}","templated":true}]}}