{"id":10332,"date":"2021-07-15T13:03:40","date_gmt":"2021-07-15T11:03:40","guid":{"rendered":"https:\/\/agora-eoi.xtec.cat\/eoialtpenedes\/?page_id=10332"},"modified":"2025-09-09T11:47:22","modified_gmt":"2025-09-09T09:47:22","slug":"llibres-2","status":"publish","type":"page","link":"https:\/\/agora-eoi.xtec.cat\/eoialtpenedes\/idiomes\/frances\/llibres-2\/","title":{"rendered":"Llibres de text franc\u00e8s 2025-26"},"content":{"rendered":"<h3>Nivell A1<\/h3>\n<p>AA.VV. (2025). <em>D\u00e9fi actuel 1. Livre de l\u2019\u00e9l\u00e8ve. \u00c9dition hybride.<\/em> \u00c9ditions Maison des langues. ISBN 9788411571517<\/p>\n<p>AA.VV. (2025). <em>D\u00e9fi actuel 1. Cahier d&#8217;exercices.<\/em> \u00c9ditions Maison des langues. ISBN 9788411571524<\/p>\n<h3>Nivell A2<\/h3>\n<p>AA.VV. (2025). <em>D\u00e9fi actuel 2. Livre de l\u2019\u00e9l\u00e8ve. \u00c9dition hybride.<\/em> \u00c9ditions Maison des langues. ISBN 9788411571548<\/p>\n<p>AA.VV. (2025). <em>D\u00e9fi actuel 2. Cahier d&#8217;exercices.<\/em> \u00c9ditions Maison des langues. ISBN 9788411571555<\/p>\n<h3>Nivell B1<\/h3>\n<p>AA.VV. (2025). <em>D\u00e9fi actuel 3. Livre de l\u2019\u00e9l\u00e8ve. \u00c9dition hybride.<\/em> \u00c9ditions Maison des langues. ISBN 9788411573702<\/p>\n<h3>Nivell B2.1<\/h3>\n<p>AA.VV. (2020). <em>D\u00e9fi 4. Livre de l\u2019\u00e9l\u00e8ve. \u00c9dition hybride.<\/em> \u00c9ditions Maison des langues. ISBN 9788419236579<\/p>\n<p>AA.VV. (2020). <em>D\u00e9fi 4. Cahier d&#8217;exercices.<\/em> \u00c9ditions Maison des langues. ISBN 9788417249687<\/p>\n<h3>Nivell B2.2<\/h3>\n<p>Abou-Samra, M. et al. (2022).\u00a0<em>\u00c9dito B2 Livre de l\u2019\u00e9l\u00e8ve.\u00a0<\/em>(2\u00aa ed.). Didier. ISBN 9788490498156<\/p>\n<p>* Es far\u00e0 servir la segona part del llibre.<\/p>\n<h5>Les lectures de tots els cursos seran comunicades pel docent el primer dia de classe.<\/h5>\n","protected":false},"excerpt":{"rendered":"<p>Nivell A1 AA.VV. (2025). D\u00e9fi actuel 1. Livre de l\u2019\u00e9l\u00e8ve. \u00c9dition hybride. \u00c9ditions Maison des langues. ISBN 9788411571517 AA.VV. (2025). D\u00e9fi actuel 1. Cahier d&#8217;exercices. \u00c9ditions Maison des langues. ISBN 9788411571524 Nivell A2 AA.VV. (2025). D\u00e9fi actuel 2. Livre de l\u2019\u00e9l\u00e8ve. \u00c9dition hybride. \u00c9ditions Maison des langues. ISBN 9788411571548 AA.VV. (2025). D\u00e9fi actuel 2. Cahier [&hellip;]<\/p>\n","protected":false},"author":1,"featured_media":0,"parent":11785,"menu_order":0,"comment_status":"closed","ping_status":"closed","template":"","meta":{"_bbp_topic_count":0,"_bbp_reply_count":0,"_bbp_total_topic_count":0,"_bbp_total_reply_count":0,"_bbp_voice_count":0,"_bbp_anonymous_reply_count":0,"_bbp_topic_count_hidden":0,"_bbp_reply_count_hidden":0,"_bbp_forum_subforum_count":0,"site-sidebar-layout":"default","site-content-layout":"","ast-site-content-layout":"default","site-content-style":"default","site-sidebar-style":"default","ast-global-header-display":"","ast-banner-title-visibility":"","ast-main-header-display":"","ast-hfb-above-header-display":"","ast-hfb-below-header-display":"","ast-hfb-mobile-header-display":"","site-post-title":"","ast-breadcrumbs-content":"","ast-featured-img":"","footer-sml-layout":"","theme-transparent-header-meta":"default","adv-header-id-meta":"","stick-header-meta":"","header-above-stick-meta":"","header-main-stick-meta":"","header-below-stick-meta":"","astra-migrate-meta-layouts":"set","ast-page-background-enabled":"default","ast-page-background-meta":{"desktop":{"background-color":"var(--ast-global-color-4)","background-image":"","background-repeat":"repeat","background-position":"center center","background-size":"auto","background-attachment":"scroll","background-type":"","background-media":"","overlay-type":"","overlay-color":"","overlay-opacity":"","overlay-gradient":""},"tablet":{"background-color":"","background-image":"","background-repeat":"repeat","background-position":"center center","background-size":"auto","background-attachment":"scroll","background-type":"","background-media":"","overlay-type":"","overlay-color":"","overlay-opacity":"","overlay-gradient":""},"mobile":{"background-color":"","background-image":"","background-repeat":"repeat","background-position":"center center","background-size":"auto","background-attachment":"scroll","background-type":"","background-media":"","overlay-type":"","overlay-color":"","overlay-opacity":"","overlay-gradient":""}},"ast-content-background-meta":{"desktop":{"background-color":"var(--ast-global-color-5)","background-image":"","background-repeat":"repeat","background-position":"center center","background-size":"auto","background-attachment":"scroll","background-type":"","background-media":"","overlay-type":"","overlay-color":"","overlay-opacity":"","overlay-gradient":""},"tablet":{"background-color":"var(--ast-global-color-5)","background-image":"","background-repeat":"repeat","background-position":"center center","background-size":"auto","background-attachment":"scroll","background-type":"","background-media":"","overlay-type":"","overlay-color":"","overlay-opacity":"","overlay-gradient":""},"mobile":{"background-color":"var(--ast-global-color-5)","background-image":"","background-repeat":"repeat","background-position":"center center","background-size":"auto","background-attachment":"scroll","background-type":"","background-media":"","overlay-type":"","overlay-color":"","overlay-opacity":"","overlay-gradient":""}},"footnotes":""},"class_list":["post-10332","page","type-page","status-publish","hentry"],"post_mailing_queue_ids":[],"_links":{"self":[{"href":"https:\/\/agora-eoi.xtec.cat\/eoialtpenedes\/wp-json\/wp\/v2\/pages\/10332","targetHints":{"allow":["GET"]}}],"collection":[{"href":"https:\/\/agora-eoi.xtec.cat\/eoialtpenedes\/wp-json\/wp\/v2\/pages"}],"about":[{"href":"https:\/\/agora-eoi.xtec.cat\/eoialtpenedes\/wp-json\/wp\/v2\/types\/page"}],"author":[{"embeddable":true,"href":"https:\/\/agora-eoi.xtec.cat\/eoialtpenedes\/wp-json\/wp\/v2\/users\/1"}],"replies":[{"embeddable":true,"href":"https:\/\/agora-eoi.xtec.cat\/eoialtpenedes\/wp-json\/wp\/v2\/comments?post=10332"}],"version-history":[{"count":6,"href":"https:\/\/agora-eoi.xtec.cat\/eoialtpenedes\/wp-json\/wp\/v2\/pages\/10332\/revisions"}],"predecessor-version":[{"id":11806,"href":"https:\/\/agora-eoi.xtec.cat\/eoialtpenedes\/wp-json\/wp\/v2\/pages\/10332\/revisions\/11806"}],"up":[{"embeddable":true,"href":"https:\/\/agora-eoi.xtec.cat\/eoialtpenedes\/wp-json\/wp\/v2\/pages\/11785"}],"wp:attachment":[{"href":"https:\/\/agora-eoi.xtec.cat\/eoialtpenedes\/wp-json\/wp\/v2\/media?parent=10332"}],"curies":[{"name":"wp","href":"https:\/\/api.w.org\/{rel}","templated":true}]}}