{"id":9767,"date":"2022-10-30T15:10:23","date_gmt":"2022-10-30T14:10:23","guid":{"rendered":"https:\/\/agora-eoi.xtec.cat\/eoi-lapau\/?page_id=9767"},"modified":"2026-03-03T15:37:27","modified_gmt":"2026-03-03T14:37:27","slug":"expedicio-de-titols","status":"publish","type":"page","link":"https:\/\/agora-eoi.xtec.cat\/eoi-lapau\/secretaria\/expedicio-de-titols\/","title":{"rendered":"Expedici\u00f3 de t\u00edtols"},"content":{"rendered":"<p><a href=\"https:\/\/agora-eoi.xtec.cat\/eoi-lapau\/wp-content\/uploads\/usu1668\/2022\/11\/Expedicio-de-titols.png\"><img loading=\"lazy\" decoding=\"async\" class=\"alignnone size-full wp-image-10443\" src=\"https:\/\/agora-eoi.xtec.cat\/eoi-lapau\/wp-content\/uploads\/usu1668\/2022\/11\/Expedicio-de-titols.png\" alt=\"\" width=\"225\" height=\"225\" srcset=\"https:\/\/agora-eoi.xtec.cat\/eoi-lapau\/wp-content\/uploads\/usu1668\/2022\/11\/Expedicio-de-titols.png 225w, https:\/\/agora-eoi.xtec.cat\/eoi-lapau\/wp-content\/uploads\/usu1668\/2022\/11\/Expedicio-de-titols-150x150.png 150w\" sizes=\"auto, (max-width: 225px) 100vw, 225px\" \/><\/a><\/p>\n<table style=\"width: 100%; border-collapse: collapse; background-color: #d9cccc;\">\n<tbody>\n<tr>\n<td style=\"width: 100%; text-align: center;\" colspan=\"2\"><strong>INFORMACI\u00d3 SOBRE EL PROCEDIMENT PER A L&#8217;EXPEDICI\u00d3 DE T\u00cdTOLS<\/strong><\/td>\n<\/tr>\n<tr>\n<td style=\"width: 3.13359%;\">\n<h6><strong>Nivells A2 i B1<\/strong><\/h6>\n<\/td>\n<td style=\"width: 96.8664%;\">\n<ul>\n<li>L\u2019alumnat que hagi superat el 2n curs obt\u00e9 el Certificat de nivell b\u00e0sic A2.<\/li>\n<li>L\u2019alumnat oficial de 3r o els candidats o candidates lliures que hagin superat les proves corresponents obtenen el Certificat de nivell intermedi B1.<\/li>\n<\/ul>\n<div class=\"alert e.g. general, error, success, notice\">\n<div class=\"msg\">\n<p><strong>Procediment:<\/strong><\/p>\n<ul>\n<li>Si heu aprovat un nivell A2 o B1 d\u2019un idioma a la nostra escola i necessiteu el t\u00edtol corresponent, ens podeu enviar un mail amb antelaci\u00f3 a: secretaria@eoilapau.net i us avisarem quan podeu passar a recollir-lo. Per recollir-ho cal presentar <span style=\"font-family: inherit; font-size: 1em;\">a la secretaria del centre el DNI, passaport o NIE de la persona interessada.<\/span><\/li>\n<\/ul>\n<\/div>\n<\/div>\n<\/td>\n<\/tr>\n<tr>\n<td style=\"width: 3.13359%;\">\n<h6><strong>Nivells B2, C1 i C2<\/strong><\/h6>\n<\/td>\n<td style=\"width: 96.8664%;\">\n<div class=\"alert e.g. general, error, success, notice\">\n<div class=\"msg\">\n<ul>\n<li>Des de febrer de 2026 la sol\u00b7licitud de t\u00edtols B2, C1 o C2 es fa exclusivament en l\u00ednia i a petici\u00f3 de la persona interessada. Teniu les instruccions per sol\u00b7licitar el t\u00edtol\u00a0<a href=\"https:\/\/agora-eoi.xtec.cat\/eoiterrassa\/wp-content\/uploads\/usu2242\/2026\/02\/Sollicitud-primera-expedicio-titol-B2C1-o-C2-1.pdf\"><strong>AQU\u00cd<\/strong><\/a>.\u00a0La sol\u00b7licitud es fa en aquest\u00a0<a href=\"https:\/\/tramits.gencat.cat\/ca\/tramits\/tramits-temes\/titols-academics-no-universitaris\"><strong>enlla\u00e7<\/strong><\/a>.\n<p>Un cop hagueu fet el pagament del t\u00edtol, haureu d\u2019enviar un correu electr\u00f2nic a secretaria@eoilapau.net indicant:<\/p>\n<ul>\n<li>Nom i cognoms<\/li>\n<li>DNI\/NIE o passaport<\/li>\n<li>T\u00edtol sol\u00b7licitat (per exemple B2 angl\u00e8s)<\/li>\n<\/ul>\n<div>L\u2019escola us respondr\u00e0 el correu una vegada s\u2019hagi verificat el vostre pagament (unes 48<\/div>\n<div><\/div>\n<div>hores) per comunicar-vos que heu de venir presencialment a la Secretaria per validar el<\/div>\n<div><\/div>\n<div>resguard del t\u00edtol. Aquest resguard provisional tindr\u00e0 efectes legals mentre el t\u00edtol no<\/div>\n<div><\/div>\n<div>s\u2019expedeixi materialment.<\/div>\n<\/li>\n<\/ul>\n<\/div>\n<\/div>\n<\/td>\n<\/tr>\n<\/tbody>\n<\/table>\n<p>&nbsp;<\/p>\n","protected":false},"excerpt":{"rendered":"<p><a href=\"https:\/\/agora-eoi.xtec.cat\/eoi-lapau\/wp-content\/uploads\/usu1668\/2022\/11\/Expedicio-de-titols.png\"><\/a><\/p>\n<p>INFORMACI\u00d3 SOBRE EL PROCEDIMENT PER A L&#8217;EXPEDICI\u00d3 DE T\u00cdTOLS<\/p>\n<p>Nivells A2 i B1<\/p>\n<ul>\n<li>L\u2019alumnat que hagi superat el 2n curs obt\u00e9 el Certificat de nivell b\u00e0sic A2.<\/li>\n<li>L\u2019alumnat oficial de 3r o els candidats o candidates lliures que hagin superat les proves corresponents obtenen el Certificat de&hellip;  <a href=\"https:\/\/agora-eoi.xtec.cat\/eoi-lapau\/secretaria\/expedicio-de-titols\/\" title=\"Read Expedici\u00f3 de t\u00edtols\">Llegeix m\u00e9s\u00bb<\/a><br \/>\n","protected":false},"author":1,"featured_media":0,"parent":9680,"menu_order":6,"comment_status":"closed","ping_status":"closed","template":"page-templates\/side-menu.php","meta":{"_bbp_topic_count":0,"_bbp_reply_count":0,"_bbp_total_topic_count":0,"_bbp_total_reply_count":0,"_bbp_voice_count":0,"_bbp_anonymous_reply_count":0,"_bbp_topic_count_hidden":0,"_bbp_reply_count_hidden":0,"_bbp_forum_subforum_count":0,"footnotes":""},"class_list":["post-9767","page","type-page","status-publish","hentry"],"post_mailing_queue_ids":[],"_links":{"self":[{"href":"https:\/\/agora-eoi.xtec.cat\/eoi-lapau\/wp-json\/wp\/v2\/pages\/9767","targetHints":{"allow":["GET"]}}],"collection":[{"href":"https:\/\/agora-eoi.xtec.cat\/eoi-lapau\/wp-json\/wp\/v2\/pages"}],"about":[{"href":"https:\/\/agora-eoi.xtec.cat\/eoi-lapau\/wp-json\/wp\/v2\/types\/page"}],"author":[{"embeddable":true,"href":"https:\/\/agora-eoi.xtec.cat\/eoi-lapau\/wp-json\/wp\/v2\/users\/1"}],"replies":[{"embeddable":true,"href":"https:\/\/agora-eoi.xtec.cat\/eoi-lapau\/wp-json\/wp\/v2\/comments?post=9767"}],"version-history":[{"count":6,"href":"https:\/\/agora-eoi.xtec.cat\/eoi-lapau\/wp-json\/wp\/v2\/pages\/9767\/revisions"}],"predecessor-version":[{"id":11687,"href":"https:\/\/agora-eoi.xtec.cat\/eoi-lapau\/wp-json\/wp\/v2\/pages\/9767\/revisions\/11687"}],"up":[{"embeddable":true,"href":"https:\/\/agora-eoi.xtec.cat\/eoi-lapau\/wp-json\/wp\/v2\/pages\/9680"}],"wp:attachment":[{"href":"https:\/\/agora-eoi.xtec.cat\/eoi-lapau\/wp-json\/wp\/v2\/media?parent=9767"}],"curies":[{"name":"wp","href":"https:\/\/api.w.org\/{rel}","templated":true}]}}