{"id":9765,"date":"2022-10-30T15:09:43","date_gmt":"2022-10-30T14:09:43","guid":{"rendered":"https:\/\/agora-eoi.xtec.cat\/eoi-lapau\/?page_id=9765"},"modified":"2025-10-10T13:26:09","modified_gmt":"2025-10-10T11:26:09","slug":"renuncies","status":"publish","type":"page","link":"https:\/\/agora-eoi.xtec.cat\/eoi-lapau\/secretaria\/renuncies\/","title":{"rendered":"Ren\u00fancies"},"content":{"rendered":"<p><span style=\"font-size: 2.75em; font-weight: bold;\">Ren\u00fancies i devolucions<\/span><\/p>\n<div class=\"entry-content\">\n<p><b>Ren\u00fancies i\/o devoluci\u00f3 de taxes o de preu p\u00fablic per a alumnat oficial i alumnat lliure<\/b><\/p>\n<p>Hi ha diferents tipus de ren\u00fancies:<\/p>\n<p><b><\/b><b><\/b><b>1. Ren\u00fancia al curs actual en el qual s\u2019est\u00e0 matriculat\/da, amb petici\u00f3 de retorn de devoluci\u00f3 de taxes o de preu p\u00fablic.<\/b><\/p>\n<p>Les taxes o els preus p\u00fablics de la matr\u00edcula a les EOI nom\u00e9s es poden retornar en els sup\u00f2sits que s\u2019indiquen a continuaci\u00f3 i en els terminis que estableix el Departament d\u2019Educaci\u00f3:<\/p>\n<p><b>Alumnat oficial:<\/b><\/p>\n<ul>\n<li aria-level=\"1\">Ren\u00fancia a la matr\u00edcula de cursos extensius (de setembre a maig\/juny) fins al\u00a0<strong>10 d\u2019octubre<\/strong>. S\u2019ent\u00e9n que el termini finalitza el dia\u00a0h\u00e0bil posterior si aquest dia indicat \u00e9s festiu.<\/li>\n<li aria-level=\"1\">En cas de\u00a0trasllat a una altra comunitat aut\u00f2noma, l\u2019alumnat pot sol\u00b7licitar el retorn de taxes o preus p\u00fablics abans del darrer dia h\u00e0bil de novembre.<\/li>\n<li aria-level=\"1\">Pagaments duplicats o per un import superior.<\/li>\n<li aria-level=\"1\">No aplicaci\u00f3 de bonificacions o exempcions a les quals l\u2019alumnat t\u00e9 dret en el moment de la matr\u00edcula, per l\u2019import corresponent.<\/li>\n<\/ul>\n<p><b>Alumnat lliure:<\/b><\/p>\n<ul>\n<li aria-level=\"1\">Ren\u00fancia a la inscripci\u00f3 a les proves lliures per a l\u2019obtenci\u00f3 del certificat de nivell intermedi B1, del certificat de nivell\u00a0intermedi B2, del certificat de nivell avan\u00e7at C1 o del certificat de nivell avan\u00e7at C2, quan la ren\u00fancia i la sol\u00b7licitud de retorn de taxes o de preus p\u00fablics es produeixen abans de la data de publicaci\u00f3 de les llistes definitives d\u2019admesos.<\/li>\n<li aria-level=\"1\">Pagaments duplicats o per un import superior.<\/li>\n<li aria-level=\"1\">No aplicaci\u00f3 de bonificacions o exempcions a les quals l\u2019alumnat t\u00e9 dret en el moment de la matr\u00edcula, per l\u2019import corresponent.<\/li>\n<\/ul>\n<p><b>Modalitat de presentaci\u00f3 telem\u00e0tica:<\/b><\/p>\n<p>Accedir a la p\u00e0gina web del\u00a0<a href=\"https:\/\/educacio.gencat.cat\/ca\/tramits\/tramits-temes\/devolucio-ingressos-indeguts\" target=\"_blank\" rel=\"noopener\">Departament d\u2019Educaci\u00f3.<\/a><\/p>\n<p>Documentaci\u00f3 que cal adjuntar:<\/p>\n<ul>\n<li aria-level=\"1\">C\u00f2pia del resguard de matr\u00edcula.<\/li>\n<li aria-level=\"1\">C\u00f2pia del resguard del pagament.<\/li>\n<\/ul>\n<p><b>Modalitat de presentaci\u00f3 presencial:<\/b><\/p>\n<p>La sol\u00b7licitud de devoluci\u00f3 de taxes i preus p\u00fablics s\u2019ha de presentar amb el formulari oficial de\u00a0<a href=\"https:\/\/drive.google.com\/file\/d\/1F10InX6fZ-NgyvR_J6tSnAXm_eaxUb7z\/view?usp=sharing\" target=\"_blank\" rel=\"noopener\">Petici\u00f3 devoluci\u00f3 amb ren\u00fancia a matr\u00edcula<\/a><\/p>\n<p>Documentaci\u00f3 que cal presentar:<\/p>\n<ul>\n<li aria-level=\"1\">Presentaci\u00f3 DNI o NIE i\/o passaport.<\/li>\n<li aria-level=\"1\">Impr\u00e8s de Sol\u00b7licitud de devoluci\u00f3 de taxes signada per l\u2019alumne\/a.<\/li>\n<li aria-level=\"1\">C\u00f2pia del resguard de matr\u00edcula.<\/li>\n<li aria-level=\"1\">C\u00f2pia del resguard del pagament.<\/li>\n<\/ul>\n<p><strong>2. Retorn d\u2019ingressos indeguts<\/strong><\/p>\n<p>Aquesta modalitat contempla la devoluci\u00f3 dels descomptes i bonificacions no aplicats en el moment de formalitzar la matr\u00edcula.<\/p>\n<p><b>Modalitat de presentaci\u00f3 telem\u00e0tica:<\/b><\/p>\n<p>Accedir a la p\u00e0gina web del\u00a0<a href=\"https:\/\/educacio.gencat.cat\/ca\/tramits\/tramits-temes\/devolucio-ingressos-indeguts\" target=\"_blank\" rel=\"noopener\">Departament d\u2019Educaci\u00f3.<\/a><\/p>\n<p>Documentaci\u00f3 que cal adjuntar:<\/p>\n<ul>\n<li aria-level=\"1\">C\u00f2pia del resguard de matr\u00edcula.<\/li>\n<li aria-level=\"1\">C\u00f2pia del resguard del pagament.<\/li>\n<\/ul>\n<p><b>Modalitat de presentaci\u00f3 presencial:<\/b><\/p>\n<p>La sol\u00b7licitud de devoluci\u00f3 de taxes i preus p\u00fablics s\u2019ha de presentar amb el formulari oficial de\u00a0<a href=\"https:\/\/documents.espai.educacio.gencat.cat\/FormularisModels\/GestioEconomica\/A677.pdf\" target=\"_blank\" rel=\"noopener\">Petici\u00f3 devoluci\u00f3<\/a><\/p>\n<p>Documentaci\u00f3 que cal presentar:<\/p>\n<ul>\n<li aria-level=\"1\">Presentaci\u00f3 DNI o NIE i\/o passaport.<\/li>\n<li aria-level=\"1\">Impr\u00e8s de Sol\u00b7licitud de devoluci\u00f3 de taxes signada per l\u2019alumne\/a.<\/li>\n<li aria-level=\"1\">C\u00f2pia del resguard de matr\u00edcula.<\/li>\n<li aria-level=\"1\">C\u00f2pia del resguard del pagament.<\/li>\n<li>Si escau, la documentaci\u00f3 necess\u00e0ria per acreditar el dret a la bonificaci\u00f3 o exempci\u00f3 de la taxa o el preu p\u00fablic.<\/li>\n<\/ul>\n<p><strong>3. Alumnat oficial: ren\u00fancia al curs actual en el qual s\u2019est\u00e0 matriculat\/da (no suposa devoluci\u00f3 import matr\u00edcula)<\/strong><\/p>\n<p>L\u2019alumnat oficial pot presentar, al director de l\u2019escola, la ren\u00fancia a la matr\u00edcula en un idioma en un termini que finalitza, per als cursos extensius (de setembre a maig\/juny), el\u00a0<strong>29 de novembre.<\/strong><br \/>\nAquesta ren\u00fancia no suposa el c\u00f2mput del curs a l\u2019efecte de repetici\u00f3, ni el dret al retorn de l\u2019import de la matr\u00edcula.<br \/>\nUn cop passat el termini de ren\u00fancia establert, si un alumne o alumna oficial abandona el curs, aquest abandonament li computa a l\u2019efecte de repetici\u00f3 i t\u00e9, a tots els efectes, la consideraci\u00f3 de \u201cno presentat\/ada\u201d en la qualificaci\u00f3 final.<br \/>\nL\u2019alumnat nom\u00e9s pot fer una d\u2019aquestes ren\u00fancies per curs.<br \/>\nLa ren\u00fancia suposa perdre el dret d\u2019assistir a classe, i la p\u00e8rdua del dret al retorn de l\u2019import de la matr\u00edcula, per\u00f2 permet matricular-se el seg\u00fcent curs acad\u00e8mic com a alumnat oficial, al mes de juliol.<\/p>\n<p><b>4. Alumnat oficial: Ren\u00fancia a un curs aprovat a una EOI (nom\u00e9s per a nivells A1, B2.1, C2.1)<\/b><\/p>\n<p>L\u2019alumnat que tingui un expedient acad\u00e8mic obert en una escola oficial d\u2019idiomes pot sol\u00b7licitar al director de l\u2019escola la ren\u00fancia a un dels cursos acad\u00e8mics superats en aquell idioma, sempre que no siguin cursos que hagin comportat l\u2019obtenci\u00f3 d\u2019un certificat oficial.<br \/>\nL\u2019escola pot concedir la ren\u00fancia un cop obtinguts els informes oportuns del departament d\u2019aquell idioma.<br \/>\nEl curs renunciat computa a l\u2019efecte de repetici\u00f3.<br \/>\nData l\u00edmit de petici\u00f3: abans de la data de la matr\u00edcula.<\/p>\n<p><b>IMPORTANT:<\/b>\u00a0Les ren\u00fancies esmentades en els apartats 1, 2 i 3 es fan constar a l\u2019expedient acad\u00e8mic de l\u2019alumnat.<\/p>\n<\/div>\n<p>&nbsp;<\/p>\n<p>&nbsp;<\/p>\n<p>&nbsp;<\/p>\n<p>&nbsp;<\/p>\n","protected":false},"excerpt":{"rendered":"<p>Ren\u00fancies i devolucions<\/p>\n<p>Ren\u00fancies i\/o devoluci\u00f3 de taxes o de preu p\u00fablic per a alumnat oficial i alumnat lliure<br \/>\nHi ha diferents tipus de ren\u00fancies:<br \/>\n1. Ren\u00fancia al curs actual en el qual s\u2019est\u00e0 matriculat\/da, amb petici\u00f3 de retorn de devoluci\u00f3 de taxes o de preu p\u00fablic.<br \/>\nLes taxes&hellip;  <a href=\"https:\/\/agora-eoi.xtec.cat\/eoi-lapau\/secretaria\/renuncies\/\" title=\"Read Ren\u00fancies\">Llegeix m\u00e9s\u00bb<\/a><\/p>\n","protected":false},"author":1,"featured_media":0,"parent":9680,"menu_order":5,"comment_status":"closed","ping_status":"closed","template":"page-templates\/side-menu.php","meta":{"_bbp_topic_count":0,"_bbp_reply_count":0,"_bbp_total_topic_count":0,"_bbp_total_reply_count":0,"_bbp_voice_count":0,"_bbp_anonymous_reply_count":0,"_bbp_topic_count_hidden":0,"_bbp_reply_count_hidden":0,"_bbp_forum_subforum_count":0,"footnotes":""},"class_list":["post-9765","page","type-page","status-publish","hentry"],"post_mailing_queue_ids":[],"_links":{"self":[{"href":"https:\/\/agora-eoi.xtec.cat\/eoi-lapau\/wp-json\/wp\/v2\/pages\/9765","targetHints":{"allow":["GET"]}}],"collection":[{"href":"https:\/\/agora-eoi.xtec.cat\/eoi-lapau\/wp-json\/wp\/v2\/pages"}],"about":[{"href":"https:\/\/agora-eoi.xtec.cat\/eoi-lapau\/wp-json\/wp\/v2\/types\/page"}],"author":[{"embeddable":true,"href":"https:\/\/agora-eoi.xtec.cat\/eoi-lapau\/wp-json\/wp\/v2\/users\/1"}],"replies":[{"embeddable":true,"href":"https:\/\/agora-eoi.xtec.cat\/eoi-lapau\/wp-json\/wp\/v2\/comments?post=9765"}],"version-history":[{"count":5,"href":"https:\/\/agora-eoi.xtec.cat\/eoi-lapau\/wp-json\/wp\/v2\/pages\/9765\/revisions"}],"predecessor-version":[{"id":11641,"href":"https:\/\/agora-eoi.xtec.cat\/eoi-lapau\/wp-json\/wp\/v2\/pages\/9765\/revisions\/11641"}],"up":[{"embeddable":true,"href":"https:\/\/agora-eoi.xtec.cat\/eoi-lapau\/wp-json\/wp\/v2\/pages\/9680"}],"wp:attachment":[{"href":"https:\/\/agora-eoi.xtec.cat\/eoi-lapau\/wp-json\/wp\/v2\/media?parent=9765"}],"curies":[{"name":"wp","href":"https:\/\/api.w.org\/{rel}","templated":true}]}}