{"id":9608,"date":"2022-10-30T08:24:38","date_gmt":"2022-10-30T07:24:38","guid":{"rendered":"https:\/\/agora-eoi.xtec.cat\/eoi-lapau\/?page_id=9608"},"modified":"2022-10-31T13:23:34","modified_gmt":"2022-10-31T12:23:34","slug":"matricula-dactualitzacio-per-a-antic-alumnat-duna-eoi","status":"publish","type":"page","link":"https:\/\/agora-eoi.xtec.cat\/eoi-lapau\/secretaria\/matricula\/matricula-dactualitzacio-per-a-antic-alumnat-duna-eoi\/","title":{"rendered":"Matr\u00edcula d\u2019actualitzaci\u00f3"},"content":{"rendered":"<p><a href=\"https:\/\/agora-eoi.xtec.cat\/eoi-lapau\/wp-content\/uploads\/usu1668\/2022\/10\/Logo-matricula-actualitzacio-EOI.jpg\"><img loading=\"lazy\" decoding=\"async\" class=\"size-full wp-image-9043 alignnone\" src=\"https:\/\/agora-eoi.xtec.cat\/eoi-lapau\/wp-content\/uploads\/usu1668\/2022\/10\/Logo-matricula-actualitzacio-EOI.jpg\" alt=\"\" width=\"320\" height=\"202\" srcset=\"https:\/\/agora-eoi.xtec.cat\/eoi-lapau\/wp-content\/uploads\/usu1668\/2022\/10\/Logo-matricula-actualitzacio-EOI.jpg 320w, https:\/\/agora-eoi.xtec.cat\/eoi-lapau\/wp-content\/uploads\/usu1668\/2022\/10\/Logo-matricula-actualitzacio-EOI-300x189.jpg 300w\" sizes=\"auto, (max-width: 320px) 100vw, 320px\" \/><\/a><\/p>\n<p>Les persones que ja <strong>hagin cursat i superat amb anterioritat cursos de les Escoles Oficials d\u2019Idiomes<\/strong>, i que vulguin actualitzar-ne els coneixements,\u00a0<strong>poden sol\u00b7licitar matricular-se en l\u2019\u00faltim nivell realitzat o en qualsevol dels nivells inferiors<\/strong>, sempre que\u00a0<strong>hagin transcorregut dos cursos<\/strong>\u00a0des de l\u2019antiga matriculaci\u00f3.<\/p>\n<p>La sol\u00b7licitud per a aquest tipus de matr\u00edcula s\u2019ha de presentar al centre\u00a0<strong>un cop finalitzat el per\u00edode d\u2019admissi\u00f3<\/strong>, i nom\u00e9s s\u2019admet si existeixen vacants en el curs i l\u2019idioma sol\u00b7licitat. La sol\u00b7licitud \u00e9s valida \u00fanicament per al curs acad\u00e8mic en qu\u00e8 se sol\u00b7licita i s\u2019ha de tornar a presentar per a cursos acad\u00e8mics posteriors si es vol continuar els estudis.<\/p>\n<p>Aquest tipus de matr\u00edcula no t\u00e9 efectes acad\u00e8mics ni dona lloc a cap certificat oficial. La qualificaci\u00f3 que es fa constar a l\u2019expedient acad\u00e8mic de l\u2019alumnat \u00e9s de \u201cno qualificat\/ada\u201d.<\/p>\n<p>L\u2019alumnat en aquesta situaci\u00f3 acad\u00e8mica\u00a0<strong>no t\u00e9 dret a sol\u00b7licitar una nova expedici\u00f3 si t\u00e9 un certificat obtingut anteriorment<\/strong>, per\u00f2 pot sol\u00b7licitar un certificat d\u2019actualitzaci\u00f3 al centre on estigui matriculat.<\/p>\n<p>El preu del curs \u00e9s el de la\u00a0taxa o el preu p\u00fablic\u00a0corresponent, sense penalitzaci\u00f3 per repetici\u00f3.<\/p>\n<p>Durant un mateix curs acad\u00e8mic no es pot simultaniejar una matr\u00edcula ordin\u00e0ria als ensenyaments presencials amb una matr\u00edcula d\u2019actualitzaci\u00f3 del mateix idioma.<\/p>\n<p>Si voleu fer una matricula d\u2019actualitzaci\u00f3 poseu-vos en contacte amb la Secretaria de l\u2019escola de dilluns a dijous de 16.00 a 20.00 h.<\/p>\n","protected":false},"excerpt":{"rendered":"<p><a href=\"https:\/\/agora-eoi.xtec.cat\/eoi-lapau\/wp-content\/uploads\/usu1668\/2022\/10\/Logo-matricula-actualitzacio-EOI.jpg\"><\/a><br \/>\nLes persones que ja hagin cursat i superat amb anterioritat cursos de les Escoles Oficials d\u2019Idiomes, i que vulguin actualitzar-ne els coneixements,\u00a0poden sol\u00b7licitar matricular-se en l\u2019\u00faltim nivell realitzat o en qualsevol dels nivells inferiors, sempre que\u00a0hagin transcorregut dos cursos\u00a0des de l\u2019antiga matriculaci\u00f3.<br \/>\nLa sol\u00b7licitud per&hellip;  <a href=\"https:\/\/agora-eoi.xtec.cat\/eoi-lapau\/secretaria\/matricula\/matricula-dactualitzacio-per-a-antic-alumnat-duna-eoi\/\" title=\"Read Matr\u00edcula d\u2019actualitzaci\u00f3\">Llegeix m\u00e9s\u00bb<\/a><\/p>\n","protected":false},"author":1,"featured_media":0,"parent":9535,"menu_order":3,"comment_status":"closed","ping_status":"closed","template":"page-templates\/side-menu.php","meta":{"_bbp_topic_count":0,"_bbp_reply_count":0,"_bbp_total_topic_count":0,"_bbp_total_reply_count":0,"_bbp_voice_count":0,"_bbp_anonymous_reply_count":0,"_bbp_topic_count_hidden":0,"_bbp_reply_count_hidden":0,"_bbp_forum_subforum_count":0,"footnotes":""},"class_list":["post-9608","page","type-page","status-publish","hentry"],"post_mailing_queue_ids":[],"_links":{"self":[{"href":"https:\/\/agora-eoi.xtec.cat\/eoi-lapau\/wp-json\/wp\/v2\/pages\/9608","targetHints":{"allow":["GET"]}}],"collection":[{"href":"https:\/\/agora-eoi.xtec.cat\/eoi-lapau\/wp-json\/wp\/v2\/pages"}],"about":[{"href":"https:\/\/agora-eoi.xtec.cat\/eoi-lapau\/wp-json\/wp\/v2\/types\/page"}],"author":[{"embeddable":true,"href":"https:\/\/agora-eoi.xtec.cat\/eoi-lapau\/wp-json\/wp\/v2\/users\/1"}],"replies":[{"embeddable":true,"href":"https:\/\/agora-eoi.xtec.cat\/eoi-lapau\/wp-json\/wp\/v2\/comments?post=9608"}],"version-history":[{"count":3,"href":"https:\/\/agora-eoi.xtec.cat\/eoi-lapau\/wp-json\/wp\/v2\/pages\/9608\/revisions"}],"predecessor-version":[{"id":9891,"href":"https:\/\/agora-eoi.xtec.cat\/eoi-lapau\/wp-json\/wp\/v2\/pages\/9608\/revisions\/9891"}],"up":[{"embeddable":true,"href":"https:\/\/agora-eoi.xtec.cat\/eoi-lapau\/wp-json\/wp\/v2\/pages\/9535"}],"wp:attachment":[{"href":"https:\/\/agora-eoi.xtec.cat\/eoi-lapau\/wp-json\/wp\/v2\/media?parent=9608"}],"curies":[{"name":"wp","href":"https:\/\/api.w.org\/{rel}","templated":true}]}}