{"id":9546,"date":"2022-10-29T20:47:23","date_gmt":"2022-10-29T18:47:23","guid":{"rendered":"https:\/\/agora-eoi.xtec.cat\/eoi-lapau\/?page_id=9546"},"modified":"2022-11-06T12:06:56","modified_gmt":"2022-11-06T11:06:56","slug":"matricula-lliure","status":"publish","type":"page","link":"https:\/\/agora-eoi.xtec.cat\/eoi-lapau\/secretaria\/matricula\/matricula-lliure\/","title":{"rendered":"Matr\u00edcula lliure"},"content":{"rendered":"<p><strong><span style=\"color: #000000;\">Requisits<\/span><\/strong><\/p>\n<p>Per presentar-se a les proves cal acreditar que s\u2019ha superat el segon curs d\u2019ESO (o nivell equivalent) i que es tenen 14 anys o m\u00e9s.<\/p>\n<p><strong><span style=\"color: #000000;\">Convocat\u00f2ria ordin\u00e0ria<\/span><\/strong><\/p>\n<p>La matr\u00edcula lliure d\u00f3na dret a una convocat\u00f2ria d\u2019examen per a l\u2019obtenci\u00f3 del Certificat de nivell intermedi o del Certificat de nivell avan\u00e7at. Les proves lliures per a totes les lleng\u00fces i certificats tenen lloc durant el mes de juny. La matr\u00edcula t\u00e9 lloc durant el mes de mar\u00e7. Les dates i condicions de matriculaci\u00f3 per als candidats lliures es publiquen al desembre de l\u2019any anterior.<\/p>\n<p><a href=\"http:\/\/ensenyament.gencat.cat\/ca\/serveis-tramits\/proves\/proves-lliures-obtencio-titols\/convocat-ordinaria-idiomes\/\" target=\"_blank\" rel=\"noopener\">+ informaci\u00f3<\/a><\/p>\n<p><span style=\"color: #000000;\"><strong>Convocat\u00f2ria extraordin\u00e0ria \u2013 Angl\u00e8s<\/strong><\/span><\/p>\n<p>En aquesta convocat\u00f2ria es pot obtenir el Certificat de nivell intermedi i el Certificat de nivell avan\u00e7at d\u2019angl\u00e8s. La matr\u00edcula t\u00e9 lloc al mes de novembre i les proves es realitzen al mes de febrer.<\/p>\n<p><a href=\"http:\/\/ensenyament.gencat.cat\/ca\/serveis-tramits\/proves\/proves-lliures-obtencio-titols\/convocat-extraord-idiomes\/\" target=\"_blank\" rel=\"noopener\">+ informaci\u00f3<\/a><\/p>\n","protected":false},"excerpt":{"rendered":"<p>Requisits<br \/>\nPer presentar-se a les proves cal acreditar que s\u2019ha superat el segon curs d\u2019ESO (o nivell equivalent) i que es tenen 14 anys o m\u00e9s.<br \/>\nConvocat\u00f2ria ordin\u00e0ria<br \/>\nLa matr\u00edcula lliure d\u00f3na dret a una convocat\u00f2ria d\u2019examen per a l\u2019obtenci\u00f3 del Certificat de nivell intermedi o del Certificat&hellip;  <a href=\"https:\/\/agora-eoi.xtec.cat\/eoi-lapau\/secretaria\/matricula\/matricula-lliure\/\" title=\"Read Matr\u00edcula lliure\">Llegeix m\u00e9s\u00bb<\/a><\/p>\n","protected":false},"author":1,"featured_media":0,"parent":9535,"menu_order":3,"comment_status":"closed","ping_status":"closed","template":"page-templates\/side-menu.php","meta":{"_bbp_topic_count":0,"_bbp_reply_count":0,"_bbp_total_topic_count":0,"_bbp_total_reply_count":0,"_bbp_voice_count":0,"_bbp_anonymous_reply_count":0,"_bbp_topic_count_hidden":0,"_bbp_reply_count_hidden":0,"_bbp_forum_subforum_count":0,"footnotes":""},"class_list":["post-9546","page","type-page","status-publish","hentry"],"post_mailing_queue_ids":[],"_links":{"self":[{"href":"https:\/\/agora-eoi.xtec.cat\/eoi-lapau\/wp-json\/wp\/v2\/pages\/9546","targetHints":{"allow":["GET"]}}],"collection":[{"href":"https:\/\/agora-eoi.xtec.cat\/eoi-lapau\/wp-json\/wp\/v2\/pages"}],"about":[{"href":"https:\/\/agora-eoi.xtec.cat\/eoi-lapau\/wp-json\/wp\/v2\/types\/page"}],"author":[{"embeddable":true,"href":"https:\/\/agora-eoi.xtec.cat\/eoi-lapau\/wp-json\/wp\/v2\/users\/1"}],"replies":[{"embeddable":true,"href":"https:\/\/agora-eoi.xtec.cat\/eoi-lapau\/wp-json\/wp\/v2\/comments?post=9546"}],"version-history":[{"count":3,"href":"https:\/\/agora-eoi.xtec.cat\/eoi-lapau\/wp-json\/wp\/v2\/pages\/9546\/revisions"}],"predecessor-version":[{"id":10442,"href":"https:\/\/agora-eoi.xtec.cat\/eoi-lapau\/wp-json\/wp\/v2\/pages\/9546\/revisions\/10442"}],"up":[{"embeddable":true,"href":"https:\/\/agora-eoi.xtec.cat\/eoi-lapau\/wp-json\/wp\/v2\/pages\/9535"}],"wp:attachment":[{"href":"https:\/\/agora-eoi.xtec.cat\/eoi-lapau\/wp-json\/wp\/v2\/media?parent=9546"}],"curies":[{"name":"wp","href":"https:\/\/api.w.org\/{rel}","templated":true}]}}