{"id":9544,"date":"2022-10-29T20:46:45","date_gmt":"2022-10-29T18:46:45","guid":{"rendered":"https:\/\/agora-eoi.xtec.cat\/eoi-lapau\/?page_id=9544"},"modified":"2025-09-21T22:31:46","modified_gmt":"2025-09-21T20:31:46","slug":"preu-de-la-matricula","status":"publish","type":"page","link":"https:\/\/agora-eoi.xtec.cat\/eoi-lapau\/secretaria\/matricula\/preu-de-la-matricula\/","title":{"rendered":"Preu de la matr\u00edcula"},"content":{"rendered":"<p><span style=\"color: #800080;\">Taxes i preus p\u00fablics<\/span><\/p>\n<p><a href=\"https:\/\/agora-eoi.xtec.cat\/eoi-lapau\/wp-content\/uploads\/usu1668\/2022\/10\/Preus-matricula.jpeg\"><img loading=\"lazy\" decoding=\"async\" class=\"alignnone wp-image-9633\" src=\"https:\/\/agora-eoi.xtec.cat\/eoi-lapau\/wp-content\/uploads\/usu1668\/2022\/10\/Preus-matricula.jpeg\" alt=\"\" width=\"378\" height=\"170\" srcset=\"https:\/\/agora-eoi.xtec.cat\/eoi-lapau\/wp-content\/uploads\/usu1668\/2022\/10\/Preus-matricula.jpeg 474w, https:\/\/agora-eoi.xtec.cat\/eoi-lapau\/wp-content\/uploads\/usu1668\/2022\/10\/Preus-matricula-300x135.jpeg 300w\" sizes=\"auto, (max-width: 378px) 100vw, 378px\" \/><\/a><\/p>\n<table style=\"width: 78.7885%; height: 360px;\" width=\"605\">\n<tbody>\n<tr style=\"height: 119px;\">\n<td style=\"width: 159.848%; height: 231px;\" rowspan=\"3\" width=\"192\">\n<h3 style=\"text-align: center;\"><strong>PREUS<\/strong><\/h3>\n<h3 style=\"text-align: center;\"><strong>MATR\u00cdCULES<\/strong><\/h3>\n<h3 style=\"text-align: center;\"><strong>\u00a0<\/strong><\/h3>\n<h3 style=\"text-align: center;\"><strong>CURS<\/strong><\/h3>\n<h3 style=\"text-align: center;\"><strong>2025-2026<\/strong><\/h3>\n<\/td>\n<td style=\"text-align: center; width: 18.7141%; height: 119px;\" colspan=\"2\" width=\"207\"><strong>TAXES<\/strong><\/p>\n<p><strong>Nivells:\u00a0 B1 &#8211; B2.1 &#8211; B2.2<\/strong><\/td>\n<td style=\"text-align: center; width: 67.0603%; height: 119px;\" colspan=\"2\" width=\"207\"><strong>PREUS P\u00daBLICS<\/strong><\/p>\n<p><strong>Nivells:\u00a0 A1 &#8211; A2 &#8211; C1 &#8211; C2<\/strong><\/td>\n<\/tr>\n<tr style=\"height: 41px;\">\n<td style=\"width: 18.7141%; height: 41px;\" colspan=\"2\" width=\"207\">\n<pre><a href=\"https:\/\/portaldogc.gencat.cat\/utilsEADOP\/PDF\/8155\/1799333.pdf\">Ordre EDU\/80\/2020,<\/a>\r\nmodificada per la\u00a0<a href=\"https:\/\/portaldogc.gencat.cat\/utilsEADOP\/PDF\/8877\/1964049.pdf\">Llei 2\/2023<\/a><\/pre>\n<\/td>\n<td style=\"width: 67.0603%; height: 41px;\" colspan=\"2\" width=\"207\">\n<pre><a href=\"https:\/\/portaldogc.gencat.cat\/utilsEADOP\/PDF\/8230\/1813076.pdf\">Ordre EDU\/155\/2020<\/a><\/pre>\n<\/td>\n<\/tr>\n<tr style=\"height: 71px;\">\n<td style=\"width: 1.66113%; height: 71px;\" width=\"101\">\n<p style=\"text-align: center;\">Matr\u00edcula<\/p>\n<p style=\"text-align: center;\">Ordin\u00e0ria<\/p>\n<\/td>\n<td style=\"text-align: center; width: 17.053%; height: 71px;\" width=\"105\">Bonificaci\u00f3<\/p>\n<p>50%<\/td>\n<td style=\"text-align: center; width: 16.3907%; height: 71px;\" width=\"101\">Matr\u00edcula<\/p>\n<p>Ordin\u00e0ria<\/td>\n<td style=\"text-align: center; width: 50.6696%; height: 71px;\" width=\"105\">Bonificaci\u00f3<\/p>\n<p>50%<\/td>\n<\/tr>\n<tr style=\"height: 30px;\">\n<td style=\"width: 159.848%; height: 30px;\" width=\"192\">\n<h5>1a. Matr\u00edcula<\/h5>\n<\/td>\n<td style=\"text-align: center; width: 1.66113%; height: 30px;\" width=\"101\">327,60 \u20ac<\/td>\n<td style=\"text-align: center; width: 17.053%; height: 30px;\" width=\"105\">163,80 \u20ac<\/td>\n<td style=\"text-align: center; width: 16.3907%; height: 30px;\" width=\"101\">305,00 \u20ac<\/td>\n<td style=\"text-align: center; width: 50.6696%; height: 30px;\" width=\"105\">152,50 \u20ac<\/td>\n<\/tr>\n<tr style=\"height: 40px;\">\n<td style=\"width: 159.848%; height: 40px;\" width=\"192\">\n<h5>2a. Matr\u00edcula<\/h5>\n<p>(1a.Repetici\u00f3: Mateix Idioma i Nivell)<\/td>\n<td style=\"text-align: center; width: 1.66113%; height: 40px;\" width=\"101\">425,90 \u20ac<\/td>\n<td style=\"text-align: center; width: 17.053%; height: 40px;\" width=\"105\">212,95 \u20ac<\/td>\n<td style=\"text-align: center; width: 16.3907%; height: 40px;\" width=\"101\">396,50 \u20ac<\/td>\n<td style=\"text-align: center; width: 50.6696%; height: 40px;\" width=\"105\">198,25 \u20ac<\/td>\n<\/tr>\n<tr style=\"height: 59px;\">\n<td style=\"width: 159.848%; height: 59px;\" width=\"192\">\n<h5>3a. Matr\u00edcula<\/h5>\n<p>(2a.Repetici\u00f3: Mateix Idioma i Nivell)<\/td>\n<td style=\"text-align: center; width: 1.66113%; height: 59px;\" width=\"101\">589,70 \u20ac<\/td>\n<td style=\"text-align: center; width: 17.053%; height: 59px;\" width=\"105\">294,85 \u20ac<\/td>\n<td style=\"text-align: center; width: 16.3907%; height: 59px;\" width=\"101\">549,00 \u20ac<\/td>\n<td style=\"text-align: center; width: 50.6696%; height: 59px;\" width=\"105\">274,50 \u20ac<\/td>\n<\/tr>\n<\/tbody>\n<\/table>\n<ul>\n<li><em>L\u2019aportaci\u00f3 complement\u00e0ria dels 30 \u20ac, ja inclosa en els imports de matr\u00edcula, \u00e9s obligat\u00f2ria i est\u00e0 subjecta a bonificacions i\/o exempcions dels preus p\u00fablics (<\/em><a href=\"https:\/\/portaldogc.gencat.cat\/utilsEADOP\/PDF\/8420\/1854031.pdf\"><em>Ordre EDU\/114\/2021<\/em><\/a><em>).<\/em><\/li>\n<\/ul>\n<p><em>\u00a0<\/em><strong>\u00a0<\/strong><\/p>\n<h4><strong>EXEMPCIONS I BONIFICACIONS GENERALS (per a tots els nivells):<\/strong><\/h4>\n<p>En el pagament de l&#8217;import de totes les taxes i preus p\u00fablics s&#8217;estableixen les\u00a0bonificacions i exempcions generals\u00a0seg\u00fcents:<\/p>\n<p><strong>Bonificaci\u00f3 del 50%<\/strong>\u00a0de l&#8217;import\u00a0per a:<\/p>\n<ul>\n<li>membres de fam\u00edlia nombrosa de categoria general i<\/li>\n<li>membres de fam\u00edlies monoparentals.<\/li>\n<\/ul>\n<p><strong>Exempci\u00f3 del 100%<\/strong>\u00a0del pagament per a:<\/p>\n<ul>\n<li>membres de fam\u00edlia nombrosa de categoria especial,<\/li>\n<li>v\u00edctimes del terrorisme (i els seus c\u00f2njuges i els seus fills i filles),<\/li>\n<li>persones amb discapacitat igual o superior al 33% i<\/li>\n<li>infants o adolescents en acolliment familiar.<\/li>\n<\/ul>\n<p><strong>Bonificacions espec\u00edfiques cursos de CATAL\u00c0<\/strong>:<\/p>\n<ul>\n<li>75% del preu p\u00fablic de la matr\u00edcula, per l\u2019alumnat dels nivells A1 o A2,<\/li>\n<li>50% del preu p\u00fablic de la matr\u00edcula, per l\u2019alumnat dels nivells C1 o C2.<\/li>\n<\/ul>\n<p>&nbsp;<\/p>\n<ul>\n<li><em>La concurr\u00e8ncia en una mateixa persona de les condicions que donen dret a dues o m\u00e9s bonificacions iguals o superiors al 50%, comportar\u00e0 l\u2019acumulaci\u00f3 d\u2019aquestes bonificacions <strong>a excepci\u00f3<\/strong> dels membres de fam\u00edlies monoparentals que tamb\u00e9 siguin membres de fam\u00edlies nombroses generals que nom\u00e9s podran aplicar una bonificaci\u00f3 del 50%.\u00a0<\/em><\/li>\n<\/ul>\n<p>A banda d&#8217;aquestes, <strong><em>consulteu les bonificacions o exempcions addicionals<\/em><\/strong>\u00a0 que estableix la normativa \u00a0per a cada un dels apartats de les\u00a0<a href=\"https:\/\/educacio.gencat.cat\/ca\/departament\/normativa\/taxes-preus-publics\/taxes\/\"><strong><em>taxes<\/em><\/strong><\/a>\u00a0i dels\u00a0<a href=\"https:\/\/educacio.gencat.cat\/ca\/departament\/normativa\/taxes-preus-publics\/preu-public\/\"><strong><em>preus p\u00fablics<\/em><\/strong><\/a>.<\/p>\n","protected":false},"excerpt":{"rendered":"<p>Taxes i preus p\u00fablics<br \/>\n<a href=\"https:\/\/agora-eoi.xtec.cat\/eoi-lapau\/wp-content\/uploads\/usu1668\/2022\/10\/Preus-matricula.jpeg\"><\/a><\/p>\n<p>PREUS<br \/>\nMATR\u00cdCULES<br \/>\n\u00a0<br \/>\nCURS<br \/>\n2025-2026<\/p>\n<p>TAXES<br \/>\nNivells:\u00a0 B1 &#8211; B2.1 &#8211; B2.2<br \/>\nPREUS P\u00daBLICS<br \/>\nNivells:\u00a0 A1 &#8211; A2 &#8211; C1 &#8211; C2<\/p>\n<p><a href=\"https:\/\/portaldogc.gencat.cat\/utilsEADOP\/PDF\/8155\/1799333.pdf\">Ordre EDU\/80\/2020,<\/a><br \/>\nmodificada per la\u00a0<a href=\"https:\/\/portaldogc.gencat.cat\/utilsEADOP\/PDF\/8877\/1964049.pdf\">Llei 2\/2023<\/a><\/p>\n<p><a href=\"https:\/\/portaldogc.gencat.cat\/utilsEADOP\/PDF\/8230\/1813076.pdf\">Ordre EDU\/155\/2020<\/a><\/p>\n<p>Matr\u00edcula<br \/>\nOrdin\u00e0ria<\/p>\n<p>Bonificaci\u00f3<br \/>\n50%<br \/>\nMatr\u00edcula<br \/>\nOrdin\u00e0ria<br \/>\nBonificaci\u00f3<br \/>\n50%<\/p>\n<p>1a. Matr\u00edcula<\/p>\n<p>327,60 \u20ac<br \/>\n163,80 \u20ac<br \/>\n305,00 \u20ac<br \/>\n152,50 \u20ac<\/p>\n<p>2a. Matr\u00edcula<br \/>\n(1a.Repetici\u00f3: Mateix Idioma i Nivell)<br \/>\n425,90 \u20ac<br \/>\n212,95 \u20ac<br \/>\n396,50 \u20ac<br \/>\n198,25 \u20ac<\/p>\n<p>3a. Matr\u00edcula<br \/>\n(2a.Repetici\u00f3: Mateix Idioma i Nivell)<br \/>\n589,70&hellip;  <a href=\"https:\/\/agora-eoi.xtec.cat\/eoi-lapau\/secretaria\/matricula\/preu-de-la-matricula\/\" title=\"Read Preu de la matr\u00edcula\">Llegeix m\u00e9s\u00bb<\/a><\/p>\n","protected":false},"author":1,"featured_media":0,"parent":9535,"menu_order":4,"comment_status":"closed","ping_status":"closed","template":"page-templates\/side-menu.php","meta":{"_bbp_topic_count":0,"_bbp_reply_count":0,"_bbp_total_topic_count":0,"_bbp_total_reply_count":0,"_bbp_voice_count":0,"_bbp_anonymous_reply_count":0,"_bbp_topic_count_hidden":0,"_bbp_reply_count_hidden":0,"_bbp_forum_subforum_count":0,"footnotes":""},"class_list":["post-9544","page","type-page","status-publish","hentry"],"post_mailing_queue_ids":[],"_links":{"self":[{"href":"https:\/\/agora-eoi.xtec.cat\/eoi-lapau\/wp-json\/wp\/v2\/pages\/9544","targetHints":{"allow":["GET"]}}],"collection":[{"href":"https:\/\/agora-eoi.xtec.cat\/eoi-lapau\/wp-json\/wp\/v2\/pages"}],"about":[{"href":"https:\/\/agora-eoi.xtec.cat\/eoi-lapau\/wp-json\/wp\/v2\/types\/page"}],"author":[{"embeddable":true,"href":"https:\/\/agora-eoi.xtec.cat\/eoi-lapau\/wp-json\/wp\/v2\/users\/1"}],"replies":[{"embeddable":true,"href":"https:\/\/agora-eoi.xtec.cat\/eoi-lapau\/wp-json\/wp\/v2\/comments?post=9544"}],"version-history":[{"count":4,"href":"https:\/\/agora-eoi.xtec.cat\/eoi-lapau\/wp-json\/wp\/v2\/pages\/9544\/revisions"}],"predecessor-version":[{"id":11634,"href":"https:\/\/agora-eoi.xtec.cat\/eoi-lapau\/wp-json\/wp\/v2\/pages\/9544\/revisions\/11634"}],"up":[{"embeddable":true,"href":"https:\/\/agora-eoi.xtec.cat\/eoi-lapau\/wp-json\/wp\/v2\/pages\/9535"}],"wp:attachment":[{"href":"https:\/\/agora-eoi.xtec.cat\/eoi-lapau\/wp-json\/wp\/v2\/media?parent=9544"}],"curies":[{"name":"wp","href":"https:\/\/api.w.org\/{rel}","templated":true}]}}