{"id":9540,"date":"2022-10-29T20:43:10","date_gmt":"2022-10-29T18:43:10","guid":{"rendered":"https:\/\/agora-eoi.xtec.cat\/eoi-lapau\/?page_id=9540"},"modified":"2022-11-06T12:09:43","modified_gmt":"2022-11-06T11:09:43","slug":"matricula-oficial","status":"publish","type":"page","link":"https:\/\/agora-eoi.xtec.cat\/eoi-lapau\/secretaria\/matricula\/matricula-oficial\/","title":{"rendered":"Matr\u00edcula oficial"},"content":{"rendered":"<p><a href=\"https:\/\/agora-eoi.xtec.cat\/eoi-lapau\/wp-content\/uploads\/usu1668\/2015\/11\/calendari.jpg\"><img loading=\"lazy\" decoding=\"async\" class=\"alignnone wp-image-659\" src=\"https:\/\/agora-eoi.xtec.cat\/eoi-lapau\/wp-content\/uploads\/usu1668\/2015\/11\/calendari.jpg\" alt=\"\" width=\"272\" height=\"211\" srcset=\"https:\/\/agora-eoi.xtec.cat\/eoi-lapau\/wp-content\/uploads\/usu1668\/2015\/11\/calendari.jpg 555w, https:\/\/agora-eoi.xtec.cat\/eoi-lapau\/wp-content\/uploads\/usu1668\/2015\/11\/calendari-300x233.jpg 300w\" sizes=\"auto, (max-width: 272px) 100vw, 272px\" \/><\/a><\/p>\n<p>Les Escoles Oficials d\u2019Idiomes (EOI) s\u00f3n centres p\u00fablics no universitaris\u00a0que imparteixen els nivells b\u00e0sic, intermedi i avan\u00e7at de diversos idiomes moderns. Dins el Marc europeu com\u00fa de refer\u00e8ncia per a les lleng\u00fces, el nivell b\u00e0sic equival al nivells A1 i A2, l\u2019intermedi equival al B1 i B2, i l\u2019avan\u00e7at equival al C1 i C2.<\/p>\n<p>Per obtenir el certificat de cada nivell, es pot optar per la\u00a0matr\u00edcula oficial, que d\u00f3na\u00a0dret a assistir a classe i als ex\u00e0mens corresponents, o per la inscripci\u00f3 en r\u00e8gim lliure per fer l\u2019examen de les proves en el cas dels nivells intermedi i avan\u00e7at.<\/p>\n<p>Per accedir als ensenyaments d\u2019idiomes de les EOI cal tenir com a m\u00ednim 16 anys complerts l\u2019any en qu\u00e8 es comencen els estudis. Tamb\u00e9 s\u2019hi pot accedir amb 14 anys per estudiar un idioma diferent del que s\u2019estudia a l\u2019educaci\u00f3 secund\u00e0ria.<\/p>\n<p>Si ja teniu un Certificat d\u2019una EOI de fa m\u00e9s de dos anys, tamb\u00e9 podeu accedir a una matricula d\u2019actualitzaci\u00f3, que podeu consultar\u00a0<a href=\"https:\/\/agora-eoi.xtec.cat\/eoi-lapau\/matricula\/matricula-dactualitzacio-per-a-antic-alumnat-duna-eoi\/\" rel=\"noopener\">aqu\u00ed<\/a>.<\/p>\n<p>+\u00a0<a title=\"Ensenyament d'idiomes a Catalunya\" href=\"https:\/\/preinscripcio.gencat.cat\/ca\/estudis\/idiomes-eoi\/inici\/\" target=\"_blank\" rel=\"noopener noreferrer\">informaci\u00f3<\/a><\/p>\n","protected":false},"excerpt":{"rendered":"<p><a href=\"https:\/\/agora-eoi.xtec.cat\/eoi-lapau\/wp-content\/uploads\/usu1668\/2015\/11\/calendari.jpg\"><\/a><br \/>\nLes Escoles Oficials d\u2019Idiomes (EOI) s\u00f3n centres p\u00fablics no universitaris\u00a0que imparteixen els nivells b\u00e0sic, intermedi i avan\u00e7at de diversos idiomes moderns. Dins el Marc europeu com\u00fa de refer\u00e8ncia per a les lleng\u00fces, el nivell b\u00e0sic equival al nivells A1 i A2, l\u2019intermedi equival al&hellip;  <a href=\"https:\/\/agora-eoi.xtec.cat\/eoi-lapau\/secretaria\/matricula\/matricula-oficial\/\" title=\"Read Matr\u00edcula oficial\">Llegeix m\u00e9s\u00bb<\/a><\/p>\n","protected":false},"author":1,"featured_media":0,"parent":9535,"menu_order":1,"comment_status":"closed","ping_status":"closed","template":"page-templates\/side-menu.php","meta":{"_bbp_topic_count":0,"_bbp_reply_count":0,"_bbp_total_topic_count":0,"_bbp_total_reply_count":0,"_bbp_voice_count":0,"_bbp_anonymous_reply_count":0,"_bbp_topic_count_hidden":0,"_bbp_reply_count_hidden":0,"_bbp_forum_subforum_count":0,"footnotes":""},"class_list":["post-9540","page","type-page","status-publish","hentry"],"post_mailing_queue_ids":[],"_links":{"self":[{"href":"https:\/\/agora-eoi.xtec.cat\/eoi-lapau\/wp-json\/wp\/v2\/pages\/9540","targetHints":{"allow":["GET"]}}],"collection":[{"href":"https:\/\/agora-eoi.xtec.cat\/eoi-lapau\/wp-json\/wp\/v2\/pages"}],"about":[{"href":"https:\/\/agora-eoi.xtec.cat\/eoi-lapau\/wp-json\/wp\/v2\/types\/page"}],"author":[{"embeddable":true,"href":"https:\/\/agora-eoi.xtec.cat\/eoi-lapau\/wp-json\/wp\/v2\/users\/1"}],"replies":[{"embeddable":true,"href":"https:\/\/agora-eoi.xtec.cat\/eoi-lapau\/wp-json\/wp\/v2\/comments?post=9540"}],"version-history":[{"count":3,"href":"https:\/\/agora-eoi.xtec.cat\/eoi-lapau\/wp-json\/wp\/v2\/pages\/9540\/revisions"}],"predecessor-version":[{"id":10445,"href":"https:\/\/agora-eoi.xtec.cat\/eoi-lapau\/wp-json\/wp\/v2\/pages\/9540\/revisions\/10445"}],"up":[{"embeddable":true,"href":"https:\/\/agora-eoi.xtec.cat\/eoi-lapau\/wp-json\/wp\/v2\/pages\/9535"}],"wp:attachment":[{"href":"https:\/\/agora-eoi.xtec.cat\/eoi-lapau\/wp-json\/wp\/v2\/media?parent=9540"}],"curies":[{"name":"wp","href":"https:\/\/api.w.org\/{rel}","templated":true}]}}