{"id":9535,"date":"2022-10-29T20:38:12","date_gmt":"2022-10-29T18:38:12","guid":{"rendered":"https:\/\/agora-eoi.xtec.cat\/eoi-lapau\/?page_id=9535"},"modified":"2026-03-06T10:41:48","modified_gmt":"2026-03-06T09:41:48","slug":"matricula","status":"publish","type":"page","link":"https:\/\/agora-eoi.xtec.cat\/eoi-lapau\/secretaria\/matricula\/","title":{"rendered":"Matr\u00edcula Preus, exempcions i bonificacions"},"content":{"rendered":"<p>Informa&#8217;t sobre les diferents modalitats de matr\u00edcula a les quals pots optar:<\/p>\n<ul>\n<li><a href=\"https:\/\/agora-eoi.xtec.cat\/eoi-lapau\/matricula\/matricula-oficial\/\">Matr\u00edcula oficial<\/a><\/li>\n<li><a href=\"https:\/\/agora-eoi.xtec.cat\/eoi-lapau\/matricula\/matricula-lliure\/\">Matr\u00edcula lliure<\/a><\/li>\n<li><a href=\"https:\/\/agora-eoi.xtec.cat\/eoi-lapau\/matricula\/matricula-dactualitzacio-per-a-antic-alumnat-duna-eoi\/\">Matr\u00edcula d\u2019actualitzaci\u00f3<\/a><\/li>\n<li><a href=\"https:\/\/agora-eoi.xtec.cat\/eoi-lapau\/cursos\/cursos-semipresencials-2\/\">Matr\u00edcula cursos d&#8217;oferta especifica del centre<\/a><\/li>\n<\/ul>\n<header class=\"entry-header\">\n<h3 class=\"entry-title\">Preus, exempcions i bonificacions<\/h3>\n<\/header>\n<div class=\"entry-content\">\n<p><b>1. PREUS P\u00daBLICS PER ALS CURSOS DE NIVELL B\u00c0SIC (A1 i A2), C1 i C2:<\/b><\/p>\n<ul>\n<li aria-level=\"1\">Matr\u00edcula per a alumnes oficials del nivell b\u00e0sic i C1, per curs: 275 euros.<\/li>\n<li aria-level=\"1\">Acc\u00e9s a la plataforma i materials did\u00e0ctics dels ensenyaments d\u2019idiomes: 30 euros.<\/li>\n<\/ul>\n<p>En el pagament de l\u2019import de totes les taxes i els preus p\u00fablics s\u2019estableixen les bonificacions i exempcions generals seg\u00fcents:<\/p>\n<p><b>Bonificaci\u00f3 del 50%<\/b>\u00a0de l\u2019import per a:<\/p>\n<ul>\n<li aria-level=\"1\">membres de fam\u00edlia nombrosa de categoria general i<\/li>\n<li aria-level=\"1\">membres de fam\u00edlies monoparentals.<\/li>\n<\/ul>\n<p><b>Exempci\u00f3 del 100%<\/b>\u00a0del pagament per a:<\/p>\n<ul>\n<li aria-level=\"1\">membres de fam\u00edlia nombrosa de categoria especial,<\/li>\n<li aria-level=\"1\">persones amb discapacitat igual o superior al 33% i<\/li>\n<li aria-level=\"1\">infants o adolescents en acolliment familiar,<\/li>\n<li aria-level=\"1\">v\u00edctimes del terrorisme (i els seus c\u00f2njuges i els seus fills i filles).<\/li>\n<\/ul>\n<p>A m\u00e9s de les <a href=\"https:\/\/educacio.gencat.cat\/ca\/departament\/normativa\/taxes-preus-publics\/exempcions-bonificacions\/\">bonificacions i exempcions generals<\/a>\u00a0que s\u2019apliquen a aquests preus p\u00fablics, s\u2019estableix una\u00a0<b>bonificaci\u00f3<\/b>\u00a0de l\u2019import per a les persones seg\u00fcents:<\/p>\n<ul>\n<li aria-level=\"1\">Els alumnes que tinguin concedida una beca o ajut a l\u2019estudi en aquests mateixos ensenyaments per part de l\u2019administraci\u00f3 p\u00fablica competent en la mat\u00e8ria, gaudiran d\u2019una bonificaci\u00f3 del 50% de l\u2019import del preu p\u00fablic corresponent, pr\u00e8via acreditaci\u00f3 documental. La bonificaci\u00f3 nom\u00e9s es concedir\u00e0 pel mateix curs acad\u00e8mic pel qual s\u2019ha concedit la beca.<br \/>\nEn aquests casos, a l\u2019efecte de formalitzaci\u00f3 de la matr\u00edcula, si l\u2019alumne no t\u00e9 concedida encara la beca ha d\u2019abonar l\u2019import del preu p\u00fablic corresponent. Un cop se li notifiqui la concessi\u00f3 de la beca, podr\u00e0 demanar la devoluci\u00f3 de l\u2019import, davant de la direcci\u00f3 que els retornar\u00e0 el 50% de l\u2019import del preu p\u00fablic pagat.<\/li>\n<li aria-level=\"1\">Els alumnes dels centres sostinguts amb fons p\u00fablics, que es matriculen d\u2019una segona llengua estrangera en una escola oficial d\u2019idiomes, diferent de la llengua estrangera obligat\u00f2ria del curr\u00edculum que estudien en el centre educatiu, tenen una bonificaci\u00f3 del 50% del preu p\u00fablic.<\/li>\n<\/ul>\n<p>Els alumnes matriculats en una escola oficial d\u2019idiomes que cursen una llengua estrangera i volen estudiar una segona llengua estrangera en la mateixa o una altra escola oficial d\u2019idiomes, tenen una bonificaci\u00f3 del 50% del preu p\u00fablic en una de les lleng\u00fces que es matriculin.<\/p>\n<ul>\n<li aria-level=\"1\">Els alumnes matriculats en una escola oficial d\u2019idiomes, que cursen una llengua estrangera en el nivell de 5\u00e8 (intermedi B2), que es matriculin en una nova llengua estrangera el curs immediatament posterior, tenen una bonificaci\u00f3 del 50% del preu p\u00fablic de la matr\u00edcula de la nova llengua.<\/li>\n<li aria-level=\"1\">Les persones que es matriculen a un curs de nivell b\u00e0sic A1 o de nivell b\u00e0sic A2 en llengua catalana o en llengua occitana, tenen una bonificaci\u00f3 del 75% del preu p\u00fablic de la matr\u00edcula.<\/li>\n<li aria-level=\"1\">Les persones que es matriculen a un curs de nivell d\u2019actualitzaci\u00f3 i especialitzaci\u00f3 C1 o C2 en llengua catalana o en llengua occitana, tenen una bonificaci\u00f3 del 50% del preu p\u00fablic de la matr\u00edcula.<\/li>\n<li aria-level=\"1\">Els alumnes que cursen una llengua estrangera en una escola oficial d\u2019idiomes i es matriculin en el servei d\u2019autoaprenentatge tenen una bonificaci\u00f3 del 50% del preu p\u00fablic de la matr\u00edcula d\u2019aquest servei.<\/li>\n<\/ul>\n<p><b>Acumulaci\u00f3 de bonificacions:<\/b><\/p>\n<p>La concurr\u00e8ncia en una mateixa persona de les condicions que donen dret a dues o m\u00e9s bonificacions iguals o superiors al 50%, comportar\u00e0 l\u2019acumulaci\u00f3 d\u2019aquestes bonificacions.<\/p>\n<p>A m\u00e9s de les<a href=\"http:\/\/educacio.gencat.cat\/ca\/departament\/normativa\/taxes-preus-publics\/exempcions-bonificacions\/\">\u00a0bonificacions i exempcions generals<\/a>\u00a0que s\u2019apliquen a aquests preus p\u00fablics, s\u2019estableix l\u2019<b>exempci\u00f3<\/b>\u00a0del pagament per a les persones seg\u00fcents:<\/p>\n<ul>\n<li aria-level=\"1\">persones que tinguin una discapacitat acreditada igual o superior al 33%, els seus c\u00f2njuges i els seus fills o filles que en depenguin econ\u00f2micament.<\/li>\n<li aria-level=\"1\">persones subjectes a mesures privatives de llibertat,<\/li>\n<li aria-level=\"1\">persones membres d\u2019unitats familiars que percebin la renda m\u00ednima d\u2019inserci\u00f3, la renda activa d\u2019inserci\u00f3 o la renda garantida de ciutadania,<\/li>\n<li aria-level=\"1\">aturats de llarga durada que perceben un subsidi equivalent a una renda m\u00ednima d\u2019inserci\u00f3 o la renda activa d\u2019inserci\u00f3 o la renda garantida de ciutadania,<\/li>\n<li aria-level=\"1\">v\u00edctimes de viol\u00e8ncia de g\u00e8nere,<\/li>\n<li aria-level=\"1\">persones menors tutelades o persones extutelades menors de 21 anys. La condici\u00f3 de persona tutelada o extutelada s\u2019acredita mitjan\u00e7ant el certificat em\u00e8s per la Direcci\u00f3 General d\u2019Atenci\u00f3 a la Inf\u00e0ncia i l\u2019Adolesc\u00e8ncia o \u00f2rgan equivalent d\u2019altres comunitats aut\u00f2nomes.<\/li>\n<\/ul>\n<p><b>Exempcions espec\u00edfiques:<\/b><\/p>\n<ul>\n<li aria-level=\"1\">persones que en el curs acad\u00e8mic immediatament anterior hagin obtingut matr\u00edcula d\u2019honor en el batxillerat o el premi extraordinari de batxillerat,<\/li>\n<li aria-level=\"1\">persones guanyadores del Premi Extraordinari dels ensenyaments de Formaci\u00f3 professional, dels ensenyaments professionals d\u2019Arts Pl\u00e0stiques i Disseny, dels ensenyaments professionals de M\u00fasica o dels ensenyaments professionals de Dansa, en els termes previstos a la normativa que els estableixi, tenen dret a l\u2019exempci\u00f3 de l\u2019import del preu en concepte de matr\u00edcula i serveis, per un sol cop, a triar entre la matr\u00edcula en el nivell B\u00e0sic, el nivell C1 o el nivell C2.<\/li>\n<\/ul>\n<p><b>2. TAXES PER ALS CURSOS DE NIVELL INTERMEDI (B1, B2.1 i B2.2):<\/b><\/p>\n<ul>\n<li aria-level=\"1\">Matr\u00edcula i serveis per a alumnes oficials\u00a0per curs: 286,00 euros<\/li>\n<li aria-level=\"1\">Acc\u00e9s a la plataforma i materials did\u00e0ctics dels ensenyaments d\u2019idiomes: 30 euros.<\/li>\n<\/ul>\n<p>A m\u00e9s de les<a href=\"http:\/\/educacio.gencat.cat\/ca\/departament\/normativa\/taxes-preus-publics\/exempcions-bonificacions\/\">\u00a0bonificacions i exempcions generals<\/a>\u00a0que s\u2019apliquen a aquestes taxes, s\u2019estableixen les\u00a0<b>exempcions addicionals<\/b>\u00a0seg\u00fcents per a:<\/p>\n<ul>\n<li aria-level=\"1\">persones subjectes a mesures privatives de llibertat,<\/li>\n<li aria-level=\"1\">membres de fam\u00edlies que perceben la renda m\u00ednima d\u2019inserci\u00f3 o la renda activa d\u2019inserci\u00f3,<\/li>\n<li aria-level=\"1\">v\u00edctimes de viol\u00e8ncia de g\u00e8nere,<\/li>\n<li aria-level=\"1\">alumnes que tinguin concedida una beca per a estudis d\u2019idiomes per part de l\u2019Administraci\u00f3 p\u00fablica competent en la mat\u00e8ria. Si un alumne es matricula de dos o m\u00e9s idiomes, l\u2019exempci\u00f3 nom\u00e9s abasta l\u2019idioma per al qual s\u2019ha concedit la beca. L\u2019exempci\u00f3 nom\u00e9s es concedir\u00e0 per al mateix curs acad\u00e8mic per al qual s\u2019ha concedit la beca. A l\u2019efecte de formalitzaci\u00f3 de la matr\u00edcula oficial, l\u2019alumne ha d\u2019abonar la taxa si encara no t\u00e9 concedida la beca. Un cop se li notifiqui la concessi\u00f3 de la beca, podr\u00e0 demanar la devoluci\u00f3 de l\u2019import de la taxa mitjan\u00e7at el procediment de devoluci\u00f3 d\u2019ingressos indeguts,<\/li>\n<li aria-level=\"1\">alumnes que en el curs acad\u00e8mic immediatament anterior han obtingut matr\u00edcula d\u2019honor en el batxillerat o el Premi Extraordinari de Batxillerat (resten exempts de la taxa corresponent a la primera matr\u00edcula),<\/li>\n<li aria-level=\"1\">menors tutelats o extutelats menors de 21 anys (la condici\u00f3 de persona tutelada o extutelada s\u2019acredita per mitj\u00e0 del certificat em\u00e8s per la Direcci\u00f3 General d\u2019Atenci\u00f3 a la Inf\u00e0ncia i l\u2019Adolesc\u00e8ncia o l\u2019\u00f2rgan equivalent d\u2019altres comunitats aut\u00f2nomes).<\/li>\n<\/ul>\n<p><strong>3<\/strong>.\u00a0<strong><a href=\"http:\/\/xtec.gencat.cat\/ca\/formacio\/formaciogeneralprofessorat\/llengues\/programa-pia\/\">Cursos adre\u00e7ats al professorat (Programa PIA+)<\/a><\/strong><\/p>\n<p><b>Per a m\u00e9s informaci\u00f3, consulteu el web del Departament d\u2019Educaci\u00f3:\u00a0<\/b><\/p>\n<ul>\n<li aria-level=\"1\"><b>Taxes:\u00a0<\/b><a href=\"http:\/\/educacio.gencat.cat\/ca\/departament\/normativa\/taxes-preus-publics\/taxes\/\">http:\/\/educacio.gencat.cat\/ca\/departament\/normativa\/taxes-preus-publics\/taxes\/<\/a><\/li>\n<\/ul>\n<ul>\n<li aria-level=\"1\"><b>Preus p\u00fablics:\u00a0<\/b><a href=\"http:\/\/educacio.gencat.cat\/ca\/departament\/normativa\/taxes-preus-publics\/preu-public\/\">http:\/\/educacio.gencat.cat\/ca\/departament\/normativa\/taxes-preus-publics\/preu-public\/<\/a><\/li>\n<\/ul>\n<\/div>\n","protected":false},"excerpt":{"rendered":"<p>Informa&#8217;t sobre les diferents modalitats de matr\u00edcula a les quals pots optar:<\/p>\n<ul>\n<li><a href=\"https:\/\/agora-eoi.xtec.cat\/eoi-lapau\/matricula\/matricula-oficial\/\">Matr\u00edcula oficial<\/a><\/li>\n<li><a href=\"https:\/\/agora-eoi.xtec.cat\/eoi-lapau\/matricula\/matricula-lliure\/\">Matr\u00edcula lliure<\/a><\/li>\n<li><a href=\"https:\/\/agora-eoi.xtec.cat\/eoi-lapau\/matricula\/matricula-dactualitzacio-per-a-antic-alumnat-duna-eoi\/\">Matr\u00edcula d\u2019actualitzaci\u00f3<\/a><\/li>\n<li><a href=\"https:\/\/agora-eoi.xtec.cat\/eoi-lapau\/cursos\/cursos-semipresencials-2\/\">Matr\u00edcula cursos d&#8217;oferta especifica del centre<\/a><\/li>\n<\/ul>\n<p>Preus, exempcions i bonificacions<\/p>\n<p>1. PREUS P\u00daBLICS PER ALS CURSOS DE NIVELL B\u00c0SIC (A1 i A2), C1 i C2:<\/p>\n<ul>\n<li aria-level=\"1\">Matr\u00edcula per a alumnes&hellip;  <a href=\"https:\/\/agora-eoi.xtec.cat\/eoi-lapau\/secretaria\/matricula\/\" title=\"Read Matr\u00edcula Preus, exempcions i bonificacions\">Llegeix m\u00e9s\u00bb<\/a><br \/>\n","protected":false},"author":1,"featured_media":0,"parent":9680,"menu_order":7,"comment_status":"closed","ping_status":"closed","template":"page-templates\/side-menu.php","meta":{"_bbp_topic_count":0,"_bbp_reply_count":0,"_bbp_total_topic_count":0,"_bbp_total_reply_count":0,"_bbp_voice_count":0,"_bbp_anonymous_reply_count":0,"_bbp_topic_count_hidden":0,"_bbp_reply_count_hidden":0,"_bbp_forum_subforum_count":0,"footnotes":""},"class_list":["post-9535","page","type-page","status-publish","hentry"],"post_mailing_queue_ids":[],"_links":{"self":[{"href":"https:\/\/agora-eoi.xtec.cat\/eoi-lapau\/wp-json\/wp\/v2\/pages\/9535","targetHints":{"allow":["GET"]}}],"collection":[{"href":"https:\/\/agora-eoi.xtec.cat\/eoi-lapau\/wp-json\/wp\/v2\/pages"}],"about":[{"href":"https:\/\/agora-eoi.xtec.cat\/eoi-lapau\/wp-json\/wp\/v2\/types\/page"}],"author":[{"embeddable":true,"href":"https:\/\/agora-eoi.xtec.cat\/eoi-lapau\/wp-json\/wp\/v2\/users\/1"}],"replies":[{"embeddable":true,"href":"https:\/\/agora-eoi.xtec.cat\/eoi-lapau\/wp-json\/wp\/v2\/comments?post=9535"}],"version-history":[{"count":7,"href":"https:\/\/agora-eoi.xtec.cat\/eoi-lapau\/wp-json\/wp\/v2\/pages\/9535\/revisions"}],"predecessor-version":[{"id":11688,"href":"https:\/\/agora-eoi.xtec.cat\/eoi-lapau\/wp-json\/wp\/v2\/pages\/9535\/revisions\/11688"}],"up":[{"embeddable":true,"href":"https:\/\/agora-eoi.xtec.cat\/eoi-lapau\/wp-json\/wp\/v2\/pages\/9680"}],"wp:attachment":[{"href":"https:\/\/agora-eoi.xtec.cat\/eoi-lapau\/wp-json\/wp\/v2\/media?parent=9535"}],"curies":[{"name":"wp","href":"https:\/\/api.w.org\/{rel}","templated":true}]}}