{"id":9248,"date":"2022-10-28T19:54:48","date_gmt":"2022-10-28T17:54:48","guid":{"rendered":"https:\/\/agora-eoi.xtec.cat\/eoi-lapau\/?page_id=9248"},"modified":"2022-10-31T14:47:57","modified_gmt":"2022-10-31T13:47:57","slug":"cursos-oficials-presencials","status":"publish","type":"page","link":"https:\/\/agora-eoi.xtec.cat\/eoi-lapau\/cursos\/cursos-oficials-presencials\/","title":{"rendered":"Cursos oficials presencials"},"content":{"rendered":"<p>A les EOI, el programa complet d\u2019un idioma consta de\u00a0set cursos, dividits en\u00a0tres nivells:<\/p>\n<ul>\n<li><strong>Nivell b\u00e0sic<\/strong>: compr\u00e8n el 1r i 2n curs (A1 i A2)<\/li>\n<li><strong>Nivell intermedi<\/strong>: compr\u00e8n el 3r curs (B1), 4rt i 5\u00e8 (B2)<\/li>\n<li><strong>Nivell avan\u00e7at<\/strong>: compr\u00e8n el C1 i C2<\/li>\n<\/ul>\n<p>Cada curs t\u00e9 una durada m\u00ednima de\u00a0<strong>130 hores lectives<\/strong>, de setembre a maig, distribu\u00efdes en franges de dues hores i quart, de 16.00 a 18.15 h o de 18.45 a 21.00 h, els dilluns i dimecres, o els dimarts i dijous. Als cursos d\u2019alemany les franges hor\u00e0ries s\u00f3n de 16.30 a 18.45 i de 18.45 a 21.00 h.<\/p>\n<p>Si ja es tenen\u00a0coneixements previs\u00a0d\u2019un idioma no \u00e9s obligatori comen\u00e7ar per primer. Existeix la possibilitat de presentar-se al\u00a0<strong>Test de nivell<\/strong>\u00a0de l\u2019idioma que es vol estudiar per tal d\u2019accedir a un curs superior. Tamb\u00e9 es pot accedir a un curs superior a primer si s\u2019est\u00e0 en possessi\u00f3 d\u2019una\u00a0<strong>acreditaci\u00f3<\/strong> v\u00e0lida.<\/p>\n<p>L\u2019alumnat que supera el 2n curs obt\u00e9 el\u00a0Certificat de Nivell B\u00e0sic, quan supera el 3r curs obt\u00e9 el\u00a0Certificat de Nivell Intermedi B1, quan supera el 5\u00e8 curs obt\u00e9\u00a0Certificat de Nivell Intermedi B2,\u00a0i\u00a0quan supera el C1, el\u00a0Certificat de Nivell Avan\u00e7at C1. Aquests s\u00f3n els quatre certificats que atorga l\u2019Escola Oficial d\u2019Idiomes.<\/p>\n<p><strong>El pla d\u2019estudis de les EOI t\u00e9 com a finalitat :<\/strong><\/p>\n<ul>\n<li>Promoure l\u2019\u00fas efectiu de l\u2019idioma com a vehicle de comunicaci\u00f3 general<\/li>\n<li>Adquirir les habilitats b\u00e0siques, tant receptives com productives, del llenguatge oral i escrit<\/li>\n<li>Desenvolupar estrat\u00e8gies comunicatives en diferents \u00e0rees de comunicaci\u00f3<\/li>\n<li>Desenvolupar estrat\u00e8gies per a l\u2019aprenentatge aut\u00f2nom i continu de lleng\u00fces, que puguin facilitar l\u2019\u00fas de l\u2019idioma en l\u2019exercici d\u2019activitats<\/li>\n<li>professionals i en altres \u00e0mbits de la cultura o d\u2019inter\u00e8s personal<\/li>\n<li>Crear actituds positives envers la diversitat ling\u00fc\u00edstica i el pluralisme cultural del m\u00f3n actual.<\/li>\n<\/ul>\n","protected":false},"excerpt":{"rendered":"<p>A les EOI, el programa complet d\u2019un idioma consta de\u00a0set cursos, dividits en\u00a0tres nivells:<\/p>\n<ul>\n<li>Nivell b\u00e0sic: compr\u00e8n el 1r i 2n curs (A1 i A2)<\/li>\n<li>Nivell intermedi: compr\u00e8n el 3r curs (B1), 4rt i 5\u00e8 (B2)<\/li>\n<li>Nivell avan\u00e7at: compr\u00e8n el C1 i C2<\/li>\n<\/ul>\n<p>Cada curs t\u00e9 una durada m\u00ednima&hellip;  <a href=\"https:\/\/agora-eoi.xtec.cat\/eoi-lapau\/cursos\/cursos-oficials-presencials\/\" title=\"Read Cursos oficials presencials\">Llegeix m\u00e9s\u00bb<\/a><\/p>\n","protected":false},"author":1,"featured_media":0,"parent":9512,"menu_order":1,"comment_status":"closed","ping_status":"closed","template":"page-templates\/side-menu.php","meta":{"_bbp_topic_count":0,"_bbp_reply_count":0,"_bbp_total_topic_count":0,"_bbp_total_reply_count":0,"_bbp_voice_count":0,"_bbp_anonymous_reply_count":0,"_bbp_topic_count_hidden":0,"_bbp_reply_count_hidden":0,"_bbp_forum_subforum_count":0,"footnotes":""},"class_list":["post-9248","page","type-page","status-publish","hentry"],"post_mailing_queue_ids":[],"_links":{"self":[{"href":"https:\/\/agora-eoi.xtec.cat\/eoi-lapau\/wp-json\/wp\/v2\/pages\/9248","targetHints":{"allow":["GET"]}}],"collection":[{"href":"https:\/\/agora-eoi.xtec.cat\/eoi-lapau\/wp-json\/wp\/v2\/pages"}],"about":[{"href":"https:\/\/agora-eoi.xtec.cat\/eoi-lapau\/wp-json\/wp\/v2\/types\/page"}],"author":[{"embeddable":true,"href":"https:\/\/agora-eoi.xtec.cat\/eoi-lapau\/wp-json\/wp\/v2\/users\/1"}],"replies":[{"embeddable":true,"href":"https:\/\/agora-eoi.xtec.cat\/eoi-lapau\/wp-json\/wp\/v2\/comments?post=9248"}],"version-history":[{"count":4,"href":"https:\/\/agora-eoi.xtec.cat\/eoi-lapau\/wp-json\/wp\/v2\/pages\/9248\/revisions"}],"predecessor-version":[{"id":9942,"href":"https:\/\/agora-eoi.xtec.cat\/eoi-lapau\/wp-json\/wp\/v2\/pages\/9248\/revisions\/9942"}],"up":[{"embeddable":true,"href":"https:\/\/agora-eoi.xtec.cat\/eoi-lapau\/wp-json\/wp\/v2\/pages\/9512"}],"wp:attachment":[{"href":"https:\/\/agora-eoi.xtec.cat\/eoi-lapau\/wp-json\/wp\/v2\/media?parent=9248"}],"curies":[{"name":"wp","href":"https:\/\/api.w.org\/{rel}","templated":true}]}}