{"id":9180,"date":"2022-10-28T15:04:10","date_gmt":"2022-10-28T13:04:10","guid":{"rendered":"https:\/\/agora-eoi.xtec.cat\/eoi-lapau\/?page_id=9180"},"modified":"2023-04-21T18:38:36","modified_gmt":"2023-04-21T16:38:36","slug":"comissio-digital","status":"publish","type":"page","link":"https:\/\/agora-eoi.xtec.cat\/eoi-lapau\/edc\/estrategia-digital\/comissio-digital\/","title":{"rendered":"Comissi\u00f3 Digital"},"content":{"rendered":"<div class=\"mcb-column-inner mcb-column-inner-eh7n7tyf8 mcb-item-column-inner\">\n<div class=\"column_attr mfn-inline-editor clearfix\">\n<p><a href=\"https:\/\/agora-eoi.xtec.cat\/eoi-lapau\/wp-content\/uploads\/usu1668\/2022\/10\/Comissio-digital.png\"><img loading=\"lazy\" decoding=\"async\" class=\"size-full wp-image-9746 alignleft\" src=\"https:\/\/agora-eoi.xtec.cat\/eoi-lapau\/wp-content\/uploads\/usu1668\/2022\/10\/Comissio-digital.png\" alt=\"\" width=\"314\" height=\"160\" srcset=\"https:\/\/agora-eoi.xtec.cat\/eoi-lapau\/wp-content\/uploads\/usu1668\/2022\/10\/Comissio-digital.png 314w, https:\/\/agora-eoi.xtec.cat\/eoi-lapau\/wp-content\/uploads\/usu1668\/2022\/10\/Comissio-digital-300x153.png 300w\" sizes=\"auto, (max-width: 314px) 100vw, 314px\" \/><\/a>Una de les funcions de la Comissi\u00f3 Digital \u00e9s la d&#8217;implementar l&#8217;estrat\u00e8gia de centre en relaci\u00f3 amb les tecnologies digitals, amb l\u2019objectiu que l\u2019alumnat, els docents i el centre, assoleixin un nivell de compet\u00e8ncia digital adequat des d\u2019una perspectiva d\u2019innovaci\u00f3 i de millora cont\u00ednua.<\/p>\n<p>En el nostre cas, aquesta comissi\u00f3 est\u00e0 formada per quatre membres (equip directiu i coord. d&#8217;inform\u00e0tica), els quals pertanyen a diferents departaments d&#8217;idiomes de l&#8217;escola: alemany, angl\u00e8s i franc\u00e8s.\u00a0La comissi\u00f3 es va formar a principis del curs escolar 2022-23 i resta oberta a la incorporaci\u00f3 de qualsevol membre de l&#8217;equip docent que s&#8217;hi vulgui sumar.<\/p>\n<p>Aquesta comissi\u00f3 es reuneix cada dues setmanes amb la figura de la Mentora Digital del Departament d&#8217;Educaci\u00f3 que ens acompanya en tot aquest proc\u00e9s d&#8217;innovaci\u00f3 i millora digital.<\/p>\n<table style=\"height: 570px; width: 100%; background-color: #d9cccc;\">\n<tbody>\n<tr style=\"height: 33px;\">\n<td style=\"width: 207.273%; text-align: center; vertical-align: middle; height: 33px;\" colspan=\"3\"><strong>PLA D&#8217;ACTIVITATS DE LA COMISSI\u00d3 DIGITAL 2022-23 &#8211; MENTORIA EDC\u00a0<\/strong><strong><br \/>\n<\/strong><\/td>\n<\/tr>\n<tr style=\"height: 33px;\">\n<td style=\"height: 33px; width: 8.73589%; text-align: center;\"><strong>VISISTA<\/strong><\/td>\n<td style=\"height: 33px; width: 9.68435%; text-align: center;\"><strong>DATA<\/strong><\/td>\n<td style=\"height: 33px; width: 188.853%; text-align: left;\"><strong>\u00a0TEMES \/ ACORDS<\/strong><\/td>\n<\/tr>\n<tr style=\"height: 24px;\">\n<td style=\"height: 10px; width: 8.73589%; text-align: center;\"><strong>1<\/strong><\/td>\n<td style=\"height: 10px; width: 9.68435%; text-align: center;\" width=\"101\">23\/09\/22<\/td>\n<td style=\"height: 10px; width: 188.853%;\" width=\"485\">\n<ul style=\"list-style-type: disc;\">\n<li>Primera reuni\u00f3 en la que s&#8217;obt\u00e8 la informaci\u00f3 necess\u00e0ria per comen\u00e7ar a dissenyar l&#8217;Estrat\u00e8gia Digital de Centre.<\/li>\n<li>Iniciar el proc\u00e9s de diagnosi de l&#8217;escola mitjan\u00e7ant l&#8217;eina SELFIE de la Comissi\u00f3 Europea. Crear i enviar (9-22 novembre) t<span style=\"font-family: inherit; font-size: 1em;\">res enquestes adre\u00e7ades a diferents grups d&#8217;usuaris de l&#8217;escola:<\/span><\/li>\n<\/ul>\n<ol>\n<li><a href=\"https:\/\/schools-go-digital.jrc.ec.europa.eu\/self-assessment?s=GRgunsz&amp;lang=ca\" target=\"_blank\" rel=\"noopener\">Enquesta 1<\/a>: equip directiu<\/li>\n<li><a href=\"https:\/\/schools-go-digital.jrc.ec.europa.eu\/self-assessment?s=O286Z6K&amp;lang=ca\" target=\"_blank\" rel=\"noopener\">Enquesta 2<\/a>: professorat<\/li>\n<li><a href=\"https:\/\/schools-go-digital.jrc.ec.europa.eu\/self-assessment?s=wSM3Gy4&amp;lang=ca\" target=\"_blank\" rel=\"noopener\">Enquesta 3<\/a>: alumnat<\/li>\n<\/ol>\n<\/td>\n<\/tr>\n<tr style=\"height: 33px;\">\n<td style=\"height: 33px; width: 8.73589%; text-align: center;\"><strong>2<\/strong><\/td>\n<td style=\"height: 33px; width: 9.68435%; text-align: center;\" width=\"101\">14\/10\/22<\/td>\n<td style=\"height: 33px; width: 188.853%;\" width=\"485\">\n<ul>\n<li>Crear un espai web a on publicar l&#8217;Estrat\u00e8gia Digital de Centre. Les eines suggerides per realitzar aquesta acci\u00f3 s\u00f3n Google Sites o b\u00e9 Nodes \u00c0gora.<\/li>\n<li>Sol\u00b7licitar als Serveis d&#8217;\u00c0gora (18.10.22) un web Nodes per a l&#8217;escola.<\/li>\n<li>Dins de Nodes, crear la p\u00e0gina <a href=\"https:\/\/agora-eoi.xtec.cat\/eoi-lapau\/edc\/\">EDC<\/a> i estructurar el seu contingut en dues parts ben diferenciades: (1) Estrat\u00e8gia digital i (2) Cultura digital.<\/li>\n<\/ul>\n<\/td>\n<\/tr>\n<tr style=\"height: 65px;\">\n<td style=\"height: 65px; width: 8.73589%; text-align: center;\"><strong>3<\/strong><\/td>\n<td style=\"height: 65px; width: 9.68435%; text-align: center;\" width=\"101\">28\/10\/22<\/td>\n<td style=\"height: 65px; width: 188.853%;\" width=\"485\">\n<ul>\n<li>Desenvolupar el contingut que ha de tenir la p\u00e0gina <strong>Cultura digital<\/strong>. Comencem pels seg\u00fcents apartats:<\/li>\n<li><span style=\"font-family: inherit; font-size: 1em;\"><a href=\"https:\/\/agora-eoi.xtec.cat\/eoi-lapau\/edc\/cultura-digital\/documentacio-basica\/\">Documentaci\u00f3 b\u00e0sica<\/a>: PEC. NOFC. Objectius i indicadors Cultural Digital inclosos en PdD i PGA.<\/span><\/li>\n<li><span style=\"font-family: inherit; font-size: 1em;\"><a href=\"https:\/\/agora-eoi.xtec.cat\/eoi-lapau\/edc\/cultura-digital\/comunicacio\/\">Comunicaci\u00f3<\/a>: Pla de Comunicaci\u00f3 del Centre. Acc\u00e9s alumnes a Centros.Net.<\/span><\/li>\n<li>Preparar el calendari de les sessions FIC 2023 (22h sessions presencials de 2 hores).<\/li>\n<\/ul>\n<\/td>\n<\/tr>\n<tr style=\"height: 33px;\">\n<td style=\"height: 33px; width: 8.73589%; text-align: center;\"><strong>4<\/strong><\/td>\n<td style=\"height: 33px; width: 9.68435%; text-align: center;\" width=\"101\">11\/11\/22<\/td>\n<td style=\"height: 33px; width: 188.853%;\" width=\"485\">\n<ul>\n<li>Modificar calendari i format de la FIC 2023 d&#8217;acord amb les noves pautes presentades per la mentora: formaci\u00f3 40 hores i acreditaci\u00f3 directe de la compet\u00e8ncia digital docent.<\/li>\n<li>Elaborar els documents que mostraran els resultats de la diagnosi de centre realitzada amb l&#8217;eina Selfie.<\/li>\n<\/ul>\n<\/td>\n<\/tr>\n<tr style=\"height: 33px;\">\n<td style=\"height: 33px; width: 8.73589%; text-align: center;\"><strong>5<\/strong><\/td>\n<td style=\"height: 33px; width: 9.68435%; text-align: center;\" width=\"101\">25\/11\/22<\/td>\n<td style=\"height: 33px; width: 188.853%;\" width=\"485\">\n<ul>\n<li>Redactar el DAFO de centre i publicar-ho al Nodes de l&#8217;escola (apartat EDC), un cop analitzats els resultats obtinguts en les tres enquestes <em>Selfie<\/em> (equip directiu, professorat, alumnat) realitzades al centre durant el mes de novembre. Publicar el DAFO a la p\u00e0gina web del centre: EDC &#8211;&gt; Diagnosi.<\/li>\n<\/ul>\n<\/td>\n<\/tr>\n<tr>\n<td style=\"width: 8.73589%; text-align: center;\"><strong>6<\/strong><\/td>\n<td style=\"width: 9.68435%; text-align: center;\">20\/01\/23<\/td>\n<td style=\"width: 188.853%;\">\n<ul style=\"list-style-type: disc;\">\n<li>Un cop analitzat el DAFO, redactar els objectius de l&#8217;EDC. Publicar-ho a la p\u00e0gina web del centre: EDC &#8211;&gt; Objectius.<\/li>\n<\/ul>\n<\/td>\n<\/tr>\n<tr>\n<td style=\"width: 8.73589%; text-align: center;\"><strong>7<\/strong><\/td>\n<td style=\"width: 9.68435%; text-align: center;\">17\/03\/23<\/td>\n<td style=\"width: 188.853%;\">\n<ul style=\"list-style-type: disc;\">\n<li>Redactar els indicadors i les activitats per a cada objectiu de l&#8217;EDC. Publicar-ho a la p\u00e0gina web del centre: EDC &#8211;&gt; Objectius&#8211;&gt; Indicadors i activitats.<\/li>\n<\/ul>\n<\/td>\n<\/tr>\n<tr>\n<td style=\"width: 8.73589%; text-align: center;\"><strong>8 (virtual)<\/strong><\/td>\n<td style=\"width: 9.68435%; text-align: center;\">13\/04\/23<\/td>\n<td style=\"width: 188.853%;\">\n<ul>\n<li>Redactar la temporitzaci\u00f3 dels objectius. Publicar-ho a la p\u00e0gina web del centre: EDC &#8211;&gt; Planificaci\u00f3 i avaluaci\u00f3.<\/li>\n<\/ul>\n<\/td>\n<\/tr>\n<\/tbody>\n<\/table>\n<p><strong>Recursos\/bibliografia:<\/strong><\/p>\n<ul>\n<li><a href=\"https:\/\/agora-eoi.xtec.cat\/eoi-lapau\/wp-admin\/upload.php?item=10653\" target=\"_blank\" rel=\"noopener\">Funcions i organitzaci\u00f3 de la comissi\u00f3 d\u2019estrat\u00e8gia digital de centre<\/a><\/li>\n<li><a href=\"https:\/\/agora-eoi.xtec.cat\/eoi-lapau\/wp-admin\/upload.php?item=10654\" target=\"_blank\" rel=\"noopener\">Orientacions per a la coordinaci\u00f3 digital de centre<\/a><\/li>\n<\/ul>\n<p><a href=\"https:\/\/agora-eoi.xtec.cat\/eoi-lapau\/wp-content\/uploads\/usu1668\/2022\/11\/Funcions-comissio-estrategia-digital-centre.jpg\"><img loading=\"lazy\" decoding=\"async\" class=\"alignnone size-full wp-image-10665\" src=\"https:\/\/agora-eoi.xtec.cat\/eoi-lapau\/wp-content\/uploads\/usu1668\/2022\/11\/Funcions-comissio-estrategia-digital-centre.jpg\" alt=\"\" width=\"212\" height=\"300\" \/><\/a>\u00a0 <a href=\"https:\/\/agora-eoi.xtec.cat\/eoi-lapau\/wp-content\/uploads\/usu1668\/2022\/11\/Orientacions-per-a-la-coordinacio-digital-centre.jpg\"><img loading=\"lazy\" decoding=\"async\" class=\"alignnone size-full wp-image-10667\" src=\"https:\/\/agora-eoi.xtec.cat\/eoi-lapau\/wp-content\/uploads\/usu1668\/2022\/11\/Orientacions-per-a-la-coordinacio-digital-centre.jpg\" alt=\"\" width=\"212\" height=\"300\" \/><\/a><\/p>\n<p>&nbsp;<\/p>\n<\/div>\n<\/div>\n","protected":false},"excerpt":{"rendered":"<p><a href=\"https:\/\/agora-eoi.xtec.cat\/eoi-lapau\/wp-content\/uploads\/usu1668\/2022\/10\/Comissio-digital.png\"><\/a>Una de les funcions de la Comissi\u00f3 Digital \u00e9s la d&#8217;implementar l&#8217;estrat\u00e8gia de centre en relaci\u00f3 amb les tecnologies digitals, amb l\u2019objectiu que l\u2019alumnat, els docents i el centre, assoleixin un nivell de compet\u00e8ncia digital adequat des d\u2019una perspectiva d\u2019innovaci\u00f3 i de millora cont\u00ednua.<br \/>\nEn&hellip;  <a href=\"https:\/\/agora-eoi.xtec.cat\/eoi-lapau\/edc\/estrategia-digital\/comissio-digital\/\" title=\"Read Comissi\u00f3 Digital\">Llegeix m\u00e9s\u00bb<\/a><\/p>\n","protected":false},"author":1,"featured_media":0,"parent":8879,"menu_order":1,"comment_status":"closed","ping_status":"closed","template":"page-templates\/side-menu.php","meta":{"_bbp_topic_count":0,"_bbp_reply_count":0,"_bbp_total_topic_count":0,"_bbp_total_reply_count":0,"_bbp_voice_count":0,"_bbp_anonymous_reply_count":0,"_bbp_topic_count_hidden":0,"_bbp_reply_count_hidden":0,"_bbp_forum_subforum_count":0,"footnotes":""},"class_list":["post-9180","page","type-page","status-publish","hentry"],"post_mailing_queue_ids":[],"_links":{"self":[{"href":"https:\/\/agora-eoi.xtec.cat\/eoi-lapau\/wp-json\/wp\/v2\/pages\/9180","targetHints":{"allow":["GET"]}}],"collection":[{"href":"https:\/\/agora-eoi.xtec.cat\/eoi-lapau\/wp-json\/wp\/v2\/pages"}],"about":[{"href":"https:\/\/agora-eoi.xtec.cat\/eoi-lapau\/wp-json\/wp\/v2\/types\/page"}],"author":[{"embeddable":true,"href":"https:\/\/agora-eoi.xtec.cat\/eoi-lapau\/wp-json\/wp\/v2\/users\/1"}],"replies":[{"embeddable":true,"href":"https:\/\/agora-eoi.xtec.cat\/eoi-lapau\/wp-json\/wp\/v2\/comments?post=9180"}],"version-history":[{"count":4,"href":"https:\/\/agora-eoi.xtec.cat\/eoi-lapau\/wp-json\/wp\/v2\/pages\/9180\/revisions"}],"predecessor-version":[{"id":10944,"href":"https:\/\/agora-eoi.xtec.cat\/eoi-lapau\/wp-json\/wp\/v2\/pages\/9180\/revisions\/10944"}],"up":[{"embeddable":true,"href":"https:\/\/agora-eoi.xtec.cat\/eoi-lapau\/wp-json\/wp\/v2\/pages\/8879"}],"wp:attachment":[{"href":"https:\/\/agora-eoi.xtec.cat\/eoi-lapau\/wp-json\/wp\/v2\/media?parent=9180"}],"curies":[{"name":"wp","href":"https:\/\/api.w.org\/{rel}","templated":true}]}}