{"id":9081,"date":"2022-10-27T09:53:35","date_gmt":"2022-10-27T07:53:35","guid":{"rendered":"https:\/\/agora-eoi.xtec.cat\/eoi-lapau\/?page_id=9081"},"modified":"2023-04-21T09:10:27","modified_gmt":"2023-04-21T07:10:27","slug":"abssencies-professorat","status":"publish","type":"page","link":"https:\/\/agora-eoi.xtec.cat\/eoi-lapau\/abssencies-professorat\/","title":{"rendered":"Abss\u00e8ncies professorat"},"content":{"rendered":"<header class=\"entry-header\"><\/header>\n<div class=\"entry-content\">\n<p><strong>Departament d\u2019alemany<\/strong><\/p>\n<p>No hi ha cap membre del professorat absent.<\/p>\n<p><strong>Departament d\u2019angl\u00e8s<\/strong><\/p>\n<p>No hi ha cap membre del professorat absent.<\/p>\n<p><strong>Departament de franc\u00e8s<\/strong><\/p>\n<p>No hi ha cap membre del professorat absent.<\/p>\n<p>&nbsp;<\/p>\n<p>Durant aquest curs el Departament d\u2019Educaci\u00f3 no cobrir\u00e0 vacants per abs\u00e8ncies del professorat fins al 6\u00e8 dia lectiu.<\/p>\n<p><em><span style=\"color: #0000ff;\">*** Actualitzat a data d&#8217;avui ***<\/span><\/em><\/p>\n<p>&nbsp;<\/p>\n<\/div>\n","protected":false},"excerpt":{"rendered":"<p>Departament d\u2019alemany<br \/>\nNo hi ha cap membre del professorat absent.<br \/>\nDepartament d\u2019angl\u00e8s<br \/>\nNo hi ha cap membre del professorat absent.<br \/>\nDepartament de franc\u00e8s<br \/>\nNo hi ha cap membre del professorat absent.<br \/>\n&nbsp;<br \/>\nDurant aquest curs el Departament d\u2019Educaci\u00f3 no cobrir\u00e0 vacants per abs\u00e8ncies del professorat fins al 6\u00e8 dia lectiu.<br \/>\n*** Actualitzat a&hellip;  <a href=\"https:\/\/agora-eoi.xtec.cat\/eoi-lapau\/abssencies-professorat\/\" title=\"Read Abss\u00e8ncies professorat\">Llegeix m\u00e9s\u00bb<\/a><\/p>\n","protected":false},"author":1,"featured_media":0,"parent":0,"menu_order":0,"comment_status":"closed","ping_status":"closed","template":"page-templates\/side-menu.php","meta":{"_bbp_topic_count":0,"_bbp_reply_count":0,"_bbp_total_topic_count":0,"_bbp_total_reply_count":0,"_bbp_voice_count":0,"_bbp_anonymous_reply_count":0,"_bbp_topic_count_hidden":0,"_bbp_reply_count_hidden":0,"_bbp_forum_subforum_count":0,"footnotes":""},"class_list":["post-9081","page","type-page","status-publish","hentry"],"post_mailing_queue_ids":[],"_links":{"self":[{"href":"https:\/\/agora-eoi.xtec.cat\/eoi-lapau\/wp-json\/wp\/v2\/pages\/9081","targetHints":{"allow":["GET"]}}],"collection":[{"href":"https:\/\/agora-eoi.xtec.cat\/eoi-lapau\/wp-json\/wp\/v2\/pages"}],"about":[{"href":"https:\/\/agora-eoi.xtec.cat\/eoi-lapau\/wp-json\/wp\/v2\/types\/page"}],"author":[{"embeddable":true,"href":"https:\/\/agora-eoi.xtec.cat\/eoi-lapau\/wp-json\/wp\/v2\/users\/1"}],"replies":[{"embeddable":true,"href":"https:\/\/agora-eoi.xtec.cat\/eoi-lapau\/wp-json\/wp\/v2\/comments?post=9081"}],"version-history":[{"count":3,"href":"https:\/\/agora-eoi.xtec.cat\/eoi-lapau\/wp-json\/wp\/v2\/pages\/9081\/revisions"}],"predecessor-version":[{"id":10908,"href":"https:\/\/agora-eoi.xtec.cat\/eoi-lapau\/wp-json\/wp\/v2\/pages\/9081\/revisions\/10908"}],"wp:attachment":[{"href":"https:\/\/agora-eoi.xtec.cat\/eoi-lapau\/wp-json\/wp\/v2\/media?parent=9081"}],"curies":[{"name":"wp","href":"https:\/\/api.w.org\/{rel}","templated":true}]}}