{"id":9014,"date":"2022-10-23T22:26:18","date_gmt":"2022-10-23T20:26:18","guid":{"rendered":"https:\/\/agora-eoi.xtec.cat\/eoi-lapau\/?page_id=9014"},"modified":"2023-11-23T18:26:28","modified_gmt":"2023-11-23T17:26:28","slug":"comunicacio","status":"publish","type":"page","link":"https:\/\/agora-eoi.xtec.cat\/eoi-lapau\/edc\/cultura-digital\/comunicacio\/","title":{"rendered":"Comunicaci\u00f3"},"content":{"rendered":"<p><span style=\"color: #000000; font-size: 1.2000em; font-weight: bold;\">Pla de comunicaci\u00f3 de l&#8217;escola<\/span><\/p>\n<table style=\"border-collapse: collapse; width: 100%;\">\n<tbody>\n<tr>\n<td style=\"width: 20.0508%; text-align: center;\"><img decoding=\"async\" src=\"https:\/\/agora-eoi.xtec.cat\/eoi-lapau\/wp-content\/uploads\/usu1668\/2022\/11\/Pla-de-Comunicacio-EOI-La-Pau.jpg\" \/><\/td>\n<td style=\"width: 79.9492%;\">Totes les actuacions concretes per situar els elements de comunicaci\u00f3 en l\u2019organitzaci\u00f3 del centre estan recollides al document <a href=\"https:\/\/agora-eoi.xtec.cat\/eoi-lapau\/wp-content\/uploads\/usu1668\/2022\/11\/PLA-DE-COMUNICACIO.pdf\" target=\"_blank\" rel=\"noopener\">Pla de Comunicaci\u00f3<\/a> de l&#8217;EOI Barcelona IV La Pau<em>.<\/em><\/p>\n<p>A l&#8217;escola s\u2019ofereix formaci\u00f3 en lleng\u00fces estrangeres que, en definitiva, ha d\u2019\u00e9sser l\u2019eina per expandir els horitzons de la comunicaci\u00f3 que ens permet la nostra primera llengua o altres lleng\u00fces conegudes. Estem ensenyant a comunicar en un sistema ling\u00fc\u00edstic nou, i no podem per tant descuidar la import\u00e0ncia d&#8217;una bona comunicaci\u00f3 en la llengua oficial i materna amb l\u2019objectiu que la missi\u00f3 i el funcionament de l\u2019escola sigui el m\u00e9s transparent possible.<\/p>\n<p>Pensem que formar una bona <strong>xarxa de comunicaci\u00f3<\/strong> ha de permetre que totes les persones (alumnat, professorat, personal del centre i p\u00fablic en general) puguin disposar d\u2019informaci\u00f3 i que sigui possible interactuar. Si no ens comuniquem b\u00e9 la nostra activitat quedar\u00e0 limitada i mancada d\u2019efici\u00e8ncia i de qualitat. Per aix\u00f2, en aquest Pla de Comunicaci\u00f3 s&#8217;han tingut en compte tres elements centrals: l<span style=\"font-family: inherit; font-size: 1em;\">a comunitat educativa (els professors, l&#8217;alumnat i el PAS), l<\/span><span style=\"font-family: inherit; font-size: 1em;\">&#8216;entorn i l<\/span><span style=\"font-family: inherit; font-size: 1em;\">es institucions educatives<\/span><\/p>\n<p>El Pla tamb\u00e9 descriu els seg\u00fcents aspectes: c<span style=\"font-family: inherit; font-size: 1em;\">anals de comunicaci\u00f3 de l&#8217;escola; d<\/span><span style=\"font-family: inherit; font-size: 1em;\">iagnosi de centre;<\/span><span style=\"font-family: inherit; font-size: 1em;\">\u00a0o<\/span><span style=\"font-family: inherit; font-size: 1em;\">bjectius; e<\/span><span style=\"font-family: inherit; font-size: 1em;\">strat\u00e8gies, actuacions i indicadors; s<\/span><span style=\"font-family: inherit; font-size: 1em;\">eguiment i avaluaci\u00f3 del Pla.<\/span><\/td>\n<\/tr>\n<\/tbody>\n<\/table>\n<p><span style=\"color: #000000; font-size: 1.2000em; font-weight: bold;\">Canals de comunicaci\u00f3<\/span><\/p>\n<p><a href=\"https:\/\/agora-eoi.xtec.cat\/eoi-lapau\/wp-content\/uploads\/usu1668\/2022\/10\/EDC_Comunicacio.png\"><img loading=\"lazy\" decoding=\"async\" class=\"alignnone size-full wp-image-9738\" src=\"https:\/\/agora-eoi.xtec.cat\/eoi-lapau\/wp-content\/uploads\/usu1668\/2022\/10\/EDC_Comunicacio.png\" alt=\"\" width=\"322\" height=\"157\" srcset=\"https:\/\/agora-eoi.xtec.cat\/eoi-lapau\/wp-content\/uploads\/usu1668\/2022\/10\/EDC_Comunicacio.png 322w, https:\/\/agora-eoi.xtec.cat\/eoi-lapau\/wp-content\/uploads\/usu1668\/2022\/10\/EDC_Comunicacio-300x146.png 300w\" sizes=\"auto, (max-width: 322px) 100vw, 322px\" \/><\/a><\/p>\n<p>D&#8217;entre els diferents canals de comunicaci\u00f3 utilitzats per l&#8217;escola, els seg\u00fcents s\u00f3n digitals:<\/p>\n<ul>\n<li>Web de centre<\/li>\n<li>Correu electr\u00f2nic corporatiu<\/li>\n<li>CentrosNet<\/li>\n<li>eValisa<\/li>\n<li>Carpetes compartides al servidor de l&#8217;escola<\/li>\n<\/ul>\n<table style=\"height: 332px; width: 100%; border-collapse: collapse; background-color: #d9cccc;\">\n<tbody>\n<tr style=\"height: 46px;\">\n<td style=\"width: 19.6277%; text-align: center; height: 46px;\"><strong>CANALS<\/strong><\/td>\n<td style=\"width: 38.6995%; text-align: center; height: 46px;\"><strong>RESPONSABLES<\/strong><\/td>\n<td style=\"width: 41.6727%; text-align: center; height: 46px;\"><strong>FINALITAT<\/strong><\/td>\n<\/tr>\n<tr style=\"height: 32px;\">\n<td style=\"width: 19.6277%; height: 32px;\"><span style=\"color: #000000;\">Web de centre<\/span><\/td>\n<td style=\"width: 38.6995%; height: 32px;\">Equip directiu<\/td>\n<td style=\"width: 41.6727%; height: 32px;\">Projecci\u00f3 del centre a la comunitat educativa pr\u00f2pia i a l\u2019entorn en general<\/td>\n<\/tr>\n<tr style=\"height: 32px;\">\n<td style=\"width: 19.6277%; height: 30px;\"><span style=\"color: #000000;\">Taulers informatius<\/span><\/td>\n<td style=\"width: 38.6995%; height: 30px;\">Equip directiu,\u00a0 PAS, coordinadors<\/td>\n<td style=\"width: 41.6727%; height: 30px;\">Difusi\u00f3 d\u2019informaci\u00f3 i transpar\u00e8ncia<\/td>\n<\/tr>\n<tr style=\"height: 32px;\">\n<td style=\"width: 19.6277%; height: 32px;\"><span style=\"color: #000000;\">Reunions<\/span><\/td>\n<td style=\"width: 38.6995%; height: 32px;\">Equip directiu, caps de departament, coordinadors, professorat<\/td>\n<td style=\"width: 41.6727%; height: 32px;\" width=\"200\">Tractament d\u2019informaci\u00f3 espec\u00edfica.<\/td>\n<\/tr>\n<tr style=\"height: 32px;\">\n<td style=\"width: 19.6277%; height: 32px;\"><span style=\"color: #000000;\">Circulars suport paper<\/span><\/td>\n<td style=\"width: 38.6995%; height: 32px;\">Equip directiu, coordinadors, caps de departament<\/td>\n<td style=\"width: 41.6727%; height: 32px;\">Difusi\u00f3 d&#8217;informaci\u00f3<\/td>\n<\/tr>\n<tr style=\"height: 32px;\">\n<td style=\"width: 19.6277%; height: 32px;\"><span style=\"color: #000000;\">Correu electr\u00f2nic<\/span><\/td>\n<td style=\"width: 38.6995%; height: 32px;\">Comunitat educativa en general<\/td>\n<td style=\"width: 41.6727%; height: 32px;\">Intercanvi d\u2019informaci\u00f3 i convocat\u00f2ries<\/td>\n<\/tr>\n<tr style=\"height: 32px;\">\n<td style=\"width: 19.6277%; height: 32px;\"><span style=\"color: #000000;\">CentrosNet<\/span><\/td>\n<td style=\"width: 38.6995%; height: 32px;\">&#8211;<\/td>\n<td style=\"width: 41.6727%; height: 32px;\">Consulta de notes i expedient acad\u00e8mic<\/td>\n<\/tr>\n<tr style=\"height: 32px;\">\n<td style=\"width: 19.6277%; height: 32px;\"><span style=\"color: #000000;\">eValisa<\/span><\/td>\n<td style=\"width: 38.6995%; height: 32px;\">Equip directiu<\/td>\n<td style=\"width: 41.6727%; height: 32px;\">Intercanvi d&#8217;informaci\u00f3, transpar\u00e8ncia i registre<\/td>\n<\/tr>\n<tr style=\"height: 32px;\">\n<td style=\"width: 19.6277%; height: 32px;\">Instagram<\/td>\n<td style=\"width: 38.6995%; height: 32px;\">Coordinadora digital<\/td>\n<td style=\"width: 41.6727%; height: 32px;\"><\/td>\n<\/tr>\n<tr style=\"height: 32px;\">\n<td style=\"width: 19.6277%; height: 32px;\"><span style=\"color: #000000;\">Carpetes compartides al servidor de l&#8217;escola<\/span><\/td>\n<td style=\"width: 38.6995%; height: 32px;\">Coordinadora digital i Equip directiu<\/td>\n<td style=\"width: 41.6727%; height: 32px;\">Difusi\u00f3 d\u2019informaci\u00f3 i transpar\u00e8ncia<\/td>\n<\/tr>\n<\/tbody>\n<\/table>\n<p>&nbsp;<\/p>\n","protected":false},"excerpt":{"rendered":"<p>Pla de comunicaci\u00f3 de l&#8217;escola<\/p>\n<p>Totes les actuacions concretes per situar els elements de comunicaci\u00f3 en l\u2019organitzaci\u00f3 del centre estan recollides al document <a href=\"https:\/\/agora-eoi.xtec.cat\/eoi-lapau\/wp-content\/uploads\/usu1668\/2022\/11\/PLA-DE-COMUNICACIO.pdf\" target=\"_blank\" rel=\"noopener\">Pla de Comunicaci\u00f3<\/a> de l&#8217;EOI Barcelona IV La Pau.<br \/>\nA l&#8217;escola s\u2019ofereix formaci\u00f3 en lleng\u00fces estrangeres que, en definitiva, ha d\u2019\u00e9sser&hellip;  <a href=\"https:\/\/agora-eoi.xtec.cat\/eoi-lapau\/edc\/cultura-digital\/comunicacio\/\" title=\"Read Comunicaci\u00f3\">Llegeix m\u00e9s\u00bb<\/a><\/p>\n","protected":false},"author":1,"featured_media":0,"parent":8877,"menu_order":3,"comment_status":"closed","ping_status":"closed","template":"page-templates\/side-menu.php","meta":{"_bbp_topic_count":0,"_bbp_reply_count":0,"_bbp_total_topic_count":0,"_bbp_total_reply_count":0,"_bbp_voice_count":0,"_bbp_anonymous_reply_count":0,"_bbp_topic_count_hidden":0,"_bbp_reply_count_hidden":0,"_bbp_forum_subforum_count":0,"footnotes":""},"class_list":["post-9014","page","type-page","status-publish","hentry"],"post_mailing_queue_ids":[],"_links":{"self":[{"href":"https:\/\/agora-eoi.xtec.cat\/eoi-lapau\/wp-json\/wp\/v2\/pages\/9014","targetHints":{"allow":["GET"]}}],"collection":[{"href":"https:\/\/agora-eoi.xtec.cat\/eoi-lapau\/wp-json\/wp\/v2\/pages"}],"about":[{"href":"https:\/\/agora-eoi.xtec.cat\/eoi-lapau\/wp-json\/wp\/v2\/types\/page"}],"author":[{"embeddable":true,"href":"https:\/\/agora-eoi.xtec.cat\/eoi-lapau\/wp-json\/wp\/v2\/users\/1"}],"replies":[{"embeddable":true,"href":"https:\/\/agora-eoi.xtec.cat\/eoi-lapau\/wp-json\/wp\/v2\/comments?post=9014"}],"version-history":[{"count":5,"href":"https:\/\/agora-eoi.xtec.cat\/eoi-lapau\/wp-json\/wp\/v2\/pages\/9014\/revisions"}],"predecessor-version":[{"id":11248,"href":"https:\/\/agora-eoi.xtec.cat\/eoi-lapau\/wp-json\/wp\/v2\/pages\/9014\/revisions\/11248"}],"up":[{"embeddable":true,"href":"https:\/\/agora-eoi.xtec.cat\/eoi-lapau\/wp-json\/wp\/v2\/pages\/8877"}],"wp:attachment":[{"href":"https:\/\/agora-eoi.xtec.cat\/eoi-lapau\/wp-json\/wp\/v2\/media?parent=9014"}],"curies":[{"name":"wp","href":"https:\/\/api.w.org\/{rel}","templated":true}]}}