{"id":9010,"date":"2022-10-23T22:25:01","date_gmt":"2022-10-23T20:25:01","guid":{"rendered":"https:\/\/agora-eoi.xtec.cat\/eoi-lapau\/?page_id=9010"},"modified":"2022-11-10T22:51:52","modified_gmt":"2022-11-10T21:51:52","slug":"documentacio-basica","status":"publish","type":"page","link":"https:\/\/agora-eoi.xtec.cat\/eoi-lapau\/edc\/cultura-digital\/documentacio-basica\/","title":{"rendered":"Documentaci\u00f3 b\u00e0sica"},"content":{"rendered":"<p><a href=\"https:\/\/agora-eoi.xtec.cat\/eoi-lapau\/wp-content\/uploads\/usu1668\/2022\/10\/EDC_Documentacio2.jpeg\"><img loading=\"lazy\" decoding=\"async\" class=\"alignnone wp-image-9718\" src=\"https:\/\/agora-eoi.xtec.cat\/eoi-lapau\/wp-content\/uploads\/usu1668\/2022\/10\/EDC_Documentacio2.jpeg\" alt=\"\" width=\"246\" height=\"182\" \/><\/a><\/p>\n<p>En aquesta secci\u00f3 es troben els documents de gesti\u00f3 de l&#8217;escola en relaci\u00f3 amb la cultura digital.<\/p>\n<ul>\n<li><a href=\"https:\/\/agora-eoi.xtec.cat\/eoi-lapau\/wp-content\/uploads\/usu1668\/2022\/10\/PEC-final.pdf\" target=\"_blank\" rel=\"noopener\">Projecte Educatiu del Centre (PEC)<\/a><\/li>\n<li><a href=\"https:\/\/agora-eoi.xtec.cat\/eoi-lapau\/wp-content\/uploads\/usu1668\/2022\/10\/NOFC-Sumari-Definitiu-1.pdf\" target=\"_blank\" rel=\"noopener\">Normes d\u2019Organitzaci\u00f3 i\u00a0 Funcionament del Centre (NOFC)<\/a><\/li>\n<li><a href=\"https:\/\/agora-eoi.xtec.cat\/eoi-lapau\/wp-content\/uploads\/usu1668\/2022\/11\/Objectiu-i-indicadors-Competencia-digital.pdf\" target=\"_blank\" rel=\"noopener\">Objectiu i indicadors compet\u00e8ncia digital inclosos en PdD i PGA<\/a><\/li>\n<\/ul>\n<p>&nbsp;<\/p>\n","protected":false},"excerpt":{"rendered":"<p><a href=\"https:\/\/agora-eoi.xtec.cat\/eoi-lapau\/wp-content\/uploads\/usu1668\/2022\/10\/EDC_Documentacio2.jpeg\"><\/a><br \/>\nEn aquesta secci\u00f3 es troben els documents de gesti\u00f3 de l&#8217;escola en relaci\u00f3 amb la cultura digital.<\/p>\n<ul>\n<li><a href=\"https:\/\/agora-eoi.xtec.cat\/eoi-lapau\/wp-content\/uploads\/usu1668\/2022\/10\/PEC-final.pdf\" target=\"_blank\" rel=\"noopener\">Projecte Educatiu del Centre (PEC)<\/a><\/li>\n<li><a href=\"https:\/\/agora-eoi.xtec.cat\/eoi-lapau\/wp-content\/uploads\/usu1668\/2022\/10\/NOFC-Sumari-Definitiu-1.pdf\" target=\"_blank\" rel=\"noopener\">Normes d\u2019Organitzaci\u00f3 i\u00a0 Funcionament del Centre (NOFC)<\/a><\/li>\n<li><a href=\"https:\/\/agora-eoi.xtec.cat\/eoi-lapau\/wp-content\/uploads\/usu1668\/2022\/11\/Objectiu-i-indicadors-Competencia-digital.pdf\" target=\"_blank\" rel=\"noopener\">Objectiu i indicadors compet\u00e8ncia digital inclosos en PdD i&hellip;  <a href=\"https:\/\/agora-eoi.xtec.cat\/eoi-lapau\/edc\/cultura-digital\/documentacio-basica\/\" title=\"Read Documentaci\u00f3 b\u00e0sica\">Llegeix m\u00e9s\u00bb<\/a><br \/>\n","protected":false},"author":1,"featured_media":0,"parent":8877,"menu_order":1,"comment_status":"closed","ping_status":"closed","template":"page-templates\/side-menu.php","meta":{"_bbp_topic_count":0,"_bbp_reply_count":0,"_bbp_total_topic_count":0,"_bbp_total_reply_count":0,"_bbp_voice_count":0,"_bbp_anonymous_reply_count":0,"_bbp_topic_count_hidden":0,"_bbp_reply_count_hidden":0,"_bbp_forum_subforum_count":0,"footnotes":""},"class_list":["post-9010","page","type-page","status-publish","hentry"],"post_mailing_queue_ids":[],"_links":{"self":[{"href":"https:\/\/agora-eoi.xtec.cat\/eoi-lapau\/wp-json\/wp\/v2\/pages\/9010","targetHints":{"allow":["GET"]}}],"collection":[{"href":"https:\/\/agora-eoi.xtec.cat\/eoi-lapau\/wp-json\/wp\/v2\/pages"}],"about":[{"href":"https:\/\/agora-eoi.xtec.cat\/eoi-lapau\/wp-json\/wp\/v2\/types\/page"}],"author":[{"embeddable":true,"href":"https:\/\/agora-eoi.xtec.cat\/eoi-lapau\/wp-json\/wp\/v2\/users\/1"}],"replies":[{"embeddable":true,"href":"https:\/\/agora-eoi.xtec.cat\/eoi-lapau\/wp-json\/wp\/v2\/comments?post=9010"}],"version-history":[{"count":4,"href":"https:\/\/agora-eoi.xtec.cat\/eoi-lapau\/wp-json\/wp\/v2\/pages\/9010\/revisions"}],"predecessor-version":[{"id":10714,"href":"https:\/\/agora-eoi.xtec.cat\/eoi-lapau\/wp-json\/wp\/v2\/pages\/9010\/revisions\/10714"}],"up":[{"embeddable":true,"href":"https:\/\/agora-eoi.xtec.cat\/eoi-lapau\/wp-json\/wp\/v2\/pages\/8877"}],"wp:attachment":[{"href":"https:\/\/agora-eoi.xtec.cat\/eoi-lapau\/wp-json\/wp\/v2\/media?parent=9010"}],"curies":[{"name":"wp","href":"https:\/\/api.w.org\/{rel}","templated":true}]}}