{"id":8635,"date":"2016-06-20T11:48:09","date_gmt":"2016-06-20T10:48:09","guid":{"rendered":"https:\/\/agora-eoi.xtec.cat\/eoi-lapau\/?page_id=8635"},"modified":"2022-11-06T10:50:36","modified_gmt":"2022-11-06T09:50:36","slug":"projecte-educatiu-de-centre-pec","status":"publish","type":"page","link":"https:\/\/agora-eoi.xtec.cat\/eoi-lapau\/lescola\/projecte-educatiu-de-centre-pec\/","title":{"rendered":"Activitats culturals"},"content":{"rendered":"<p>Cada departament organitza al llarg del curs diferents activitats culturals amb la intenci\u00f3 de complementar la formaci\u00f3 acad\u00e8mica dels alumnes. Solen ser molt variades, i van des de concerts de\u00a0<strong>m\u00fasica<\/strong>\u00a0a<strong>\u00a0obres de teatre<\/strong>\u00a0o\u00a0<strong>xerrades m\u00e9s informals<\/strong>.<\/p>\n<p>Aquestes activitats sempre es fan en l\u2019idioma que els alumnes estudien i estan adequades al seu nivell.<\/p>\n<p>Els professors informen d\u2019aquestes activitats a les classes, per\u00f2 tamb\u00e9 podeu consultar els taulers d\u2019anuncis de l\u2019escola o les activitats culturals de cada departament:<\/p>\n<div class=\"msg\"><span style=\"color: #0000ff;\"><em>\u2192 IDIOMES \u2192 Alemany \/ Angl\u00e8s \/ Franc\u00e8s \u2192 Activitats culturals<\/em><\/span><\/div>\n<div><\/div>\n<div><\/div>\n<div><\/div>\n<div><\/div>\n<div><\/div>\n","protected":false},"excerpt":{"rendered":"<p>Cada departament organitza al llarg del curs diferents activitats culturals amb la intenci\u00f3 de complementar la formaci\u00f3 acad\u00e8mica dels alumnes. Solen ser molt variades, i van des de concerts de\u00a0m\u00fasica\u00a0a\u00a0obres de teatre\u00a0o\u00a0xerrades m\u00e9s informals.<br \/>\nAquestes activitats sempre es fan en l\u2019idioma que els alumnes estudien i&hellip;  <a href=\"https:\/\/agora-eoi.xtec.cat\/eoi-lapau\/lescola\/projecte-educatiu-de-centre-pec\/\" title=\"Read Activitats culturals\">Llegeix m\u00e9s\u00bb<\/a><\/p>\n","protected":false},"author":1,"featured_media":0,"parent":9510,"menu_order":6,"comment_status":"closed","ping_status":"closed","template":"page-templates\/side-menu.php","meta":{"_bbp_topic_count":0,"_bbp_reply_count":0,"_bbp_total_topic_count":0,"_bbp_total_reply_count":0,"_bbp_voice_count":0,"_bbp_anonymous_reply_count":0,"_bbp_topic_count_hidden":0,"_bbp_reply_count_hidden":0,"_bbp_forum_subforum_count":0,"footnotes":""},"class_list":["post-8635","page","type-page","status-publish","hentry"],"post_mailing_queue_ids":[],"_links":{"self":[{"href":"https:\/\/agora-eoi.xtec.cat\/eoi-lapau\/wp-json\/wp\/v2\/pages\/8635","targetHints":{"allow":["GET"]}}],"collection":[{"href":"https:\/\/agora-eoi.xtec.cat\/eoi-lapau\/wp-json\/wp\/v2\/pages"}],"about":[{"href":"https:\/\/agora-eoi.xtec.cat\/eoi-lapau\/wp-json\/wp\/v2\/types\/page"}],"author":[{"embeddable":true,"href":"https:\/\/agora-eoi.xtec.cat\/eoi-lapau\/wp-json\/wp\/v2\/users\/1"}],"replies":[{"embeddable":true,"href":"https:\/\/agora-eoi.xtec.cat\/eoi-lapau\/wp-json\/wp\/v2\/comments?post=8635"}],"version-history":[{"count":3,"href":"https:\/\/agora-eoi.xtec.cat\/eoi-lapau\/wp-json\/wp\/v2\/pages\/8635\/revisions"}],"predecessor-version":[{"id":10432,"href":"https:\/\/agora-eoi.xtec.cat\/eoi-lapau\/wp-json\/wp\/v2\/pages\/8635\/revisions\/10432"}],"up":[{"embeddable":true,"href":"https:\/\/agora-eoi.xtec.cat\/eoi-lapau\/wp-json\/wp\/v2\/pages\/9510"}],"wp:attachment":[{"href":"https:\/\/agora-eoi.xtec.cat\/eoi-lapau\/wp-json\/wp\/v2\/media?parent=8635"}],"curies":[{"name":"wp","href":"https:\/\/api.w.org\/{rel}","templated":true}]}}