{"id":8610,"date":"2022-10-23T17:59:09","date_gmt":"2022-10-23T15:59:09","guid":{"rendered":"https:\/\/agora-eoi.xtec.cat\/eoi-lapau\/?page_id=8610"},"modified":"2022-11-06T10:54:13","modified_gmt":"2022-11-06T09:54:13","slug":"pla-destudis","status":"publish","type":"page","link":"https:\/\/agora-eoi.xtec.cat\/eoi-lapau\/lescola\/pla-destudis\/","title":{"rendered":"Certificats"},"content":{"rendered":"<p><a href=\"https:\/\/agora-eoi.xtec.cat\/eoi-lapau\/wp-content\/uploads\/usu1668\/2022\/11\/Certificats.png\"><img loading=\"lazy\" decoding=\"async\" class=\"alignnone size-full wp-image-10433\" src=\"https:\/\/agora-eoi.xtec.cat\/eoi-lapau\/wp-content\/uploads\/usu1668\/2022\/11\/Certificats.png\" alt=\"\" width=\"254\" height=\"198\" \/><\/a><\/p>\n<p>Els ensenyaments a les Escoles Oficials d\u2019Idiomes permeten obtenir\u00a0<strong>quatre certificats de nivell\u00a0<\/strong>diferents:<\/p>\n<ul>\n<li>Certificat de Nivell A2<\/li>\n<li>Certificat de Nivell B1<\/li>\n<li>Certificat de Nivell B2<\/li>\n<li>Certificat de Nivell C1<\/li>\n<\/ul>\n<p>En acabar el 2n curs (despr\u00e9s d\u2019un m\u00ednim de 260 hores lectives), si s\u2019han assolit els objectius, s\u2019obt\u00e9 el\u00a0<strong>Certificat de nivell A2<\/strong>. En acabar el 3r curs (un m\u00ednim de 130 hores lectives), si se supera la prova, s\u2019obt\u00e9 el\u00a0<strong>Certificat de nivell B1<\/strong>. En acabar el 5\u00e8 curs (un m\u00ednim de 260 hores lectives), si se supera la prova, s\u2019obt\u00e9 el\u00a0<strong>Certificat de nivell B2<\/strong>. El\u00a0<strong>Certificat de Nivell C1<\/strong>\u00a0s\u2019obt\u00e9 en superar la prova de final de curs (un m\u00ednim de 130 hores lectives).<\/p>\n<p>La matr\u00edcula dels\u00a0<strong>candidats lliures<\/strong>\u00a0permet presentar-se als ex\u00e0mens per a l\u2019obtenci\u00f3 del\u00a0<strong>Certificat de nivell B1<\/strong>i del\u00a0<strong>Certificat de nivell B2<\/strong>, sense dret d\u2019assistir a classe. No hi ha matr\u00edcula lliure del Certificat de nivell A2.<\/p>\n<p>Cada matr\u00edcula d\u00f3na dret a\u00a0<strong>una \u00fanica convocat\u00f2ria d\u2019examen<\/strong>. No est\u00e0 perm\u00e8s fer matr\u00edcula lliure i oficial del mateix idioma en el mateix any acad\u00e8mic, encara que siguin cursos diferents.<\/p>\n<p>Per a m\u00e9s informaci\u00f3, clica sobre aquest <a href=\"https:\/\/preinscripcio.gencat.cat\/ca\/estudis\/idiomes-eoi\/inici\/\" target=\"_blank\" rel=\"noopener\">enlla\u00e7<\/a>.<\/p>\n<p>&nbsp;<\/p>\n","protected":false},"excerpt":{"rendered":"<p><a href=\"https:\/\/agora-eoi.xtec.cat\/eoi-lapau\/wp-content\/uploads\/usu1668\/2022\/11\/Certificats.png\"><\/a><br \/>\nEls ensenyaments a les Escoles Oficials d\u2019Idiomes permeten obtenir\u00a0quatre certificats de nivell\u00a0diferents:<\/p>\n<ul>\n<li>Certificat de Nivell A2<\/li>\n<li>Certificat de Nivell B1<\/li>\n<li>Certificat de Nivell B2<\/li>\n<li>Certificat de Nivell C1<\/li>\n<\/ul>\n<p>En acabar el 2n curs (despr\u00e9s d\u2019un m\u00ednim de 260 hores lectives), si s\u2019han assolit els objectius, s\u2019obt\u00e9 el\u00a0Certificat de nivell&hellip;  <a href=\"https:\/\/agora-eoi.xtec.cat\/eoi-lapau\/lescola\/pla-destudis\/\" title=\"Read Certificats\">Llegeix m\u00e9s\u00bb<\/a><\/p>\n","protected":false},"author":1,"featured_media":0,"parent":9510,"menu_order":4,"comment_status":"closed","ping_status":"closed","template":"page-templates\/side-menu.php","meta":{"_bbp_topic_count":0,"_bbp_reply_count":0,"_bbp_total_topic_count":0,"_bbp_total_reply_count":0,"_bbp_voice_count":0,"_bbp_anonymous_reply_count":0,"_bbp_topic_count_hidden":0,"_bbp_reply_count_hidden":0,"_bbp_forum_subforum_count":0,"footnotes":""},"class_list":["post-8610","page","type-page","status-publish","hentry"],"post_mailing_queue_ids":[],"_links":{"self":[{"href":"https:\/\/agora-eoi.xtec.cat\/eoi-lapau\/wp-json\/wp\/v2\/pages\/8610","targetHints":{"allow":["GET"]}}],"collection":[{"href":"https:\/\/agora-eoi.xtec.cat\/eoi-lapau\/wp-json\/wp\/v2\/pages"}],"about":[{"href":"https:\/\/agora-eoi.xtec.cat\/eoi-lapau\/wp-json\/wp\/v2\/types\/page"}],"author":[{"embeddable":true,"href":"https:\/\/agora-eoi.xtec.cat\/eoi-lapau\/wp-json\/wp\/v2\/users\/1"}],"replies":[{"embeddable":true,"href":"https:\/\/agora-eoi.xtec.cat\/eoi-lapau\/wp-json\/wp\/v2\/comments?post=8610"}],"version-history":[{"count":3,"href":"https:\/\/agora-eoi.xtec.cat\/eoi-lapau\/wp-json\/wp\/v2\/pages\/8610\/revisions"}],"predecessor-version":[{"id":10434,"href":"https:\/\/agora-eoi.xtec.cat\/eoi-lapau\/wp-json\/wp\/v2\/pages\/8610\/revisions\/10434"}],"up":[{"embeddable":true,"href":"https:\/\/agora-eoi.xtec.cat\/eoi-lapau\/wp-json\/wp\/v2\/pages\/9510"}],"wp:attachment":[{"href":"https:\/\/agora-eoi.xtec.cat\/eoi-lapau\/wp-json\/wp\/v2\/media?parent=8610"}],"curies":[{"name":"wp","href":"https:\/\/api.w.org\/{rel}","templated":true}]}}