{"id":797,"date":"2022-10-23T17:38:57","date_gmt":"2022-10-23T15:38:57","guid":{"rendered":"https:\/\/agora-eoi.xtec.cat\/eoi-lapau\/?page_id=797"},"modified":"2022-11-06T10:54:56","modified_gmt":"2022-11-06T09:54:56","slug":"presentacio","status":"publish","type":"page","link":"https:\/\/agora-eoi.xtec.cat\/eoi-lapau\/lescola\/presentacio\/","title":{"rendered":"Qu\u00e8 \u00e9s una EOI"},"content":{"rendered":"<p>Les escoles oficials d\u2019idiomes (EOI) s\u00f3n\u00a0<strong>centres p\u00fablics d\u2019ensenyament d\u2019idiomes moderns<\/strong>, no universitaris, que imparteixen els ensenyaments especialitzats regulats per la LOE.<\/p>\n<p>Les escoles oficials d\u2019idiomes tamb\u00e9 gestionen les\u00a0<strong>certificacions acad\u00e8miques<\/strong>\u00a0corresponents a aquests ensenyaments especialitzats. Aquestes certificacions s\u00f3n reconegudes arreu de l\u2019Estat espanyol, s\u00f3n les \u00faniques oficials, i es poden obtenir tant en convocat\u00f2ria oficial com en convocat\u00f2ria lliure.<\/p>\n<p>El pla d\u2019estudis s\u2019estructura en\u00a0<strong>tres nivells<\/strong>:<\/p>\n<ul>\n<li>Nivell b\u00e0sic A1 i A2<\/li>\n<li>Nivell intermedi B1 i B2<\/li>\n<li>Nivell avan\u00e7at C1 i C2<\/li>\n<\/ul>\n<p>Cada curs t\u00e9 una durada m\u00ednima de\u00a0<strong>130 hores<\/strong>. Els tres primers cursos d\u2019angl\u00e8s tamb\u00e9 es poden cursar a trav\u00e9s de l\u2019<a title=\"Institut Obert de Catalunya\" href=\"https:\/\/ioc.xtec.cat\/educacio\/eoi\" target=\"_blank\" rel=\"noopener noreferrer\">Institut Obert de Catalunya (IOC)<\/a>.<\/p>\n<p>La finalitat dels ensenyaments d\u2019idiomes que s\u2019imparteixen \u00e9s la de capacitar l\u2019alumnat en l\u2019<strong>\u00fas efectiu de l\u2019idioma<\/strong> com a vehicle de comunicaci\u00f3 general.<\/p>\n<p><strong>M\u00e9s informaci\u00f3: <\/strong><a style=\"font-family: inherit; font-size: 1em;\" href=\"https:\/\/preinscripcio.gencat.cat\/ca\/estudis\/idiomes-eoi\/inici\/\" target=\"_blank\" rel=\"noopener\">Preinscripci\u00f3 a les Escoles oficials d&#8217;idiomes<\/a><\/p>\n<p>&nbsp;<\/p>\n","protected":false},"excerpt":{"rendered":"<p>Les escoles oficials d\u2019idiomes (EOI) s\u00f3n\u00a0centres p\u00fablics d\u2019ensenyament d\u2019idiomes moderns, no universitaris, que imparteixen els ensenyaments especialitzats regulats per la LOE.<br \/>\nLes escoles oficials d\u2019idiomes tamb\u00e9 gestionen les\u00a0certificacions acad\u00e8miques\u00a0corresponents a aquests ensenyaments especialitzats. Aquestes certificacions s\u00f3n reconegudes arreu de l\u2019Estat espanyol, s\u00f3n les \u00faniques oficials, i&hellip;  <a href=\"https:\/\/agora-eoi.xtec.cat\/eoi-lapau\/lescola\/presentacio\/\" title=\"Read Qu\u00e8 \u00e9s una EOI\">Llegeix m\u00e9s\u00bb<\/a><\/p>\n","protected":false},"author":1,"featured_media":0,"parent":9510,"menu_order":1,"comment_status":"closed","ping_status":"closed","template":"page-templates\/side-menu.php","meta":{"_bbp_topic_count":0,"_bbp_reply_count":0,"_bbp_total_topic_count":0,"_bbp_total_reply_count":0,"_bbp_voice_count":0,"_bbp_anonymous_reply_count":0,"_bbp_topic_count_hidden":0,"_bbp_reply_count_hidden":0,"_bbp_forum_subforum_count":0,"footnotes":""},"class_list":["post-797","page","type-page","status-publish","hentry"],"post_mailing_queue_ids":[],"_links":{"self":[{"href":"https:\/\/agora-eoi.xtec.cat\/eoi-lapau\/wp-json\/wp\/v2\/pages\/797","targetHints":{"allow":["GET"]}}],"collection":[{"href":"https:\/\/agora-eoi.xtec.cat\/eoi-lapau\/wp-json\/wp\/v2\/pages"}],"about":[{"href":"https:\/\/agora-eoi.xtec.cat\/eoi-lapau\/wp-json\/wp\/v2\/types\/page"}],"author":[{"embeddable":true,"href":"https:\/\/agora-eoi.xtec.cat\/eoi-lapau\/wp-json\/wp\/v2\/users\/1"}],"replies":[{"embeddable":true,"href":"https:\/\/agora-eoi.xtec.cat\/eoi-lapau\/wp-json\/wp\/v2\/comments?post=797"}],"version-history":[{"count":3,"href":"https:\/\/agora-eoi.xtec.cat\/eoi-lapau\/wp-json\/wp\/v2\/pages\/797\/revisions"}],"predecessor-version":[{"id":10435,"href":"https:\/\/agora-eoi.xtec.cat\/eoi-lapau\/wp-json\/wp\/v2\/pages\/797\/revisions\/10435"}],"up":[{"embeddable":true,"href":"https:\/\/agora-eoi.xtec.cat\/eoi-lapau\/wp-json\/wp\/v2\/pages\/9510"}],"wp:attachment":[{"href":"https:\/\/agora-eoi.xtec.cat\/eoi-lapau\/wp-json\/wp\/v2\/media?parent=797"}],"curies":[{"name":"wp","href":"https:\/\/api.w.org\/{rel}","templated":true}]}}