{"id":11512,"date":"2025-05-15T20:17:34","date_gmt":"2025-05-15T18:17:34","guid":{"rendered":"https:\/\/agora-eoi.xtec.cat\/eoi-lapau\/?page_id=11512"},"modified":"2025-10-08T22:15:41","modified_gmt":"2025-10-08T20:15:41","slug":"devolucio-de-taxes","status":"publish","type":"page","link":"https:\/\/agora-eoi.xtec.cat\/eoi-lapau\/secretaria\/devolucio-de-taxes\/","title":{"rendered":"Devoluci\u00f3 de taxes"},"content":{"rendered":"<h3 class=\"\" data-start=\"49\" data-end=\"83\"><strong data-start=\"53\" data-end=\"83\">Causes que la justifiquen:<\/strong><\/h3>\n<p class=\"\" data-start=\"85\" data-end=\"190\">Es pot sol\u00b7licitar la devoluci\u00f3 de les taxes i preus p\u00fablics en els seg\u00fcents terminis i\/o circumst\u00e0ncies:<\/p>\n<ul data-start=\"192\" data-end=\"788\">\n<li class=\"\" data-start=\"192\" data-end=\"505\">\n<p class=\"\" data-start=\"194\" data-end=\"505\"><strong data-start=\"194\" data-end=\"218\">Per ren\u00fancia al curs<\/strong> dins dels terminis legalment establerts per al curs 2025-2026:<br data-start=\"281\" data-end=\"284\" \/>\u2013 No m\u00e9s tard del dia <strong data-start=\"308\" data-end=\"332\">10 d\u2019octubre de 2025<\/strong>\u00a0per als cursos <strong data-start=\"348\" data-end=\"358\">anuals.<\/strong><\/p>\n<\/li>\n<li class=\"\" data-start=\"507\" data-end=\"788\">\n<p class=\"\" data-start=\"509\" data-end=\"788\"><strong data-start=\"509\" data-end=\"564\">Per causes extraordin\u00e0ries no imputables a l\u2019alumne<\/strong> i degudament justificades, es pot sol\u00b7licitar la devoluci\u00f3 <strong data-start=\"624\" data-end=\"668\">amb posterioritat a les dates esmentades<\/strong>.<br data-start=\"669\" data-end=\"672\" \/>\u26a0\ufe0f <em data-start=\"677\" data-end=\"788\">No es consideraran causes de for\u00e7a major els canvis en l\u2019horari laboral ni els canvis de domicili o similars.<\/em><\/p>\n<\/li>\n<\/ul>\n<hr class=\"\" data-start=\"790\" data-end=\"793\" \/>\n<h3 class=\"\" data-start=\"795\" data-end=\"823\"><strong data-start=\"799\" data-end=\"823\">Vies de sol\u00b7licitud:<\/strong><\/h3>\n<ul data-start=\"825\" data-end=\"1303\">\n<li class=\"\" data-start=\"825\" data-end=\"1047\">\n<p class=\"\" data-start=\"827\" data-end=\"1047\">Preferiblement de forma <strong data-start=\"851\" data-end=\"865\">telem\u00e0tica<\/strong> a trav\u00e9s del portal:<br data-start=\"886\" data-end=\"889\" \/><a class=\"\" href=\"https:\/\/web.gencat.cat\/ca\/tramits\/tramits-temes\/devolucio-ingressos-indeguts\" target=\"_new\" rel=\"noopener\" data-start=\"891\" data-end=\"1047\">https:\/\/web.gencat.cat\/ca\/tramits\/tramits-temes\/devolucio-ingressos-indeguts<\/a><\/p>\n<\/li>\n<li class=\"\" data-start=\"1049\" data-end=\"1235\">\n<p class=\"\" data-start=\"1051\" data-end=\"1235\">Per a tramitaci\u00f3 <strong data-start=\"1068\" data-end=\"1088\">online assistida<\/strong>, es poden adre\u00e7ar <strong data-start=\"1107\" data-end=\"1125\">presencialment<\/strong> a les oficines de Registre dels <strong data-start=\"1158\" data-end=\"1178\">Serveis Centrals<\/strong> i <strong data-start=\"1181\" data-end=\"1205\">Serveis Territorials<\/strong> del <em data-start=\"1210\" data-end=\"1234\">Departament d\u2019Educaci\u00f3<\/em>.<\/p>\n<\/li>\n<li class=\"\" data-start=\"1237\" data-end=\"1303\">\n<p class=\"\" data-start=\"1239\" data-end=\"1303\">Tamb\u00e9 es pot fer <strong data-start=\"1256\" data-end=\"1302\">presencialment a la secretaria de l\u2019escola<\/strong>.<\/p>\n<\/li>\n<\/ul>\n<hr class=\"\" data-start=\"1305\" data-end=\"1308\" \/>\n<h3 class=\"\" data-start=\"1310\" data-end=\"1342\"><strong data-start=\"1314\" data-end=\"1342\">Documentaci\u00f3 necess\u00e0ria:<\/strong><\/h3>\n<ul data-start=\"1344\" data-end=\"1549\">\n<li class=\"\" data-start=\"1344\" data-end=\"1383\">\n<p class=\"\" data-start=\"1346\" data-end=\"1383\">Sol\u00b7licitud <strong data-start=\"1358\" data-end=\"1381\">emplenada i signada<\/strong><\/p>\n<\/li>\n<li class=\"\" data-start=\"1384\" data-end=\"1423\">\n<p class=\"\" data-start=\"1386\" data-end=\"1423\">C\u00f2pia del <strong data-start=\"1396\" data-end=\"1421\">resguard de matr\u00edcula<\/strong><\/p>\n<\/li>\n<li class=\"\" data-start=\"1424\" data-end=\"1464\">\n<p class=\"\" data-start=\"1426\" data-end=\"1464\">C\u00f2pia del <strong data-start=\"1436\" data-end=\"1462\">comprovant de pagament<\/strong><\/p>\n<\/li>\n<li class=\"\" data-start=\"1465\" data-end=\"1549\">\n<p class=\"\" data-start=\"1467\" data-end=\"1549\">C\u00f2pia de la <strong data-start=\"1479\" data-end=\"1539\">documentaci\u00f3 acreditativa de la bonificaci\u00f3 i\/o exempci\u00f3<\/strong>, si escau<\/p>\n<\/li>\n<\/ul>\n<hr class=\"\" data-start=\"1551\" data-end=\"1554\" \/>\n<h3 class=\"\" data-start=\"1556\" data-end=\"1574\"><strong data-start=\"1560\" data-end=\"1574\">Important:<\/strong><\/h3>\n<p class=\"\" data-start=\"1576\" data-end=\"1777\">El <strong data-start=\"1579\" data-end=\"1603\">termini de resoluci\u00f3<\/strong> del procediment <strong data-start=\"1620\" data-end=\"1641\">no dep\u00e8n de l\u2019EOI<\/strong>, sin\u00f3 del <strong data-start=\"1652\" data-end=\"1714\">Servei de Gesti\u00f3 Pressupost\u00e0ria del Departament d\u2019Educaci\u00f3<\/strong>, que \u00e9s qui comunica <strong data-start=\"1736\" data-end=\"1763\">directament a l\u2019alumnat<\/strong> la resoluci\u00f3.<\/p>\n","protected":false},"excerpt":{"rendered":"<p>Causes que la justifiquen:<br \/>\nEs pot sol\u00b7licitar la devoluci\u00f3 de les taxes i preus p\u00fablics en els seg\u00fcents terminis i\/o circumst\u00e0ncies:<\/p>\n<ul data-start=\"192\" data-end=\"788\">\n<li class=\"\" data-start=\"192\" data-end=\"505\">\nPer ren\u00fancia al curs dins dels terminis legalment establerts per al curs 2025-2026:\u2013 No m\u00e9s tard del dia 10 d\u2019octubre de&hellip;  <a href=\"https:\/\/agora-eoi.xtec.cat\/eoi-lapau\/secretaria\/devolucio-de-taxes\/\" title=\"Read Devoluci\u00f3 de taxes\">Llegeix m\u00e9s\u00bb<\/a><\/p>\n","protected":false},"author":1,"featured_media":0,"parent":9680,"menu_order":3,"comment_status":"closed","ping_status":"closed","template":"page-templates\/side-menu.php","meta":{"_bbp_topic_count":0,"_bbp_reply_count":0,"_bbp_total_topic_count":0,"_bbp_total_reply_count":0,"_bbp_voice_count":0,"_bbp_anonymous_reply_count":0,"_bbp_topic_count_hidden":0,"_bbp_reply_count_hidden":0,"_bbp_forum_subforum_count":0,"footnotes":""},"class_list":["post-11512","page","type-page","status-publish","hentry"],"post_mailing_queue_ids":[],"_links":{"self":[{"href":"https:\/\/agora-eoi.xtec.cat\/eoi-lapau\/wp-json\/wp\/v2\/pages\/11512","targetHints":{"allow":["GET"]}}],"collection":[{"href":"https:\/\/agora-eoi.xtec.cat\/eoi-lapau\/wp-json\/wp\/v2\/pages"}],"about":[{"href":"https:\/\/agora-eoi.xtec.cat\/eoi-lapau\/wp-json\/wp\/v2\/types\/page"}],"author":[{"embeddable":true,"href":"https:\/\/agora-eoi.xtec.cat\/eoi-lapau\/wp-json\/wp\/v2\/users\/1"}],"replies":[{"embeddable":true,"href":"https:\/\/agora-eoi.xtec.cat\/eoi-lapau\/wp-json\/wp\/v2\/comments?post=11512"}],"version-history":[{"count":2,"href":"https:\/\/agora-eoi.xtec.cat\/eoi-lapau\/wp-json\/wp\/v2\/pages\/11512\/revisions"}],"predecessor-version":[{"id":11640,"href":"https:\/\/agora-eoi.xtec.cat\/eoi-lapau\/wp-json\/wp\/v2\/pages\/11512\/revisions\/11640"}],"up":[{"embeddable":true,"href":"https:\/\/agora-eoi.xtec.cat\/eoi-lapau\/wp-json\/wp\/v2\/pages\/9680"}],"wp:attachment":[{"href":"https:\/\/agora-eoi.xtec.cat\/eoi-lapau\/wp-json\/wp\/v2\/media?parent=11512"}],"curies":[{"name":"wp","href":"https:\/\/api.w.org\/{rel}","templated":true}]}}