{"id":10620,"date":"2022-11-09T13:08:12","date_gmt":"2022-11-09T12:08:12","guid":{"rendered":"https:\/\/agora-eoi.xtec.cat\/eoi-lapau\/?page_id=10620"},"modified":"2023-02-14T00:15:20","modified_gmt":"2023-02-13T23:15:20","slug":"serveis-digitals","status":"publish","type":"page","link":"https:\/\/agora-eoi.xtec.cat\/eoi-lapau\/edc\/cultura-digital\/serveis-digitals\/","title":{"rendered":"Serveis digitals"},"content":{"rendered":"<p>L&#8217;escola ofereix a l\u2019alumnat els seg\u00fcents serveis digitals:<\/p>\n<ul>\n<li><a href=\"http:\/\/www.eoilapau.net\/\" target=\"_blank\" rel=\"noopener\">Web de centre<\/a><\/li>\n<li><a href=\"https:\/\/agora-eoi.xtec.cat\/eoi-lapau\/moodle\/\" target=\"_blank\" rel=\"noopener\">Moodle<\/a><\/li>\n<li><a href=\"https:\/\/agora-eoi.xtec.cat\/eoi-lapau\/centrosnet\/\">CentrosNet<\/a><\/li>\n<li><a href=\"https:\/\/agora-eoi.xtec.cat\/eoi-lapau\/biblioteca\/materials\/\">Ordinadors de la biblioteca<\/a><\/li>\n<\/ul>\n<table style=\"height: 174px; width: 100%; border-collapse: collapse;\">\n<tbody>\n<tr>\n<td style=\"width: 22.0914%; text-align: center;\" colspan=\"2\"><a href=\"https:\/\/agora-eoi.xtec.cat\/eoi-lapau\/wp-content\/uploads\/usu1668\/2022\/11\/Web-pagina-EDC-1024x512c.png\"><img loading=\"lazy\" decoding=\"async\" class=\"size-full wp-image-10698 aligncenter\" src=\"https:\/\/agora-eoi.xtec.cat\/eoi-lapau\/wp-content\/uploads\/usu1668\/2022\/11\/Web-pagina-EDC-1024x512c.png\" alt=\"\" width=\"183\" height=\"118\" \/><\/a><\/td>\n<td style=\"width: 77.8463%; vertical-align: middle;\">\n<ul>\n<li>El centre disposa d&#8217;un espai web (Nodes) amb la informaci\u00f3 p\u00fablica: <a href=\"https:\/\/agora-eoi.xtec.cat\/eoi-lapau\/\">https:\/\/agora-eoi.xtec.cat\/eoi-lapau\/\u00a0<\/a><\/li>\n<li>S&#8217;hi poden trobar informacions est\u00e0tiques, que es revisen peri\u00f2dicament, i articles din\u00e0mics sobre el que va succeint al centre dia a dia.<\/li>\n<\/ul>\n<\/td>\n<\/tr>\n<tr style=\"height: 98px;\">\n<td style=\"height: 66px; text-align: center;\" colspan=\"2\"><a href=\"https:\/\/agora-eoi.xtec.cat\/eoi-lapau\/wp-content\/uploads\/usu1668\/2022\/11\/Moodle3.jpg\"><img loading=\"lazy\" decoding=\"async\" class=\"wp-image-10636 aligncenter\" src=\"https:\/\/agora-eoi.xtec.cat\/eoi-lapau\/wp-content\/uploads\/usu1668\/2022\/11\/Moodle3.jpg\" alt=\"\" width=\"141\" height=\"114\" srcset=\"https:\/\/agora-eoi.xtec.cat\/eoi-lapau\/wp-content\/uploads\/usu1668\/2022\/11\/Moodle3.jpg 530w, https:\/\/agora-eoi.xtec.cat\/eoi-lapau\/wp-content\/uploads\/usu1668\/2022\/11\/Moodle3-300x242.jpg 300w\" sizes=\"auto, (max-width: 141px) 100vw, 141px\" \/><\/a><\/td>\n<td style=\"width: 77.8463%; height: 66px; vertical-align: middle;\">\n<ul>\n<li class=\"CDt4Ke zfr3Q\" dir=\"ltr\">La versi\u00f3 Moodle &#8211; Espai Virtual d&#8217;Aprenentatge (EVA) que actualment s\u2019utilitza en l&#8217;escola \u00e9s la proporcionada pel departament d\u2019Educaci\u00f3. El coordinador d&#8217;inform\u00e0tica \u00e9s el responsable del manteniment d&#8217;aquest espai. Tamb\u00e9 crea els cursos de cada professor i assigna les claus d&#8217;inscripci\u00f3 i els permisos corresponents.<\/li>\n<li class=\"CDt4Ke zfr3Q\" dir=\"ltr\">Els alumnes fan servir els recursos que ofereix la plataforma per treballar de manera aut\u00f2noma o b\u00e9 per lliurar tasques i deures. Aquest servei \u00e9s particularment d&#8217;inter\u00e8s en els cursos semipresencials.<\/li>\n<\/ul>\n<\/td>\n<\/tr>\n<tr style=\"height: 97px;\">\n<td style=\"height: 97px; width: 22.0914%;\" colspan=\"2\"><a href=\"https:\/\/agora-eoi.xtec.cat\/eoi-lapau\/wp-content\/uploads\/usu1668\/2022\/11\/CentrosNet_p2.jpeg\"><img loading=\"lazy\" decoding=\"async\" class=\"alignnone wp-image-10513 aligncenter\" src=\"https:\/\/agora-eoi.xtec.cat\/eoi-lapau\/wp-content\/uploads\/usu1668\/2022\/11\/CentrosNet_p2.jpeg\" alt=\"\" width=\"161\" height=\"71\" \/><\/a><\/td>\n<td style=\"width: 77.8463%; height: 97px; vertical-align: middle;\">\n<ul>\n<li>Aplicatiu on els alumnes poden consultar les seves notes i expedient acad\u00e8mic.<\/li>\n<\/ul>\n<\/td>\n<\/tr>\n<tr style=\"height: 32px;\">\n<td style=\"height: 11px; width: 22.0914%; text-align: center;\" colspan=\"2\"><a href=\"https:\/\/agora-eoi.xtec.cat\/eoi-lapau\/wp-content\/uploads\/usu1668\/2022\/11\/Ordinador2.jpeg\"><img loading=\"lazy\" decoding=\"async\" class=\"alignnone wp-image-10746\" src=\"https:\/\/agora-eoi.xtec.cat\/eoi-lapau\/wp-content\/uploads\/usu1668\/2022\/11\/Ordinador2.jpeg\" alt=\"\" width=\"144\" height=\"108\" \/><\/a><\/td>\n<td style=\"width: 77.8463%; height: 11px; vertical-align: middle;\">\n<ul>\n<li>La biblioteca t\u00e9 ordinadors amb connexi\u00f3 a Internet, \u00e0udio i auriculars a disposici\u00f3 de tot l&#8217;alumnat de l&#8217;escola en <a href=\"https:\/\/agora-eoi.xtec.cat\/eoi-lapau\/biblioteca\/horaris-de-la-biblioteca\/\">horari de biblioteca<\/a>.<\/li>\n<\/ul>\n<\/td>\n<\/tr>\n<\/tbody>\n<\/table>\n<p>&nbsp;<\/p>\n","protected":false},"excerpt":{"rendered":"<p>L&#8217;escola ofereix a l\u2019alumnat els seg\u00fcents serveis digitals:<\/p>\n<ul>\n<li><a href=\"http:\/\/www.eoilapau.net\/\" target=\"_blank\" rel=\"noopener\">Web de centre<\/a><\/li>\n<li><a href=\"https:\/\/agora-eoi.xtec.cat\/eoi-lapau\/moodle\/\" target=\"_blank\" rel=\"noopener\">Moodle<\/a><\/li>\n<li><a href=\"https:\/\/agora-eoi.xtec.cat\/eoi-lapau\/centrosnet\/\">CentrosNet<\/a><\/li>\n<li><a href=\"https:\/\/agora-eoi.xtec.cat\/eoi-lapau\/biblioteca\/materials\/\">Ordinadors de la biblioteca<\/a><\/li>\n<\/ul>\n<p><a href=\"https:\/\/agora-eoi.xtec.cat\/eoi-lapau\/wp-content\/uploads\/usu1668\/2022\/11\/Web-pagina-EDC-1024x512c.png\"><\/a><\/p>\n<ul>\n<li>El centre disposa d&#8217;un espai web (Nodes) amb la informaci\u00f3 p\u00fablica: <a href=\"https:\/\/agora-eoi.xtec.cat\/eoi-lapau\/\">https:\/\/agora-eoi.xtec.cat\/eoi-lapau\/\u00a0<\/a><\/li>\n<li>S&#8217;hi poden trobar informacions est\u00e0tiques, que es revisen peri\u00f2dicament, i articles din\u00e0mics&hellip;  <a href=\"https:\/\/agora-eoi.xtec.cat\/eoi-lapau\/edc\/cultura-digital\/serveis-digitals\/\" title=\"Read Serveis digitals\">Llegeix m\u00e9s\u00bb<\/a><br \/>\n","protected":false},"author":1,"featured_media":0,"parent":8877,"menu_order":3,"comment_status":"closed","ping_status":"closed","template":"page-templates\/side-menu.php","meta":{"_bbp_topic_count":0,"_bbp_reply_count":0,"_bbp_total_topic_count":0,"_bbp_total_reply_count":0,"_bbp_voice_count":0,"_bbp_anonymous_reply_count":0,"_bbp_topic_count_hidden":0,"_bbp_reply_count_hidden":0,"_bbp_forum_subforum_count":0,"footnotes":""},"class_list":["post-10620","page","type-page","status-publish","hentry"],"post_mailing_queue_ids":[],"_links":{"self":[{"href":"https:\/\/agora-eoi.xtec.cat\/eoi-lapau\/wp-json\/wp\/v2\/pages\/10620","targetHints":{"allow":["GET"]}}],"collection":[{"href":"https:\/\/agora-eoi.xtec.cat\/eoi-lapau\/wp-json\/wp\/v2\/pages"}],"about":[{"href":"https:\/\/agora-eoi.xtec.cat\/eoi-lapau\/wp-json\/wp\/v2\/types\/page"}],"author":[{"embeddable":true,"href":"https:\/\/agora-eoi.xtec.cat\/eoi-lapau\/wp-json\/wp\/v2\/users\/1"}],"replies":[{"embeddable":true,"href":"https:\/\/agora-eoi.xtec.cat\/eoi-lapau\/wp-json\/wp\/v2\/comments?post=10620"}],"version-history":[{"count":3,"href":"https:\/\/agora-eoi.xtec.cat\/eoi-lapau\/wp-json\/wp\/v2\/pages\/10620\/revisions"}],"predecessor-version":[{"id":10848,"href":"https:\/\/agora-eoi.xtec.cat\/eoi-lapau\/wp-json\/wp\/v2\/pages\/10620\/revisions\/10848"}],"up":[{"embeddable":true,"href":"https:\/\/agora-eoi.xtec.cat\/eoi-lapau\/wp-json\/wp\/v2\/pages\/8877"}],"wp:attachment":[{"href":"https:\/\/agora-eoi.xtec.cat\/eoi-lapau\/wp-json\/wp\/v2\/media?parent=10620"}],"curies":[{"name":"wp","href":"https:\/\/api.w.org\/{rel}","templated":true}]}}