{"id":10571,"date":"2022-11-09T10:48:06","date_gmt":"2022-11-09T09:48:06","guid":{"rendered":"https:\/\/agora-eoi.xtec.cat\/eoi-lapau\/?page_id=10571"},"modified":"2022-11-11T15:12:44","modified_gmt":"2022-11-11T14:12:44","slug":"normativa-de-prestec","status":"publish","type":"page","link":"https:\/\/agora-eoi.xtec.cat\/eoi-lapau\/biblioteca\/normativa-de-prestec\/","title":{"rendered":"Normativa de pr\u00e9stec"},"content":{"rendered":"<p><a href=\"https:\/\/agora-eoi.xtec.cat\/eoi-lapau\/wp-content\/uploads\/usu1668\/2022\/10\/Normativa.png\"><img loading=\"lazy\" decoding=\"async\" class=\"alignnone size-full wp-image-9865\" src=\"https:\/\/agora-eoi.xtec.cat\/eoi-lapau\/wp-content\/uploads\/usu1668\/2022\/10\/Normativa.png\" alt=\"\" width=\"243\" height=\"207\" \/><\/a><\/p>\n<table style=\"height: 250px; width: 100%; border-collapse: collapse; background-color: #d9cccc;\">\n<tbody>\n<tr style=\"height: 32px;\">\n<td style=\"width: 100%; text-align: center; height: 32px;\" colspan=\"2\"><strong>NORMATIVA DE PR\u00c9STEC<\/strong><\/td>\n<\/tr>\n<tr style=\"height: 32px;\">\n<td style=\"width: 15.4291%; height: 26px;\"><span style=\"color: #800080;\">Llibres i revistes<\/span><\/td>\n<td style=\"width: 84.5709%; height: 26px;\">Es podran agafar en pr\u00e9stec fins a dos llibres o revistes per idioma i per un termini de 15 dies.<br \/>\nEls llibres de lectura obligat\u00f2ria de cada idioma\/trimestre es podran prestar per un termini de 7 dies, mentre duri la seva obligatorietat.<\/td>\n<\/tr>\n<tr style=\"height: 32px;\">\n<td style=\"width: 15.4291%; height: 32px;\"><span style=\"color: #800080;\">Audiovisuals<\/span><\/td>\n<td style=\"width: 84.5709%; height: 32px;\">Es prestaran dos CD, DVD cada vegada per un termini m\u00e0xim d\u2019una setmana.<\/td>\n<\/tr>\n<tr style=\"height: 32px;\">\n<td style=\"width: 15.4291%; height: 32px;\"><span style=\"color: #800080;\">Pr\u00f2rrogues<\/span><\/td>\n<td style=\"width: 84.5709%; height: 32px;\">Els terminis de pr\u00e9stec son prorrogables per una sola vegada, durant uns altres 7 o b\u00e9 15 dies, sempre que el document en pr\u00e9stec no hagi estat reservat.<\/td>\n<\/tr>\n<tr style=\"height: 32px;\">\n<td style=\"width: 15.4291%; height: 32px;\"><span style=\"color: #800080;\">Reserves<\/span><\/td>\n<td style=\"width: 84.5709%; height: 32px;\">Es pot reservar qualsevol document que estigui deixat en pr\u00e9stec.<\/td>\n<\/tr>\n<tr style=\"height: 32px;\">\n<td style=\"width: 15.4291%; height: 32px;\"><span style=\"color: #800080;\">Documents exclosos de pr\u00e9stec<\/span><\/td>\n<td style=\"width: 84.5709%; height: 32px;\">\n<ul>\n<li>Enciclop\u00e8dies<\/li>\n<li>Diccionaris<\/li>\n<li>Totes aquelles obres o documents que siguin de refer\u00e8ncia o siguin molt consultats i dels quals la biblioteca nom\u00e9s tingui un exemplar.<\/li>\n<\/ul>\n<\/td>\n<\/tr>\n<tr style=\"height: 32px;\">\n<td style=\"width: 15.4291%; height: 32px;\"><span style=\"color: #800080;\">Retards<\/span><\/td>\n<td style=\"width: 84.5709%; height: 32px;\">Cal retornar el material en el termini establert. En cas contrari, l\u2019alumne ser\u00e0 susp\u00e8s del servei de pr\u00e9stec durant el doble del per\u00edode de temps que hagi durat el retard.<\/td>\n<\/tr>\n<tr style=\"height: 32px;\">\n<td style=\"width: 15.4291%; height: 32px;\"><span style=\"color: #800080;\">P\u00e8rdues<\/span><\/td>\n<td style=\"width: 84.5709%; height: 32px;\">En cas de p\u00e8rdua de documents o si es retorna un material malm\u00e8s, l\u2019usuari\/a haur\u00e0 d\u2019adquirir la mateixa edici\u00f3 del document o abonar el seu import de reposici\u00f3. Mentrestant, no tindr\u00e0 acc\u00e9s al servei de pr\u00e9stec.<\/td>\n<\/tr>\n<\/tbody>\n<\/table>\n<p>&nbsp;<\/p>\n","protected":false},"excerpt":{"rendered":"<p><a href=\"https:\/\/agora-eoi.xtec.cat\/eoi-lapau\/wp-content\/uploads\/usu1668\/2022\/10\/Normativa.png\"><\/a><\/p>\n<p>NORMATIVA DE PR\u00c9STEC<\/p>\n<p>Llibres i revistes<br \/>\nEs podran agafar en pr\u00e9stec fins a dos llibres o revistes per idioma i per un termini de 15 dies.<br \/>\nEls llibres de lectura obligat\u00f2ria de cada idioma\/trimestre es podran prestar per un termini de 7 dies, mentre duri la seva&hellip;  <a href=\"https:\/\/agora-eoi.xtec.cat\/eoi-lapau\/biblioteca\/normativa-de-prestec\/\" title=\"Read Normativa de pr\u00e9stec\">Llegeix m\u00e9s\u00bb<\/a><\/p>\n","protected":false},"author":1,"featured_media":0,"parent":9616,"menu_order":4,"comment_status":"closed","ping_status":"closed","template":"page-templates\/side-menu.php","meta":{"_bbp_topic_count":0,"_bbp_reply_count":0,"_bbp_total_topic_count":0,"_bbp_total_reply_count":0,"_bbp_voice_count":0,"_bbp_anonymous_reply_count":0,"_bbp_topic_count_hidden":0,"_bbp_reply_count_hidden":0,"_bbp_forum_subforum_count":0,"footnotes":""},"class_list":["post-10571","page","type-page","status-publish","hentry"],"post_mailing_queue_ids":[],"_links":{"self":[{"href":"https:\/\/agora-eoi.xtec.cat\/eoi-lapau\/wp-json\/wp\/v2\/pages\/10571","targetHints":{"allow":["GET"]}}],"collection":[{"href":"https:\/\/agora-eoi.xtec.cat\/eoi-lapau\/wp-json\/wp\/v2\/pages"}],"about":[{"href":"https:\/\/agora-eoi.xtec.cat\/eoi-lapau\/wp-json\/wp\/v2\/types\/page"}],"author":[{"embeddable":true,"href":"https:\/\/agora-eoi.xtec.cat\/eoi-lapau\/wp-json\/wp\/v2\/users\/1"}],"replies":[{"embeddable":true,"href":"https:\/\/agora-eoi.xtec.cat\/eoi-lapau\/wp-json\/wp\/v2\/comments?post=10571"}],"version-history":[{"count":3,"href":"https:\/\/agora-eoi.xtec.cat\/eoi-lapau\/wp-json\/wp\/v2\/pages\/10571\/revisions"}],"predecessor-version":[{"id":10608,"href":"https:\/\/agora-eoi.xtec.cat\/eoi-lapau\/wp-json\/wp\/v2\/pages\/10571\/revisions\/10608"}],"up":[{"embeddable":true,"href":"https:\/\/agora-eoi.xtec.cat\/eoi-lapau\/wp-json\/wp\/v2\/pages\/9616"}],"wp:attachment":[{"href":"https:\/\/agora-eoi.xtec.cat\/eoi-lapau\/wp-json\/wp\/v2\/media?parent=10571"}],"curies":[{"name":"wp","href":"https:\/\/api.w.org\/{rel}","templated":true}]}}