{"id":10569,"date":"2022-11-09T10:47:26","date_gmt":"2022-11-09T09:47:26","guid":{"rendered":"https:\/\/agora-eoi.xtec.cat\/eoi-lapau\/?page_id=10569"},"modified":"2022-11-11T15:13:01","modified_gmt":"2022-11-11T14:13:01","slug":"cataleg-de-llibres-epergam","status":"publish","type":"page","link":"https:\/\/agora-eoi.xtec.cat\/eoi-lapau\/biblioteca\/cataleg-de-llibres-epergam\/","title":{"rendered":"Cat\u00e0leg eP\u00e8rgam"},"content":{"rendered":"<p>El nostre cat\u00e0leg est\u00e0 disponible a la plataforma de gesti\u00f3 bibliotec\u00e0ria eP\u00e8rgam2. Podeu accedir-hi clicant en <a href=\"https:\/\/aplicacions.gestioeducativa.gencat.cat\/epergam\/web\/biblioteca.jsp?codi=08062195\" target=\"_blank\" rel=\"noopener noreferrer\">aquest enlla\u00e7<\/a>.<\/p>\n<p><strong>Tutorial<\/strong>: <a href=\"https:\/\/agora-eoi.xtec.cat\/eoi-lapau\/wp-content\/uploads\/usu1668\/2022\/11\/Presentacio-ePergam.pdf\" target=\"_blank\" rel=\"noopener\">Com fer una cerca de material de la Biblioteca amb eP\u00e8rgam<\/a><\/p>\n<p><a href=\"https:\/\/agora-eoi.xtec.cat\/eoi-lapau\/wp-content\/uploads\/usu1668\/2022\/11\/ePergam2.png\"><img loading=\"lazy\" decoding=\"async\" class=\"alignnone size-full wp-image-10591\" src=\"https:\/\/agora-eoi.xtec.cat\/eoi-lapau\/wp-content\/uploads\/usu1668\/2022\/11\/ePergam2.png\" alt=\"\" width=\"751\" height=\"335\" srcset=\"https:\/\/agora-eoi.xtec.cat\/eoi-lapau\/wp-content\/uploads\/usu1668\/2022\/11\/ePergam2.png 751w, https:\/\/agora-eoi.xtec.cat\/eoi-lapau\/wp-content\/uploads\/usu1668\/2022\/11\/ePergam2-300x134.png 300w\" sizes=\"auto, (max-width: 751px) 100vw, 751px\" \/><\/a><\/p>\n<p>&nbsp;<\/p>\n","protected":false},"excerpt":{"rendered":"<p>El nostre cat\u00e0leg est\u00e0 disponible a la plataforma de gesti\u00f3 bibliotec\u00e0ria eP\u00e8rgam2. Podeu accedir-hi clicant en <a href=\"https:\/\/aplicacions.gestioeducativa.gencat.cat\/epergam\/web\/biblioteca.jsp?codi=08062195\" target=\"_blank\" rel=\"noopener noreferrer\">aquest enlla\u00e7<\/a>.<br \/>\nTutorial: <a href=\"https:\/\/agora-eoi.xtec.cat\/eoi-lapau\/wp-content\/uploads\/usu1668\/2022\/11\/Presentacio-ePergam.pdf\" target=\"_blank\" rel=\"noopener\">Com fer una cerca de material de la Biblioteca amb eP\u00e8rgam<\/a><br \/>\n<a href=\"https:\/\/agora-eoi.xtec.cat\/eoi-lapau\/wp-content\/uploads\/usu1668\/2022\/11\/ePergam2.png\"><\/a><br \/>\n&nbsp;<\/p>\n","protected":false},"author":1,"featured_media":0,"parent":9616,"menu_order":3,"comment_status":"closed","ping_status":"closed","template":"page-templates\/side-menu.php","meta":{"_bbp_topic_count":0,"_bbp_reply_count":0,"_bbp_total_topic_count":0,"_bbp_total_reply_count":0,"_bbp_voice_count":0,"_bbp_anonymous_reply_count":0,"_bbp_topic_count_hidden":0,"_bbp_reply_count_hidden":0,"_bbp_forum_subforum_count":0,"footnotes":""},"class_list":["post-10569","page","type-page","status-publish","hentry"],"post_mailing_queue_ids":[],"_links":{"self":[{"href":"https:\/\/agora-eoi.xtec.cat\/eoi-lapau\/wp-json\/wp\/v2\/pages\/10569","targetHints":{"allow":["GET"]}}],"collection":[{"href":"https:\/\/agora-eoi.xtec.cat\/eoi-lapau\/wp-json\/wp\/v2\/pages"}],"about":[{"href":"https:\/\/agora-eoi.xtec.cat\/eoi-lapau\/wp-json\/wp\/v2\/types\/page"}],"author":[{"embeddable":true,"href":"https:\/\/agora-eoi.xtec.cat\/eoi-lapau\/wp-json\/wp\/v2\/users\/1"}],"replies":[{"embeddable":true,"href":"https:\/\/agora-eoi.xtec.cat\/eoi-lapau\/wp-json\/wp\/v2\/comments?post=10569"}],"version-history":[{"count":3,"href":"https:\/\/agora-eoi.xtec.cat\/eoi-lapau\/wp-json\/wp\/v2\/pages\/10569\/revisions"}],"predecessor-version":[{"id":10614,"href":"https:\/\/agora-eoi.xtec.cat\/eoi-lapau\/wp-json\/wp\/v2\/pages\/10569\/revisions\/10614"}],"up":[{"embeddable":true,"href":"https:\/\/agora-eoi.xtec.cat\/eoi-lapau\/wp-json\/wp\/v2\/pages\/9616"}],"wp:attachment":[{"href":"https:\/\/agora-eoi.xtec.cat\/eoi-lapau\/wp-json\/wp\/v2\/media?parent=10569"}],"curies":[{"name":"wp","href":"https:\/\/api.w.org\/{rel}","templated":true}]}}