{"id":9949,"date":"2023-07-05T13:00:54","date_gmt":"2023-07-05T11:00:54","guid":{"rendered":"https:\/\/agora-eoi.xtec.cat\/eoi-hospitalet\/?page_id=9949"},"modified":"2023-07-05T13:00:54","modified_gmt":"2023-07-05T11:00:54","slug":"belfast-i-els-seus-murals","status":"publish","type":"page","link":"https:\/\/agora-eoi.xtec.cat\/eoi-hospitalet\/belfast-i-els-seus-murals\/","title":{"rendered":"Belfast i els seus murals"},"content":{"rendered":"<p>Els alumnes de C2.2 han focalitzat el seu projecte en la ciutat de Belfast, a Irlanda del Nord, concretament en la seva hist\u00f2ria contempor\u00e0nia i el seu art urb\u00e0.<\/p>\n<p>A final de curs l&#8217;han visitat per con\u00e8ixer-la de primera ma!!<\/p>\n<p><a href=\"https:\/\/agora-eoi.xtec.cat\/eoi-hospitalet\/wp-content\/uploads\/usu2580\/2023\/07\/foto-Belfast.png\"><img loading=\"lazy\" decoding=\"async\" class=\"alignnone wp-image-9953\" src=\"https:\/\/agora-eoi.xtec.cat\/eoi-hospitalet\/wp-content\/uploads\/usu2580\/2023\/07\/foto-Belfast.png\" alt=\"\" width=\"736\" height=\"346\" srcset=\"https:\/\/agora-eoi.xtec.cat\/eoi-hospitalet\/wp-content\/uploads\/usu2580\/2023\/07\/foto-Belfast.png 827w, https:\/\/agora-eoi.xtec.cat\/eoi-hospitalet\/wp-content\/uploads\/usu2580\/2023\/07\/foto-Belfast-300x141.png 300w, https:\/\/agora-eoi.xtec.cat\/eoi-hospitalet\/wp-content\/uploads\/usu2580\/2023\/07\/foto-Belfast-768x361.png 768w\" sizes=\"auto, (max-width: 736px) 100vw, 736px\" \/><\/a><\/p>\n<p>Durant el curs, a m\u00e9s, tamb\u00e9 van fer una activitat amb grups d&#8217;A2 que va resultar molt engrescadora i profitosa.<\/p>\n<p>&nbsp;<\/p>\n","protected":false},"excerpt":{"rendered":"<p>Els alumnes de C2.2 han focalitzat el seu projecte en la ciutat de Belfast, a Irlanda del Nord, concretament en la seva hist\u00f2ria contempor\u00e0nia i el seu art urb\u00e0.<br \/>\nA final de curs l&#8217;han visitat per con\u00e8ixer-la de primera ma!!<br \/>\n<a href=\"https:\/\/agora-eoi.xtec.cat\/eoi-hospitalet\/wp-content\/uploads\/usu2580\/2023\/07\/foto-Belfast.png\"><\/a><br \/>\nDurant el curs, a m\u00e9s, tamb\u00e9&hellip;  <a href=\"https:\/\/agora-eoi.xtec.cat\/eoi-hospitalet\/belfast-i-els-seus-murals\/\" title=\"Read Belfast i els seus murals\">Llegeix m\u00e9s\u00bb<\/a><\/p>\n","protected":false},"author":6,"featured_media":0,"parent":0,"menu_order":0,"comment_status":"closed","ping_status":"closed","template":"","meta":{"_bbp_topic_count":0,"_bbp_reply_count":0,"_bbp_total_topic_count":0,"_bbp_total_reply_count":0,"_bbp_voice_count":0,"_bbp_anonymous_reply_count":0,"_bbp_topic_count_hidden":0,"_bbp_reply_count_hidden":0,"_bbp_forum_subforum_count":0,"footnotes":""},"class_list":["post-9949","page","type-page","status-publish","hentry"],"post_mailing_queue_ids":[],"_links":{"self":[{"href":"https:\/\/agora-eoi.xtec.cat\/eoi-hospitalet\/wp-json\/wp\/v2\/pages\/9949","targetHints":{"allow":["GET"]}}],"collection":[{"href":"https:\/\/agora-eoi.xtec.cat\/eoi-hospitalet\/wp-json\/wp\/v2\/pages"}],"about":[{"href":"https:\/\/agora-eoi.xtec.cat\/eoi-hospitalet\/wp-json\/wp\/v2\/types\/page"}],"author":[{"embeddable":true,"href":"https:\/\/agora-eoi.xtec.cat\/eoi-hospitalet\/wp-json\/wp\/v2\/users\/6"}],"replies":[{"embeddable":true,"href":"https:\/\/agora-eoi.xtec.cat\/eoi-hospitalet\/wp-json\/wp\/v2\/comments?post=9949"}],"version-history":[{"count":3,"href":"https:\/\/agora-eoi.xtec.cat\/eoi-hospitalet\/wp-json\/wp\/v2\/pages\/9949\/revisions"}],"predecessor-version":[{"id":9957,"href":"https:\/\/agora-eoi.xtec.cat\/eoi-hospitalet\/wp-json\/wp\/v2\/pages\/9949\/revisions\/9957"}],"wp:attachment":[{"href":"https:\/\/agora-eoi.xtec.cat\/eoi-hospitalet\/wp-json\/wp\/v2\/media?parent=9949"}],"curies":[{"name":"wp","href":"https:\/\/api.w.org\/{rel}","templated":true}]}}