{"id":9743,"date":"2023-04-19T14:50:08","date_gmt":"2023-04-19T12:50:08","guid":{"rendered":"https:\/\/agora-eoi.xtec.cat\/eoi-hospitalet\/?page_id=9743"},"modified":"2025-04-07T15:21:43","modified_gmt":"2025-04-07T13:21:43","slug":"cursos-estiu","status":"publish","type":"page","link":"https:\/\/agora-eoi.xtec.cat\/eoi-hospitalet\/cursos\/cursos-estiu\/","title":{"rendered":"Cursos d&#8217;estiu"},"content":{"rendered":"<h2><strong>Durant l&#8217;estiu del 2025 no oferirem aquests cursos<\/strong><\/h2>\n<h2>Informaci\u00f3 GENERAL dels cursos d&#8217;estiu<\/h2>\n<p>Les escoles oficials d\u2019idiomes de Catalunya organitzen cursos intensius de llengua instrumental el mes de juliol.<\/p>\n<p>L\u2019enfocament d\u2019aquests cursos \u00e9s comunicatiu. S\u2019hi activen els recursos ling\u00fc\u00edstics necessaris perqu\u00e8 l&#8217;alumnat utilitzi la llengua en situacions de la vida real.<\/p>\n<p>Els continguts dels programes de cada idioma s\u2019adeq\u00fcen al curr\u00edculum de les Escoles Oficials d\u2019Idiomes, per\u00f2 no s\u00f3n equivalents als cursos ordinaris (ja que el nombre d\u2019hores lectives \u00e9s molt inferior a les 130 hores), ni donen cap tipus de prioritat per accedir a una pla\u00e7a com a alumne\/a oficial.<\/p>\n<ul>\n<li>Torn de mat\u00ed.<\/li>\n<li>M\u00e0xim de 20 alumnes per grup i m\u00ednim de 12.<\/li>\n<\/ul>\n<p>\u2022 Cursos d&#8217;<strong>angl\u00e8s de 60 hores<\/strong> (qualsevol edat a partir de 14 anys, nivells A1-C1, cinc dies per setmana durant tres setmanes)<\/p>\n<p>\u2022 Cursos d&#8217;<strong>alemany, franc\u00e8s i itali\u00e0<\/strong> de 40 hores (a partir de 14 anys, nivell inicial, cinc dies per setmana durant dues setmanes)<\/p>\n<h2>Preinscripci\u00f3 i matr\u00edcula<\/h2>\n<ul>\n<li>La informaci\u00f3 es publica a mitjans de maig.<\/li>\n<li>El per\u00edode de matr\u00edcula \u00e9s, habitualment, al mes de juny.<\/li>\n<li>Els alumnes que no puguin acreditar el seu nivell han de realitzar una prova de nivell.<\/li>\n<li>En cas de no haver-hi prou places disponibles, es t\u00e9 en compte l\u2019ordre de matr\u00edcula.<\/li>\n<li>El preu de la matr\u00edcula es publica anualment al DOGC (tamb\u00e9 ho podeu veure aqu\u00ed: <a href=\"https:\/\/agora-eoi.xtec.cat\/eoi-hospitalet\/preinscripcio-i-matricula\/taxes-i-preus-publics\" target=\"_blank\" rel=\"noopener\">https:\/\/agora-eoi.xtec.cat\/eoi-hospitalet\/preinscripcio-i-matricula\/taxes-i-preus-publics<\/a><\/li>\n<\/ul>\n<h2>Certificats i cr\u00e8dits<\/h2>\n<ul>\n<li>Els alumnes que superin el curs obtindran un certificat acreditatiu del nivell corresponent. Es requereix una assist\u00e8ncia m\u00ednima del 80% de les hores lectives per obtenir-lo.<\/li>\n<li>\u00a0Algunes universitats de Catalunya reconeixen aquests cursos com a cr\u00e8dits de lliure elecci\u00f3. Adreceu-vos a les secretaries de les vostres facultats per confirmar-ne el reconeixement.<\/li>\n<\/ul>\n","protected":false},"excerpt":{"rendered":"<p>Durant l&#8217;estiu del 2025 no oferirem aquests cursos<br \/>\nInformaci\u00f3 GENERAL dels cursos d&#8217;estiu<br \/>\nLes escoles oficials d\u2019idiomes de Catalunya organitzen cursos intensius de llengua instrumental el mes de juliol.<br \/>\nL\u2019enfocament d\u2019aquests cursos \u00e9s comunicatiu. S\u2019hi activen els recursos ling\u00fc\u00edstics necessaris perqu\u00e8 l&#8217;alumnat utilitzi la llengua en situacions de&hellip;  <a href=\"https:\/\/agora-eoi.xtec.cat\/eoi-hospitalet\/cursos\/cursos-estiu\/\" title=\"Read Cursos d&#8217;estiu\">Llegeix m\u00e9s\u00bb<\/a><\/p>\n","protected":false},"author":1,"featured_media":0,"parent":8149,"menu_order":0,"comment_status":"closed","ping_status":"closed","template":"page-templates\/side-menu.php","meta":{"_bbp_topic_count":0,"_bbp_reply_count":0,"_bbp_total_topic_count":0,"_bbp_total_reply_count":0,"_bbp_voice_count":0,"_bbp_anonymous_reply_count":0,"_bbp_topic_count_hidden":0,"_bbp_reply_count_hidden":0,"_bbp_forum_subforum_count":0,"footnotes":""},"class_list":["post-9743","page","type-page","status-publish","hentry"],"post_mailing_queue_ids":[],"_links":{"self":[{"href":"https:\/\/agora-eoi.xtec.cat\/eoi-hospitalet\/wp-json\/wp\/v2\/pages\/9743","targetHints":{"allow":["GET"]}}],"collection":[{"href":"https:\/\/agora-eoi.xtec.cat\/eoi-hospitalet\/wp-json\/wp\/v2\/pages"}],"about":[{"href":"https:\/\/agora-eoi.xtec.cat\/eoi-hospitalet\/wp-json\/wp\/v2\/types\/page"}],"author":[{"embeddable":true,"href":"https:\/\/agora-eoi.xtec.cat\/eoi-hospitalet\/wp-json\/wp\/v2\/users\/1"}],"replies":[{"embeddable":true,"href":"https:\/\/agora-eoi.xtec.cat\/eoi-hospitalet\/wp-json\/wp\/v2\/comments?post=9743"}],"version-history":[{"count":7,"href":"https:\/\/agora-eoi.xtec.cat\/eoi-hospitalet\/wp-json\/wp\/v2\/pages\/9743\/revisions"}],"predecessor-version":[{"id":10928,"href":"https:\/\/agora-eoi.xtec.cat\/eoi-hospitalet\/wp-json\/wp\/v2\/pages\/9743\/revisions\/10928"}],"up":[{"embeddable":true,"href":"https:\/\/agora-eoi.xtec.cat\/eoi-hospitalet\/wp-json\/wp\/v2\/pages\/8149"}],"wp:attachment":[{"href":"https:\/\/agora-eoi.xtec.cat\/eoi-hospitalet\/wp-json\/wp\/v2\/media?parent=9743"}],"curies":[{"name":"wp","href":"https:\/\/api.w.org\/{rel}","templated":true}]}}