{"id":9316,"date":"2022-07-14T13:44:29","date_gmt":"2022-07-14T11:44:29","guid":{"rendered":"https:\/\/agora-eoi.xtec.cat\/eoi-hospitalet\/?page_id=9316"},"modified":"2025-10-05T21:20:53","modified_gmt":"2025-10-05T19:20:53","slug":"devolucio-de-taxes-i-preus-publics","status":"publish","type":"page","link":"https:\/\/agora-eoi.xtec.cat\/eoi-hospitalet\/devolucio-de-taxes-i-preus-publics\/","title":{"rendered":"Devoluci\u00f3 de taxes i preus p\u00fablics"},"content":{"rendered":"<h4>DEVOLUCI\u00d3 DE TAXES o PREUS P\u00daBLICS CURS 2025-2026<\/h4>\n<ul>\n<li><strong>Taxa<\/strong> de matr\u00edcula en els nivells B1 i B2 de les EOI.<\/li>\n<\/ul>\n<ul>\n<li><strong>Preu p\u00fablic<\/strong> de matr\u00edcula en els nivells A1, A2, C1 i C2 de les EOI.<\/li>\n<\/ul>\n<h6><strong>Les taxes o preus p\u00fablics de la matr\u00edcula a les EOI nom\u00e9s es poden retornar en els sup\u00f2sits que s&#8217;indiquen a continuaci\u00f3 i dins dels terminis que, quan escau, s&#8217;assenyalen:<\/strong><\/h6>\n<ul>\n<li><strong>Ren\u00fancia amb dret a devoluci\u00f3 de taxes i preus p\u00fablics per a la matr\u00edcula<\/strong> fins al 10 d\u2019octubre de 2025. La ren\u00fancia a la matr\u00edcula oficial amb devoluci\u00f3 de l\u2019import de la matr\u00edcula suposa l&#8217;anul\u00b7laci\u00f3 de la matr\u00edcula a tots els efectes i l&#8217;exclusi\u00f3 de la matr\u00edcula de l&#8217;expedient acad\u00e8mic de l&#8217;alumne o alumna i, per tant, la ren\u00fancia a la pla\u00e7a.<strong>\u00a0\u00a0\u00a0\u00a0 <\/strong><\/li>\n<li><strong>Ren\u00fancia a la inscripci\u00f3 a les proves lliures<\/strong> per a l&#8217;obtenci\u00f3 del certificat de nivell intermedi B1 i B2 o del certificat de nivell avan\u00e7at C1 i C2 \u00a0quan la ren\u00fancia i la sol\u00b7licitud de retorn de taxes o de preus p\u00fablics es produeixen abans de la data de publicaci\u00f3 de les llistes definitives d&#8217;admesos.<\/li>\n<li>Pagaments duplicats o per import superior.<\/li>\n<li><strong>No aplicaci\u00f3 de bonificacions o exempcions<\/strong> a les quals l&#8217;alumne o alumna t\u00e9 dret en el moment de la matriculaci\u00f3, per l&#8217;import corresponent.<\/li>\n<li><strong>No prestaci\u00f3 del servei<\/strong> per causes no imputables a l&#8217;alumne o alumna. No es consideren sup\u00f2sits de for\u00e7a major els canvis en l&#8217;horari laboral ni els canvis de domicili o similars.<\/li>\n<li>En cas de t<strong>rasllat a una altra comunitat aut\u00f2noma<\/strong>, l&#8217;alumne o alumna pot sol\u00b7licitar el retorn de taxes o preus p\u00fablics abans del darrer dia h\u00e0bil de novembre..<\/li>\n<li>Els <strong>alumnes de cursos flexibilitzats<\/strong> que hagin superat la primera part d&#8217;un nivell i posteriorment s&#8217;incorporen a un curs extensiu o intensiu i paguen tot l&#8217;import de la matr\u00edcula, tenen dret a la devoluci\u00f3 de l&#8217;import de la darrera matr\u00edcula de la part aprovada en modalitat flexible.<\/li>\n<\/ul>\n<h6><strong>Presentaci\u00f3 de sol\u00b7licituds de devoluci\u00f3 de taxes o preus p\u00fablics d&#8217;aquests sup\u00f2sits:<br \/>\n<\/strong><\/h6>\n<ul>\n<li><strong>Sol\u00b7licitud de devoluci\u00f3 de la taxa\/preu p\u00fablic per ren\u00fancia a la matr\u00edcula oficial en les EOI:<\/strong>\n<ul>\n<li><strong>Tramitaci\u00f3 electr\u00f2nica:<\/strong> Les sol\u00b7licituds de devoluci\u00f3 de taxes i preus p\u00fablics s\u2019han de formular preferentment mitjan\u00e7ant el tr\u00e0mit electr\u00f2nic <a href=\"https:\/\/web.gencat.cat\/ca\/tramits\/tramits-temes\/devolucio-ingressos-indeguts\" target=\"_blank\" rel=\"noopener\">Devoluci\u00f3 d\u2019ingressos indeguts per cobrament de taxes i preus p\u00fablics del Departament d\u2019Educaci\u00f3 i Formaci\u00f3 Professional<\/a>.<\/li>\n<li><strong>Tramitaci\u00f3 presencial:<\/strong> La sol\u00b7licitud de devoluci\u00f3 tamb\u00e9 podr\u00e0 formular-se mitjan\u00e7ant el model <a href=\"https:\/\/agora-eoi.xtec.cat\/eoi-hospitalet\/wp-content\/uploads\/usu2580\/2025\/07\/Impres-Renuncia-A1404.pdf\" target=\"_blank\" rel=\"noopener\">Sol\u00b7licitud de devoluci\u00f3 de la taxa\/preu p\u00fablic per ren\u00fancia a la matr\u00edcula oficial en les escoles oficials d\u2019idiomes (EOI)<\/a>, amb tramitaci\u00f3 presencial a la secretaria del centre.<\/li>\n<\/ul>\n<\/li>\n<li><strong>Sol\u00b7licitud de devoluci\u00f3 per a la resta de sup\u00f2sits:<\/strong>\n<ul>\n<li>Les sol\u00b7licituds de devoluci\u00f3 de taxes i preus p\u00fablics s\u2019han de formular preferentment mitjan\u00e7ant el tr\u00e0mit electr\u00f2nic <a href=\"https:\/\/web.gencat.cat\/ca\/tramits\/tramits-temes\/devolucio-ingressos-indeguts\" target=\"_blank\" rel=\"noopener\">Devoluci\u00f3 d\u2019ingressos indeguts per cobrament de taxes i preus p\u00fablics del Departament d\u2019Educaci\u00f3 i Formaci\u00f3 Professional<\/a>.<\/li>\n<li>La sol\u00b7licitud de devoluci\u00f3 tamb\u00e9 podr\u00e0 formular-se mitjan\u00e7ant el model <a href=\"https:\/\/agora-eoi.xtec.cat\/eoi-hospitalet\/wp-content\/uploads\/usu2580\/2025\/07\/Impres-Devolucio-Taxes-A677.pdf\" target=\"_blank\" rel=\"noopener\">Sol\u00b7licitud de devoluci\u00f3 de taxa en la prestaci\u00f3 de serveis docents de les escoles oficials d\u2019idiomes (EOI) o per \u00a0a la inscripci\u00f3 en les proves lliures<\/a>, amb tramitaci\u00f3 presencial a la secretaria del centre.<\/li>\n<\/ul>\n<\/li>\n<\/ul>\n<ul>\n<li>Els tr\u00e0mits de sol\u00b7licitud de devoluci\u00f3 del preu p\u00fablic pels <strong>serveis d&#8217;acc\u00e9s a la plataforma i materials did\u00e0ctics dels ensenyaments d&#8217;idiomes<\/strong> es faran de manera presencial a la secretaria del centre.<\/li>\n<\/ul>\n","protected":false},"excerpt":{"rendered":"<p>DEVOLUCI\u00d3 DE TAXES o PREUS P\u00daBLICS CURS 2025-2026<\/p>\n<ul>\n<li>Taxa de matr\u00edcula en els nivells B1 i B2 de les EOI.<\/li>\n<\/ul>\n<ul>\n<li>Preu p\u00fablic de matr\u00edcula en els nivells A1, A2, C1 i C2 de les EOI.<\/li>\n<\/ul>\n<p>Les taxes o preus p\u00fablics de la matr\u00edcula a les EOI nom\u00e9s es&hellip;  <a href=\"https:\/\/agora-eoi.xtec.cat\/eoi-hospitalet\/devolucio-de-taxes-i-preus-publics\/\" title=\"Read Devoluci\u00f3 de taxes i preus p\u00fablics\">Llegeix m\u00e9s\u00bb<\/a><\/p>\n","protected":false},"author":1,"featured_media":0,"parent":0,"menu_order":0,"comment_status":"closed","ping_status":"closed","template":"","meta":{"_bbp_topic_count":0,"_bbp_reply_count":0,"_bbp_total_topic_count":0,"_bbp_total_reply_count":0,"_bbp_voice_count":0,"_bbp_anonymous_reply_count":0,"_bbp_topic_count_hidden":0,"_bbp_reply_count_hidden":0,"_bbp_forum_subforum_count":0,"footnotes":""},"class_list":["post-9316","page","type-page","status-publish","hentry"],"post_mailing_queue_ids":[],"_links":{"self":[{"href":"https:\/\/agora-eoi.xtec.cat\/eoi-hospitalet\/wp-json\/wp\/v2\/pages\/9316","targetHints":{"allow":["GET"]}}],"collection":[{"href":"https:\/\/agora-eoi.xtec.cat\/eoi-hospitalet\/wp-json\/wp\/v2\/pages"}],"about":[{"href":"https:\/\/agora-eoi.xtec.cat\/eoi-hospitalet\/wp-json\/wp\/v2\/types\/page"}],"author":[{"embeddable":true,"href":"https:\/\/agora-eoi.xtec.cat\/eoi-hospitalet\/wp-json\/wp\/v2\/users\/1"}],"replies":[{"embeddable":true,"href":"https:\/\/agora-eoi.xtec.cat\/eoi-hospitalet\/wp-json\/wp\/v2\/comments?post=9316"}],"version-history":[{"count":7,"href":"https:\/\/agora-eoi.xtec.cat\/eoi-hospitalet\/wp-json\/wp\/v2\/pages\/9316\/revisions"}],"predecessor-version":[{"id":11098,"href":"https:\/\/agora-eoi.xtec.cat\/eoi-hospitalet\/wp-json\/wp\/v2\/pages\/9316\/revisions\/11098"}],"wp:attachment":[{"href":"https:\/\/agora-eoi.xtec.cat\/eoi-hospitalet\/wp-json\/wp\/v2\/media?parent=9316"}],"curies":[{"name":"wp","href":"https:\/\/api.w.org\/{rel}","templated":true}]}}