{"id":9268,"date":"2022-07-12T11:22:52","date_gmt":"2022-07-12T09:22:52","guid":{"rendered":"https:\/\/agora-eoi.xtec.cat\/eoi-hospitalet\/?page_id=9268"},"modified":"2024-01-26T17:32:35","modified_gmt":"2024-01-26T16:32:35","slug":"adjudicacio-de-vacants-a-persones-no-preinscrites","status":"publish","type":"page","link":"https:\/\/agora-eoi.xtec.cat\/eoi-hospitalet\/preinscripcio-i-matricula\/adjudicacio-de-vacants-a-persones-no-preinscrites\/","title":{"rendered":"Adjudicaci\u00f3 de vacants a persones no preinscrites"},"content":{"rendered":"<h3><strong>PROC\u00c9S D\u2019ADMISSI\u00d3 DE NOUS\u00a0 ALUMNES CURS 2023-2024:\u00a0 <\/strong><\/h3>\n<h4><strong>Adjudicaci\u00f3 de vacants a persones NO PREINSCRITES (excepte nivell C2.2 d&#8217;angl\u00e8s)<\/strong><\/h4>\n<p>&nbsp;<\/p>\n<h4><strong>ADJUDICACI\u00d3 DE VACANTS i TESTS DE NIVELL:<\/strong><\/h4>\n<p>El dia <strong>18 de setembre<\/strong> a partir de les 15h es publicar\u00e0 el calendari d&#8217;adjudicaci\u00f3 de possibles vacants, un cop finalitzat el proc\u00e9s de matriculaci\u00f3 de persones preinscrites. La matriculaci\u00f3 s&#8217;iniciar\u00e0 en la data que determini el calendari, i continuar\u00e0 els dies seg\u00fcents fins exhaurir vacants i finalitzar\u00e0, en qualsevol cas, el dia 20 d&#8217;octubre.<\/p>\n<p>Per obtenir alguna d\u2019aquestes places<strong> ja no ser\u00e0 necessari haver estat preinscrit<\/strong>.<\/p>\n<p>Aquells alumnes que desitgin accedir a un <strong>curs superior a A1<\/strong> (primer curs) i no tinguin una <a href=\"https:\/\/preinscripcio.gencat.cat\/ca\/estudis\/idiomes-eoi\/informat\/test-nivell-a2-c1\/index.html\" target=\"_blank\" rel=\"noopener\">acreditaci\u00f3 documental v\u00e0lida<\/a> del nivell de llengua, podran realitzar un <strong>test de nivell<\/strong> en les seg\u00fcents dates:<\/p>\n<ul>\n<li><strong>ANGL\u00c8S, ALEMANY i FRANC\u00c8S:<\/strong>\n<ul>\n<li>El test es realitzar\u00e0 <strong>exclusivament en l\u00ednia<\/strong>. El dia <strong>18 de setembre<\/strong> a partir de les 15h es publicar\u00e0 com accedir al test de nivell. Podeu consultar la descripci\u00f3 de la prova <a href=\"https:\/\/preinscripcio.gencat.cat\/ca\/estudis\/idiomes-eoi\/informat\/test-nivell-a2-c1\/index.html\" target=\"_blank\" rel=\"noopener\">aqu\u00ed<\/a>.<\/li>\n<li>La matr\u00edcula, en cas que hi hagi vacants, es podr\u00e0 formalitzar presencialment a partir de la data que determini el calendari que es publicar\u00e0 el dia <strong>18 de setembre <\/strong>a partir de les 15h i fins al final del per\u00edode de matriculaci\u00f3 (20 d\u2019octubre).<\/li>\n<\/ul>\n<\/li>\n<\/ul>\n<ul>\n<li><strong>CATAL\u00c0 I ITALI\u00c0:<\/strong>\n<ul>\n<li>El test \u00e9s <strong>presencial<\/strong> i no requereix inscripci\u00f3 pr\u00e8via.<\/li>\n<\/ul>\n<\/li>\n<\/ul>\n<p><strong>Dates de realitzaci\u00f3 del test de nivell de catal\u00e0 i itali\u00e0:<\/strong><\/p>\n<ul>\n<li>\n<ul>\n<li><strong>A partir del dia 26 de setembre,<\/strong> i fins al final del per\u00edode de matriculaci\u00f3, es realitzaran proves de catal\u00e0 i itali\u00e0 de dilluns a dijous entre les 16h i les 19h. Els interessats podran sol\u00b7licitar la prova a consergeria a la seva arribada al centre. En cas que hi hagi vacants podran formalitzar presencialment la matr\u00edcula en horari de 10 a 13h i de 17 a 20h, de dilluns a dijous, i de 10 a 13h els divendres fins al final del per\u00edode de matriculaci\u00f3 (20 d\u2019octubre).<\/li>\n<\/ul>\n<\/li>\n<\/ul>\n<h4>FORMALITZACI\u00d3 DE LA MATR\u00cdCULA:<\/h4>\n<ul>\n<li>Durant el per\u00edode d\u2019adjudicaci\u00f3 de vacants a persones no preinscrites, cada persona present podr\u00e0 tramitar una \u00fanica matr\u00edcula per idioma i curs. Per tramitar-ne m\u00e9s caldr\u00e0 tornar a fer la cua. La matriculaci\u00f3 pot ser tramitada per terceres persones, per\u00f2 quan la matr\u00edcula no sigui formalitzada pel sol\u00b7licitant, \u00e9s imprescindible que la persona que el matriculi conegui el seu ordre de prefer\u00e8ncia pel que fa a tots els grups de l\u2019idioma i curs corresponent.<\/li>\n<li><u>Alumnes de 3r o 4t d\u2019ESO<\/u>: En cas de ser admesos nom\u00e9s podran matricular-se en grups l\u2019horari dels quals no coincideixi (parcialment o en la seva totalitat) amb el seu horari de classes d\u2019ESO, i per tant, en el moment de la matr\u00edcula hauran de presentar un certificat del seu centre educatiu per demostrar aquesta no-coincid\u00e8ncia.<\/li>\n<li>Per formalitzar la matr\u00edcula els sol\u00b7licitants hauran de passar pel centre per reservar una pla\u00e7a en un grup concret i recollir el full de pagament corresponent, i finalment efectuaran el pagament a trav\u00e9s de CaixaBank en un termini de 24 hores.<\/li>\n<li>Un cop efectuada la matr\u00edcula en un grup determinat nom\u00e9s es podran fer canvis mitjan\u00e7ant una sol\u00b7licitud de canvi d\u2019horari. El termini de sol\u00b7licitud de canvis de grup\/horari s\u2019obrir\u00e0 el dia 26 de setembre a trav\u00e9s del web del centre.<\/li>\n<li>Aquells alumnes que cometin sis faltes d\u2019assist\u00e8ncia consecutives sense haver-les justificat pr\u00e8viament per escrit a la secretaria del centre podran ser canviats de grup i hora sense notificaci\u00f3 per part del centre.<\/li>\n<li>L\u2019horari de matr\u00edcula ser\u00e0 de 10h a 14h fins al dia 26 de setembre, i a partir del dia 27 de setembre l\u2019horari ser\u00e0 de 10h a 13h i de 17h a 20h de dilluns a dijous, i de 10h a 13h els divendres. El per\u00edode de matriculaci\u00f3 finalitzar\u00e0 el dia 20 d\u2019octubre.<\/li>\n<\/ul>\n<p>&nbsp;<\/p>\n<h4>DOCUMENTS NECESSARIS PER FORMALITZAR LA MATR\u00cdCULA:<\/h4>\n<ul>\n<li>Fotoc\u00f2pia del DNI \/ NIE o passaport.<\/li>\n<li>Original i fotoc\u00f2pia de la certificaci\u00f3 que permet l\u2019acc\u00e9s a un nivell superior a A1 (primer curs) (si escau).<\/li>\n<li>Alumnes amb estudis previs de l\u2019idioma en una altra EOI: original i fotoc\u00f2pia de la certificaci\u00f3 acad\u00e8mica dels estudis cursats.<\/li>\n<li>Original i fotoc\u00f2pia de la documentaci\u00f3 que d\u00f3na dret a la bonificaci\u00f3 o exempci\u00f3 del pagament de la taxa o preu p\u00fablic (si escau).<\/li>\n<li>Alumnes menors de 16 anys: Certificat del centre o llibre d\u2019escolaritat on consti l\u2019idioma cursat en l\u2019ESO com a primera llengua estrangera per tal de poder demostrar que es tracta d\u2019un idioma diferent al que volen cursar a l\u2019EOI.<\/li>\n<li>Alumnes de 3r o 4t d\u2019ESO: Certificat del seu horari de classes expedit pel centre on estiguin cursant l\u2019ESO.<\/li>\n<\/ul>\n<p><strong>MOLT IMPORTANT:\u00a0 <\/strong>Recordem que en cas de ser admesos, els nous alumnes hauran d\u2019aportar TOTA la documentaci\u00f3 el dia i hora de matriculaci\u00f3 que se\u2019ls assigni. No fer-ho implicar\u00e0 no poder formalitzar la matr\u00edcula.<\/p>\n","protected":false},"excerpt":{"rendered":"<p>PROC\u00c9S D\u2019ADMISSI\u00d3 DE NOUS\u00a0 ALUMNES CURS 2023-2024:\u00a0<br \/>\nAdjudicaci\u00f3 de vacants a persones NO PREINSCRITES (excepte nivell C2.2 d&#8217;angl\u00e8s)<br \/>\n&nbsp;<br \/>\nADJUDICACI\u00d3 DE VACANTS i TESTS DE NIVELL:<br \/>\nEl dia 18 de setembre a partir de les 15h es publicar\u00e0 el calendari d&#8217;adjudicaci\u00f3 de possibles vacants, un cop finalitzat el&hellip;  <a href=\"https:\/\/agora-eoi.xtec.cat\/eoi-hospitalet\/preinscripcio-i-matricula\/adjudicacio-de-vacants-a-persones-no-preinscrites\/\" title=\"Read Adjudicaci\u00f3 de vacants a persones no preinscrites\">Llegeix m\u00e9s\u00bb<\/a><\/p>\n","protected":false},"author":1,"featured_media":0,"parent":9018,"menu_order":0,"comment_status":"closed","ping_status":"closed","template":"page-templates\/side-menu.php","meta":{"_bbp_topic_count":0,"_bbp_reply_count":0,"_bbp_total_topic_count":0,"_bbp_total_reply_count":0,"_bbp_voice_count":0,"_bbp_anonymous_reply_count":0,"_bbp_topic_count_hidden":0,"_bbp_reply_count_hidden":0,"_bbp_forum_subforum_count":0,"footnotes":""},"class_list":["post-9268","page","type-page","status-publish","hentry"],"post_mailing_queue_ids":[],"_links":{"self":[{"href":"https:\/\/agora-eoi.xtec.cat\/eoi-hospitalet\/wp-json\/wp\/v2\/pages\/9268","targetHints":{"allow":["GET"]}}],"collection":[{"href":"https:\/\/agora-eoi.xtec.cat\/eoi-hospitalet\/wp-json\/wp\/v2\/pages"}],"about":[{"href":"https:\/\/agora-eoi.xtec.cat\/eoi-hospitalet\/wp-json\/wp\/v2\/types\/page"}],"author":[{"embeddable":true,"href":"https:\/\/agora-eoi.xtec.cat\/eoi-hospitalet\/wp-json\/wp\/v2\/users\/1"}],"replies":[{"embeddable":true,"href":"https:\/\/agora-eoi.xtec.cat\/eoi-hospitalet\/wp-json\/wp\/v2\/comments?post=9268"}],"version-history":[{"count":4,"href":"https:\/\/agora-eoi.xtec.cat\/eoi-hospitalet\/wp-json\/wp\/v2\/pages\/9268\/revisions"}],"predecessor-version":[{"id":9289,"href":"https:\/\/agora-eoi.xtec.cat\/eoi-hospitalet\/wp-json\/wp\/v2\/pages\/9268\/revisions\/9289"}],"up":[{"embeddable":true,"href":"https:\/\/agora-eoi.xtec.cat\/eoi-hospitalet\/wp-json\/wp\/v2\/pages\/9018"}],"wp:attachment":[{"href":"https:\/\/agora-eoi.xtec.cat\/eoi-hospitalet\/wp-json\/wp\/v2\/media?parent=9268"}],"curies":[{"name":"wp","href":"https:\/\/api.w.org\/{rel}","templated":true}]}}