{"id":9098,"date":"2022-06-22T09:17:12","date_gmt":"2022-06-22T07:17:12","guid":{"rendered":"https:\/\/agora-eoi.xtec.cat\/eoi-hospitalet\/?page_id=9098"},"modified":"2026-04-09T13:20:45","modified_gmt":"2026-04-09T11:20:45","slug":"acces-al-nivell-c2","status":"publish","type":"page","link":"https:\/\/agora-eoi.xtec.cat\/eoi-hospitalet\/preinscripcio-i-matricula\/acces-al-nivell-c2\/","title":{"rendered":"Acc\u00e9s al nivell C2 d&#8217;angl\u00e8s"},"content":{"rendered":"<div class=\"cosparagraf\">\n<div>\n<div class=\"entry-content\">\n<p align=\"center\">La preinscripci\u00f3 per al curs 2026-2027 tindr\u00e0 lloc telem\u00e0ticament a partir de les 9h del 31 d&#8217;agost i fins a les 15h del 7 de setembre de 2026.<\/p>\n<p align=\"center\">La informaci\u00f3 detallada sobre el proc\u00e9s d&#8217;admissi\u00f3 es publicar\u00e0 al web del centre durant la segona meitat del mes de juliol.<\/p>\n<\/div>\n<\/div>\n<p align=\"center\">\n<\/div>\n","protected":false},"excerpt":{"rendered":"<p>La preinscripci\u00f3 per al curs 2026-2027 tindr\u00e0 lloc telem\u00e0ticament a partir de les 9h del 31 d&#8217;agost i fins a les 15h del 7 de setembre de 2026.<br \/>\nLa informaci\u00f3 detallada sobre el proc\u00e9s d&#8217;admissi\u00f3 es publicar\u00e0 al web del centre durant la segona meitat del&hellip;  <a href=\"https:\/\/agora-eoi.xtec.cat\/eoi-hospitalet\/preinscripcio-i-matricula\/acces-al-nivell-c2\/\" title=\"Read Acc\u00e9s al nivell C2 d&#8217;angl\u00e8s\">Llegeix m\u00e9s\u00bb<\/a><\/p>\n","protected":false},"author":1,"featured_media":0,"parent":9018,"menu_order":0,"comment_status":"closed","ping_status":"closed","template":"page-templates\/side-menu.php","meta":{"_bbp_topic_count":0,"_bbp_reply_count":0,"_bbp_total_topic_count":0,"_bbp_total_reply_count":0,"_bbp_voice_count":0,"_bbp_anonymous_reply_count":0,"_bbp_topic_count_hidden":0,"_bbp_reply_count_hidden":0,"_bbp_forum_subforum_count":0,"footnotes":""},"class_list":["post-9098","page","type-page","status-publish","hentry"],"post_mailing_queue_ids":[],"_links":{"self":[{"href":"https:\/\/agora-eoi.xtec.cat\/eoi-hospitalet\/wp-json\/wp\/v2\/pages\/9098","targetHints":{"allow":["GET"]}}],"collection":[{"href":"https:\/\/agora-eoi.xtec.cat\/eoi-hospitalet\/wp-json\/wp\/v2\/pages"}],"about":[{"href":"https:\/\/agora-eoi.xtec.cat\/eoi-hospitalet\/wp-json\/wp\/v2\/types\/page"}],"author":[{"embeddable":true,"href":"https:\/\/agora-eoi.xtec.cat\/eoi-hospitalet\/wp-json\/wp\/v2\/users\/1"}],"replies":[{"embeddable":true,"href":"https:\/\/agora-eoi.xtec.cat\/eoi-hospitalet\/wp-json\/wp\/v2\/comments?post=9098"}],"version-history":[{"count":6,"href":"https:\/\/agora-eoi.xtec.cat\/eoi-hospitalet\/wp-json\/wp\/v2\/pages\/9098\/revisions"}],"predecessor-version":[{"id":11188,"href":"https:\/\/agora-eoi.xtec.cat\/eoi-hospitalet\/wp-json\/wp\/v2\/pages\/9098\/revisions\/11188"}],"up":[{"embeddable":true,"href":"https:\/\/agora-eoi.xtec.cat\/eoi-hospitalet\/wp-json\/wp\/v2\/pages\/9018"}],"wp:attachment":[{"href":"https:\/\/agora-eoi.xtec.cat\/eoi-hospitalet\/wp-json\/wp\/v2\/media?parent=9098"}],"curies":[{"name":"wp","href":"https:\/\/api.w.org\/{rel}","templated":true}]}}