{"id":9096,"date":"2022-06-22T09:16:54","date_gmt":"2022-06-22T07:16:54","guid":{"rendered":"https:\/\/agora-eoi.xtec.cat\/eoi-hospitalet\/?page_id=9096"},"modified":"2026-01-15T13:33:33","modified_gmt":"2026-01-15T12:33:33","slug":"admissio-de-nous-alumnes-da1-a-c1","status":"publish","type":"page","link":"https:\/\/agora-eoi.xtec.cat\/eoi-hospitalet\/preinscripcio-i-matricula\/admissio-de-nous-alumnes-da1-a-c1\/","title":{"rendered":"Admissi\u00f3 de nous alumnes d&#8217;A1 a C1"},"content":{"rendered":"<p>La informaci\u00f3 sobre el proc\u00e9s d&#8217;admissi\u00f3 de<strong> NOUS ALUMNES<\/strong> per al curs 2026-2027 es publicar\u00e0 al web del centre durant la segona meitat del mes de juliol de 2026.<\/p>\n","protected":false},"excerpt":{"rendered":"<p>La informaci\u00f3 sobre el proc\u00e9s d&#8217;admissi\u00f3 de NOUS ALUMNES per al curs 2026-2027 es publicar\u00e0 al web del centre durant la segona meitat del mes de juliol de 2026.<\/p>\n","protected":false},"author":1,"featured_media":0,"parent":9018,"menu_order":0,"comment_status":"closed","ping_status":"closed","template":"page-templates\/side-menu.php","meta":{"_bbp_topic_count":0,"_bbp_reply_count":0,"_bbp_total_topic_count":0,"_bbp_total_reply_count":0,"_bbp_voice_count":0,"_bbp_anonymous_reply_count":0,"_bbp_topic_count_hidden":0,"_bbp_reply_count_hidden":0,"_bbp_forum_subforum_count":0,"footnotes":""},"class_list":["post-9096","page","type-page","status-publish","hentry"],"post_mailing_queue_ids":[],"_links":{"self":[{"href":"https:\/\/agora-eoi.xtec.cat\/eoi-hospitalet\/wp-json\/wp\/v2\/pages\/9096","targetHints":{"allow":["GET"]}}],"collection":[{"href":"https:\/\/agora-eoi.xtec.cat\/eoi-hospitalet\/wp-json\/wp\/v2\/pages"}],"about":[{"href":"https:\/\/agora-eoi.xtec.cat\/eoi-hospitalet\/wp-json\/wp\/v2\/types\/page"}],"author":[{"embeddable":true,"href":"https:\/\/agora-eoi.xtec.cat\/eoi-hospitalet\/wp-json\/wp\/v2\/users\/1"}],"replies":[{"embeddable":true,"href":"https:\/\/agora-eoi.xtec.cat\/eoi-hospitalet\/wp-json\/wp\/v2\/comments?post=9096"}],"version-history":[{"count":6,"href":"https:\/\/agora-eoi.xtec.cat\/eoi-hospitalet\/wp-json\/wp\/v2\/pages\/9096\/revisions"}],"predecessor-version":[{"id":11160,"href":"https:\/\/agora-eoi.xtec.cat\/eoi-hospitalet\/wp-json\/wp\/v2\/pages\/9096\/revisions\/11160"}],"up":[{"embeddable":true,"href":"https:\/\/agora-eoi.xtec.cat\/eoi-hospitalet\/wp-json\/wp\/v2\/pages\/9018"}],"wp:attachment":[{"href":"https:\/\/agora-eoi.xtec.cat\/eoi-hospitalet\/wp-json\/wp\/v2\/media?parent=9096"}],"curies":[{"name":"wp","href":"https:\/\/api.w.org\/{rel}","templated":true}]}}