{"id":9044,"date":"2022-05-13T17:49:10","date_gmt":"2022-05-13T15:49:10","guid":{"rendered":"https:\/\/agora-eoi.xtec.cat\/eoi-hospitalet\/?page_id=9044"},"modified":"2024-07-16T12:56:30","modified_gmt":"2024-07-16T10:56:30","slug":"expedicio-de-titols","status":"publish","type":"page","link":"https:\/\/agora-eoi.xtec.cat\/eoi-hospitalet\/expedicio-de-titols\/","title":{"rendered":"Expedici\u00f3 de t\u00edtols"},"content":{"rendered":"<h4><strong>Certificat de nivell b\u00e0sic A2 i de nivell intermedi B1:<\/strong><\/h4>\n<ul>\n<li>El <strong>certificat de nivell b\u00e0sic A2<\/strong> s\u2019obt\u00e9 en aprovar el curs d\u2019A2 (segon curs).<\/li>\n<li>El <strong>certificat <\/strong><strong>de nivell intermedi B1<\/strong> s\u2019obt\u00e9 en aprovar el curs de B1 (3r curs) en el cas dels alumnes oficials o en superar les proves de Certificat de nivell intermedi B1 en el cas dels alumnes lliures.<\/li>\n<li>L\u2019expedici\u00f3 d\u2019aquests certificats \u00e9s gratu\u00efta i l\u2019efectua el centre d\u2019ofici. El dia de la prova escrita de final de curs d\u2019A2 i de B1 es lliurar\u00e0 un full informatiu amb la data a partir de la qual es podr\u00e0 passar a recollir el certificat a la secretaria del centre.<\/li>\n<\/ul>\n<h4><strong>Certificat de nivell intermedi B2 i de nivell avan\u00e7at C1 i C2<\/strong><\/h4>\n<ul>\n<li>El <strong>certificat <\/strong><strong>de nivell intermedi B2<\/strong> s\u2019obt\u00e9 en aprovar el curs de B2.2 (5\u00e8 curs) en el cas dels alumnes oficials o en superar les proves de Certificat de nivell avan\u00e7at B2 en el cas dels alumnes lliures.<\/li>\n<li>El <strong>certificat <\/strong><strong>de nivell avan\u00e7at C1<\/strong> s\u2019obt\u00e9 en aprovar el curs de C1 en el cas dels alumnes oficials o en superar les proves de Certificat de nivell avan\u00e7at C1 en el cas dels alumnes lliures.<\/li>\n<li>El <strong>certificat <\/strong><strong>de nivell avan\u00e7at C2<\/strong> s\u2019obt\u00e9 en aprovar el curs de C2.2.<\/li>\n<li>Aquests certificats els expedeix el Departament d\u2019Educaci\u00f3, no el centre, previ pagament de la taxa vigent. Per a m\u00e9s informaci\u00f3 sobre els tr\u00e0mits de sol\u00b7licitud d\u2019aquests certificats, podeu adre\u00e7ar-vos a la secretaria del centre. Es recomana que abans de despla\u00e7ar-vos fins a l\u2019escola per sol\u00b7licitar un d\u2019aquests certificats contacteu telef\u00f2nicament amb la secretaria per assegurar-vos que els tr\u00e0mits estan operatius aquell dia.<\/li>\n<li><a href=\"https:\/\/educacio.gencat.cat\/ca\/departament\/normativa\/taxes-preus-publics\/taxes\/\" target=\"_blank\" rel=\"noopener\">Taxes vigents<\/a><\/li>\n<\/ul>\n","protected":false},"excerpt":{"rendered":"<p>Certificat de nivell b\u00e0sic A2 i de nivell intermedi B1:<\/p>\n<ul>\n<li>El certificat de nivell b\u00e0sic A2 s\u2019obt\u00e9 en aprovar el curs d\u2019A2 (segon curs).<\/li>\n<li>El certificat de nivell intermedi B1 s\u2019obt\u00e9 en aprovar el curs de B1 (3r curs) en el cas dels alumnes oficials o en&hellip;  <a href=\"https:\/\/agora-eoi.xtec.cat\/eoi-hospitalet\/expedicio-de-titols\/\" title=\"Read Expedici\u00f3 de t\u00edtols\">Llegeix m\u00e9s\u00bb<\/a><br \/>\n","protected":false},"author":1,"featured_media":0,"parent":0,"menu_order":0,"comment_status":"closed","ping_status":"closed","template":"","meta":{"_bbp_topic_count":0,"_bbp_reply_count":0,"_bbp_total_topic_count":0,"_bbp_total_reply_count":0,"_bbp_voice_count":0,"_bbp_anonymous_reply_count":0,"_bbp_topic_count_hidden":0,"_bbp_reply_count_hidden":0,"_bbp_forum_subforum_count":0,"footnotes":""},"class_list":["post-9044","page","type-page","status-publish","hentry"],"post_mailing_queue_ids":[],"_links":{"self":[{"href":"https:\/\/agora-eoi.xtec.cat\/eoi-hospitalet\/wp-json\/wp\/v2\/pages\/9044","targetHints":{"allow":["GET"]}}],"collection":[{"href":"https:\/\/agora-eoi.xtec.cat\/eoi-hospitalet\/wp-json\/wp\/v2\/pages"}],"about":[{"href":"https:\/\/agora-eoi.xtec.cat\/eoi-hospitalet\/wp-json\/wp\/v2\/types\/page"}],"author":[{"embeddable":true,"href":"https:\/\/agora-eoi.xtec.cat\/eoi-hospitalet\/wp-json\/wp\/v2\/users\/1"}],"replies":[{"embeddable":true,"href":"https:\/\/agora-eoi.xtec.cat\/eoi-hospitalet\/wp-json\/wp\/v2\/comments?post=9044"}],"version-history":[{"count":3,"href":"https:\/\/agora-eoi.xtec.cat\/eoi-hospitalet\/wp-json\/wp\/v2\/pages\/9044\/revisions"}],"predecessor-version":[{"id":10632,"href":"https:\/\/agora-eoi.xtec.cat\/eoi-hospitalet\/wp-json\/wp\/v2\/pages\/9044\/revisions\/10632"}],"wp:attachment":[{"href":"https:\/\/agora-eoi.xtec.cat\/eoi-hospitalet\/wp-json\/wp\/v2\/media?parent=9044"}],"curies":[{"name":"wp","href":"https:\/\/api.w.org\/{rel}","templated":true}]}}