{"id":9032,"date":"2022-05-13T17:21:47","date_gmt":"2022-05-13T15:21:47","guid":{"rendered":"https:\/\/agora-eoi.xtec.cat\/eoi-hospitalet\/?page_id=9032"},"modified":"2025-01-31T18:20:32","modified_gmt":"2025-01-31T17:20:32","slug":"tramits","status":"publish","type":"page","link":"https:\/\/agora-eoi.xtec.cat\/eoi-hospitalet\/tramits\/","title":{"rendered":"Tr\u00e0mits"},"content":{"rendered":"<h4><strong>Justificaci\u00f3 de faltes <\/strong><\/h4>\n<ul style=\"list-style-type: circle;\">\n<li><a href=\"https:\/\/eoilh.com\/tramits-en-linia\/justificacio-de-les-faltes-dassistencia\/\" target=\"_blank\" rel=\"noopener\">Formulari en l\u00ednia<\/a><\/li>\n<\/ul>\n<h4><strong>Canvi de grup\/horari <\/strong><\/h4>\n<ul style=\"list-style-type: circle;\">\n<li><a href=\"https:\/\/eoilh.com\/tramits-en-linia\/canvi-de-grup-horari\/\" target=\"_blank\" rel=\"noopener\">Formulari en l\u00ednia<\/a><\/li>\n<\/ul>\n<h4><strong>Trasllat de matr\u00edcula<\/strong><\/h4>\n<p>Si voleu sol\u00b7licitar un trasllat, ompliu aquest <a href=\"https:\/\/agora-eoi.xtec.cat\/eoi-hospitalet\/wp-content\/uploads\/usu2580\/2024\/07\/trasllat-de-matricula.pdf\" target=\"_blank\" rel=\"noopener\">formulari<\/a> i feu-lo arribar a la secretaria del centre per correu electr\u00f2nic (signat digitalment) o de forma presencial. M\u00e9s informaci\u00f3 sobre trasllats a l&#8217;<a href=\"https:\/\/agora-eoi.xtec.cat\/eoi-hospitalet\/alumnat\/normativa-alumnat\/\" target=\"_blank\" rel=\"noopener\">apartat n\u00fam. 6 de la normativa d\u2019alumnat.<\/a><\/p>\n<h4><strong>Ren\u00fancies sense devoluci\u00f3 de taxes\u00a0<\/strong><\/h4>\n<ul>\n<li><a href=\"https:\/\/eoilh.com\/tramits-en-linia\/renuncies\/\" target=\"_blank\" rel=\"noopener\">Formulari en l\u00ednia<\/a><\/li>\n<\/ul>\n<h4><strong>Repetici\u00f3 de curs i Convocat\u00f2ria addicional <\/strong><\/h4>\n<ul>\n<li><a href=\"https:\/\/eoilh.com\/tramits-en-linia\/repeticio-de-curs-i-convocatoria-addicional\/\" target=\"_blank\" rel=\"noopener\">Formulari en l\u00ednia<\/a><\/li>\n<\/ul>\n<h4><strong>Certificats<\/strong> <strong>i expedici\u00f3 de t\u00edtols<\/strong><\/h4>\n<ul>\n<li><a href=\"https:\/\/eoilh.com\/tramits-en-linia\/certificats\/\" target=\"_blank\" rel=\"noopener\">Certificaci\u00f3 acad\u00e8mica: Formulari en l\u00ednia de sol\u00b7licitud<\/a><\/li>\n<\/ul>\n<p><a href=\"https:\/\/agora-eoi.xtec.cat\/eoi-hospitalet\/expedicio-de-titols\/\">M\u00e9s informaci\u00f3 sobre l&#8217;expedici\u00f3 de t\u00edtols\u00a0<\/a><\/p>\n<h3><strong>Adaptacions de proves <\/strong><\/h3>\n<ul style=\"list-style-type: disc;\">\n<li><a href=\"https:\/\/agora-eoi.xtec.cat\/eoi-hospitalet\/wp-content\/uploads\/usu2580\/2025\/01\/instancia-sol.licitud-proves-NO-certificats.pdf\" target=\"_blank\" rel=\"noopener\">Sol\u00b7licitud d\u2019adaptaci\u00f3 de prova d\u2019A1, A2, B2.1 i C2.1<\/a><\/li>\n<li><a href=\"https:\/\/agora-eoi.xtec.cat\/eoi-hospitalet\/wp-content\/uploads\/usu2580\/2025\/01\/instancia-sol.licitud-suport-proves-CERTIFICATS.pdf\" target=\"_blank\" rel=\"noopener\">Sol\u00b7licitud d\u2019adaptaci\u00f3 de prova de B1, B2, C1 i C2<\/a><\/li>\n<\/ul>\n<h3><strong>Canvi de data de la prova final<\/strong><\/h3>\n<ul>\n<li><a href=\"https:\/\/agora-eoi.xtec.cat\/eoi-hospitalet\/wp-content\/uploads\/usu2580\/2025\/01\/Canvi-data-dexamen-final.pdf\" target=\"_blank\" rel=\"noopener\">Impr\u00e8s de sol\u00b7licitud<\/a><\/li>\n<\/ul>\n<h3><strong><b><span lang=\"FR\">Sol\u00b7licitud d\u2019aclariments sobre les qualificacions<\/span><\/b><\/strong><\/h3>\n<ul>\n<li><a href=\"https:\/\/eoilh.com\/tramits-en-linia\/sollicitud-daclariments-sobre-les-qualificacions-alumnes-lliures\/\">Sol\u00b7licitud d\u2019aclariments sobre les qualificacions &#8211; Alumnes lliures<\/a><\/li>\n<li><a href=\"https:\/\/eoilh.com\/tramits-en-linia\/sollicitud-daclariments-sobre-les-qualificacions-finals-alumnes-oficials\/\">Sol\u00b7licitud d\u2019aclariments sobre les qualificacions finals &#8211; Alumnes oficials<\/a><\/li>\n<\/ul>\n<h3><strong>Devoluci\u00f3 de taxes i preus p\u00fablics<\/strong><\/h3>\n<ul>\n<li>Informa&#8217;t sobre com sol\u00b7licitar la devoluci\u00f3 de taxes i preus p\u00fablics <a href=\"https:\/\/agora-eoi.xtec.cat\/eoi-hospitalet\/devolucio-de-taxes-i-preus-publics\/\">aqu\u00ed<\/a>.<\/li>\n<\/ul>\n","protected":false},"excerpt":{"rendered":"<p>Justificaci\u00f3 de faltes <\/p>\n<ul style=\"list-style-type: circle;\">\n<li><a href=\"https:\/\/eoilh.com\/tramits-en-linia\/justificacio-de-les-faltes-dassistencia\/\" target=\"_blank\" rel=\"noopener\">Formulari en l\u00ednia<\/a><\/li>\n<\/ul>\n<p>Canvi de grup\/horari <\/p>\n<ul style=\"list-style-type: circle;\">\n<li><a href=\"https:\/\/eoilh.com\/tramits-en-linia\/canvi-de-grup-horari\/\" target=\"_blank\" rel=\"noopener\">Formulari en l\u00ednia<\/a><\/li>\n<\/ul>\n<p>Trasllat de matr\u00edcula<br \/>\nSi voleu sol\u00b7licitar un trasllat, ompliu aquest <a href=\"https:\/\/agora-eoi.xtec.cat\/eoi-hospitalet\/wp-content\/uploads\/usu2580\/2024\/07\/trasllat-de-matricula.pdf\" target=\"_blank\" rel=\"noopener\">formulari<\/a> i feu-lo arribar a la secretaria del centre per correu electr\u00f2nic (signat&hellip;  <a href=\"https:\/\/agora-eoi.xtec.cat\/eoi-hospitalet\/tramits\/\" title=\"Read Tr\u00e0mits\">Llegeix m\u00e9s\u00bb<\/a><\/p>\n","protected":false},"author":1,"featured_media":0,"parent":0,"menu_order":0,"comment_status":"closed","ping_status":"closed","template":"page-templates\/side-menu.php","meta":{"_bbp_topic_count":0,"_bbp_reply_count":0,"_bbp_total_topic_count":0,"_bbp_total_reply_count":0,"_bbp_voice_count":0,"_bbp_anonymous_reply_count":0,"_bbp_topic_count_hidden":0,"_bbp_reply_count_hidden":0,"_bbp_forum_subforum_count":0,"footnotes":""},"class_list":["post-9032","page","type-page","status-publish","hentry"],"post_mailing_queue_ids":[],"_links":{"self":[{"href":"https:\/\/agora-eoi.xtec.cat\/eoi-hospitalet\/wp-json\/wp\/v2\/pages\/9032","targetHints":{"allow":["GET"]}}],"collection":[{"href":"https:\/\/agora-eoi.xtec.cat\/eoi-hospitalet\/wp-json\/wp\/v2\/pages"}],"about":[{"href":"https:\/\/agora-eoi.xtec.cat\/eoi-hospitalet\/wp-json\/wp\/v2\/types\/page"}],"author":[{"embeddable":true,"href":"https:\/\/agora-eoi.xtec.cat\/eoi-hospitalet\/wp-json\/wp\/v2\/users\/1"}],"replies":[{"embeddable":true,"href":"https:\/\/agora-eoi.xtec.cat\/eoi-hospitalet\/wp-json\/wp\/v2\/comments?post=9032"}],"version-history":[{"count":7,"href":"https:\/\/agora-eoi.xtec.cat\/eoi-hospitalet\/wp-json\/wp\/v2\/pages\/9032\/revisions"}],"predecessor-version":[{"id":10905,"href":"https:\/\/agora-eoi.xtec.cat\/eoi-hospitalet\/wp-json\/wp\/v2\/pages\/9032\/revisions\/10905"}],"wp:attachment":[{"href":"https:\/\/agora-eoi.xtec.cat\/eoi-hospitalet\/wp-json\/wp\/v2\/media?parent=9032"}],"curies":[{"name":"wp","href":"https:\/\/api.w.org\/{rel}","templated":true}]}}