{"id":9027,"date":"2022-05-13T17:15:42","date_gmt":"2022-05-13T15:15:42","guid":{"rendered":"https:\/\/agora-eoi.xtec.cat\/eoi-hospitalet\/?page_id=9027"},"modified":"2024-07-01T11:12:20","modified_gmt":"2024-07-01T09:12:20","slug":"mediateca","status":"publish","type":"page","link":"https:\/\/agora-eoi.xtec.cat\/eoi-hospitalet\/alumnat\/mediateca\/","title":{"rendered":"Mediateca"},"content":{"rendered":"<h4>Horari<\/h4>\n<p>Mat\u00ed: 10 &#8211; 13h<br \/>\nTarda: 16&#8217;30 &#8211; 20h<\/p>\n<p>Nom\u00e9s dies lectius (consulteu els dies de lliure disposici\u00f3)<\/p>\n<p>La Biblioteca de l&#8217;Escola Oficial d&#8217;Idiomes de l&#8217;Hospitalet disposa en servei de consulta i pr\u00e9stec del seg\u00fcent material en angl\u00e8s, franc\u00e8s, alemany, catal\u00e0 i itali\u00e0:<\/p>\n<ul>\n<li>Llibres de text<\/li>\n<li>Llibres de gram\u00e0tica i exercicis<\/li>\n<li>Llibres de lectura<\/li>\n<li>Diccionaris<\/li>\n<li>Enciclop\u00e8dies<\/li>\n<li>Revistes<\/li>\n<li>V\u00eddeos \/ CDs \/ CD Roms \/ DVDs<\/li>\n<\/ul>\n<h4>Qu\u00e8 cal fer per ser usuaris?<\/h4>\n<p>Heu de ser:<\/p>\n<ol style=\"list-style-type: lower-alpha;\">\n<li>alumnes oficials de l&#8217;EOI de L&#8217;Hospitalet, o b\u00e9<\/li>\n<li>alumnes dels cursos especials d\u2019expressi\u00f3 oral<\/li>\n<\/ol>\n<p>Per formalitzar el primer pr\u00e9stec\u00a0 tothom\u00a0 haureu d&#8217;ensenyar a la persona responsable de la mediateca el resguard de pagament de matr\u00edcula i el DNI per tal que us facin la fitxa corresponent.<\/p>\n<h4>Reserves del material<\/h4>\n<p>Podeu fer reserves presencialment o mitjan\u00e7ant \u00a0el correu electr\u00f2nic eoihospitaletbiblio@gmail.com per fer les reserves del material que necessiteu o per avisar dels retards justificats pel que fa al retorn del material. Haur\u00edeu de posar a l&#8217;apartat &#8220;assumpte&#8221; del correu electr\u00f2nic &#8220;Biblioteca : retard&#8221; o &#8220;Biblioteca : reserva &#8220;. Les reserves s&#8217;atorguen per ordre d&#8217;arribada dels mails i es respecten durant una setmana, a comptar des de l&#8217;arribada al centre i a partir del moment en qu\u00e8 el material demanat torna a mediateca.<\/p>\n<h4>Pr\u00f2rrogues<\/h4>\n<p>Es donar\u00e0 pr\u00f2rroga per qualsevol tipus de material excepte si\u00a0 un altre usuari n\u2019ha fet una reserva.<\/p>\n<h4>Llibres<\/h4>\n<p>Es podran agafar en pr\u00e9stec fins a tres llibres alhora de qualsevol idioma.<\/p>\n<p>El termini per retornar els llibres ser\u00e0 de 3 setmanes.<\/p>\n<p>Bookcrossing : Servei d&#8217;intercanvi (troc) de llibres on podreu reciclar els vostres llibres de franc\u00e8s, itali\u00e0, alemany, angl\u00e8s i catal\u00e0 i endur-vos els que la biblioteca us proposa. Tots els llibres que trobareu estan donats d&#8217;alta al lloc web i formen part de la xarxa de llibres &#8220;alliberats&#8221; amb el seu corresponent n\u00ba de BCID pe tal de poder seguir el seu recorregut per internet.<\/p>\n<h4>DVDs<\/h4>\n<p>Si es tracta de peI.l\u00edcula, es podran agafar un m\u00e0xim de dues i s&#8217;hauran de retornar al cap de dues setmanes com a m\u00e0xim. En el cas que sigui d&#8217;una s\u00e8rie, s&#8217;agafar\u00e0 un \u00fanic DVD que caldr\u00e0 retornar al cap d&#8217;una setmana com a m\u00e0xim.<\/p>\n<p>A la mediateca disposeu de monitors per visionar el material en DVD.<\/p>\n<h4>Revistes<\/h4>\n<p>L&#8217;usuari es podr\u00e0 endur nom\u00e9s les revistes m\u00e9s antigues del revister (fins a dues) ja que les que portin la data m\u00e9s recent es deixaran per consulta i lectura in situ. El termini de retorn ser\u00e0 de tres setmanes.<\/p>\n<h4>Internet<\/h4>\n<p>Podeu gaudir de l&#8217;acc\u00e9s gratu\u00eft @ internet.<\/p>\n<h4>Retards p\u00e8rdues i penalitzacions<\/h4>\n<p>Si alg\u00fa no retorna el material dins el termini establert ser\u00e0 susp\u00e8s del servei de pr\u00e9stec durant el mateix per\u00edode de temps que hagi durat el retard.<\/p>\n<p>Si alg\u00fa torna un material malm\u00e8s o el perdi \u00a0haur\u00e0 de comprar-ne un de nou i mentrestant quedar\u00e0 excl\u00f2s del servei de pr\u00e9stec.<\/p>\n<p>En el cas de retards de llarga durada, i especialment a finals de curs, s&#8217;enviar\u00e0 una carta per tal de reclamar el material.<\/p>\n<p>Els usuaris que es donin de baixa de l&#8217;escola i tinguin material pendent de devoluci\u00f3, si es tornen a matricular hauran de retornar o reposar el material i se&#8217;ls suspendr\u00e0 durant un trimestre del servei de pr\u00e9stec.<\/p>\n<p>&nbsp;<\/p>\n<p>&nbsp;<\/p>\n","protected":false},"excerpt":{"rendered":"<p>Horari<br \/>\nMat\u00ed: 10 &#8211; 13h<br \/>\nTarda: 16&#8217;30 &#8211; 20h<br \/>\nNom\u00e9s dies lectius (consulteu els dies de lliure disposici\u00f3)<br \/>\nLa Biblioteca de l&#8217;Escola Oficial d&#8217;Idiomes de l&#8217;Hospitalet disposa en servei de consulta i pr\u00e9stec del seg\u00fcent material en angl\u00e8s, franc\u00e8s, alemany, catal\u00e0 i itali\u00e0:<\/p>\n<ul>\n<li>Llibres de text<\/li>\n<li>Llibres de gram\u00e0tica i exercicis<\/li>\n<li>Llibres&hellip;  <a href=\"https:\/\/agora-eoi.xtec.cat\/eoi-hospitalet\/alumnat\/mediateca\/\" title=\"Read Mediateca\">Llegeix m\u00e9s\u00bb<\/a><br \/>\n","protected":false},"author":1,"featured_media":0,"parent":9255,"menu_order":3,"comment_status":"closed","ping_status":"closed","template":"page-templates\/side-menu.php","meta":{"_bbp_topic_count":0,"_bbp_reply_count":0,"_bbp_total_topic_count":0,"_bbp_total_reply_count":0,"_bbp_voice_count":0,"_bbp_anonymous_reply_count":0,"_bbp_topic_count_hidden":0,"_bbp_reply_count_hidden":0,"_bbp_forum_subforum_count":0,"footnotes":""},"class_list":["post-9027","page","type-page","status-publish","hentry"],"post_mailing_queue_ids":[],"_links":{"self":[{"href":"https:\/\/agora-eoi.xtec.cat\/eoi-hospitalet\/wp-json\/wp\/v2\/pages\/9027","targetHints":{"allow":["GET"]}}],"collection":[{"href":"https:\/\/agora-eoi.xtec.cat\/eoi-hospitalet\/wp-json\/wp\/v2\/pages"}],"about":[{"href":"https:\/\/agora-eoi.xtec.cat\/eoi-hospitalet\/wp-json\/wp\/v2\/types\/page"}],"author":[{"embeddable":true,"href":"https:\/\/agora-eoi.xtec.cat\/eoi-hospitalet\/wp-json\/wp\/v2\/users\/1"}],"replies":[{"embeddable":true,"href":"https:\/\/agora-eoi.xtec.cat\/eoi-hospitalet\/wp-json\/wp\/v2\/comments?post=9027"}],"version-history":[{"count":4,"href":"https:\/\/agora-eoi.xtec.cat\/eoi-hospitalet\/wp-json\/wp\/v2\/pages\/9027\/revisions"}],"predecessor-version":[{"id":10545,"href":"https:\/\/agora-eoi.xtec.cat\/eoi-hospitalet\/wp-json\/wp\/v2\/pages\/9027\/revisions\/10545"}],"up":[{"embeddable":true,"href":"https:\/\/agora-eoi.xtec.cat\/eoi-hospitalet\/wp-json\/wp\/v2\/pages\/9255"}],"wp:attachment":[{"href":"https:\/\/agora-eoi.xtec.cat\/eoi-hospitalet\/wp-json\/wp\/v2\/media?parent=9027"}],"curies":[{"name":"wp","href":"https:\/\/api.w.org\/{rel}","templated":true}]}}