{"id":8885,"date":"2022-04-05T11:09:36","date_gmt":"2022-04-05T09:09:36","guid":{"rendered":"https:\/\/agora-eoi.xtec.cat\/eoi-hospitalet\/?page_id=8885"},"modified":"2025-09-18T12:44:53","modified_gmt":"2025-09-18T10:44:53","slug":"equip-de-gestio","status":"publish","type":"page","link":"https:\/\/agora-eoi.xtec.cat\/eoi-hospitalet\/lescola\/equip-de-gestio\/","title":{"rendered":"\u00d2rgans unipersonals"},"content":{"rendered":"<h4>\u00d2rgans unipersonals de direcci\u00f3<\/h4>\n<ul>\n<li>Director: <strong>Rom\u00e1n Landajo Porta<\/strong><\/li>\n<li>Cap d\u2019estudis: <strong>Marga Mansilla Olmos<br \/>\n<\/strong><\/li>\n<li>Secret\u00e0ria: <strong>Imma Torregrosa Trivi\u00f1o<\/strong><\/li>\n<li>Coordinadora pedag\u00f2gica: <strong>Mari Carmen G\u00f3miz Garc\u00eda<\/strong><\/li>\n<li>Administradora: <strong>Anna L\u00f3pez Sans<br \/>\n<\/strong><\/li>\n<\/ul>\n<h4>\u00d2rgans unipersonals de coordinaci\u00f3 no departamentals<\/h4>\n<ul>\n<li>Coordinadora de prevenci\u00f3 de riscos laborals: <strong>Lourdes Noguera Muntadas<\/strong><\/li>\n<li>Coordinadora digital: <strong>Pilar Roca Clermont<\/strong><\/li>\n<li>Coordinadora de llengua, interculturalitat i cohesi\u00f3 social: <strong>Antoni Real Levacher<br \/>\n<\/strong><\/li>\n<li>Coordinadora de coeducaci\u00f3, conviv\u00e8ncia i benestar de l&#8217;alumnat: <strong>Jorge Le\u00f3n Arias<br \/>\n<\/strong><\/li>\n<\/ul>\n<h4>Caps de departament<\/h4>\n<ul>\n<li>Cap de departament d&#8217;alemany: <strong>Marta Pombo Sall\u00e9s<br \/>\n<\/strong><\/li>\n<li>Cap de departament d&#8217;angl\u00e8s: <strong>Marta P\u00e9rez Novales<br \/>\n<\/strong><\/li>\n<li>Cap de departament de catal\u00e0: <strong>Maria Millan Pla<\/strong><\/li>\n<li>Cap de departament de franc\u00e8s: <strong>V\u00e9ronique Hoarau<\/strong><\/li>\n<li>Cap de departament d&#8217;itali\u00e0: <strong>Vincenzo Costa<\/strong><\/li>\n<\/ul>\n","protected":false},"excerpt":{"rendered":"<p>\u00d2rgans unipersonals de direcci\u00f3<\/p>\n<ul>\n<li>Director: Rom\u00e1n Landajo Porta<\/li>\n<li>Cap d\u2019estudis: Marga Mansilla Olmos\n<\/li>\n<li>Secret\u00e0ria: Imma Torregrosa Trivi\u00f1o<\/li>\n<li>Coordinadora pedag\u00f2gica: Mari Carmen G\u00f3miz Garc\u00eda<\/li>\n<li>Administradora: Anna L\u00f3pez Sans\n<\/li>\n<\/ul>\n<p>\u00d2rgans unipersonals de coordinaci\u00f3 no departamentals<\/p>\n<ul>\n<li>Coordinadora de prevenci\u00f3 de riscos laborals: Lourdes Noguera Muntadas<\/li>\n<li>Coordinadora digital: Pilar Roca Clermont<\/li>\n<li>Coordinadora de llengua, interculturalitat i cohesi\u00f3 social:&hellip;  <a href=\"https:\/\/agora-eoi.xtec.cat\/eoi-hospitalet\/lescola\/equip-de-gestio\/\" title=\"Read \u00d2rgans unipersonals\">Llegeix m\u00e9s\u00bb<\/a><br \/>\n","protected":false},"author":1,"featured_media":0,"parent":806,"menu_order":0,"comment_status":"closed","ping_status":"closed","template":"page-templates\/side-menu.php","meta":{"_bbp_topic_count":0,"_bbp_reply_count":0,"_bbp_total_topic_count":0,"_bbp_total_reply_count":0,"_bbp_voice_count":0,"_bbp_anonymous_reply_count":0,"_bbp_topic_count_hidden":0,"_bbp_reply_count_hidden":0,"_bbp_forum_subforum_count":0,"footnotes":""},"class_list":["post-8885","page","type-page","status-publish","hentry"],"post_mailing_queue_ids":[],"_links":{"self":[{"href":"https:\/\/agora-eoi.xtec.cat\/eoi-hospitalet\/wp-json\/wp\/v2\/pages\/8885","targetHints":{"allow":["GET"]}}],"collection":[{"href":"https:\/\/agora-eoi.xtec.cat\/eoi-hospitalet\/wp-json\/wp\/v2\/pages"}],"about":[{"href":"https:\/\/agora-eoi.xtec.cat\/eoi-hospitalet\/wp-json\/wp\/v2\/types\/page"}],"author":[{"embeddable":true,"href":"https:\/\/agora-eoi.xtec.cat\/eoi-hospitalet\/wp-json\/wp\/v2\/users\/1"}],"replies":[{"embeddable":true,"href":"https:\/\/agora-eoi.xtec.cat\/eoi-hospitalet\/wp-json\/wp\/v2\/comments?post=8885"}],"version-history":[{"count":6,"href":"https:\/\/agora-eoi.xtec.cat\/eoi-hospitalet\/wp-json\/wp\/v2\/pages\/8885\/revisions"}],"predecessor-version":[{"id":11076,"href":"https:\/\/agora-eoi.xtec.cat\/eoi-hospitalet\/wp-json\/wp\/v2\/pages\/8885\/revisions\/11076"}],"up":[{"embeddable":true,"href":"https:\/\/agora-eoi.xtec.cat\/eoi-hospitalet\/wp-json\/wp\/v2\/pages\/806"}],"wp:attachment":[{"href":"https:\/\/agora-eoi.xtec.cat\/eoi-hospitalet\/wp-json\/wp\/v2\/media?parent=8885"}],"curies":[{"name":"wp","href":"https:\/\/api.w.org\/{rel}","templated":true}]}}