{"id":8872,"date":"2022-04-05T10:54:13","date_gmt":"2022-04-05T08:54:13","guid":{"rendered":"https:\/\/agora-eoi.xtec.cat\/eoi-hospitalet\/?page_id=8872"},"modified":"2025-07-15T11:32:34","modified_gmt":"2025-07-15T09:32:34","slug":"normativa-alumnat","status":"publish","type":"page","link":"https:\/\/agora-eoi.xtec.cat\/eoi-hospitalet\/alumnat\/normativa-alumnat\/","title":{"rendered":"Normativa alumnat"},"content":{"rendered":"<h3>CURS 2025-2026<\/h3>\n<p><strong>Aquest \u00e9s un recull de les normes administratives i acad\u00e8miques m\u00e9s rellevants per a l\u2019alumat. Podeu consultar la versi\u00f3 \u00edntegra de les NOFC (Normes d\u2019Organitzaci\u00f3 i Funcionament del Centre) al nostre web.<\/strong><\/p>\n<h6><strong>1. INCOMPATIBILITATS\u00a0<\/strong><\/h6>\n<ul>\n<li>Durant un mateix curs acad\u00e8mic l\u2019alumnat nom\u00e9s es pot matricular dels ensenyaments reglats d\u2019un idioma en una sola modalitat (lliure, oficial presencial, oficial semipresencial, a dist\u00e0ncia-IOC) i en un sol centre.<\/li>\n<li>L\u2019alumnat oficial que es matriculi en les proves lliures causar\u00e0 autom\u00e0ticament baixa d\u2019ofici a la modalitat oficial.<\/li>\n<li>L\u2019alumnat que estigui cursant l\u2019ensenyament obligatori no podr\u00e0 matricular-se en un horari que coincideixi, encara que sigui parcialment, amb l\u2019horari dels seus estudis obligatoris.<\/li>\n<\/ul>\n<h6><strong>2. REN\u00daNCIES<\/strong><\/h6>\n<p><strong>2.1. Ren\u00fancia a la matr\u00edcula <\/strong><strong>(sense devoluci\u00f3 de taxes o preus p\u00fablics)<\/strong><strong>:<\/strong><\/p>\n<ul>\n<li>L\u2019alumnat oficial podr\u00e0 presentar a la direcci\u00f3 de l\u2019escola la ren\u00fancia a la matriculaci\u00f3 en un idioma.<\/li>\n<li>Aquesta sol\u00b7licitud es podr\u00e0 fer entre les 00.01 h de l\u201913 d\u2019octubre de 2025 i les 23.59 h del 28 de novembre de 2025 mitjan\u00e7ant el formulari disponible al web del centre.<\/li>\n<li>Aquesta ren\u00fancia no suposar\u00e0 el c\u00f2mput del curs a efectes de repetici\u00f3, ni el dret al retorn de cap taxa, per\u00f2 l\u2019alumne\/a mant\u00e9 el dret a matricular-se com antic alumnat el curs seg\u00fcent.<\/li>\n<li>Amb posterioritat al termini de ren\u00fancia establert, si un\/a alumne\/a oficial abandona, el curs es computar\u00e0 a efectes de repetici\u00f3 i l\u2019alumne\/a tindr\u00e0, a tots els efectes, la consideraci\u00f3 de \u201cno presentat\/da\u201d en la qualificaci\u00f3 final.<\/li>\n<li>Les places de l\u2019alumnat que ha renunciat quedaran a disposici\u00f3 del centre per ser permutades amb les de l\u2019alumnat que sol\u00b7liciti un canvi de grup, a tots els efectes administratius.<\/li>\n<li>No es podr\u00e0 renunciar m\u00e9s d\u2019una vegada al mateix curs.<\/li>\n<\/ul>\n<p><strong>2.2. Ren\u00fancia a la matr\u00edcula amb sol\u00b7licitud de devoluci\u00f3 de taxes o preus p\u00fablics <\/strong><strong>(anul\u00b7laci\u00f3 de la matr\u00edcula)<\/strong><strong>:<\/strong><\/p>\n<ul>\n<li>Es poden retornar les taxes o preus p\u00fablics de la matr\u00edcula si la ren\u00fancia a la matr\u00edcula i l\u2019impr\u00e8s de sol\u00b7licitud de retorn de taxes\/preus p\u00fablics es presenten a la secretaria del centre fins a les 14 h del 10 d\u2019octubre de 2025 (alumnes oficials) o abans de la data de publicaci\u00f3 de les llistes definitives d\u2019admesos (alumnes lliures).<\/li>\n<li>La ren\u00fancia a la matr\u00edcula oficial amb devoluci\u00f3 de taxes o preus p\u00fablics suposa l\u2019anul\u00b7laci\u00f3 de la matr\u00edcula a tots els efectes i l\u2019exclusi\u00f3 de la matr\u00edcula de l\u2019expedient acad\u00e8mic de l\u2019alumne\/a i, per tant, la ren\u00fancia a la pla\u00e7a per part de l\u2019alumne\/a.<\/li>\n<\/ul>\n<h6><strong style=\"font-family: inherit; font-size: 1em;\">3. FLEXIBILITZACI\u00d3 DE L&#8217;ITINERARI EDUCATIU: MATR\u00cdCULA D&#8217;ACTUALITZACI\u00d3 EN CURSOS INFERIORS<\/strong><\/h6>\n<ul>\n<li>Les persones que ja hagin cursat i superat amb anterioritat cursos de les escoles oficials d&#8217;idiomes, i que vulguin actualitzar-ne els coneixements, poden sol\u00b7licitar matricular-se en l&#8217;\u00faltim curs realitzat o en qualsevol dels cursos inferiors.<\/li>\n<li>Tamb\u00e9 poden inscriure\u2019s en un curs d\u2019actualitzaci\u00f3 de coneixements els i les alumnes que hagin cursat i superat amb anterioritat cursos de nivell A1 i A2 als centres de formaci\u00f3 d\u2019adults. Igualment, poden inscriure\u2019s en cursos d\u2019actualitzaci\u00f3 les persones que s\u2019hagin presentat a les proves lliures i hagin obtingut el certificat corresponent en els mateixos termes.<\/li>\n<li>La sol\u00b7licitud per a aquest tipus de matr\u00edcula es pot presentar al centre a partir de les 10h del 23 de setembre, una vegada finalitzat el per\u00edode d&#8217;admissi\u00f3 de nous alumnes, i nom\u00e9s s&#8217;admet si hi ha vacants en el curs i l&#8217;idioma sol\u00b7licitat.<\/li>\n<li>La sol\u00b7licitud \u00e9s v\u00e0lida \u00fanicament per al curs acad\u00e8mic en qu\u00e8 se sol\u00b7licita i s&#8217;ha de tornar a presentar per a cursos acad\u00e8mics posteriors, si l&#8217;alumne o alumna vol.<\/li>\n<li>Aquest tipus de matr\u00edcula no t\u00e9 efectes acad\u00e8mics ni dona lloc a cap certificat oficial. La qualificaci\u00f3 que es fa constar a l&#8217;expedient acad\u00e8mic de l&#8217;alumne o alumna \u00e9s de \u201cno qualificat\/ada\u201d.<\/li>\n<li>En el cas dels cursos que condueixen a l&#8217;obtenci\u00f3 d&#8217;un certificat, els alumnes en aquesta situaci\u00f3 acad\u00e8mica no tenen dret a sol\u00b7licitar una nova expedici\u00f3 del certificat obtingut anteriorment, per\u00f2 poden sol\u00b7licitar un certificat d&#8217;actualitzaci\u00f3 al centre on estiguin matriculats.<\/li>\n<li>Pel que fa al preu del servei, aquests alumnes han de pagar la taxa o el preu p\u00fablic corresponent, sense penalitzaci\u00f3 per repetici\u00f3.<\/li>\n<li>Durant un mateix curs acad\u00e8mic no es pot simultaniejar una matr\u00edcula ordin\u00e0ria als\u00a0 \u00a0ensenyaments presencials amb una matr\u00edcula d&#8217;actualitzaci\u00f3 del mateix idioma.<\/li>\n<\/ul>\n<h6><strong>4. CANVIS DE HORARI I DE NIVELL<\/strong><\/h6>\n<ul>\n<li>Els\/les alumnes que per motius justificats no puguin assistir a l&#8217;horari en el qual es troben matriculats\/des\u00a0 podran sol\u00b7licitar un canvi de grup.<\/li>\n<li>Un cop sol\u00b7licitat el canvi d&#8217;horari, l&#8217;alumnat l&#8217;haur\u00e0 d&#8217;acceptar si li \u00e9s concedit.<\/li>\n<li>L&#8217;alumnat no podr\u00e0 assistir als grups que hagi sol\u00b7licitat abans de la formalitzaci\u00f3 del canvi d&#8217;horari. No seran v\u00e0lids els canvis de grup no efectuats per la secretaria.<\/li>\n<li>Nom\u00e9s es concediran un m\u00e0xim de dos canvis d\u2019horari per curs escolar.<\/li>\n<li>La data l\u00edmit per sol\u00b7licitar un canvi d\u2019horari ser\u00e0 el 29 d\u2019abril de 2026.<\/li>\n<li>Un cop matriculats en un determinat nivell, els\/les alumnes no podran canviar la seva matr\u00edcula per la d&#8217;un nivell superior o inferior. Aix\u00f2 nom\u00e9s s&#8217;autoritzar\u00e0 en casos realment excepcionals d\u2019acord amb el protocol establert a les NOFC (Normes d\u2019Organitzaci\u00f3 i Funcionament del Centre).<\/li>\n<li>La data l\u00edmit per sol\u00b7licitar un canvi de nivell ser\u00e0 el 10 d\u2019octubre de 2025 a les 14 h. (per als antics alumnes) o el 30 d\u2019octubre de 2025 a les 20 h. (per als nous alumnes).<\/li>\n<\/ul>\n<p><strong>Sol\u00b7licitud de canvi d\u2019horari o grup: Per\u00edode previ a l\u2019inici del curs per a l\u2019alumnat que ha fet la matriculaci\u00f3 durant el mes de juliol de 2025.<\/strong><\/p>\n<ul>\n<li>Es podr\u00e0 sol\u00b7licitar canvi d\u2019horari o grup entre les 10 h de l\u201911 de juliol i les 14 h del 12 de juliol de 2025 i entre les 10 h del dia 4 de setembre i les 14 h del dia 5 de setembre de 2025. Aquesta sol\u00b7licitud es podr\u00e0 tramitar per via telem\u00e0tica a trav\u00e9s del formulari disponible al web del centre. Aquestes sol\u00b7licituds s\u2019atendran per ordre d\u2019arribada.<\/li>\n<li>En el cas de les sol\u00b7licituds presentades al mes de juliol, si \u00e9s possible realitzar el canvi sol\u00b7licitat, la secretaria del centre ho comunicar\u00e0 a l\u2019alumnat abans del 18 de juliol de 2025. Els\/Les alumnes als\/a les quals no se\u2019ls hagi pogut concedir el canvi hauran de renovar la seva petici\u00f3 el 4-5 de setembre presentant de nou la seva sol\u00b7licitud telem\u00e0ticament.<\/li>\n<li>Les sol\u00b7licituds de setembre de 2025 quedaran en llista d\u2019espera i tindran prioritat sobre les peticions del per\u00edode ordinari de canvis de grup\/horari. A partir del 5 de setembre totes les sol\u00b7licituds hauran de renovar-se per correu electr\u00f2nic cada mes<\/li>\n<li>Un cop presentada la sol\u00b7licitud, i abans de la resoluci\u00f3 de la mateixa, aquells\/es alumnes que deixin d\u2019estar interessats\/des en obtenir el canvi de grup\/horari sol\u00b7licitat, hauran de comunicar-ho per correu electr\u00f2nic a la secretaria del centre al m\u00e9s aviat possible. De no fer-ho aix\u00ed, i en cas que se\u2019ls concedeixi el canvi demanat, l\u2019alumne\/a haur\u00e0 d\u2019assistir a classe en l\u2019horari concedit i nom\u00e9s podr\u00e0 obtenir un nou canvi a trav\u00e9s del procediment ordinari de canvi de grup\/horari.<\/li>\n<\/ul>\n<p><strong>Sol\u00b7licitud de canvi d\u2019horari o grup: Procediment ordinari<\/strong><\/p>\n<ul>\n<li>La sol\u00b7licitud es podr\u00e0 fer per mitj\u00e0 de la p\u00e0gina web del centre a partir de les 10h del dia 29 de setembre de 2025.<\/li>\n<li>Tan bon punt es pugui fer efectiu el canvi de grup\/horari, el centre ho comunicar\u00e0 a l\u2019alumnat.<\/li>\n<li>Les peticions de canvi de grup presentades per alumnes del curs 24-25 els dies 10 i 11 de juliol de 2025 (i degudament renovades els dies 4 i 5 de setembre) i les presentades els dies 4 i 5 de setembre de 2025 seran priorit\u00e0ries, tret que aquests\/es alumnes hagin expressat per escrit que deixen d\u2019estar interessats\/des en el canvi.<\/li>\n<li>Les sol\u00b7licituds de canvi d&#8217;horari del per\u00edode ordinari \u00a0tindran una validesa d\u2019un mes. Un cop passat un mes, seran anul\u00b7lades tret que l&#8217;alumne\/a comuniqui per correu electr\u00f2nic a la secretaria del centre la seva voluntat de continuar en la llista d&#8217;espera.<\/li>\n<li>Un cop presentada la sol\u00b7licitud, i abans de la resoluci\u00f3 de la mateixa, aquells\/es alumnes que deixin d\u2019estar interessats en obtenir el canvi de grup\/horari sol\u00b7licitat, hauran de comunicar-ho per correu electr\u00f2nic a la secretaria del centre al m\u00e9s aviat possible. De no fer-ho aix\u00ed, i en cas que se\u2019ls concedeixi el canvi demanat, l\u2019alumne\/a\u00a0 haur\u00e0 d\u2019assistir a classe en l\u2019horari concedit i nom\u00e9s podr\u00e0 obtenir un nou canvi a trav\u00e9s del procediment ordinari de canvi de grup\/horari.<\/li>\n<\/ul>\n<h6><strong>5. ASSIST\u00c8NCIA DE L&#8217;ALUMNAT A LES CLASSES I A LES PROVES D\u2019AVALUACI\u00d3<\/strong><\/h6>\n<ul>\n<li>L&#8217;assist\u00e8ncia a classe \u00e9s obligat\u00f2ria i ser\u00e0 controlada pel professorat. En cas d&#8217;abs\u00e8ncies de llarga durada (sis o m\u00e9s faltes consecutives d\u2019assist\u00e8ncia), caldr\u00e0 justificar-les per escrit a la secretaria del centre mitjan\u00e7ant l&#8217;impr\u00e8s corresponent o a trav\u00e9s del formulari del web del centre.<\/li>\n<li>L&#8217;alumnat ha d&#8217;assistir com a m\u00ednim al 65% de les classes si vol acollir-se a l&#8217;avaluaci\u00f3 continuada. Si sobrepassa el 35% d&#8217;abs\u00e8ncies, justificades o no, la seva nota dependr\u00e0 exclusivament de l&#8217;examen final.<\/li>\n<li>L\u2019alumnat que cometi sis faltes consecutives d\u2019assist\u00e8ncia no justificades podr\u00e0 ser canviat de grup sense comunicaci\u00f3 pr\u00e8via.<\/li>\n<li>L&#8217;alumnat\u00a0 t\u00e9 el deure d&#8217;assistir puntualment a les classes. En cas que per motius justificats els\/les alumnes hagin d&#8217;arribar tard sistem\u00e0ticament, li ho comunicaran al seu professor o professora a l\u2019inici de curs, o tan bon punt es produeixi la circumst\u00e0ncia que els impedeixi arribar puntuals, tot aportant, si escau, la documentaci\u00f3 justificativa que correspongui.<\/li>\n<li><strong>MENORS D&#8217;EDAT<\/strong>: Els\/les representants legals dels\/de les alumnes menors de 18 anys hauran de justificar al seu professor o professora, per escrit i amb anterioritat, les faltes d&#8217;assist\u00e8ncia que no responguin a causes imprevistes. Si l&#8217;abs\u00e8ncia no es pot preveure, els seus representants legals hauran de comunicar telef\u00f2nicament al centre aquesta abs\u00e8ncia i posteriorment aportar un justificant. Si l&#8217;abs\u00e8ncia dels o de les menors es produeix sense notificaci\u00f3 pr\u00e8via, el centre la comunicar\u00e0 als seus representants legals.<\/li>\n<li><strong>ALUMNES DE L&#8217;ESO:<\/strong> Els\/les alumnes que estiguin cursant l&#8217;ensenyament obligatori no podran estar matriculats\/des en un horari que coincideixi, encara que sigui parcialment, amb l\u2019horari del centre on estan cursant l&#8217;ESO.<\/li>\n<li>La no assist\u00e8ncia a qualsevol de les parts de les proves d\u2019avaluaci\u00f3 final comportar\u00e0 la qualificaci\u00f3 de \u201cno presentat\/da\u201d en aquella part i, autom\u00e0ticament, la qualificaci\u00f3 global del curs ser\u00e0 \u201cno apte\/a\u201d.<\/li>\n<li>Les causes de for\u00e7a major que impedeixin la presentaci\u00f3 a les proves finals s\u2019hauran de justificar documentalment amb data l\u00edmit 15 de maig de 2026.<\/li>\n<li>Les incid\u00e8ncies imprevistes que per motius justificats es produeixin despr\u00e9s d\u2019aquesta data s\u2019hauran de notificar al centre i documentar abans de la realitzaci\u00f3 de la prova, a no ser que les caracter\u00edstiques de la incid\u00e8ncia justifiquin la impossibilitat de notificaci\u00f3 pr\u00e8via.<\/li>\n<li>L\u2019alumnat que no hagi confirmat data i hora de convocat\u00f2ria de la prova d\u2019expressi\u00f3 i interacci\u00f3 oral amb el\/la seu\/seva professor\/a amb data l\u00edmit 15 de maig de 2026 podr\u00e0 ser convocat\/ada a fer aquesta prova fora del seu horari i dies de classe i sense garantia que la prova els sigui administrada pel\/per la seu\/seva professor\/a.<\/li>\n<li>L\u2019alumnat que tingui necessitats espec\u00edfiques degudament documentades que puguin requerir una adaptaci\u00f3 de les proves finals d\u2019avaluaci\u00f3 podr\u00e0 sol\u00b7licitar aquesta adaptaci\u00f3 amb data l\u00edmit 28 de febrer de 2026.<\/li>\n<\/ul>\n<h6><strong>6. TRASLLATS<\/strong><\/h6>\n<p><strong>6.1. Trasllat de la matr\u00edcula durant el curs acad\u00e8mic.<\/strong><\/p>\n<ul>\n<li>Si despr\u00e9s de formalitzar la matr\u00edcula en un centre un\/a alumne\/a demana poder continuar el curs en un altre centre, el trasllat s\u2019anomena trasllat de matr\u00edcula viva.<\/li>\n<li>El termini per trasllats de matr\u00edcula viva a l\u2019EOI de L\u2019Hospitalet comen\u00e7ar\u00e0 a les 10 \u00a0h del 23 de setembre de 2025 i finalitzar\u00e0 a les 20 h del 29 d\u2019abril de 2026.<\/li>\n<li>La sol\u00b7licitud de matr\u00edcula es far\u00e0 al centre de destinaci\u00f3 mitjan\u00e7ant el model d\u2019impr\u00e8s \u201cSol\u00b7licitud de trasllat d\u2019expedient\u201d i quedar\u00e0 condicionada a la disponibilitat de places en aquest centre. La documentaci\u00f3 que caldr\u00e0 aportar ser\u00e0 el full de pagament de la matr\u00edcula efectuada en el centre d\u2019origen. En el moment de produir-se una vacant, l\u2019EOI de destinaci\u00f3 ho comunicar\u00e0 al\/a la sol\u00b7licitant. L\u2019EOI de destinaci\u00f3 tramitar\u00e0 d\u2019ofici el trasllat d\u2019expedient.<\/li>\n<li>En cas de no haver-hi vacants en l\u2019EOI de destinaci\u00f3, s\u2019obrir\u00e0 una llista d\u2019espera on els\/les sol\u00b7licitants podran indicar els grups i horaris desitjats.<\/li>\n<\/ul>\n<p><strong>\u00a06.2. Trasllat de la matr\u00edcula en per\u00edode no lectiu.<\/strong><\/p>\n<ul>\n<li>L\u2019alumnat que es matriculi el mes de juliol no podr\u00e0 preinscriure\u2019s el mes de setembre de la mateixa llengua i curs en una altra escola amb la intenci\u00f3 de traslladar-hi la matr\u00edcula feta.<\/li>\n<li>L\u2019alumnat oficial que hagi formalitzat la matr\u00edcula al seu centre d\u2019origen durant el mes de juliol de 2025 podr\u00e0 sol\u00b7licitar un trasllat de matr\u00edcula a una altra EOI els dies 10 i 11 de juliol de 2025. La sol\u00b7licitud de trasllat de matr\u00edcula es fa presencialment a l\u2019escola de destinaci\u00f3, i queda condicionada a la disponibilitat de places. L\u2019escola de destinaci\u00f3 es posar\u00e0 en contacte amb els\/les alumnes, a trav\u00e9s dels mitjans que estableixi, per notificar l\u2019acceptaci\u00f3 o la denegaci\u00f3 del trasllat. En cas d\u2019acceptaci\u00f3, el proc\u00e9s de trasllat ha d\u2019haver acabat abans del 18 de juliol. La documentaci\u00f3 que l\u2019alumnat ha d\u2019aportar en el moment de sol\u00b7licitar el trasllat \u00e9s el full de pagament de la matr\u00edcula. En cas que hi hagi places vacants, l\u2019escola de destinaci\u00f3 sol\u00b7licitar\u00e0 el trasllat de l\u2019expedient acad\u00e8mic de l\u2019alumne\/a a l\u2019escola d\u2019origen.<\/li>\n<\/ul>\n<h6><strong>7. CONVOCAT\u00d2RIES I R\u00c8GIM DE REPETICI\u00d3<\/strong><\/h6>\n<ul>\n<li>Dins de cada nivell l\u2019alumnat t\u00e9 dret a romandre matriculat en el r\u00e8gim d\u2019ensenyament oficial durant un m\u00e0xim de cursos acad\u00e8mics equivalents al doble dels cursos de qu\u00e8 consta el nivell per a l\u2019idioma corresponent.<\/li>\n<li>Sempre que no s\u2019excedeixi el m\u00e0xim de matriculacions permeses en el nivell, l\u2019alumne podr\u00e0 tramitar la matr\u00edcula d\u2019una segona repetici\u00f3 presencialment en les dates que estableixi el calendari de matriculaci\u00f3. Aquesta segona repetici\u00f3 no es pot efectuar en l\u00ednia.<\/li>\n<li>Es podr\u00e0 concedir una \u00fanica convocat\u00f2ria addicional per nivell (nivell b\u00e0sic, nivell intermedi B1, nivell intermedi B2, nivell avan\u00e7at C1, nivell avan\u00e7at C2).<\/li>\n<\/ul>\n<h6><strong style=\"font-family: inherit; font-size: 1em;\">8. \u00daS DE TEL\u00c8FONS M\u00d2BILS I ALTRES DISPOSITIUS SIMILARS<\/strong><\/h6>\n<ul>\n<li>Els tel\u00e8fons m\u00f2bils i altres dispositius electr\u00f2nics hauran d\u2019estar silenciats durant les hores de classe.<\/li>\n<li>Durant l\u2019activitat lectiva est\u00e0 prohibida la utilitzaci\u00f3 de tel\u00e8fons m\u00f2bils i altres dispositius electr\u00f2nics per usos que no estiguin directament relacionats amb el funcionament de la classe.<\/li>\n<li>La utilitzaci\u00f3 dels dispositius electr\u00f2nics seguir\u00e0 en tot moment les directrius que el professorat estableixi per a cada grup.<\/li>\n<li>Aquelles persones que per motius professionals o personals, permanents o puntuals, necessitin rebre trucades o missatges urgents han d\u2019informar el seu professorat, seure prop de la porta de l\u2019aula i intentar distorsionar el funcionament de la classe al m\u00ednim possible .<\/li>\n<li>Durant les proves d\u2019avaluaci\u00f3 els tel\u00e8fons m\u00f2bils i altres dispositius electr\u00f2nics hauran d\u2019estar apagats i desats amb les pertinences personals fora de la vista i no es podran manipular o comprovar en cap moment. L\u2019incompliment d\u2019aquesta norma pot comportar l\u2019anul\u00b7laci\u00f3 de la prova de la persona infractora.<\/li>\n<li>Fora de l\u2019activitat lectiva, l\u2019\u00fas en el centre dels tel\u00e8fons m\u00f2bils i altres dispositius electr\u00f2nics ha de respectar els drets fonamentals d\u2019altri i la protecci\u00f3 de la imatge i les dades personals<\/li>\n<\/ul>\n<h6><strong style=\"font-family: inherit; font-size: 1em;\">9. <strong>ALUMNAT AMB MOBILITAT REDU\u00cfDA:<\/strong><\/strong><\/h6>\n<ul>\n<li>L\u2019acc\u00e9s a l\u2019aparcament est\u00e0 restringit als vehicles del personal del centre i a tots aquells vehicles autoritzats per la direcci\u00f3. L\u2019alumnat amb mobilitat redu\u00efda podr\u00e0 sol\u00b7licitar per correu electr\u00f2nic autoritzaci\u00f3 per aparcar el seu vehicle dins el recinte del centre durant el seu horari de classe o avaluaci\u00f3.<\/li>\n<li>At\u00e8s que dues de les cinc plantes del centre presenten barreres arquitect\u00f2niques, l\u2019alumnat amb mobilitat redu\u00efda podr\u00e0 sol\u00b7licitar per correu electr\u00f2nic la reubicaci\u00f3, de forma temporal o permanent, del seu grup en una aula accessible.<\/li>\n<\/ul>\n<p>&nbsp;<\/p>\n","protected":false},"excerpt":{"rendered":"<p>CURS 2025-2026<br \/>\nAquest \u00e9s un recull de les normes administratives i acad\u00e8miques m\u00e9s rellevants per a l\u2019alumat. Podeu consultar la versi\u00f3 \u00edntegra de les NOFC (Normes d\u2019Organitzaci\u00f3 i Funcionament del Centre) al nostre web.<br \/>\n1. INCOMPATIBILITATS\u00a0<\/p>\n<ul>\n<li>Durant un mateix curs acad\u00e8mic l\u2019alumnat nom\u00e9s es pot matricular dels ensenyaments&hellip;  <a href=\"https:\/\/agora-eoi.xtec.cat\/eoi-hospitalet\/alumnat\/normativa-alumnat\/\" title=\"Read Normativa alumnat\">Llegeix m\u00e9s\u00bb<\/a><br \/>\n","protected":false},"author":1,"featured_media":0,"parent":9255,"menu_order":1,"comment_status":"closed","ping_status":"closed","template":"page-templates\/side-menu.php","meta":{"_bbp_topic_count":0,"_bbp_reply_count":0,"_bbp_total_topic_count":0,"_bbp_total_reply_count":0,"_bbp_voice_count":0,"_bbp_anonymous_reply_count":0,"_bbp_topic_count_hidden":0,"_bbp_reply_count_hidden":0,"_bbp_forum_subforum_count":0,"footnotes":""},"class_list":["post-8872","page","type-page","status-publish","hentry"],"post_mailing_queue_ids":[],"_links":{"self":[{"href":"https:\/\/agora-eoi.xtec.cat\/eoi-hospitalet\/wp-json\/wp\/v2\/pages\/8872","targetHints":{"allow":["GET"]}}],"collection":[{"href":"https:\/\/agora-eoi.xtec.cat\/eoi-hospitalet\/wp-json\/wp\/v2\/pages"}],"about":[{"href":"https:\/\/agora-eoi.xtec.cat\/eoi-hospitalet\/wp-json\/wp\/v2\/types\/page"}],"author":[{"embeddable":true,"href":"https:\/\/agora-eoi.xtec.cat\/eoi-hospitalet\/wp-json\/wp\/v2\/users\/1"}],"replies":[{"embeddable":true,"href":"https:\/\/agora-eoi.xtec.cat\/eoi-hospitalet\/wp-json\/wp\/v2\/comments?post=8872"}],"version-history":[{"count":8,"href":"https:\/\/agora-eoi.xtec.cat\/eoi-hospitalet\/wp-json\/wp\/v2\/pages\/8872\/revisions"}],"predecessor-version":[{"id":11034,"href":"https:\/\/agora-eoi.xtec.cat\/eoi-hospitalet\/wp-json\/wp\/v2\/pages\/8872\/revisions\/11034"}],"up":[{"embeddable":true,"href":"https:\/\/agora-eoi.xtec.cat\/eoi-hospitalet\/wp-json\/wp\/v2\/pages\/9255"}],"wp:attachment":[{"href":"https:\/\/agora-eoi.xtec.cat\/eoi-hospitalet\/wp-json\/wp\/v2\/media?parent=8872"}],"curies":[{"name":"wp","href":"https:\/\/api.w.org\/{rel}","templated":true}]}}