{"id":8861,"date":"2022-04-05T10:35:42","date_gmt":"2022-04-05T08:35:42","guid":{"rendered":"https:\/\/agora-eoi.xtec.cat\/eoi-hospitalet\/?page_id=8861"},"modified":"2024-04-04T14:20:57","modified_gmt":"2024-04-04T12:20:57","slug":"el-centre","status":"publish","type":"page","link":"https:\/\/agora-eoi.xtec.cat\/eoi-hospitalet\/lescola\/el-centre\/","title":{"rendered":"El centre"},"content":{"rendered":"<p>L\u2019EOI de L\u2019Hospitalet \u00e9s un centre p\u00fablic que imparteix ensenyaments reglats de r\u00e8gim especial. Es va crear al curs 1990-1991 i forma part de la xarxa d\u2019EOIs de Catalunya, que depenen del Departament d\u2019Educaci\u00f3 de la Generalitat de Catalunya.<\/p>\n<p>A l\u2019EOI de L\u2019Hospitalet es pot estudiar <strong>angl\u00e8s<\/strong> (nivells A1 a C2), <strong>franc\u00e8s<\/strong> (nivells A1 a C1), <strong>alemany<\/strong> (nivells A1 a B2), <strong>itali\u00e0<\/strong> (nivells A1 a B2) i <strong>catal\u00e0<\/strong> (nivell C2) i tamb\u00e9 <a href=\"https:\/\/agora-eoi.xtec.cat\/eoi-hospitalet\/cursos\/\" target=\"_blank\" rel=\"noopener\">cursos especials<\/a>, com ara cursos d&#8217;expressi\u00f3 oral i cursos intensius d&#8217;estiu.<\/p>\n<p><a href=\"https:\/\/triaeducativa.gencat.cat\/ca\/idiomes\/\" target=\"_blank\" rel=\"noopener\"><strong>Estudiar idiomes en una EOI: m\u00e9s informaci\u00f3 <\/strong><\/a><\/p>\n","protected":false},"excerpt":{"rendered":"<p>L\u2019EOI de L\u2019Hospitalet \u00e9s un centre p\u00fablic que imparteix ensenyaments reglats de r\u00e8gim especial. Es va crear al curs 1990-1991 i forma part de la xarxa d\u2019EOIs de Catalunya, que depenen del Departament d\u2019Educaci\u00f3 de la Generalitat de Catalunya.<br \/>\nA l\u2019EOI de L\u2019Hospitalet es pot estudiar&hellip;  <a href=\"https:\/\/agora-eoi.xtec.cat\/eoi-hospitalet\/lescola\/el-centre\/\" title=\"Read El centre\">Llegeix m\u00e9s\u00bb<\/a><\/p>\n","protected":false},"author":1,"featured_media":0,"parent":806,"menu_order":0,"comment_status":"closed","ping_status":"closed","template":"page-templates\/side-menu.php","meta":{"_bbp_topic_count":0,"_bbp_reply_count":0,"_bbp_total_topic_count":0,"_bbp_total_reply_count":0,"_bbp_voice_count":0,"_bbp_anonymous_reply_count":0,"_bbp_topic_count_hidden":0,"_bbp_reply_count_hidden":0,"_bbp_forum_subforum_count":0,"footnotes":""},"class_list":["post-8861","page","type-page","status-publish","hentry"],"post_mailing_queue_ids":[],"_links":{"self":[{"href":"https:\/\/agora-eoi.xtec.cat\/eoi-hospitalet\/wp-json\/wp\/v2\/pages\/8861","targetHints":{"allow":["GET"]}}],"collection":[{"href":"https:\/\/agora-eoi.xtec.cat\/eoi-hospitalet\/wp-json\/wp\/v2\/pages"}],"about":[{"href":"https:\/\/agora-eoi.xtec.cat\/eoi-hospitalet\/wp-json\/wp\/v2\/types\/page"}],"author":[{"embeddable":true,"href":"https:\/\/agora-eoi.xtec.cat\/eoi-hospitalet\/wp-json\/wp\/v2\/users\/1"}],"replies":[{"embeddable":true,"href":"https:\/\/agora-eoi.xtec.cat\/eoi-hospitalet\/wp-json\/wp\/v2\/comments?post=8861"}],"version-history":[{"count":5,"href":"https:\/\/agora-eoi.xtec.cat\/eoi-hospitalet\/wp-json\/wp\/v2\/pages\/8861\/revisions"}],"predecessor-version":[{"id":10412,"href":"https:\/\/agora-eoi.xtec.cat\/eoi-hospitalet\/wp-json\/wp\/v2\/pages\/8861\/revisions\/10412"}],"up":[{"embeddable":true,"href":"https:\/\/agora-eoi.xtec.cat\/eoi-hospitalet\/wp-json\/wp\/v2\/pages\/806"}],"wp:attachment":[{"href":"https:\/\/agora-eoi.xtec.cat\/eoi-hospitalet\/wp-json\/wp\/v2\/media?parent=8861"}],"curies":[{"name":"wp","href":"https:\/\/api.w.org\/{rel}","templated":true}]}}