{"id":8455,"date":"2016-06-15T09:04:47","date_gmt":"2016-06-15T08:04:47","guid":{"rendered":"https:\/\/agora-eoi.xtec.cat\/eoi-hospitalet\/?page_id=8455"},"modified":"2025-11-18T14:35:17","modified_gmt":"2025-11-18T13:35:17","slug":"italia","status":"publish","type":"page","link":"https:\/\/agora-eoi.xtec.cat\/eoi-hospitalet\/italia\/","title":{"rendered":"Itali\u00e0"},"content":{"rendered":"<h2>Horaris del curs<\/h2>\n<p><a href=\"https:\/\/agora-eoi.xtec.cat\/eoi-hospitalet\/wp-content\/uploads\/usu2580\/2025\/07\/ITALIA-25-26.pdf\" target=\"_blank\" rel=\"noopener\">Descarregar horaris 2025-2026<\/a><\/p>\n<h2>Llibres de text i lectura curs 2025-2026<\/h2>\n<h4>A1 (Primer curs)<\/h4>\n<p><strong>Llibre de text:<\/strong><br \/>\nDAI! 1, AA. VV., Casa delle Lingue Edizioni &#8211; ISBN: 978-84-19273-63-5<br \/>\n<strong>Llibre de consulta:<\/strong><br \/>\nNuova Grammatica pratica della lingua italiana, Susanna Nocchi, Alma edizioni<br \/>\nISBN: 978-88-6182-247-4<br \/>\n<strong>Lectura 1r trimestre:<\/strong><br \/>\nStorie per i giorni di festa \u2013 M. Sandrini \u2013 ED. Alma<br \/>\nISBN 978-88-6182-499-7<br \/>\n<strong>Lectura 2n trimestre:<\/strong><br \/>\nStorie di due minuti \u2013 V. Blasi &#8211; Alma Edizioni &#8211; ISBN: 978-88-6182-500-0<br \/>\n<strong>Lectura 3r trimestre:<\/strong> &#8211; A escollir entre:<br \/>\nUn fine settimana a Roma, S. Scarso, Casa delle Lingue Edizioni, ISBN: 9788417710200<br \/>\nUn fine settimana a Venezia, F. Sollazzo, Casa delle Lingue Edizioni, ISBN: 9788417710187<\/p>\n<h4>A2 (Segon curs)<\/h4>\n<p><strong>Llibre de text<\/strong>: DAI! 2, AA. VV., Casa delle Lingue Edizioni &#8211; ISBN: 978-84-1157-171-5<br \/>\n<strong>Llibre de consulta:<\/strong><br \/>\nNuova Grammatica pratica della lingua italiana, Susanna Nocchi, Alma edizioni ISBN: 978-88-6182-247-4<br \/>\n<strong>Lectura 1r trimestre:<\/strong><\/p>\n<p>Un fine settimana a Napoli \u2013 F. Sollazzo<br \/>\nCasa delle Lingue Edizioni<br \/>\nISBN: 9788417710217<\/p>\n<p><strong>Lectura 2n trimestre:<\/strong><\/p>\n<p>Il sangue di san Gennaro \u2013 S. Nanetti \u2013Alma edizioni<br \/>\nISBN:978-84-16057-98-6<\/p>\n<p><strong>Lectura 3r trimestre:<\/strong><\/p>\n<p>Io e Te \u2013 N. Ammaniti &#8211; Einaudi -ISBN 9788806206802<\/p>\n<p>&nbsp;<\/p>\n<h4>B1 (Tercer curs)<\/h4>\n<p><strong>Llibre de text:<\/strong> DAI! 3, AA.VV., Casa delle Lingue Edizioni ISBN: 978-84-1157-173-9<br \/>\n<strong>Llibre de consulta:<\/strong><br \/>\n\u2022 Nuova Grammatica pratica della lingua italiana, Susanna Nocchi, Alma edizioni<br \/>\nISBN: 978-88-6182-247-4<br \/>\n<strong>Lectura 1r trimestre:<\/strong><\/p>\n<p>Scontro di civilt\u00e0 per un ascensore a piazza Vittorio, Amara Lakhous, E\/O<br \/>\nISBN 9788866210153<\/p>\n<p><strong>Lectura 2n trimestre:<\/strong><\/p>\n<p>Io non ho paura &#8211; N. Ammaniti Einaudi ISBN 9788806188672<\/p>\n<p><strong>Lectura 3r trimestre:<\/strong><\/p>\n<p>Il bordo vertiginoso delle cose, G. Carofiglio, BUR ISBN 978-88-17-09493-1<\/p>\n<h4>B2.1 (Quart curs)<\/h4>\n<p><strong>Llibre de text:<\/strong><br \/>\nDAI 4 *, M. Birello, S. Bonafaccia, A. Petri, A. Vilagrasa, Casa delle Lingue Edizioni<br \/>\n-ISBN: _________<br \/>\n* El llibre ser\u00e0 disponible cap a final del 2025 ja que la editorial n\u2019ha anunciat la publicaci\u00f3. L\u2019utilitzarem a partir del segona meitat de l\u2019any i ens servir\u00e0 tamb\u00e9 pel nivell seg\u00fcent B2.2 (durant la primera part del curs es completaran les unitats del manual anterior \u201cDAI 3\u201d que els alumnes tenen des de el curs anterior i que corresponen al programa d\u2019aquest curs).<br \/>\n<strong>Lectura 1r trimestre:<\/strong><br \/>\nI pesci non chiudono gli occhi, Erri De Luca, Feltrinelli ISBN: 9788807881886<br \/>\n<strong>Lectura 2n trimestre i 3r trimestre:<\/strong><br \/>\nSeran comunicats a classe pel professorat al comen\u00e7ament del curs.<\/p>\n<h4>B2.2 (Cinqu\u00e8 curs)<\/h4>\n<p><strong>Llibre de text:<\/strong><br \/>\nAl dente 4, M. Birello, S. Bonafaccia, A. Petri, A. Vilagrasa, Casa delle Lingue Edizioni<br \/>\nISBN: 9788416943739<br \/>\n<strong>Llibres de lectura:<\/strong><br \/>\nEls llibres de lectura seran comunicats a classe pel nou professor\/a al comen\u00e7ament del curs.<\/p>\n<p>&nbsp;<\/p>\n<h2>Programacions<\/h2>\n<ul>\n<li>Itali\u00e0:\u00a0<a href=\"https:\/\/agora-eoi.xtec.cat\/eoi-hospitalet\/wp-content\/uploads\/usu2580\/2025\/11\/Italia_A1_Web.pdf\">A1<\/a>\u00a0\u2013\u00a0<a href=\"https:\/\/agora-eoi.xtec.cat\/eoi-hospitalet\/wp-content\/uploads\/usu2580\/2025\/11\/Italia_A2_Web.pdf\">A2<\/a>\u00a0\u2013<a href=\"https:\/\/agora-eoi.xtec.cat\/eoi-hospitalet\/wp-content\/uploads\/usu2580\/2025\/11\/Italia_B1_Web.pdf\"> B1<\/a>\u00a0\u2013\u00a0<a href=\"https:\/\/agora-eoi.xtec.cat\/eoi-hospitalet\/wp-content\/uploads\/usu2580\/2025\/11\/Italia_B2.1_Web.pdf\">B2.1\u00a0<\/a>\u2013\u00a0<a href=\"https:\/\/agora-eoi.xtec.cat\/eoi-hospitalet\/wp-content\/uploads\/usu2580\/2025\/11\/Italia_B2.2_Web.pdf\">B2.2<\/a><\/li>\n<\/ul>\n","protected":false},"excerpt":{"rendered":"<p>Horaris del curs<br \/>\n<a href=\"https:\/\/agora-eoi.xtec.cat\/eoi-hospitalet\/wp-content\/uploads\/usu2580\/2025\/07\/ITALIA-25-26.pdf\" target=\"_blank\" rel=\"noopener\">Descarregar horaris 2025-2026<\/a><br \/>\nLlibres de text i lectura curs 2025-2026<br \/>\nA1 (Primer curs)<br \/>\nLlibre de text:<br \/>\nDAI! 1, AA. VV., Casa delle Lingue Edizioni &#8211; ISBN: 978-84-19273-63-5<br \/>\nLlibre de consulta:<br \/>\nNuova Grammatica pratica della lingua italiana, Susanna Nocchi, Alma edizioni<br \/>\nISBN: 978-88-6182-247-4<br \/>\nLectura 1r trimestre:<br \/>\nStorie per i giorni&hellip;  <a href=\"https:\/\/agora-eoi.xtec.cat\/eoi-hospitalet\/italia\/\" title=\"Read Itali\u00e0\">Llegeix m\u00e9s\u00bb<\/a><\/p>\n","protected":false},"author":1,"featured_media":0,"parent":0,"menu_order":0,"comment_status":"closed","ping_status":"closed","template":"page-templates\/side-menu.php","meta":{"_bbp_topic_count":0,"_bbp_reply_count":0,"_bbp_total_topic_count":0,"_bbp_total_reply_count":0,"_bbp_voice_count":0,"_bbp_anonymous_reply_count":0,"_bbp_topic_count_hidden":0,"_bbp_reply_count_hidden":0,"_bbp_forum_subforum_count":0,"footnotes":""},"class_list":["post-8455","page","type-page","status-publish","hentry"],"post_mailing_queue_ids":[],"_links":{"self":[{"href":"https:\/\/agora-eoi.xtec.cat\/eoi-hospitalet\/wp-json\/wp\/v2\/pages\/8455","targetHints":{"allow":["GET"]}}],"collection":[{"href":"https:\/\/agora-eoi.xtec.cat\/eoi-hospitalet\/wp-json\/wp\/v2\/pages"}],"about":[{"href":"https:\/\/agora-eoi.xtec.cat\/eoi-hospitalet\/wp-json\/wp\/v2\/types\/page"}],"author":[{"embeddable":true,"href":"https:\/\/agora-eoi.xtec.cat\/eoi-hospitalet\/wp-json\/wp\/v2\/users\/1"}],"replies":[{"embeddable":true,"href":"https:\/\/agora-eoi.xtec.cat\/eoi-hospitalet\/wp-json\/wp\/v2\/comments?post=8455"}],"version-history":[{"count":7,"href":"https:\/\/agora-eoi.xtec.cat\/eoi-hospitalet\/wp-json\/wp\/v2\/pages\/8455\/revisions"}],"predecessor-version":[{"id":11133,"href":"https:\/\/agora-eoi.xtec.cat\/eoi-hospitalet\/wp-json\/wp\/v2\/pages\/8455\/revisions\/11133"}],"wp:attachment":[{"href":"https:\/\/agora-eoi.xtec.cat\/eoi-hospitalet\/wp-json\/wp\/v2\/media?parent=8455"}],"curies":[{"name":"wp","href":"https:\/\/api.w.org\/{rel}","templated":true}]}}