{"id":8195,"date":"2016-06-09T14:35:19","date_gmt":"2016-06-09T13:35:19","guid":{"rendered":"https:\/\/agora-eoi.xtec.cat\/eoi-hospitalet\/?page_id=8195"},"modified":"2025-11-18T14:54:56","modified_gmt":"2025-11-18T13:54:56","slug":"frances","status":"publish","type":"page","link":"https:\/\/agora-eoi.xtec.cat\/eoi-hospitalet\/frances\/","title":{"rendered":"Franc\u00e8s"},"content":{"rendered":"<h2>Horaris del curs<\/h2>\n<p><a href=\"https:\/\/agora-eoi.xtec.cat\/eoi-hospitalet\/wp-content\/uploads\/usu2580\/2025\/06\/FRANCES-25-26.pdf\">Descarregar horaris 2025-2026<\/a><\/p>\n<h2>Llibres de text i lectura curs 2025-2026<\/h2>\n<h4>A1<\/h4>\n<p><strong> Llibre de text<\/strong>: Entre nous 1 \u2013 Livre de l\u2019\u00e9l\u00e8ve + Cahier d\u2019exercices Edition hybrides ( Obligatoire ) Cette version remplace l\u2019\u00e9dition pr\u00e9mium AUTOR(S): Pruvost, N. et altri EDITORIAL: Maison des langues ISBN: 9788484439189<br \/>\n<strong>Llibre de gram\u00e0tica<\/strong>: Grammaire progressive du fran\u00e7ais Niveau d\u00e9butant AUTOR(S): Ma\u00efa Gr\u00e9goire EDITORIAL: CLE International ISBN: 9782090381146<br \/>\n<strong>Llibre de lectura del primer trimestre<\/strong>: Rendez-vous rue Moli\u00e8re AUTOR(S): Catherine Grabowski EDITORIAL: DIDIER- Collection Monde en VF ISBN: 9782278092345<br \/>\n<strong>Llibre de lectura del segon trimestre:<\/strong> Myst\u00e8re sur le Vieux-Port AUTOR(S): Pascal Paoli EDITORIAL: Hachette ISBN: 9782011557384<\/p>\n<h4>A2<\/h4>\n<p><strong> Llibre de text:<\/strong> \u00c9dito A2, livre de l\u2019\u00e9l\u00e8ve (2e \u00e9dition) AUTOR(S): Fafa, C. et altri EDITORIAL: Didier ISBN: 9788490498132<br \/>\n<strong>Llibre de gram\u00e0tica recomanat:<\/strong> Grammaire du fran\u00e7ais FOCUS (A1\/B1) AUTOR(S): Aky\u00fcz, A. et altri EDITORIAL: Hachette ISBN: 9782011559647<br \/>\n<strong>Llibre de lectura del primer trimestre<\/strong>: Jus de chaussettes AUTOR(S): Rem\u00e8de V. EDITORIAL:Mondes en VF Didier ISBN: 9782278076369<br \/>\n<strong>Llibre de lectura del segon trimestre: <\/strong>Per determinar<\/p>\n<h4>B1<\/h4>\n<p><strong> Llibre de text:<\/strong> \u00c9dito B1- Livre de l\u2019\u00e9l\u00e8ve AUTOR(S):Varis EDITORIAL: Didier \/ Santillana ISBN: 978-8490498255<br \/>\n<strong>Llibre de gram\u00e0tica:<\/strong> Grammaire progressive du fran\u00e7ais Niveau A2-B1 AUTOR(S): M. Gr\u00e9goire, O. Thievenaz EDITORIAL: CLE International ISBN: 9782090381030<br \/>\n<strong>Llibres de lectura del primer trimestre: <\/strong>Per determinar<br \/>\n<strong>Lectura del segon trimestre: <\/strong>Per determinar<\/p>\n<h4>B2.1<\/h4>\n<p><strong> Llibre de gram\u00e0tica:<\/strong> Grammaire progressive du fran\u00e7ais &#8211; Niveau avanc\u00e9 (B1\/B2) AUTOR(S): M. Boulares, Jean- Fr\u00e9rot EDITORIAL: Hachette ISBN: 9782090381979<br \/>\n<strong>Llibres de lectura del primer trimestre<\/strong>: La Tresse AUTOR(S): Laetitia Colombani EDITORIAL: Le livre de poche ISBN: 9782253906568<br \/>\n<strong>Llibres de lectura del segon trimestre: <\/strong>Per determinar<\/p>\n<h4>B2.2<\/h4>\n<p><strong>Llibre de gram\u00e0tica<\/strong>: Exercices de grammaire B2 (En contexte) AUTOR(S): Aky\u00fcz,A. et altri EDITORIAL: Hachette ISBN: 9782014016352<br \/>\n<strong>Llibre de lectura del primer trimestre<\/strong>: Une pi\u00e8ce mont\u00e9e AUTOR: Blandine Le Callet EDITORIAL: Livre de poche ISBN: 978-2253119319<br \/>\n<strong>Lectura del segon trimestre: <\/strong>A triar d\u2019una llista<\/p>\n<h4>C1<\/h4>\n<p><strong>Llibre de text:<\/strong> Edito C1 AUTOR(S): Varis EDITORIAL: Didier ISBN: 9788490492864<br \/>\n<strong>Llibre de gram\u00e0tica ( recomanat):<\/strong> Grammaire progressive ( Niveau perfectionnement ) AUTOR(S): Ma\u00efa Gr\u00e9goire et Alina Kostucki EDITORIAL: CLE INTERNATIONAL ISBN: 978-209-035359-4<br \/>\n<strong>LLibre de vocabulari (recomanat):<\/strong> Vocabulaire progressif du fran\u00e7ais. Niveau perfectionnement. + Corrig\u00e9s AUTOR(S): Claire Miquel EDITORIAL: CLE International ISBN: 9782090381542<br \/>\n<strong>Llibres de lectura (per trimestre)<\/strong>:<br \/>\n1- Taller de lectura &#8211; Literatura cl\u00e0ssica<br \/>\n2- Taller de lectura &#8211; Literatura contempor\u00e0nia \/ franc\u00f2fona<br \/>\n3- Taller de lectura &#8211; Literatura franc\u00f2fona<\/p>\n<p>&nbsp;<\/p>\n<p>&nbsp;<\/p>\n<h2>Programacions<\/h2>\n<ul>\n<li>Franc\u00e8s:\u00a0<a href=\"https:\/\/agora-eoi.xtec.cat\/eoi-hospitalet\/wp-content\/uploads\/usu2580\/2025\/11\/Frances_A1_Web.pdf\">A1 \u2013<\/a><a href=\"https:\/\/agora-eoi.xtec.cat\/eoi-hospitalet\/wp-content\/uploads\/usu2580\/2025\/11\/Frances_A2_Web.pdf\">\u00a0A2 \u2013<\/a>\u00a0<a href=\"https:\/\/agora-eoi.xtec.cat\/eoi-hospitalet\/wp-content\/uploads\/usu2580\/2025\/11\/Frances_B1_Web.pdf\">B1 \u2013<\/a>\u00a0<a href=\"https:\/\/agora-eoi.xtec.cat\/eoi-hospitalet\/wp-content\/uploads\/usu2580\/2025\/11\/Frances_B2.1_Web.pdf\">B2.1 \u2013<\/a>\u00a0<a href=\"https:\/\/agora-eoi.xtec.cat\/eoi-hospitalet\/wp-content\/uploads\/usu2580\/2025\/11\/Frances_B2.2_Web.pdf\">B2.2 \u2013<\/a>\u00a0<a href=\"https:\/\/agora-eoi.xtec.cat\/eoi-hospitalet\/wp-content\/uploads\/usu2580\/2025\/11\/Frances_C1_Web.pdf\">C1<\/a><\/li>\n<\/ul>\n","protected":false},"excerpt":{"rendered":"<p>Horaris del curs<br \/>\n<a href=\"https:\/\/agora-eoi.xtec.cat\/eoi-hospitalet\/wp-content\/uploads\/usu2580\/2025\/06\/FRANCES-25-26.pdf\">Descarregar horaris 2025-2026<\/a><br \/>\nLlibres de text i lectura curs 2025-2026<br \/>\nA1<br \/>\n Llibre de text: Entre nous 1 \u2013 Livre de l\u2019\u00e9l\u00e8ve + Cahier d\u2019exercices Edition hybrides ( Obligatoire ) Cette version remplace l\u2019\u00e9dition pr\u00e9mium AUTOR(S): Pruvost, N. et altri EDITORIAL: Maison des langues ISBN:&hellip;  <a href=\"https:\/\/agora-eoi.xtec.cat\/eoi-hospitalet\/frances\/\" title=\"Read Franc\u00e8s\">Llegeix m\u00e9s\u00bb<\/a><\/p>\n","protected":false},"author":1,"featured_media":0,"parent":0,"menu_order":0,"comment_status":"closed","ping_status":"closed","template":"page-templates\/side-menu.php","meta":{"_bbp_topic_count":0,"_bbp_reply_count":0,"_bbp_total_topic_count":0,"_bbp_total_reply_count":0,"_bbp_voice_count":0,"_bbp_anonymous_reply_count":0,"_bbp_topic_count_hidden":0,"_bbp_reply_count_hidden":0,"_bbp_forum_subforum_count":0,"footnotes":""},"class_list":["post-8195","page","type-page","status-publish","hentry"],"post_mailing_queue_ids":[],"_links":{"self":[{"href":"https:\/\/agora-eoi.xtec.cat\/eoi-hospitalet\/wp-json\/wp\/v2\/pages\/8195","targetHints":{"allow":["GET"]}}],"collection":[{"href":"https:\/\/agora-eoi.xtec.cat\/eoi-hospitalet\/wp-json\/wp\/v2\/pages"}],"about":[{"href":"https:\/\/agora-eoi.xtec.cat\/eoi-hospitalet\/wp-json\/wp\/v2\/types\/page"}],"author":[{"embeddable":true,"href":"https:\/\/agora-eoi.xtec.cat\/eoi-hospitalet\/wp-json\/wp\/v2\/users\/1"}],"replies":[{"embeddable":true,"href":"https:\/\/agora-eoi.xtec.cat\/eoi-hospitalet\/wp-json\/wp\/v2\/comments?post=8195"}],"version-history":[{"count":8,"href":"https:\/\/agora-eoi.xtec.cat\/eoi-hospitalet\/wp-json\/wp\/v2\/pages\/8195\/revisions"}],"predecessor-version":[{"id":11142,"href":"https:\/\/agora-eoi.xtec.cat\/eoi-hospitalet\/wp-json\/wp\/v2\/pages\/8195\/revisions\/11142"}],"wp:attachment":[{"href":"https:\/\/agora-eoi.xtec.cat\/eoi-hospitalet\/wp-json\/wp\/v2\/media?parent=8195"}],"curies":[{"name":"wp","href":"https:\/\/api.w.org\/{rel}","templated":true}]}}