{"id":11167,"date":"2026-01-15T13:55:57","date_gmt":"2026-01-15T12:55:57","guid":{"rendered":"https:\/\/agora-eoi.xtec.cat\/eoi-hospitalet\/?page_id=11167"},"modified":"2026-04-09T13:22:41","modified_gmt":"2026-04-09T11:22:41","slug":"acces-al-nivell-c2-de-catala","status":"publish","type":"page","link":"https:\/\/agora-eoi.xtec.cat\/eoi-hospitalet\/preinscripcio-i-matricula\/acces-al-nivell-c2-de-catala\/","title":{"rendered":"Acc\u00e9s al nivell C2 de catal\u00e0"},"content":{"rendered":"<p align=\"center\">La preinscripci\u00f3 per al curs 2026-2027 tindr\u00e0 lloc telem\u00e0ticament a partir de les 9h del 31 d&#8217;agost i fins a les 15h del 7 de setembre de 2026.<\/p>\n<p align=\"center\">La informaci\u00f3 detallada sobre el proc\u00e9s d&#8217;admissi\u00f3 es publicar\u00e0 al web del centre durant la segona meitat del mes de juliol.<\/p>\n","protected":false},"excerpt":{"rendered":"<p>La preinscripci\u00f3 per al curs 2026-2027 tindr\u00e0 lloc telem\u00e0ticament a partir de les 9h del 31 d&#8217;agost i fins a les 15h del 7 de setembre de 2026.<br \/>\nLa informaci\u00f3 detallada sobre el proc\u00e9s d&#8217;admissi\u00f3 es publicar\u00e0 al web del centre durant la segona meitat del&hellip;  <a href=\"https:\/\/agora-eoi.xtec.cat\/eoi-hospitalet\/preinscripcio-i-matricula\/acces-al-nivell-c2-de-catala\/\" title=\"Read Acc\u00e9s al nivell C2 de catal\u00e0\">Llegeix m\u00e9s\u00bb<\/a><\/p>\n","protected":false},"author":1,"featured_media":0,"parent":9018,"menu_order":0,"comment_status":"closed","ping_status":"closed","template":"page-templates\/side-menu.php","meta":{"_bbp_topic_count":0,"_bbp_reply_count":0,"_bbp_total_topic_count":0,"_bbp_total_reply_count":0,"_bbp_voice_count":0,"_bbp_anonymous_reply_count":0,"_bbp_topic_count_hidden":0,"_bbp_reply_count_hidden":0,"_bbp_forum_subforum_count":0,"footnotes":""},"class_list":["post-11167","page","type-page","status-publish","hentry"],"post_mailing_queue_ids":[],"_links":{"self":[{"href":"https:\/\/agora-eoi.xtec.cat\/eoi-hospitalet\/wp-json\/wp\/v2\/pages\/11167","targetHints":{"allow":["GET"]}}],"collection":[{"href":"https:\/\/agora-eoi.xtec.cat\/eoi-hospitalet\/wp-json\/wp\/v2\/pages"}],"about":[{"href":"https:\/\/agora-eoi.xtec.cat\/eoi-hospitalet\/wp-json\/wp\/v2\/types\/page"}],"author":[{"embeddable":true,"href":"https:\/\/agora-eoi.xtec.cat\/eoi-hospitalet\/wp-json\/wp\/v2\/users\/1"}],"replies":[{"embeddable":true,"href":"https:\/\/agora-eoi.xtec.cat\/eoi-hospitalet\/wp-json\/wp\/v2\/comments?post=11167"}],"version-history":[{"count":2,"href":"https:\/\/agora-eoi.xtec.cat\/eoi-hospitalet\/wp-json\/wp\/v2\/pages\/11167\/revisions"}],"predecessor-version":[{"id":11189,"href":"https:\/\/agora-eoi.xtec.cat\/eoi-hospitalet\/wp-json\/wp\/v2\/pages\/11167\/revisions\/11189"}],"up":[{"embeddable":true,"href":"https:\/\/agora-eoi.xtec.cat\/eoi-hospitalet\/wp-json\/wp\/v2\/pages\/9018"}],"wp:attachment":[{"href":"https:\/\/agora-eoi.xtec.cat\/eoi-hospitalet\/wp-json\/wp\/v2\/media?parent=11167"}],"curies":[{"name":"wp","href":"https:\/\/api.w.org\/{rel}","templated":true}]}}