{"id":10638,"date":"2024-07-17T12:50:45","date_gmt":"2024-07-17T10:50:45","guid":{"rendered":"https:\/\/agora-eoi.xtec.cat\/eoi-hospitalet\/?page_id=10638"},"modified":"2025-07-02T12:45:42","modified_gmt":"2025-07-02T10:45:42","slug":"professorat","status":"publish","type":"page","link":"https:\/\/agora-eoi.xtec.cat\/eoi-hospitalet\/alumnat\/professorat\/","title":{"rendered":"Alumnat docent"},"content":{"rendered":"<h4>PIA+<\/h4>\n<p>Informa&#8217;t <a href=\"https:\/\/xtec.gencat.cat\/ca\/formacio\/formaciogeneralprofessorat\/llengues\/programa-pia\">aqu\u00ed\u00a0\u00a0<\/a>sobre les condicions per obtenir la devoluci\u00f3 de l&#8217;import de la teva matr\u00edcula.<\/p>\n<h4>RECONEIXEMENT<\/h4>\n<p>El professorat del sistema educatiu de Catalunya que cursa estudis en una EOI en pot sol\u00b7licitar el reconeixement com a activitat de formaci\u00f3 del professorat al Departament d&#8217;Educaci\u00f3 i Formaci\u00f3 Professional.<br \/>\nEs podran recon\u00e8ixer els cursos generals de 130 hores, tret dels que condueixen directament a obtenci\u00f3 d&#8217;una titulaci\u00f3 (B1, B2.2, C1, C2.2 d\u2019angl\u00e8s, C2 de catal\u00e0, &#8230;) fets a partir del curs 2024-2025.<br \/>\nLa sol\u00b7licitud s&#8217;ha de fer de manera individual.<\/p>\n","protected":false},"excerpt":{"rendered":"<p>PIA+<br \/>\nInforma&#8217;t <a href=\"https:\/\/xtec.gencat.cat\/ca\/formacio\/formaciogeneralprofessorat\/llengues\/programa-pia\">aqu\u00ed\u00a0\u00a0<\/a>sobre les condicions per obtenir la devoluci\u00f3 de l&#8217;import de la teva matr\u00edcula.<br \/>\nRECONEIXEMENT<br \/>\nEl professorat del sistema educatiu de Catalunya que cursa estudis en una EOI en pot sol\u00b7licitar el reconeixement com a activitat de formaci\u00f3 del professorat al Departament d&#8217;Educaci\u00f3 i Formaci\u00f3 Professional.<br \/>\nEs&hellip;  <a href=\"https:\/\/agora-eoi.xtec.cat\/eoi-hospitalet\/alumnat\/professorat\/\" title=\"Read Alumnat docent\">Llegeix m\u00e9s\u00bb<\/a><\/p>\n","protected":false},"author":1,"featured_media":0,"parent":9255,"menu_order":4,"comment_status":"closed","ping_status":"closed","template":"page-templates\/side-menu.php","meta":{"_bbp_topic_count":0,"_bbp_reply_count":0,"_bbp_total_topic_count":0,"_bbp_total_reply_count":0,"_bbp_voice_count":0,"_bbp_anonymous_reply_count":0,"_bbp_topic_count_hidden":0,"_bbp_reply_count_hidden":0,"_bbp_forum_subforum_count":0,"footnotes":""},"class_list":["post-10638","page","type-page","status-publish","hentry"],"post_mailing_queue_ids":[],"_links":{"self":[{"href":"https:\/\/agora-eoi.xtec.cat\/eoi-hospitalet\/wp-json\/wp\/v2\/pages\/10638","targetHints":{"allow":["GET"]}}],"collection":[{"href":"https:\/\/agora-eoi.xtec.cat\/eoi-hospitalet\/wp-json\/wp\/v2\/pages"}],"about":[{"href":"https:\/\/agora-eoi.xtec.cat\/eoi-hospitalet\/wp-json\/wp\/v2\/types\/page"}],"author":[{"embeddable":true,"href":"https:\/\/agora-eoi.xtec.cat\/eoi-hospitalet\/wp-json\/wp\/v2\/users\/1"}],"replies":[{"embeddable":true,"href":"https:\/\/agora-eoi.xtec.cat\/eoi-hospitalet\/wp-json\/wp\/v2\/comments?post=10638"}],"version-history":[{"count":6,"href":"https:\/\/agora-eoi.xtec.cat\/eoi-hospitalet\/wp-json\/wp\/v2\/pages\/10638\/revisions"}],"predecessor-version":[{"id":11004,"href":"https:\/\/agora-eoi.xtec.cat\/eoi-hospitalet\/wp-json\/wp\/v2\/pages\/10638\/revisions\/11004"}],"up":[{"embeddable":true,"href":"https:\/\/agora-eoi.xtec.cat\/eoi-hospitalet\/wp-json\/wp\/v2\/pages\/9255"}],"wp:attachment":[{"href":"https:\/\/agora-eoi.xtec.cat\/eoi-hospitalet\/wp-json\/wp\/v2\/media?parent=10638"}],"curies":[{"name":"wp","href":"https:\/\/api.w.org\/{rel}","templated":true}]}}