{"id":10633,"date":"2024-07-17T12:28:36","date_gmt":"2024-07-17T10:28:36","guid":{"rendered":"https:\/\/agora-eoi.xtec.cat\/eoi-hospitalet\/?page_id=10633"},"modified":"2024-07-17T12:37:00","modified_gmt":"2024-07-17T10:37:00","slug":"alumnat-densenyaments-secundaris","status":"publish","type":"page","link":"https:\/\/agora-eoi.xtec.cat\/eoi-hospitalet\/alumnat\/alumnat-densenyaments-secundaris\/","title":{"rendered":"Alumnat d&#8217;ensenyaments secundaris"},"content":{"rendered":"<h4><strong>CONVALIDACIONS<\/strong><\/h4>\n<h6><strong>BATXILLERAT<\/strong><\/h6>\n<div id=\"bloc3_e0f22cd4-8aea-11eb-9c15-005056924a59\" class=\"panel-collapse collapsible collapse in\">\n<div class=\"col-xs-12 columna_esquerra\">\n<p>L&#8217;alumne o alumna que cursa batxillerat i, al mateix temps, una segona llengua en una escola oficial d&#8217;idiomes pot sol\u00b7licitar la convalidaci\u00f3 de mat\u00e8ries optatives de batxillerat (6 hores setmanals a primer i 4 hores setmanals a segon), si compleix alguna de les condicions seg\u00fcents:<\/p>\n<ul>\n<li>Cursa a l&#8217;EOI el nivell B2 o superior d&#8217;una segona llengua estrangera que ofereix el<br \/>\ncentre.<\/li>\n<li>Cursa a l&#8217;EOI una llengua estrangera que no ofereix el centre.<\/li>\n<\/ul>\n<p>En el cas dels alumnes de primer de batxillerat, la convalidaci\u00f3 de 6 hores de mat\u00e8ries de la franja d&#8217;optatives pot ser de qualsevol de les tres franges optatives i \u00e9s de car\u00e0cter anual.<\/p>\n<p>Informeu-vos sobre el procediment de convalidaci\u00f3 a la secret\u00e0ria del vostre centre de secund\u00e0ria.<\/p>\n<h6><\/h6>\n<h6><strong>ESO<\/strong><\/h6>\n<p>A l&#8217;educaci\u00f3 secund\u00e0ria, l&#8217;alumnat que cursa una segona llengua estrangera en una escola oficial d&#8217;idiomes, que no s&#8217;ofereix en el centre educatiu, pot sol\u00b7licitar-ne el reconeixement.<\/p>\n<p>Informeu-vos sobre el procediment de convalidaci\u00f3 a la secret\u00e0ria del vostre centre de secund\u00e0ria.<\/p>\n<p>&nbsp;<\/p>\n<\/div>\n<h4><strong>BONIFICACIONS ESPEC\u00cdFIQUES PER A L&#8217;ALUMNAT DE SECUND\u00c0RIA<\/strong><\/h4>\n<p>Els alumnes dels centres sostinguts amb fons p\u00fablics que es matriculen d&#8217;una segona llengua estrangera en una escola oficial d&#8217;idiomes diferent a la llengua estrangera obligat\u00f2ria del curr\u00edculum que estudien en el centre educatiu tenen una <strong>bonificaci\u00f3 del 50%<\/strong> del preu p\u00fablic.<\/p>\n<p>Aquesta bonificaci\u00f3 nom\u00e9s es podr\u00e0 aplicar en una matr\u00edcula que tingui la consideraci\u00f3 de preu p\u00fablic (A1-A2-C1-C2.1-C2.2 i C2 de catal\u00e0). Recordeu que per als nivells B1-B2.1-B2.2, l\u2019import de la matr\u00edcula \u00e9s una taxa.<\/p>\n<\/div>\n","protected":false},"excerpt":{"rendered":"<p>CONVALIDACIONS<br \/>\nBATXILLERAT<\/p>\n<p>L&#8217;alumne o alumna que cursa batxillerat i, al mateix temps, una segona llengua en una escola oficial d&#8217;idiomes pot sol\u00b7licitar la convalidaci\u00f3 de mat\u00e8ries optatives de batxillerat (6 hores setmanals a primer i 4 hores setmanals a segon), si compleix alguna de les condicions seg\u00fcents:<\/p>\n<ul>\n<li>Cursa&hellip;  <a href=\"https:\/\/agora-eoi.xtec.cat\/eoi-hospitalet\/alumnat\/alumnat-densenyaments-secundaris\/\" title=\"Read Alumnat d&#8217;ensenyaments secundaris\">Llegeix m\u00e9s\u00bb<\/a><br \/>\n","protected":false},"author":1,"featured_media":0,"parent":9255,"menu_order":3,"comment_status":"closed","ping_status":"closed","template":"page-templates\/side-menu.php","meta":{"_bbp_topic_count":0,"_bbp_reply_count":0,"_bbp_total_topic_count":0,"_bbp_total_reply_count":0,"_bbp_voice_count":0,"_bbp_anonymous_reply_count":0,"_bbp_topic_count_hidden":0,"_bbp_reply_count_hidden":0,"_bbp_forum_subforum_count":0,"footnotes":""},"class_list":["post-10633","page","type-page","status-publish","hentry"],"post_mailing_queue_ids":[],"_links":{"self":[{"href":"https:\/\/agora-eoi.xtec.cat\/eoi-hospitalet\/wp-json\/wp\/v2\/pages\/10633","targetHints":{"allow":["GET"]}}],"collection":[{"href":"https:\/\/agora-eoi.xtec.cat\/eoi-hospitalet\/wp-json\/wp\/v2\/pages"}],"about":[{"href":"https:\/\/agora-eoi.xtec.cat\/eoi-hospitalet\/wp-json\/wp\/v2\/types\/page"}],"author":[{"embeddable":true,"href":"https:\/\/agora-eoi.xtec.cat\/eoi-hospitalet\/wp-json\/wp\/v2\/users\/1"}],"replies":[{"embeddable":true,"href":"https:\/\/agora-eoi.xtec.cat\/eoi-hospitalet\/wp-json\/wp\/v2\/comments?post=10633"}],"version-history":[{"count":3,"href":"https:\/\/agora-eoi.xtec.cat\/eoi-hospitalet\/wp-json\/wp\/v2\/pages\/10633\/revisions"}],"predecessor-version":[{"id":10637,"href":"https:\/\/agora-eoi.xtec.cat\/eoi-hospitalet\/wp-json\/wp\/v2\/pages\/10633\/revisions\/10637"}],"up":[{"embeddable":true,"href":"https:\/\/agora-eoi.xtec.cat\/eoi-hospitalet\/wp-json\/wp\/v2\/pages\/9255"}],"wp:attachment":[{"href":"https:\/\/agora-eoi.xtec.cat\/eoi-hospitalet\/wp-json\/wp\/v2\/media?parent=10633"}],"curies":[{"name":"wp","href":"https:\/\/api.w.org\/{rel}","templated":true}]}}